{"id":5750,"date":"2024-11-08T01:07:31","date_gmt":"2024-11-08T00:07:31","guid":{"rendered":"https:\/\/spellsofthemoon.ch\/?post_type=product&#038;p=5750"},"modified":"2024-11-08T07:46:01","modified_gmt":"2024-11-08T06:46:01","slug":"bee-wax-natural-candles","status":"publish","type":"product","link":"https:\/\/spellsofthemoon.ch\/de\/produkt\/bee-wax-natural-candles\/","title":{"rendered":"Bienenwachs Naturkerzen"},"content":{"rendered":"<h4>Bienenwachs Naturkerzen<\/h4>\n<h4>Hand gefertigt<\/h4>\n<p>Diese Kerzen wurden aus nat\u00fcrlichem Bienenwachs hergestellt, das aus dem nordeurop\u00e4ischen Land Litauen stammt.<\/p>","protected":false},"excerpt":{"rendered":"<p>Handgegossene Kerzen aus nat\u00fcrlichem Bienenwachs f\u00fcr gem\u00fctliche Momente oder Meditation<\/p>","protected":false},"featured_media":4842,"comment_status":"closed","ping_status":"closed","template":"","meta":[],"product_brand":[],"product_cat":[197],"product_tag":[192],"class_list":{"0":"post-5750","1":"product","2":"type-product","3":"status-publish","4":"has-post-thumbnail","6":"product_cat-candles","7":"product_tag-bee-wax-natural-candles","9":"first","10":"instock","11":"taxable","12":"shipping-taxable","13":"purchasable","14":"product-type-variable","15":"has-default-attributes"},"yoast_head":"<!-- This site is optimized with the Yoast SEO plugin v26.1.1 - https:\/\/yoast.com\/wordpress\/plugins\/seo\/ -->\n<title>Bee wax natural candles - spellsofthemoon<\/title>\n<meta name=\"description\" content=\"Bee wax natural candles originating from Lithuania, hand made with help of elderly carrying over the old traditions.\" \/>\n<meta name=\"robots\" content=\"index, follow, max-snippet:-1, max-image-preview:large, max-video-preview:-1\" \/>\n<link rel=\"canonical\" href=\"https:\/\/spellsofthemoon.ch\/de\/produkt\/bee-wax-natural-candles\/\" \/>\n<meta property=\"og:locale\" content=\"de_DE\" \/>\n<meta property=\"og:type\" content=\"article\" \/>\n<meta property=\"og:title\" content=\"Bee wax natural candles - spellsofthemoon\" \/>\n<meta property=\"og:description\" content=\"Bee wax natural candles originating from Lithuania, hand made with help of elderly carrying over the old traditions.\" \/>\n<meta property=\"og:url\" content=\"https:\/\/spellsofthemoon.ch\/de\/produkt\/bee-wax-natural-candles\/\" \/>\n<meta property=\"og:site_name\" content=\"spellsofthemoon\" \/>\n<meta property=\"article:modified_time\" content=\"2024-11-08T06:46:01+00:00\" \/>\n<meta property=\"og:image\" content=\"https:\/\/spellsofthemoon.ch\/wp-content\/uploads\/2022\/12\/Candle-bee-wax-flat.webp\" \/>\n\t<meta property=\"og:image:width\" content=\"1804\" \/>\n\t<meta property=\"og:image:height\" content=\"1200\" \/>\n\t<meta property=\"og:image:type\" content=\"image\/webp\" \/>\n<meta name=\"twitter:card\" content=\"summary_large_image\" \/>\n<meta name=\"twitter:label1\" content=\"Gesch\u00e4tzte Lesezeit\" \/>\n\t<meta name=\"twitter:data1\" content=\"1\u00a0Minute\" \/>\n<script type=\"application\/ld+json\" class=\"yoast-schema-graph\">{\"@context\":\"https:\/\/schema.org\",\"@graph\":[{\"@type\":\"WebPage\",\"@id\":\"https:\/\/spellsofthemoon.ch\/product\/bee-wax-natural-candles\/\",\"url\":\"https:\/\/spellsofthemoon.ch\/product\/bee-wax-natural-candles\/\",\"name\":\"Bee wax natural candles - spellsofthemoon\",\"isPartOf\":{\"@id\":\"https:\/\/spellsofthemoon.ch\/#website\"},\"primaryImageOfPage\":{\"@id\":\"https:\/\/spellsofthemoon.ch\/product\/bee-wax-natural-candles\/#primaryimage\"},\"image\":{\"@id\":\"https:\/\/spellsofthemoon.ch\/product\/bee-wax-natural-candles\/#primaryimage\"},\"thumbnailUrl\":\"https:\/\/spellsofthemoon.ch\/wp-content\/uploads\/2022\/12\/Candle-bee-wax-flat.webp\",\"datePublished\":\"2024-11-08T00:07:31+00:00\",\"dateModified\":\"2024-11-08T06:46:01+00:00\",\"description\":\"Bee wax natural candles originating from Lithuania, hand made with help of elderly carrying over the old traditions.\",\"breadcrumb\":{\"@id\":\"https:\/\/spellsofthemoon.ch\/product\/bee-wax-natural-candles\/#breadcrumb\"},\"inLanguage\":\"de-CH\",\"potentialAction\":[{\"@type\":\"ReadAction\",\"target\":[\"https:\/\/spellsofthemoon.ch\/product\/bee-wax-natural-candles\/\"]}]},{\"@type\":\"ImageObject\",\"inLanguage\":\"de-CH\",\"@id\":\"https:\/\/spellsofthemoon.ch\/product\/bee-wax-natural-candles\/#primaryimage\",\"url\":\"https:\/\/spellsofthemoon.ch\/wp-content\/uploads\/2022\/12\/Candle-bee-wax-flat.webp\",\"contentUrl\":\"https:\/\/spellsofthemoon.ch\/wp-content\/uploads\/2022\/12\/Candle-bee-wax-flat.webp\",\"width\":1804,\"height\":1200,\"caption\":\"Bee wax natural candles\"},{\"@type\":\"BreadcrumbList\",\"@id\":\"https:\/\/spellsofthemoon.ch\/product\/bee-wax-natural-candles\/#breadcrumb\",\"itemListElement\":[{\"@type\":\"ListItem\",\"position\":1,\"name\":\"Home\",\"item\":\"https:\/\/spellsofthemoon.ch\/\"},{\"@type\":\"ListItem\",\"position\":2,\"name\":\"Shop\",\"item\":\"https:\/\/spellsofthemoon.ch\/shop\/\"},{\"@type\":\"ListItem\",\"position\":3,\"name\":\"Bee wax natural candles\"}]},{\"@type\":\"WebSite\",\"@id\":\"https:\/\/spellsofthemoon.ch\/#website\",\"url\":\"https:\/\/spellsofthemoon.ch\/\",\"name\":\"spellsofthemoon\",\"description\":\"Precious stones, bracelets from gemstones, hand made candles, home decor\",\"potentialAction\":[{\"@type\":\"SearchAction\",\"target\":{\"@type\":\"EntryPoint\",\"urlTemplate\":\"https:\/\/spellsofthemoon.ch\/?s={search_term_string}\"},\"query-input\":{\"@type\":\"PropertyValueSpecification\",\"valueRequired\":true,\"valueName\":\"search_term_string\"}}],\"inLanguage\":\"de-CH\"}]}<\/script>\n<!-- \/ Yoast SEO plugin. -->","yoast_head_json":{"title":"Bee wax natural candles - spellsofthemoon","description":"Bee wax natural candles originating from Lithuania, hand made with help of elderly carrying over the old traditions.","robots":{"index":"index","follow":"follow","max-snippet":"max-snippet:-1","max-image-preview":"max-image-preview:large","max-video-preview":"max-video-preview:-1"},"canonical":"https:\/\/spellsofthemoon.ch\/de\/produkt\/bee-wax-natural-candles\/","og_locale":"de_DE","og_type":"article","og_title":"Bee wax natural candles - spellsofthemoon","og_description":"Bee wax natural candles originating from Lithuania, hand made with help of elderly carrying over the old traditions.","og_url":"https:\/\/spellsofthemoon.ch\/de\/produkt\/bee-wax-natural-candles\/","og_site_name":"spellsofthemoon","article_modified_time":"2024-11-08T06:46:01+00:00","og_image":[{"width":1804,"height":1200,"url":"https:\/\/spellsofthemoon.ch\/wp-content\/uploads\/2022\/12\/Candle-bee-wax-flat.webp","type":"image\/webp"}],"twitter_card":"summary_large_image","twitter_misc":{"Gesch\u00e4tzte Lesezeit":"1\u00a0Minute"},"schema":{"@context":"https:\/\/schema.org","@graph":[{"@type":"WebPage","@id":"https:\/\/spellsofthemoon.ch\/product\/bee-wax-natural-candles\/","url":"https:\/\/spellsofthemoon.ch\/product\/bee-wax-natural-candles\/","name":"Bee wax natural candles - spellsofthemoon","isPartOf":{"@id":"https:\/\/spellsofthemoon.ch\/#website"},"primaryImageOfPage":{"@id":"https:\/\/spellsofthemoon.ch\/product\/bee-wax-natural-candles\/#primaryimage"},"image":{"@id":"https:\/\/spellsofthemoon.ch\/product\/bee-wax-natural-candles\/#primaryimage"},"thumbnailUrl":"https:\/\/spellsofthemoon.ch\/wp-content\/uploads\/2022\/12\/Candle-bee-wax-flat.webp","datePublished":"2024-11-08T00:07:31+00:00","dateModified":"2024-11-08T06:46:01+00:00","description":"Bee wax natural candles originating from Lithuania, hand made with help of elderly carrying over the old traditions.","breadcrumb":{"@id":"https:\/\/spellsofthemoon.ch\/product\/bee-wax-natural-candles\/#breadcrumb"},"inLanguage":"de-CH","potentialAction":[{"@type":"ReadAction","target":["https:\/\/spellsofthemoon.ch\/product\/bee-wax-natural-candles\/"]}]},{"@type":"ImageObject","inLanguage":"de-CH","@id":"https:\/\/spellsofthemoon.ch\/product\/bee-wax-natural-candles\/#primaryimage","url":"https:\/\/spellsofthemoon.ch\/wp-content\/uploads\/2022\/12\/Candle-bee-wax-flat.webp","contentUrl":"https:\/\/spellsofthemoon.ch\/wp-content\/uploads\/2022\/12\/Candle-bee-wax-flat.webp","width":1804,"height":1200,"caption":"Bee wax natural candles"},{"@type":"BreadcrumbList","@id":"https:\/\/spellsofthemoon.ch\/product\/bee-wax-natural-candles\/#breadcrumb","itemListElement":[{"@type":"ListItem","position":1,"name":"Home","item":"https:\/\/spellsofthemoon.ch\/"},{"@type":"ListItem","position":2,"name":"Shop","item":"https:\/\/spellsofthemoon.ch\/shop\/"},{"@type":"ListItem","position":3,"name":"Bee wax natural candles"}]},{"@type":"WebSite","@id":"https:\/\/spellsofthemoon.ch\/#website","url":"https:\/\/spellsofthemoon.ch\/","name":"Zauber des Mondes","description":"Edelsteine, Armb\u00e4nder aus Edelsteinen, handgefertigte Kerzen, Wohnkultur","potentialAction":[{"@type":"SearchAction","target":{"@type":"EntryPoint","urlTemplate":"https:\/\/spellsofthemoon.ch\/?s={search_term_string}"},"query-input":{"@type":"PropertyValueSpecification","valueRequired":true,"valueName":"search_term_string"}}],"inLanguage":"de-CH"}]}},"_links":{"self":[{"href":"https:\/\/spellsofthemoon.ch\/de\/wp-json\/wp\/v2\/product\/5750","targetHints":{"allow":["GET"]}}],"collection":[{"href":"https:\/\/spellsofthemoon.ch\/de\/wp-json\/wp\/v2\/product"}],"about":[{"href":"https:\/\/spellsofthemoon.ch\/de\/wp-json\/wp\/v2\/types\/product"}],"replies":[{"embeddable":true,"href":"https:\/\/spellsofthemoon.ch\/de\/wp-json\/wp\/v2\/comments?post=5750"}],"wp:featuredmedia":[{"embeddable":true,"href":"https:\/\/spellsofthemoon.ch\/de\/wp-json\/wp\/v2\/media\/4842"}],"wp:attachment":[{"href":"https:\/\/spellsofthemoon.ch\/de\/wp-json\/wp\/v2\/media?parent=5750"}],"wp:term":[{"taxonomy":"product_brand","embeddable":true,"href":"https:\/\/spellsofthemoon.ch\/de\/wp-json\/wp\/v2\/product_brand?post=5750"},{"taxonomy":"product_cat","embeddable":true,"href":"https:\/\/spellsofthemoon.ch\/de\/wp-json\/wp\/v2\/product_cat?post=5750"},{"taxonomy":"product_tag","embeddable":true,"href":"https:\/\/spellsofthemoon.ch\/de\/wp-json\/wp\/v2\/product_tag?post=5750"}],"curies":[{"name":"wp","href":"https:\/\/api.w.org\/{rel}","templated":true}]}}