{"id":5736,"date":"2023-01-18T22:57:30","date_gmt":"2023-01-18T21:57:30","guid":{"rendered":"https:\/\/spellsofthemoon.ch\/?post_type=product&#038;p=5736"},"modified":"2024-04-11T08:17:58","modified_gmt":"2024-04-11T06:17:58","slug":"beryl-bracelet","status":"publish","type":"product","link":"https:\/\/spellsofthemoon.ch\/de\/produkt\/beryl-bracelet\/","title":{"rendered":"Beryll-Armband"},"content":{"rendered":"<p>Beryl ist wie ein Lehrer, der hilft, die Meisterschaft zu meistern, unn\u00f6tigen Ballast \u201eabzusch\u00fctteln\u201c, die Spannung zu bew\u00e4ltigen, die einen daran hindert, voranzukommen. <\/p>\n<p>Es erfordert viel Arbeit, seine inneren Tiefen zu erreichen und seinen nat\u00fcrlichen Qualit\u00e4ten zu folgen. Mit diesem Stein werden Sie Erfolg haben. Beryll hilft Ihnen, kritisch zu werden, und sch\u00fctzt Sie vor den negativen Energien in Ihrer Umgebung. <\/p>\n<p>Es weckt die Liebe von Ehepaaren wieder, wenn die Gef\u00fchle bereits getr\u00fcbt sind. <\/p>","protected":false},"excerpt":{"rendered":"<p>Das Armband aus den mehrfarbigen Beryllsteinen mit dem goldfarbenen Einsatz zwischen den Perlen<\/p>","protected":false},"featured_media":4409,"comment_status":"open","ping_status":"closed","template":"","meta":[],"product_brand":[],"product_cat":[105],"product_tag":[183],"class_list":{"0":"post-5736","1":"product","2":"type-product","3":"status-publish","4":"has-post-thumbnail","6":"product_cat-bracelets","7":"product_tag-beryl","8":"pa_gemstone-beryl","10":"first","11":"instock","12":"featured","13":"taxable","14":"shipping-taxable","15":"purchasable","16":"product-type-variable","17":"has-default-attributes"},"yoast_head":"<!-- This site is optimized with the Yoast SEO plugin v26.1.1 - https:\/\/yoast.com\/wordpress\/plugins\/seo\/ -->\n<title>Beryl Bracelet - spellsofthemoon<\/title>\n<meta name=\"description\" content=\"The bracelet is made from the multicolour Beryl stones with the cylindric or round gold colour spacer\/insert as a crystal separator.\" \/>\n<meta name=\"robots\" content=\"index, follow, max-snippet:-1, max-image-preview:large, max-video-preview:-1\" \/>\n<link rel=\"canonical\" href=\"https:\/\/spellsofthemoon.ch\/de\/produkt\/beryl-bracelet\/\" \/>\n<meta property=\"og:locale\" content=\"de_DE\" \/>\n<meta property=\"og:type\" content=\"article\" \/>\n<meta property=\"og:title\" content=\"Beryl Bracelet - spellsofthemoon\" \/>\n<meta property=\"og:description\" content=\"The bracelet is made from the multicolour Beryl stones with the cylindric or round gold colour spacer\/insert as a crystal separator.\" \/>\n<meta property=\"og:url\" content=\"https:\/\/spellsofthemoon.ch\/de\/produkt\/beryl-bracelet\/\" \/>\n<meta property=\"og:site_name\" content=\"spellsofthemoon\" \/>\n<meta property=\"article:modified_time\" content=\"2024-04-11T06:17:58+00:00\" \/>\n<meta name=\"twitter:card\" content=\"summary_large_image\" \/>\n<meta name=\"twitter:label1\" content=\"Gesch\u00e4tzte Lesezeit\" \/>\n\t<meta name=\"twitter:data1\" content=\"1\u00a0Minute\" \/>\n<script type=\"application\/ld+json\" class=\"yoast-schema-graph\">{\"@context\":\"https:\/\/schema.org\",\"@graph\":[{\"@type\":\"WebPage\",\"@id\":\"https:\/\/spellsofthemoon.ch\/product\/beryl-bracelet\/\",\"url\":\"https:\/\/spellsofthemoon.ch\/product\/beryl-bracelet\/\",\"name\":\"Beryl Bracelet - spellsofthemoon\",\"isPartOf\":{\"@id\":\"https:\/\/spellsofthemoon.ch\/#website\"},\"primaryImageOfPage\":{\"@id\":\"https:\/\/spellsofthemoon.ch\/product\/beryl-bracelet\/#primaryimage\"},\"image\":{\"@id\":\"https:\/\/spellsofthemoon.ch\/product\/beryl-bracelet\/#primaryimage\"},\"thumbnailUrl\":\"https:\/\/spellsofthemoon.ch\/wp-content\/uploads\/2022\/10\/Beryl.jpg\",\"datePublished\":\"2023-01-18T21:57:30+00:00\",\"dateModified\":\"2024-04-11T06:17:58+00:00\",\"description\":\"The bracelet is made from the multicolour Beryl stones with the cylindric or round gold colour spacer\/insert as a crystal separator.\",\"breadcrumb\":{\"@id\":\"https:\/\/spellsofthemoon.ch\/product\/beryl-bracelet\/#breadcrumb\"},\"inLanguage\":\"de-CH\",\"potentialAction\":[{\"@type\":\"ReadAction\",\"target\":[\"https:\/\/spellsofthemoon.ch\/product\/beryl-bracelet\/\"]}]},{\"@type\":\"ImageObject\",\"inLanguage\":\"de-CH\",\"@id\":\"https:\/\/spellsofthemoon.ch\/product\/beryl-bracelet\/#primaryimage\",\"url\":\"https:\/\/spellsofthemoon.ch\/wp-content\/uploads\/2022\/10\/Beryl.jpg\",\"contentUrl\":\"https:\/\/spellsofthemoon.ch\/wp-content\/uploads\/2022\/10\/Beryl.jpg\",\"width\":1200,\"height\":1440,\"caption\":\"Beryl Bracelet\"},{\"@type\":\"BreadcrumbList\",\"@id\":\"https:\/\/spellsofthemoon.ch\/product\/beryl-bracelet\/#breadcrumb\",\"itemListElement\":[{\"@type\":\"ListItem\",\"position\":1,\"name\":\"Home\",\"item\":\"https:\/\/spellsofthemoon.ch\/\"},{\"@type\":\"ListItem\",\"position\":2,\"name\":\"Shop\",\"item\":\"https:\/\/spellsofthemoon.ch\/shop\/\"},{\"@type\":\"ListItem\",\"position\":3,\"name\":\"Beryl Bracelet\"}]},{\"@type\":\"WebSite\",\"@id\":\"https:\/\/spellsofthemoon.ch\/#website\",\"url\":\"https:\/\/spellsofthemoon.ch\/\",\"name\":\"spellsofthemoon\",\"description\":\"Precious stones, bracelets from gemstones, hand made candles, home decor\",\"potentialAction\":[{\"@type\":\"SearchAction\",\"target\":{\"@type\":\"EntryPoint\",\"urlTemplate\":\"https:\/\/spellsofthemoon.ch\/?s={search_term_string}\"},\"query-input\":{\"@type\":\"PropertyValueSpecification\",\"valueRequired\":true,\"valueName\":\"search_term_string\"}}],\"inLanguage\":\"de-CH\"}]}<\/script>\n<!-- \/ Yoast SEO plugin. -->","yoast_head_json":{"title":"Beryl Bracelet - spellsofthemoon","description":"The bracelet is made from the multicolour Beryl stones with the cylindric or round gold colour spacer\/insert as a crystal separator.","robots":{"index":"index","follow":"follow","max-snippet":"max-snippet:-1","max-image-preview":"max-image-preview:large","max-video-preview":"max-video-preview:-1"},"canonical":"https:\/\/spellsofthemoon.ch\/de\/produkt\/beryl-bracelet\/","og_locale":"de_DE","og_type":"article","og_title":"Beryl Bracelet - spellsofthemoon","og_description":"The bracelet is made from the multicolour Beryl stones with the cylindric or round gold colour spacer\/insert as a crystal separator.","og_url":"https:\/\/spellsofthemoon.ch\/de\/produkt\/beryl-bracelet\/","og_site_name":"spellsofthemoon","article_modified_time":"2024-04-11T06:17:58+00:00","twitter_card":"summary_large_image","twitter_misc":{"Gesch\u00e4tzte Lesezeit":"1\u00a0Minute"},"schema":{"@context":"https:\/\/schema.org","@graph":[{"@type":"WebPage","@id":"https:\/\/spellsofthemoon.ch\/product\/beryl-bracelet\/","url":"https:\/\/spellsofthemoon.ch\/product\/beryl-bracelet\/","name":"Beryl Bracelet - spellsofthemoon","isPartOf":{"@id":"https:\/\/spellsofthemoon.ch\/#website"},"primaryImageOfPage":{"@id":"https:\/\/spellsofthemoon.ch\/product\/beryl-bracelet\/#primaryimage"},"image":{"@id":"https:\/\/spellsofthemoon.ch\/product\/beryl-bracelet\/#primaryimage"},"thumbnailUrl":"https:\/\/spellsofthemoon.ch\/wp-content\/uploads\/2022\/10\/Beryl.jpg","datePublished":"2023-01-18T21:57:30+00:00","dateModified":"2024-04-11T06:17:58+00:00","description":"The bracelet is made from the multicolour Beryl stones with the cylindric or round gold colour spacer\/insert as a crystal separator.","breadcrumb":{"@id":"https:\/\/spellsofthemoon.ch\/product\/beryl-bracelet\/#breadcrumb"},"inLanguage":"de-CH","potentialAction":[{"@type":"ReadAction","target":["https:\/\/spellsofthemoon.ch\/product\/beryl-bracelet\/"]}]},{"@type":"ImageObject","inLanguage":"de-CH","@id":"https:\/\/spellsofthemoon.ch\/product\/beryl-bracelet\/#primaryimage","url":"https:\/\/spellsofthemoon.ch\/wp-content\/uploads\/2022\/10\/Beryl.jpg","contentUrl":"https:\/\/spellsofthemoon.ch\/wp-content\/uploads\/2022\/10\/Beryl.jpg","width":1200,"height":1440,"caption":"Beryl Bracelet"},{"@type":"BreadcrumbList","@id":"https:\/\/spellsofthemoon.ch\/product\/beryl-bracelet\/#breadcrumb","itemListElement":[{"@type":"ListItem","position":1,"name":"Home","item":"https:\/\/spellsofthemoon.ch\/"},{"@type":"ListItem","position":2,"name":"Shop","item":"https:\/\/spellsofthemoon.ch\/shop\/"},{"@type":"ListItem","position":3,"name":"Beryl Bracelet"}]},{"@type":"WebSite","@id":"https:\/\/spellsofthemoon.ch\/#website","url":"https:\/\/spellsofthemoon.ch\/","name":"Zauber des Mondes","description":"Edelsteine, Armb\u00e4nder aus Edelsteinen, handgefertigte Kerzen, Wohnkultur","potentialAction":[{"@type":"SearchAction","target":{"@type":"EntryPoint","urlTemplate":"https:\/\/spellsofthemoon.ch\/?s={search_term_string}"},"query-input":{"@type":"PropertyValueSpecification","valueRequired":true,"valueName":"search_term_string"}}],"inLanguage":"de-CH"}]}},"_links":{"self":[{"href":"https:\/\/spellsofthemoon.ch\/de\/wp-json\/wp\/v2\/product\/5736","targetHints":{"allow":["GET"]}}],"collection":[{"href":"https:\/\/spellsofthemoon.ch\/de\/wp-json\/wp\/v2\/product"}],"about":[{"href":"https:\/\/spellsofthemoon.ch\/de\/wp-json\/wp\/v2\/types\/product"}],"replies":[{"embeddable":true,"href":"https:\/\/spellsofthemoon.ch\/de\/wp-json\/wp\/v2\/comments?post=5736"}],"wp:featuredmedia":[{"embeddable":true,"href":"https:\/\/spellsofthemoon.ch\/de\/wp-json\/wp\/v2\/media\/4409"}],"wp:attachment":[{"href":"https:\/\/spellsofthemoon.ch\/de\/wp-json\/wp\/v2\/media?parent=5736"}],"wp:term":[{"taxonomy":"product_brand","embeddable":true,"href":"https:\/\/spellsofthemoon.ch\/de\/wp-json\/wp\/v2\/product_brand?post=5736"},{"taxonomy":"product_cat","embeddable":true,"href":"https:\/\/spellsofthemoon.ch\/de\/wp-json\/wp\/v2\/product_cat?post=5736"},{"taxonomy":"product_tag","embeddable":true,"href":"https:\/\/spellsofthemoon.ch\/de\/wp-json\/wp\/v2\/product_tag?post=5736"}],"curies":[{"name":"wp","href":"https:\/\/api.w.org\/{rel}","templated":true}]}}