{"id":5727,"date":"2023-01-18T22:57:29","date_gmt":"2023-01-18T21:57:29","guid":{"rendered":"https:\/\/spellsofthemoon.ch\/?post_type=product&#038;p=5727"},"modified":"2024-01-11T11:10:26","modified_gmt":"2024-01-11T10:10:26","slug":"nephrite-bracelet","status":"publish","type":"product","link":"https:\/\/spellsofthemoon.ch\/de\/produkt\/nephrite-bracelet\/","title":{"rendered":"Nephrit-Armband"},"content":{"rendered":"<p><strong>Schl\u00fcsselw\u00f6rter:<\/strong> Lebensnotwendige Energie. Selbstvertrauen. Kraft. Erweiterung des Bewusstseins. Beziehungsharmonie. Schutz. Langlebigkeit.<\/p>\n<p><strong>Nephrit:<\/strong><\/p>\n<p>\u2013 Hilft, wenn Sie unsicher sind, welche Entscheidung Sie in einer bestimmten Situation treffen sollen, hilft, die richtige Entscheidung f\u00fcr Sie zu treffen.<br \/>\n\u2013 Ein toller Schutzstein.<br \/>\n\u2013 Sch\u00fctzt vor Erm\u00fcdung, Ausfall und verl\u00e4ngert die Lebensdauer.<br \/>\n\u2013 Lindert Spannungen, Sorgen, hilft starke Emotionen zu entladen, reduziert innere Aggressionen, Eifersucht, Rachegef\u00fchle.<br \/>\n\u2013 Hilft bei Nierenerkrankungen, wirkt in vielerlei Hinsicht auf sie ein.<br \/>\n\u2013 Sch\u00fctzt die Familie vor Streitigkeiten, Missverst\u00e4ndnissen, hilft, Gl\u00fcck und Harmonie zu erreichen<\/p>\n<p><strong>Feng Shui:<\/strong> Gesundheits- und Familienecke im Osten \u2013 gibt Gesundheit und Widerstandsf\u00e4higkeit gegen fremde Einfl\u00fcsse.<\/p>\n<p>Wem wird besonders empfohlen, Produkte mit Nephrite zu tragen?<\/p>\n<ul>\n<li>Diejenigen, die sich in einer Sackgasse f\u00fchlen.<\/li>\n<li>Diejenigen, die ihre Individualit\u00e4t entdecken wollen.<\/li>\n<li>Diejenigen, die ihre inneren Kr\u00e4fte erforschen wollen.<\/li>\n<li>Diejenigen, die unter \u00fcbertriebenen Emotionen leiden.<\/li>\n<\/ul>","protected":false},"excerpt":{"rendered":"<p>Es ist ein Stein mit starker Energie, der seine Kraft auf einen Menschen \u00fcbertragen und ihn aus der Sackgasse des Lebens f\u00fchren kann. Wenn Sie Ihr Bewusstsein erweitern, Wissen suchen, sich spirituell verbessern m\u00f6chten \u2013 Nephrit wird Ihr bester Freund. Nephrite gibt Ihnen Selbstvertrauen und Festigkeit, Sie werden sich in der Lage f\u00fchlen, alle Pr\u00fcfungen Ihres Lebens zu \u00fcberwinden. St\u00e4rkt den Fluss der Lebensenergie.<\/p>","protected":false},"featured_media":4401,"comment_status":"open","ping_status":"closed","template":"","meta":[],"product_brand":[],"product_cat":[105],"product_tag":[182],"class_list":{"0":"post-5727","1":"product","2":"type-product","3":"status-publish","4":"has-post-thumbnail","6":"product_cat-bracelets","7":"product_tag-nephrite","8":"pa_gemstone-nephrite","10":"first","11":"instock","12":"taxable","13":"shipping-taxable","14":"purchasable","15":"product-type-variable","16":"has-default-attributes"},"yoast_head":"<!-- This site is optimized with the Yoast SEO plugin v26.1.1 - https:\/\/yoast.com\/wordpress\/plugins\/seo\/ -->\n<title>Nephrite Bracelet - spellsofthemoon<\/title>\n<meta name=\"description\" content=\"The bracelet is made from strong green colour Nephrite stones with the cylindric or round gold colour spacer\/insert as a crystal separator.\" \/>\n<meta name=\"robots\" content=\"index, follow, max-snippet:-1, max-image-preview:large, max-video-preview:-1\" \/>\n<link rel=\"canonical\" href=\"https:\/\/spellsofthemoon.ch\/de\/produkt\/nephrite-bracelet\/\" \/>\n<meta property=\"og:locale\" content=\"de_DE\" \/>\n<meta property=\"og:type\" content=\"article\" \/>\n<meta property=\"og:title\" content=\"Nephrite Bracelet - spellsofthemoon\" \/>\n<meta property=\"og:description\" content=\"The bracelet is made from strong green colour Nephrite stones with the cylindric or round gold colour spacer\/insert as a crystal separator.\" \/>\n<meta property=\"og:url\" content=\"https:\/\/spellsofthemoon.ch\/de\/produkt\/nephrite-bracelet\/\" \/>\n<meta property=\"og:site_name\" content=\"spellsofthemoon\" \/>\n<meta property=\"article:modified_time\" content=\"2024-01-11T10:10:26+00:00\" \/>\n<meta name=\"twitter:card\" content=\"summary_large_image\" \/>\n<meta name=\"twitter:label1\" content=\"Gesch\u00e4tzte Lesezeit\" \/>\n\t<meta name=\"twitter:data1\" content=\"1\u00a0Minute\" \/>\n<script type=\"application\/ld+json\" class=\"yoast-schema-graph\">{\"@context\":\"https:\/\/schema.org\",\"@graph\":[{\"@type\":\"WebPage\",\"@id\":\"https:\/\/spellsofthemoon.ch\/product\/nephrite-bracelet\/\",\"url\":\"https:\/\/spellsofthemoon.ch\/product\/nephrite-bracelet\/\",\"name\":\"Nephrite Bracelet - spellsofthemoon\",\"isPartOf\":{\"@id\":\"https:\/\/spellsofthemoon.ch\/#website\"},\"primaryImageOfPage\":{\"@id\":\"https:\/\/spellsofthemoon.ch\/product\/nephrite-bracelet\/#primaryimage\"},\"image\":{\"@id\":\"https:\/\/spellsofthemoon.ch\/product\/nephrite-bracelet\/#primaryimage\"},\"thumbnailUrl\":\"https:\/\/spellsofthemoon.ch\/wp-content\/uploads\/2022\/10\/Nephrite.jpg\",\"datePublished\":\"2023-01-18T21:57:29+00:00\",\"dateModified\":\"2024-01-11T10:10:26+00:00\",\"description\":\"The bracelet is made from strong green colour Nephrite stones with the cylindric or round gold colour spacer\/insert as a crystal separator.\",\"breadcrumb\":{\"@id\":\"https:\/\/spellsofthemoon.ch\/product\/nephrite-bracelet\/#breadcrumb\"},\"inLanguage\":\"de-CH\",\"potentialAction\":[{\"@type\":\"ReadAction\",\"target\":[\"https:\/\/spellsofthemoon.ch\/product\/nephrite-bracelet\/\"]}]},{\"@type\":\"ImageObject\",\"inLanguage\":\"de-CH\",\"@id\":\"https:\/\/spellsofthemoon.ch\/product\/nephrite-bracelet\/#primaryimage\",\"url\":\"https:\/\/spellsofthemoon.ch\/wp-content\/uploads\/2022\/10\/Nephrite.jpg\",\"contentUrl\":\"https:\/\/spellsofthemoon.ch\/wp-content\/uploads\/2022\/10\/Nephrite.jpg\",\"width\":1200,\"height\":1440,\"caption\":\"Nephrite Bracelet\"},{\"@type\":\"BreadcrumbList\",\"@id\":\"https:\/\/spellsofthemoon.ch\/product\/nephrite-bracelet\/#breadcrumb\",\"itemListElement\":[{\"@type\":\"ListItem\",\"position\":1,\"name\":\"Home\",\"item\":\"https:\/\/spellsofthemoon.ch\/\"},{\"@type\":\"ListItem\",\"position\":2,\"name\":\"Shop\",\"item\":\"https:\/\/spellsofthemoon.ch\/shop\/\"},{\"@type\":\"ListItem\",\"position\":3,\"name\":\"Nephrite Bracelet\"}]},{\"@type\":\"WebSite\",\"@id\":\"https:\/\/spellsofthemoon.ch\/#website\",\"url\":\"https:\/\/spellsofthemoon.ch\/\",\"name\":\"spellsofthemoon\",\"description\":\"Precious stones, bracelets from gemstones, hand made candles, home decor\",\"potentialAction\":[{\"@type\":\"SearchAction\",\"target\":{\"@type\":\"EntryPoint\",\"urlTemplate\":\"https:\/\/spellsofthemoon.ch\/?s={search_term_string}\"},\"query-input\":{\"@type\":\"PropertyValueSpecification\",\"valueRequired\":true,\"valueName\":\"search_term_string\"}}],\"inLanguage\":\"de-CH\"}]}<\/script>\n<!-- \/ Yoast SEO plugin. -->","yoast_head_json":{"title":"Nephrite Bracelet - spellsofthemoon","description":"The bracelet is made from strong green colour Nephrite stones with the cylindric or round gold colour spacer\/insert as a crystal separator.","robots":{"index":"index","follow":"follow","max-snippet":"max-snippet:-1","max-image-preview":"max-image-preview:large","max-video-preview":"max-video-preview:-1"},"canonical":"https:\/\/spellsofthemoon.ch\/de\/produkt\/nephrite-bracelet\/","og_locale":"de_DE","og_type":"article","og_title":"Nephrite Bracelet - spellsofthemoon","og_description":"The bracelet is made from strong green colour Nephrite stones with the cylindric or round gold colour spacer\/insert as a crystal separator.","og_url":"https:\/\/spellsofthemoon.ch\/de\/produkt\/nephrite-bracelet\/","og_site_name":"spellsofthemoon","article_modified_time":"2024-01-11T10:10:26+00:00","twitter_card":"summary_large_image","twitter_misc":{"Gesch\u00e4tzte Lesezeit":"1\u00a0Minute"},"schema":{"@context":"https:\/\/schema.org","@graph":[{"@type":"WebPage","@id":"https:\/\/spellsofthemoon.ch\/product\/nephrite-bracelet\/","url":"https:\/\/spellsofthemoon.ch\/product\/nephrite-bracelet\/","name":"Nephrite Bracelet - spellsofthemoon","isPartOf":{"@id":"https:\/\/spellsofthemoon.ch\/#website"},"primaryImageOfPage":{"@id":"https:\/\/spellsofthemoon.ch\/product\/nephrite-bracelet\/#primaryimage"},"image":{"@id":"https:\/\/spellsofthemoon.ch\/product\/nephrite-bracelet\/#primaryimage"},"thumbnailUrl":"https:\/\/spellsofthemoon.ch\/wp-content\/uploads\/2022\/10\/Nephrite.jpg","datePublished":"2023-01-18T21:57:29+00:00","dateModified":"2024-01-11T10:10:26+00:00","description":"The bracelet is made from strong green colour Nephrite stones with the cylindric or round gold colour spacer\/insert as a crystal separator.","breadcrumb":{"@id":"https:\/\/spellsofthemoon.ch\/product\/nephrite-bracelet\/#breadcrumb"},"inLanguage":"de-CH","potentialAction":[{"@type":"ReadAction","target":["https:\/\/spellsofthemoon.ch\/product\/nephrite-bracelet\/"]}]},{"@type":"ImageObject","inLanguage":"de-CH","@id":"https:\/\/spellsofthemoon.ch\/product\/nephrite-bracelet\/#primaryimage","url":"https:\/\/spellsofthemoon.ch\/wp-content\/uploads\/2022\/10\/Nephrite.jpg","contentUrl":"https:\/\/spellsofthemoon.ch\/wp-content\/uploads\/2022\/10\/Nephrite.jpg","width":1200,"height":1440,"caption":"Nephrite Bracelet"},{"@type":"BreadcrumbList","@id":"https:\/\/spellsofthemoon.ch\/product\/nephrite-bracelet\/#breadcrumb","itemListElement":[{"@type":"ListItem","position":1,"name":"Home","item":"https:\/\/spellsofthemoon.ch\/"},{"@type":"ListItem","position":2,"name":"Shop","item":"https:\/\/spellsofthemoon.ch\/shop\/"},{"@type":"ListItem","position":3,"name":"Nephrite Bracelet"}]},{"@type":"WebSite","@id":"https:\/\/spellsofthemoon.ch\/#website","url":"https:\/\/spellsofthemoon.ch\/","name":"Zauber des Mondes","description":"Edelsteine, Armb\u00e4nder aus Edelsteinen, handgefertigte Kerzen, Wohnkultur","potentialAction":[{"@type":"SearchAction","target":{"@type":"EntryPoint","urlTemplate":"https:\/\/spellsofthemoon.ch\/?s={search_term_string}"},"query-input":{"@type":"PropertyValueSpecification","valueRequired":true,"valueName":"search_term_string"}}],"inLanguage":"de-CH"}]}},"_links":{"self":[{"href":"https:\/\/spellsofthemoon.ch\/de\/wp-json\/wp\/v2\/product\/5727","targetHints":{"allow":["GET"]}}],"collection":[{"href":"https:\/\/spellsofthemoon.ch\/de\/wp-json\/wp\/v2\/product"}],"about":[{"href":"https:\/\/spellsofthemoon.ch\/de\/wp-json\/wp\/v2\/types\/product"}],"replies":[{"embeddable":true,"href":"https:\/\/spellsofthemoon.ch\/de\/wp-json\/wp\/v2\/comments?post=5727"}],"wp:featuredmedia":[{"embeddable":true,"href":"https:\/\/spellsofthemoon.ch\/de\/wp-json\/wp\/v2\/media\/4401"}],"wp:attachment":[{"href":"https:\/\/spellsofthemoon.ch\/de\/wp-json\/wp\/v2\/media?parent=5727"}],"wp:term":[{"taxonomy":"product_brand","embeddable":true,"href":"https:\/\/spellsofthemoon.ch\/de\/wp-json\/wp\/v2\/product_brand?post=5727"},{"taxonomy":"product_cat","embeddable":true,"href":"https:\/\/spellsofthemoon.ch\/de\/wp-json\/wp\/v2\/product_cat?post=5727"},{"taxonomy":"product_tag","embeddable":true,"href":"https:\/\/spellsofthemoon.ch\/de\/wp-json\/wp\/v2\/product_tag?post=5727"}],"curies":[{"name":"wp","href":"https:\/\/api.w.org\/{rel}","templated":true}]}}