{"id":5718,"date":"2023-01-18T22:57:25","date_gmt":"2023-01-18T21:57:25","guid":{"rendered":"https:\/\/spellsofthemoon.ch\/?post_type=product&#038;p=5718"},"modified":"2024-01-11T11:10:26","modified_gmt":"2024-01-11T10:10:26","slug":"charoite-bracelet","status":"publish","type":"product","link":"https:\/\/spellsofthemoon.ch\/de\/produkt\/charoite-bracelet\/","title":{"rendered":"Charoit-Armband"},"content":{"rendered":"<p><strong>Charoit:<\/strong><\/p>\n<p>\u2013 Dieser Stein hilft Ihnen, verschiedene \u00c4ngste loszulassen, insbesondere im Zusammenhang mit gro\u00dfen Ver\u00e4nderungen im Leben, weshalb er auch als Stein der Transformation und Ver\u00e4nderung bekannt ist.<br \/>\n\u2013 Es hilft dir, dich mit all deinen Vor- und Nachteilen zu akzeptieren;<br \/>\n\u2013 Es hilft, zwischen dem Realen und dem Imagin\u00e4ren zu unterscheiden;<br \/>\n\u2013 Es ist ein Stein, der Sie voranbringt, Sie ermutigt, mehr zu erreichen, und die richtigen Situationen oder Menschen anzieht;<br \/>\n\u2013 st\u00e4rkt das Hellsehen;<br \/>\n\u2013 Hilft, eine Aktivit\u00e4t oder einen Job zu finden, den Sie lieben.<\/p>","protected":false},"excerpt":{"rendered":"<p>Das Armband aus den mehrfarbigen lila Charoite-Steinen mit dem goldfarbenen Einsatz zwischen den Perlen<\/p>","protected":false},"featured_media":4393,"comment_status":"open","ping_status":"closed","template":"","meta":[],"product_brand":[],"product_cat":[105],"product_tag":[181],"class_list":{"0":"post-5718","1":"product","2":"type-product","3":"status-publish","4":"has-post-thumbnail","6":"product_cat-bracelets","7":"product_tag-charoite","8":"pa_gemstone-chariot","10":"first","11":"instock","12":"featured","13":"taxable","14":"shipping-taxable","15":"purchasable","16":"product-type-variable","17":"has-default-attributes"},"yoast_head":"<!-- This site is optimized with the Yoast SEO plugin v26.1.1 - https:\/\/yoast.com\/wordpress\/plugins\/seo\/ -->\n<title>Charoite Bracelet - spellsofthemoon<\/title>\n<meta name=\"description\" content=\"The bracelet is made from the multicolour purple Charoite stones with the cylindric or round gold colour spacer\/insert as a crystal separator.\" \/>\n<meta name=\"robots\" content=\"index, follow, max-snippet:-1, max-image-preview:large, max-video-preview:-1\" \/>\n<link rel=\"canonical\" href=\"https:\/\/spellsofthemoon.ch\/de\/produkt\/charoite-bracelet\/\" \/>\n<meta property=\"og:locale\" content=\"de_DE\" \/>\n<meta property=\"og:type\" content=\"article\" \/>\n<meta property=\"og:title\" content=\"Charoite Bracelet - spellsofthemoon\" \/>\n<meta property=\"og:description\" content=\"The bracelet is made from the multicolour purple Charoite stones with the cylindric or round gold colour spacer\/insert as a crystal separator.\" \/>\n<meta property=\"og:url\" content=\"https:\/\/spellsofthemoon.ch\/de\/produkt\/charoite-bracelet\/\" \/>\n<meta property=\"og:site_name\" content=\"spellsofthemoon\" \/>\n<meta property=\"article:modified_time\" content=\"2024-01-11T10:10:26+00:00\" \/>\n<meta property=\"og:image\" content=\"https:\/\/spellsofthemoon.ch\/wp-content\/uploads\/2022\/10\/Charoite.jpg\" \/>\n\t<meta property=\"og:image:width\" content=\"1200\" \/>\n\t<meta property=\"og:image:height\" content=\"1440\" \/>\n\t<meta property=\"og:image:type\" content=\"image\/jpeg\" \/>\n<meta name=\"twitter:card\" content=\"summary_large_image\" \/>\n<meta name=\"twitter:label1\" content=\"Gesch\u00e4tzte Lesezeit\" \/>\n\t<meta name=\"twitter:data1\" content=\"1\u00a0Minute\" \/>\n<script type=\"application\/ld+json\" class=\"yoast-schema-graph\">{\"@context\":\"https:\/\/schema.org\",\"@graph\":[{\"@type\":\"WebPage\",\"@id\":\"https:\/\/spellsofthemoon.ch\/product\/charoite-bracelet\/\",\"url\":\"https:\/\/spellsofthemoon.ch\/product\/charoite-bracelet\/\",\"name\":\"Charoite Bracelet - spellsofthemoon\",\"isPartOf\":{\"@id\":\"https:\/\/spellsofthemoon.ch\/#website\"},\"primaryImageOfPage\":{\"@id\":\"https:\/\/spellsofthemoon.ch\/product\/charoite-bracelet\/#primaryimage\"},\"image\":{\"@id\":\"https:\/\/spellsofthemoon.ch\/product\/charoite-bracelet\/#primaryimage\"},\"thumbnailUrl\":\"https:\/\/spellsofthemoon.ch\/wp-content\/uploads\/2022\/10\/Charoite.jpg\",\"datePublished\":\"2023-01-18T21:57:25+00:00\",\"dateModified\":\"2024-01-11T10:10:26+00:00\",\"description\":\"The bracelet is made from the multicolour purple Charoite stones with the cylindric or round gold colour spacer\/insert as a crystal separator.\",\"breadcrumb\":{\"@id\":\"https:\/\/spellsofthemoon.ch\/product\/charoite-bracelet\/#breadcrumb\"},\"inLanguage\":\"de-CH\",\"potentialAction\":[{\"@type\":\"ReadAction\",\"target\":[\"https:\/\/spellsofthemoon.ch\/product\/charoite-bracelet\/\"]}]},{\"@type\":\"ImageObject\",\"inLanguage\":\"de-CH\",\"@id\":\"https:\/\/spellsofthemoon.ch\/product\/charoite-bracelet\/#primaryimage\",\"url\":\"https:\/\/spellsofthemoon.ch\/wp-content\/uploads\/2022\/10\/Charoite.jpg\",\"contentUrl\":\"https:\/\/spellsofthemoon.ch\/wp-content\/uploads\/2022\/10\/Charoite.jpg\",\"width\":1200,\"height\":1440,\"caption\":\"Charoite Bracelet\"},{\"@type\":\"BreadcrumbList\",\"@id\":\"https:\/\/spellsofthemoon.ch\/product\/charoite-bracelet\/#breadcrumb\",\"itemListElement\":[{\"@type\":\"ListItem\",\"position\":1,\"name\":\"Home\",\"item\":\"https:\/\/spellsofthemoon.ch\/\"},{\"@type\":\"ListItem\",\"position\":2,\"name\":\"Shop\",\"item\":\"https:\/\/spellsofthemoon.ch\/shop\/\"},{\"@type\":\"ListItem\",\"position\":3,\"name\":\"Charoite Bracelet\"}]},{\"@type\":\"WebSite\",\"@id\":\"https:\/\/spellsofthemoon.ch\/#website\",\"url\":\"https:\/\/spellsofthemoon.ch\/\",\"name\":\"spellsofthemoon\",\"description\":\"Precious stones, bracelets from gemstones, hand made candles, home decor\",\"potentialAction\":[{\"@type\":\"SearchAction\",\"target\":{\"@type\":\"EntryPoint\",\"urlTemplate\":\"https:\/\/spellsofthemoon.ch\/?s={search_term_string}\"},\"query-input\":{\"@type\":\"PropertyValueSpecification\",\"valueRequired\":true,\"valueName\":\"search_term_string\"}}],\"inLanguage\":\"de-CH\"}]}<\/script>\n<!-- \/ Yoast SEO plugin. -->","yoast_head_json":{"title":"Charoite Bracelet - spellsofthemoon","description":"The bracelet is made from the multicolour purple Charoite stones with the cylindric or round gold colour spacer\/insert as a crystal separator.","robots":{"index":"index","follow":"follow","max-snippet":"max-snippet:-1","max-image-preview":"max-image-preview:large","max-video-preview":"max-video-preview:-1"},"canonical":"https:\/\/spellsofthemoon.ch\/de\/produkt\/charoite-bracelet\/","og_locale":"de_DE","og_type":"article","og_title":"Charoite Bracelet - spellsofthemoon","og_description":"The bracelet is made from the multicolour purple Charoite stones with the cylindric or round gold colour spacer\/insert as a crystal separator.","og_url":"https:\/\/spellsofthemoon.ch\/de\/produkt\/charoite-bracelet\/","og_site_name":"spellsofthemoon","article_modified_time":"2024-01-11T10:10:26+00:00","og_image":[{"width":1200,"height":1440,"url":"https:\/\/spellsofthemoon.ch\/wp-content\/uploads\/2022\/10\/Charoite.jpg","type":"image\/jpeg"}],"twitter_card":"summary_large_image","twitter_misc":{"Gesch\u00e4tzte Lesezeit":"1\u00a0Minute"},"schema":{"@context":"https:\/\/schema.org","@graph":[{"@type":"WebPage","@id":"https:\/\/spellsofthemoon.ch\/product\/charoite-bracelet\/","url":"https:\/\/spellsofthemoon.ch\/product\/charoite-bracelet\/","name":"Charoite Bracelet - spellsofthemoon","isPartOf":{"@id":"https:\/\/spellsofthemoon.ch\/#website"},"primaryImageOfPage":{"@id":"https:\/\/spellsofthemoon.ch\/product\/charoite-bracelet\/#primaryimage"},"image":{"@id":"https:\/\/spellsofthemoon.ch\/product\/charoite-bracelet\/#primaryimage"},"thumbnailUrl":"https:\/\/spellsofthemoon.ch\/wp-content\/uploads\/2022\/10\/Charoite.jpg","datePublished":"2023-01-18T21:57:25+00:00","dateModified":"2024-01-11T10:10:26+00:00","description":"The bracelet is made from the multicolour purple Charoite stones with the cylindric or round gold colour spacer\/insert as a crystal separator.","breadcrumb":{"@id":"https:\/\/spellsofthemoon.ch\/product\/charoite-bracelet\/#breadcrumb"},"inLanguage":"de-CH","potentialAction":[{"@type":"ReadAction","target":["https:\/\/spellsofthemoon.ch\/product\/charoite-bracelet\/"]}]},{"@type":"ImageObject","inLanguage":"de-CH","@id":"https:\/\/spellsofthemoon.ch\/product\/charoite-bracelet\/#primaryimage","url":"https:\/\/spellsofthemoon.ch\/wp-content\/uploads\/2022\/10\/Charoite.jpg","contentUrl":"https:\/\/spellsofthemoon.ch\/wp-content\/uploads\/2022\/10\/Charoite.jpg","width":1200,"height":1440,"caption":"Charoite Bracelet"},{"@type":"BreadcrumbList","@id":"https:\/\/spellsofthemoon.ch\/product\/charoite-bracelet\/#breadcrumb","itemListElement":[{"@type":"ListItem","position":1,"name":"Home","item":"https:\/\/spellsofthemoon.ch\/"},{"@type":"ListItem","position":2,"name":"Shop","item":"https:\/\/spellsofthemoon.ch\/shop\/"},{"@type":"ListItem","position":3,"name":"Charoite Bracelet"}]},{"@type":"WebSite","@id":"https:\/\/spellsofthemoon.ch\/#website","url":"https:\/\/spellsofthemoon.ch\/","name":"Zauber des Mondes","description":"Edelsteine, Armb\u00e4nder aus Edelsteinen, handgefertigte Kerzen, Wohnkultur","potentialAction":[{"@type":"SearchAction","target":{"@type":"EntryPoint","urlTemplate":"https:\/\/spellsofthemoon.ch\/?s={search_term_string}"},"query-input":{"@type":"PropertyValueSpecification","valueRequired":true,"valueName":"search_term_string"}}],"inLanguage":"de-CH"}]}},"_links":{"self":[{"href":"https:\/\/spellsofthemoon.ch\/de\/wp-json\/wp\/v2\/product\/5718","targetHints":{"allow":["GET"]}}],"collection":[{"href":"https:\/\/spellsofthemoon.ch\/de\/wp-json\/wp\/v2\/product"}],"about":[{"href":"https:\/\/spellsofthemoon.ch\/de\/wp-json\/wp\/v2\/types\/product"}],"replies":[{"embeddable":true,"href":"https:\/\/spellsofthemoon.ch\/de\/wp-json\/wp\/v2\/comments?post=5718"}],"wp:featuredmedia":[{"embeddable":true,"href":"https:\/\/spellsofthemoon.ch\/de\/wp-json\/wp\/v2\/media\/4393"}],"wp:attachment":[{"href":"https:\/\/spellsofthemoon.ch\/de\/wp-json\/wp\/v2\/media?parent=5718"}],"wp:term":[{"taxonomy":"product_brand","embeddable":true,"href":"https:\/\/spellsofthemoon.ch\/de\/wp-json\/wp\/v2\/product_brand?post=5718"},{"taxonomy":"product_cat","embeddable":true,"href":"https:\/\/spellsofthemoon.ch\/de\/wp-json\/wp\/v2\/product_cat?post=5718"},{"taxonomy":"product_tag","embeddable":true,"href":"https:\/\/spellsofthemoon.ch\/de\/wp-json\/wp\/v2\/product_tag?post=5718"}],"curies":[{"name":"wp","href":"https:\/\/api.w.org\/{rel}","templated":true}]}}