{"id":5700,"date":"2023-01-18T22:57:24","date_gmt":"2023-01-18T21:57:24","guid":{"rendered":"https:\/\/spellsofthemoon.ch\/?post_type=product&#038;p=5700"},"modified":"2023-02-01T23:13:36","modified_gmt":"2023-02-01T22:13:36","slug":"labradorite-bracelet","status":"publish","type":"product","link":"https:\/\/spellsofthemoon.ch\/de\/produkt\/labradorite-bracelet\/","title":{"rendered":"Labradorit-Armband"},"content":{"rendered":"<p><strong>Schl\u00fcsselw\u00f6rter:<\/strong> Starker Schutz. Entspannung. Stabilit\u00e4t des Geistes. Emotionen.<span class=\"Apple-converted-space\">\u00a0<\/span><\/p>\n<p><strong>Labradorit:<\/strong><\/p>\n<p>\u2013 Beruhigung unruhiger Gedanken.<br \/>\n\u2013 F\u00f6rdert rationales und analytisches, aber auch originelles Denken.<br \/>\n\u2013 Verleiht geistige Stabilit\u00e4t.<br \/>\n\u2013 Hilft in Zeiten der Ver\u00e4nderung.<br \/>\n\u2013 Beruhigt \u00c4ngste, Stress, starke Emotionen.<br \/>\n\u2013 Stimuliert Kreativit\u00e4t und Introvertiertheit.<br \/>\n\u2013 Zieht wohlverdienten Erfolg f\u00fcr denjenigen an, der arbeitet.<\/p>\n<p><strong>Externe Effekte<\/strong>: Ideal f\u00fcr Rundumschutz: Mittig an der Haust\u00fcr platziert, um das Haus vor Dieben und b\u00f6sen G\u00e4sten zu sch\u00fctzen. Bietet dem Tr\u00e4ger starken Schutz.<\/p>\n<p><strong>Feng Shui:<\/strong> unter der Schwelle (in der Mitte) oder auf Fensterb\u00e4nken zum Schutz des Hauses.<span class=\"Apple-converted-space\">\u00a0<\/span><\/p>\n<p>Warum wird Labradorit besonders ben\u00f6tigt?<\/p>\n<ul>\n<li>F\u00fcr diejenigen, denen es schwer f\u00e4llt, mit ihren Emotionen umzugehen.<\/li>\n<li>Menschen, die sich verletzlich und schutzlos f\u00fchlen.<\/li>\n<li>Diejenigen, die Geduld, Ausdauer und Disziplin lernen m\u00fcssen.<\/li>\n<li>Diejenigen, denen es an geistiger und psychischer Stabilit\u00e4t mangelt.<\/li>\n<li>Diejenigen, die bei der Arbeit oder in anderen Umgebungen negativer Energie ausgesetzt sind.<\/li>\n<li>\u00c4rzte, Psychologen, Verk\u00e4ufer, Berater, Beamte usw., die direkt mit anderen Menschen zu tun haben.<\/li>\n<li>Diejenigen, die st\u00e4ndig \u00fcberarbeitet sind und sich vampirisiert f\u00fchlen.<\/li>\n<li>Diejenigen, die mit Tr\u00e4umen, Medien und Hellsehern arbeiten.<\/li>\n<\/ul>","protected":false},"excerpt":{"rendered":"<p>Labradorit gilt heute als einer der st\u00e4rksten Schutzsteine im gesamten Mineralreich, der ein Schutzfeld gegen negative Ph\u00e4nomene, Situationen und Menschen schafft. Labradorit: sch\u00fctzt nicht nur uns, unseren K\u00f6rper, sondern auch unser Zuhause, unseren Arbeitsplatz; entwickelt Intuition; vermittelt Weisheit und Verst\u00e4ndnis, stimuliert die Gehirnaktivit\u00e4t; hilft, chaotische Gedanken in meinem Kopf zu sortieren.<\/p>","protected":false},"featured_media":4376,"comment_status":"open","ping_status":"closed","template":"","meta":[],"product_brand":[],"product_cat":[105],"product_tag":[179],"class_list":{"0":"post-5700","1":"product","2":"type-product","3":"status-publish","4":"has-post-thumbnail","6":"product_cat-bracelets","7":"product_tag-labradorite","8":"pa_gemstone-labradorite","10":"first","11":"instock","12":"sale","13":"taxable","14":"shipping-taxable","15":"purchasable","16":"product-type-variable","17":"has-default-attributes"},"yoast_head":"<!-- This site is optimized with the Yoast SEO plugin v26.1.1 - https:\/\/yoast.com\/wordpress\/plugins\/seo\/ -->\n<title>Labradorite Bracelet - spellsofthemoon<\/title>\n<meta name=\"description\" content=\"The bracelet is made from the dark grey Labradorite stones with the cylindric or round gold colour spacer\/insert as a crystal separator.\" \/>\n<meta name=\"robots\" content=\"index, follow, max-snippet:-1, max-image-preview:large, max-video-preview:-1\" \/>\n<link rel=\"canonical\" href=\"https:\/\/spellsofthemoon.ch\/de\/produkt\/labradorite-bracelet\/\" \/>\n<meta property=\"og:locale\" content=\"de_DE\" \/>\n<meta property=\"og:type\" content=\"article\" \/>\n<meta property=\"og:title\" content=\"Labradorite Bracelet - spellsofthemoon\" \/>\n<meta property=\"og:description\" content=\"The bracelet is made from the dark grey Labradorite stones with the cylindric or round gold colour spacer\/insert as a crystal separator.\" \/>\n<meta property=\"og:url\" content=\"https:\/\/spellsofthemoon.ch\/de\/produkt\/labradorite-bracelet\/\" \/>\n<meta property=\"og:site_name\" content=\"spellsofthemoon\" \/>\n<meta property=\"article:modified_time\" content=\"2023-02-01T22:13:36+00:00\" \/>\n<meta name=\"twitter:card\" content=\"summary_large_image\" \/>\n<meta name=\"twitter:label1\" content=\"Gesch\u00e4tzte Lesezeit\" \/>\n\t<meta name=\"twitter:data1\" content=\"1\u00a0Minute\" \/>\n<script type=\"application\/ld+json\" class=\"yoast-schema-graph\">{\"@context\":\"https:\/\/schema.org\",\"@graph\":[{\"@type\":\"WebPage\",\"@id\":\"https:\/\/spellsofthemoon.ch\/product\/labradorite-bracelet\/\",\"url\":\"https:\/\/spellsofthemoon.ch\/product\/labradorite-bracelet\/\",\"name\":\"Labradorite Bracelet - spellsofthemoon\",\"isPartOf\":{\"@id\":\"https:\/\/spellsofthemoon.ch\/#website\"},\"primaryImageOfPage\":{\"@id\":\"https:\/\/spellsofthemoon.ch\/product\/labradorite-bracelet\/#primaryimage\"},\"image\":{\"@id\":\"https:\/\/spellsofthemoon.ch\/product\/labradorite-bracelet\/#primaryimage\"},\"thumbnailUrl\":\"https:\/\/spellsofthemoon.ch\/wp-content\/uploads\/2022\/10\/Labradorite.jpg\",\"datePublished\":\"2023-01-18T21:57:24+00:00\",\"dateModified\":\"2023-02-01T22:13:36+00:00\",\"description\":\"The bracelet is made from the dark grey Labradorite stones with the cylindric or round gold colour spacer\/insert as a crystal separator.\",\"breadcrumb\":{\"@id\":\"https:\/\/spellsofthemoon.ch\/product\/labradorite-bracelet\/#breadcrumb\"},\"inLanguage\":\"de-CH\",\"potentialAction\":[{\"@type\":\"ReadAction\",\"target\":[\"https:\/\/spellsofthemoon.ch\/product\/labradorite-bracelet\/\"]}]},{\"@type\":\"ImageObject\",\"inLanguage\":\"de-CH\",\"@id\":\"https:\/\/spellsofthemoon.ch\/product\/labradorite-bracelet\/#primaryimage\",\"url\":\"https:\/\/spellsofthemoon.ch\/wp-content\/uploads\/2022\/10\/Labradorite.jpg\",\"contentUrl\":\"https:\/\/spellsofthemoon.ch\/wp-content\/uploads\/2022\/10\/Labradorite.jpg\",\"width\":1200,\"height\":1440,\"caption\":\"Labradorite Bracelet\"},{\"@type\":\"BreadcrumbList\",\"@id\":\"https:\/\/spellsofthemoon.ch\/product\/labradorite-bracelet\/#breadcrumb\",\"itemListElement\":[{\"@type\":\"ListItem\",\"position\":1,\"name\":\"Home\",\"item\":\"https:\/\/spellsofthemoon.ch\/\"},{\"@type\":\"ListItem\",\"position\":2,\"name\":\"Shop\",\"item\":\"https:\/\/spellsofthemoon.ch\/shop\/\"},{\"@type\":\"ListItem\",\"position\":3,\"name\":\"Labradorite Bracelet\"}]},{\"@type\":\"WebSite\",\"@id\":\"https:\/\/spellsofthemoon.ch\/#website\",\"url\":\"https:\/\/spellsofthemoon.ch\/\",\"name\":\"spellsofthemoon\",\"description\":\"Precious stones, bracelets from gemstones, hand made candles, home decor\",\"potentialAction\":[{\"@type\":\"SearchAction\",\"target\":{\"@type\":\"EntryPoint\",\"urlTemplate\":\"https:\/\/spellsofthemoon.ch\/?s={search_term_string}\"},\"query-input\":{\"@type\":\"PropertyValueSpecification\",\"valueRequired\":true,\"valueName\":\"search_term_string\"}}],\"inLanguage\":\"de-CH\"}]}<\/script>\n<!-- \/ Yoast SEO plugin. -->","yoast_head_json":{"title":"Labradorite Bracelet - spellsofthemoon","description":"The bracelet is made from the dark grey Labradorite stones with the cylindric or round gold colour spacer\/insert as a crystal separator.","robots":{"index":"index","follow":"follow","max-snippet":"max-snippet:-1","max-image-preview":"max-image-preview:large","max-video-preview":"max-video-preview:-1"},"canonical":"https:\/\/spellsofthemoon.ch\/de\/produkt\/labradorite-bracelet\/","og_locale":"de_DE","og_type":"article","og_title":"Labradorite Bracelet - spellsofthemoon","og_description":"The bracelet is made from the dark grey Labradorite stones with the cylindric or round gold colour spacer\/insert as a crystal separator.","og_url":"https:\/\/spellsofthemoon.ch\/de\/produkt\/labradorite-bracelet\/","og_site_name":"spellsofthemoon","article_modified_time":"2023-02-01T22:13:36+00:00","twitter_card":"summary_large_image","twitter_misc":{"Gesch\u00e4tzte Lesezeit":"1\u00a0Minute"},"schema":{"@context":"https:\/\/schema.org","@graph":[{"@type":"WebPage","@id":"https:\/\/spellsofthemoon.ch\/product\/labradorite-bracelet\/","url":"https:\/\/spellsofthemoon.ch\/product\/labradorite-bracelet\/","name":"Labradorite Bracelet - spellsofthemoon","isPartOf":{"@id":"https:\/\/spellsofthemoon.ch\/#website"},"primaryImageOfPage":{"@id":"https:\/\/spellsofthemoon.ch\/product\/labradorite-bracelet\/#primaryimage"},"image":{"@id":"https:\/\/spellsofthemoon.ch\/product\/labradorite-bracelet\/#primaryimage"},"thumbnailUrl":"https:\/\/spellsofthemoon.ch\/wp-content\/uploads\/2022\/10\/Labradorite.jpg","datePublished":"2023-01-18T21:57:24+00:00","dateModified":"2023-02-01T22:13:36+00:00","description":"The bracelet is made from the dark grey Labradorite stones with the cylindric or round gold colour spacer\/insert as a crystal separator.","breadcrumb":{"@id":"https:\/\/spellsofthemoon.ch\/product\/labradorite-bracelet\/#breadcrumb"},"inLanguage":"de-CH","potentialAction":[{"@type":"ReadAction","target":["https:\/\/spellsofthemoon.ch\/product\/labradorite-bracelet\/"]}]},{"@type":"ImageObject","inLanguage":"de-CH","@id":"https:\/\/spellsofthemoon.ch\/product\/labradorite-bracelet\/#primaryimage","url":"https:\/\/spellsofthemoon.ch\/wp-content\/uploads\/2022\/10\/Labradorite.jpg","contentUrl":"https:\/\/spellsofthemoon.ch\/wp-content\/uploads\/2022\/10\/Labradorite.jpg","width":1200,"height":1440,"caption":"Labradorite Bracelet"},{"@type":"BreadcrumbList","@id":"https:\/\/spellsofthemoon.ch\/product\/labradorite-bracelet\/#breadcrumb","itemListElement":[{"@type":"ListItem","position":1,"name":"Home","item":"https:\/\/spellsofthemoon.ch\/"},{"@type":"ListItem","position":2,"name":"Shop","item":"https:\/\/spellsofthemoon.ch\/shop\/"},{"@type":"ListItem","position":3,"name":"Labradorite Bracelet"}]},{"@type":"WebSite","@id":"https:\/\/spellsofthemoon.ch\/#website","url":"https:\/\/spellsofthemoon.ch\/","name":"Zauber des Mondes","description":"Edelsteine, Armb\u00e4nder aus Edelsteinen, handgefertigte Kerzen, Wohnkultur","potentialAction":[{"@type":"SearchAction","target":{"@type":"EntryPoint","urlTemplate":"https:\/\/spellsofthemoon.ch\/?s={search_term_string}"},"query-input":{"@type":"PropertyValueSpecification","valueRequired":true,"valueName":"search_term_string"}}],"inLanguage":"de-CH"}]}},"_links":{"self":[{"href":"https:\/\/spellsofthemoon.ch\/de\/wp-json\/wp\/v2\/product\/5700","targetHints":{"allow":["GET"]}}],"collection":[{"href":"https:\/\/spellsofthemoon.ch\/de\/wp-json\/wp\/v2\/product"}],"about":[{"href":"https:\/\/spellsofthemoon.ch\/de\/wp-json\/wp\/v2\/types\/product"}],"replies":[{"embeddable":true,"href":"https:\/\/spellsofthemoon.ch\/de\/wp-json\/wp\/v2\/comments?post=5700"}],"wp:featuredmedia":[{"embeddable":true,"href":"https:\/\/spellsofthemoon.ch\/de\/wp-json\/wp\/v2\/media\/4376"}],"wp:attachment":[{"href":"https:\/\/spellsofthemoon.ch\/de\/wp-json\/wp\/v2\/media?parent=5700"}],"wp:term":[{"taxonomy":"product_brand","embeddable":true,"href":"https:\/\/spellsofthemoon.ch\/de\/wp-json\/wp\/v2\/product_brand?post=5700"},{"taxonomy":"product_cat","embeddable":true,"href":"https:\/\/spellsofthemoon.ch\/de\/wp-json\/wp\/v2\/product_cat?post=5700"},{"taxonomy":"product_tag","embeddable":true,"href":"https:\/\/spellsofthemoon.ch\/de\/wp-json\/wp\/v2\/product_tag?post=5700"}],"curies":[{"name":"wp","href":"https:\/\/api.w.org\/{rel}","templated":true}]}}