{"id":5691,"date":"2023-01-18T22:57:19","date_gmt":"2023-01-18T21:57:19","guid":{"rendered":"https:\/\/spellsofthemoon.ch\/?post_type=product&#038;p=5691"},"modified":"2023-02-06T23:47:02","modified_gmt":"2023-02-06T22:47:02","slug":"blue-chalcedony-bracelet","status":"publish","type":"product","link":"https:\/\/spellsofthemoon.ch\/de\/produkt\/blue-chalcedony-bracelet\/","title":{"rendered":"Armband aus blauem Chalcedon"},"content":{"rendered":"<p><strong>Blauer Chalcedon:<\/strong><\/p>\n<p>Blauer Chalcedon hilft Ihnen nicht nur zuzuh\u00f6ren und zu verstehen, sondern auch klar, verst\u00e4ndlich und \u00fcberzeugend zu sprechen. Er ist der Stein der Diplomaten und derer, die viel reden m\u00fcssen.<br \/>\nSie f\u00f6rdert den freudvollen Umgang mit anderen, hilft, neue Situationen und Ideen widerspruchsfrei anzunehmen, ohne sich selbst zu verlieren, und die wahren Beweggr\u00fcnde f\u00fcr das eigene Handeln zu kennen und zu ver\u00e4ndern.<br \/>\nKinder mit Sprachfehlern und Mickys k\u00f6nnen blauen Chalcedon tragen.<br \/>\nUnter das Kopfkissen gelegt, sch\u00fctzt es vor Schlafst\u00f6rungen und Albtr\u00e4umen. S\u00e4nger sollten es tragen, um die Stimmb\u00e4nder nicht zu \u00fcberanstrengen.<\/p>\n<p>Wer braucht Chalcedon am meisten?<\/p>\n<ul>\n<li>Alle, deren Beruf Kommunikation und Vermittlung umfasst (Lehrer, Dozenten, Journalisten, Psychologen usw.);<\/li>\n<li>Diejenigen, die Kommunikationsprobleme haben;<\/li>\n<li>Geeignet zum Tragen vor Pr\u00fcfungen, da es Ihnen hilft, nicht gestresst zu sein und Aufgaben gelassen zu l\u00f6sen;<\/li>\n<li>F\u00fcr Mimiker, die Menschenmassen und Publikum scheuen und sich von ihren geistigen F\u00e4higkeiten oder ihrem Wissen nicht beeindrucken lassen;<\/li>\n<li>Frauen haben Angst vor der Geburt und stillende M\u00fctter.<\/li>\n<\/ul>","protected":false},"excerpt":{"rendered":"<p>Das Armband aus den blauen Chalcedon-Steinen mit dem silberfarbenen Einsatz zwischen den Perlen<\/p>","protected":false},"featured_media":4368,"comment_status":"open","ping_status":"closed","template":"","meta":[],"product_brand":[],"product_cat":[105],"product_tag":[195],"class_list":{"0":"post-5691","1":"product","2":"type-product","3":"status-publish","4":"has-post-thumbnail","6":"product_cat-bracelets","7":"product_tag-blue-chalcedony","8":"pa_gemstone-blue-chalcedony","10":"first","11":"instock","12":"taxable","13":"shipping-taxable","14":"purchasable","15":"product-type-variable","16":"has-default-attributes"},"yoast_head":"<!-- This site is optimized with the Yoast SEO plugin v26.1.1 - https:\/\/yoast.com\/wordpress\/plugins\/seo\/ -->\n<title>Blue Chalcedony Bracelet - spellsofthemoon<\/title>\n<meta name=\"description\" content=\"The bracelet is made from the Blue Chalcedony stones with the cylindric or round silver colour spacer\/insert as a crystal separator.\" \/>\n<meta name=\"robots\" content=\"index, follow, max-snippet:-1, max-image-preview:large, max-video-preview:-1\" \/>\n<link rel=\"canonical\" href=\"https:\/\/spellsofthemoon.ch\/de\/produkt\/blue-chalcedony-bracelet\/\" \/>\n<meta property=\"og:locale\" content=\"de_DE\" \/>\n<meta property=\"og:type\" content=\"article\" \/>\n<meta property=\"og:title\" content=\"Blue Chalcedony Bracelet - spellsofthemoon\" \/>\n<meta property=\"og:description\" content=\"The bracelet is made from the Blue Chalcedony stones with the cylindric or round silver colour spacer\/insert as a crystal separator.\" \/>\n<meta property=\"og:url\" content=\"https:\/\/spellsofthemoon.ch\/de\/produkt\/blue-chalcedony-bracelet\/\" \/>\n<meta property=\"og:site_name\" content=\"spellsofthemoon\" \/>\n<meta property=\"article:modified_time\" content=\"2023-02-06T22:47:02+00:00\" \/>\n<meta property=\"og:image\" content=\"https:\/\/spellsofthemoon.ch\/wp-content\/uploads\/2022\/10\/Chalcedony-blue.jpg\" \/>\n\t<meta property=\"og:image:width\" content=\"1200\" \/>\n\t<meta property=\"og:image:height\" content=\"1440\" \/>\n\t<meta property=\"og:image:type\" content=\"image\/jpeg\" \/>\n<meta name=\"twitter:card\" content=\"summary_large_image\" \/>\n<meta name=\"twitter:label1\" content=\"Gesch\u00e4tzte Lesezeit\" \/>\n\t<meta name=\"twitter:data1\" content=\"1\u00a0Minute\" \/>\n<script type=\"application\/ld+json\" class=\"yoast-schema-graph\">{\"@context\":\"https:\/\/schema.org\",\"@graph\":[{\"@type\":\"WebPage\",\"@id\":\"https:\/\/spellsofthemoon.ch\/product\/blue-chalcedony-bracelet\/\",\"url\":\"https:\/\/spellsofthemoon.ch\/product\/blue-chalcedony-bracelet\/\",\"name\":\"Blue Chalcedony Bracelet - spellsofthemoon\",\"isPartOf\":{\"@id\":\"https:\/\/spellsofthemoon.ch\/#website\"},\"primaryImageOfPage\":{\"@id\":\"https:\/\/spellsofthemoon.ch\/product\/blue-chalcedony-bracelet\/#primaryimage\"},\"image\":{\"@id\":\"https:\/\/spellsofthemoon.ch\/product\/blue-chalcedony-bracelet\/#primaryimage\"},\"thumbnailUrl\":\"https:\/\/spellsofthemoon.ch\/wp-content\/uploads\/2022\/10\/Chalcedony-blue.jpg\",\"datePublished\":\"2023-01-18T21:57:19+00:00\",\"dateModified\":\"2023-02-06T22:47:02+00:00\",\"description\":\"The bracelet is made from the Blue Chalcedony stones with the cylindric or round silver colour spacer\/insert as a crystal separator.\",\"breadcrumb\":{\"@id\":\"https:\/\/spellsofthemoon.ch\/product\/blue-chalcedony-bracelet\/#breadcrumb\"},\"inLanguage\":\"de-CH\",\"potentialAction\":[{\"@type\":\"ReadAction\",\"target\":[\"https:\/\/spellsofthemoon.ch\/product\/blue-chalcedony-bracelet\/\"]}]},{\"@type\":\"ImageObject\",\"inLanguage\":\"de-CH\",\"@id\":\"https:\/\/spellsofthemoon.ch\/product\/blue-chalcedony-bracelet\/#primaryimage\",\"url\":\"https:\/\/spellsofthemoon.ch\/wp-content\/uploads\/2022\/10\/Chalcedony-blue.jpg\",\"contentUrl\":\"https:\/\/spellsofthemoon.ch\/wp-content\/uploads\/2022\/10\/Chalcedony-blue.jpg\",\"width\":1200,\"height\":1440,\"caption\":\"Chalcedony blue Bracelet\"},{\"@type\":\"BreadcrumbList\",\"@id\":\"https:\/\/spellsofthemoon.ch\/product\/blue-chalcedony-bracelet\/#breadcrumb\",\"itemListElement\":[{\"@type\":\"ListItem\",\"position\":1,\"name\":\"Home\",\"item\":\"https:\/\/spellsofthemoon.ch\/\"},{\"@type\":\"ListItem\",\"position\":2,\"name\":\"Shop\",\"item\":\"https:\/\/spellsofthemoon.ch\/shop\/\"},{\"@type\":\"ListItem\",\"position\":3,\"name\":\"Blue Chalcedony Bracelet\"}]},{\"@type\":\"WebSite\",\"@id\":\"https:\/\/spellsofthemoon.ch\/#website\",\"url\":\"https:\/\/spellsofthemoon.ch\/\",\"name\":\"spellsofthemoon\",\"description\":\"Precious stones, bracelets from gemstones, hand made candles, home decor\",\"potentialAction\":[{\"@type\":\"SearchAction\",\"target\":{\"@type\":\"EntryPoint\",\"urlTemplate\":\"https:\/\/spellsofthemoon.ch\/?s={search_term_string}\"},\"query-input\":{\"@type\":\"PropertyValueSpecification\",\"valueRequired\":true,\"valueName\":\"search_term_string\"}}],\"inLanguage\":\"de-CH\"}]}<\/script>\n<!-- \/ Yoast SEO plugin. -->","yoast_head_json":{"title":"Blue Chalcedony Bracelet - spellsofthemoon","description":"The bracelet is made from the Blue Chalcedony stones with the cylindric or round silver colour spacer\/insert as a crystal separator.","robots":{"index":"index","follow":"follow","max-snippet":"max-snippet:-1","max-image-preview":"max-image-preview:large","max-video-preview":"max-video-preview:-1"},"canonical":"https:\/\/spellsofthemoon.ch\/de\/produkt\/blue-chalcedony-bracelet\/","og_locale":"de_DE","og_type":"article","og_title":"Blue Chalcedony Bracelet - spellsofthemoon","og_description":"The bracelet is made from the Blue Chalcedony stones with the cylindric or round silver colour spacer\/insert as a crystal separator.","og_url":"https:\/\/spellsofthemoon.ch\/de\/produkt\/blue-chalcedony-bracelet\/","og_site_name":"spellsofthemoon","article_modified_time":"2023-02-06T22:47:02+00:00","og_image":[{"width":1200,"height":1440,"url":"https:\/\/spellsofthemoon.ch\/wp-content\/uploads\/2022\/10\/Chalcedony-blue.jpg","type":"image\/jpeg"}],"twitter_card":"summary_large_image","twitter_misc":{"Gesch\u00e4tzte Lesezeit":"1\u00a0Minute"},"schema":{"@context":"https:\/\/schema.org","@graph":[{"@type":"WebPage","@id":"https:\/\/spellsofthemoon.ch\/product\/blue-chalcedony-bracelet\/","url":"https:\/\/spellsofthemoon.ch\/product\/blue-chalcedony-bracelet\/","name":"Blue Chalcedony Bracelet - spellsofthemoon","isPartOf":{"@id":"https:\/\/spellsofthemoon.ch\/#website"},"primaryImageOfPage":{"@id":"https:\/\/spellsofthemoon.ch\/product\/blue-chalcedony-bracelet\/#primaryimage"},"image":{"@id":"https:\/\/spellsofthemoon.ch\/product\/blue-chalcedony-bracelet\/#primaryimage"},"thumbnailUrl":"https:\/\/spellsofthemoon.ch\/wp-content\/uploads\/2022\/10\/Chalcedony-blue.jpg","datePublished":"2023-01-18T21:57:19+00:00","dateModified":"2023-02-06T22:47:02+00:00","description":"The bracelet is made from the Blue Chalcedony stones with the cylindric or round silver colour spacer\/insert as a crystal separator.","breadcrumb":{"@id":"https:\/\/spellsofthemoon.ch\/product\/blue-chalcedony-bracelet\/#breadcrumb"},"inLanguage":"de-CH","potentialAction":[{"@type":"ReadAction","target":["https:\/\/spellsofthemoon.ch\/product\/blue-chalcedony-bracelet\/"]}]},{"@type":"ImageObject","inLanguage":"de-CH","@id":"https:\/\/spellsofthemoon.ch\/product\/blue-chalcedony-bracelet\/#primaryimage","url":"https:\/\/spellsofthemoon.ch\/wp-content\/uploads\/2022\/10\/Chalcedony-blue.jpg","contentUrl":"https:\/\/spellsofthemoon.ch\/wp-content\/uploads\/2022\/10\/Chalcedony-blue.jpg","width":1200,"height":1440,"caption":"Chalcedony blue Bracelet"},{"@type":"BreadcrumbList","@id":"https:\/\/spellsofthemoon.ch\/product\/blue-chalcedony-bracelet\/#breadcrumb","itemListElement":[{"@type":"ListItem","position":1,"name":"Home","item":"https:\/\/spellsofthemoon.ch\/"},{"@type":"ListItem","position":2,"name":"Shop","item":"https:\/\/spellsofthemoon.ch\/shop\/"},{"@type":"ListItem","position":3,"name":"Blue Chalcedony Bracelet"}]},{"@type":"WebSite","@id":"https:\/\/spellsofthemoon.ch\/#website","url":"https:\/\/spellsofthemoon.ch\/","name":"Zauber des Mondes","description":"Edelsteine, Armb\u00e4nder aus Edelsteinen, handgefertigte Kerzen, Wohnkultur","potentialAction":[{"@type":"SearchAction","target":{"@type":"EntryPoint","urlTemplate":"https:\/\/spellsofthemoon.ch\/?s={search_term_string}"},"query-input":{"@type":"PropertyValueSpecification","valueRequired":true,"valueName":"search_term_string"}}],"inLanguage":"de-CH"}]}},"_links":{"self":[{"href":"https:\/\/spellsofthemoon.ch\/de\/wp-json\/wp\/v2\/product\/5691","targetHints":{"allow":["GET"]}}],"collection":[{"href":"https:\/\/spellsofthemoon.ch\/de\/wp-json\/wp\/v2\/product"}],"about":[{"href":"https:\/\/spellsofthemoon.ch\/de\/wp-json\/wp\/v2\/types\/product"}],"replies":[{"embeddable":true,"href":"https:\/\/spellsofthemoon.ch\/de\/wp-json\/wp\/v2\/comments?post=5691"}],"wp:featuredmedia":[{"embeddable":true,"href":"https:\/\/spellsofthemoon.ch\/de\/wp-json\/wp\/v2\/media\/4368"}],"wp:attachment":[{"href":"https:\/\/spellsofthemoon.ch\/de\/wp-json\/wp\/v2\/media?parent=5691"}],"wp:term":[{"taxonomy":"product_brand","embeddable":true,"href":"https:\/\/spellsofthemoon.ch\/de\/wp-json\/wp\/v2\/product_brand?post=5691"},{"taxonomy":"product_cat","embeddable":true,"href":"https:\/\/spellsofthemoon.ch\/de\/wp-json\/wp\/v2\/product_cat?post=5691"},{"taxonomy":"product_tag","embeddable":true,"href":"https:\/\/spellsofthemoon.ch\/de\/wp-json\/wp\/v2\/product_tag?post=5691"}],"curies":[{"name":"wp","href":"https:\/\/api.w.org\/{rel}","templated":true}]}}