{"id":5673,"date":"2023-01-18T22:57:17","date_gmt":"2023-01-18T21:57:17","guid":{"rendered":"https:\/\/spellsofthemoon.ch\/?post_type=product&#038;p=5673"},"modified":"2023-02-01T23:13:34","modified_gmt":"2023-02-01T22:13:34","slug":"fluorite-bracelet","status":"publish","type":"product","link":"https:\/\/spellsofthemoon.ch\/de\/produkt\/fluorite-bracelet\/","title":{"rendered":"Fluorit-Armband"},"content":{"rendered":"<p><strong>Fluorit:<\/strong><\/p>\n<p>\u2013 Einer der st\u00e4rksten Steine des neuen Zeitalters, der hilft, Formen des H\u00f6heren Bewusstseins in den materiellen Raum zu integrieren;<br \/>\n\u2013 Hilft beim \u00dcbergang vom Chaos zum Frieden;<br \/>\n\u2013 Bes\u00e4nftigt \u00dcbersorgen, Vorurteile;<br \/>\n\u2013 F\u00f6rdert absolute Konzentration;<br \/>\n\u2013 Hilft beim Sortieren und Organisieren der erhaltenen Informationen;<br \/>\n\u2013 Hilft, begrenztes Denken und Eigensinn loszuwerden;<br \/>\n\u2013 Stabilisiert Emotionen, gibt Selbstvertrauen. <\/p>\n<p>Warum brauche ich Fluorit?<\/p>\n<ul>\n<li>Jeder, dessen Leben intensiv ist, sowohl k\u00f6rperlich als auch geistig.<\/li>\n<li>Jeder, dessen Verstand das wichtigste \u201eArbeitswerkzeug\u201c ist. Sch\u00fcler, Studenten, Wissenschaftler etc.<\/li>\n<li>Geeignet f\u00fcr Entdecker und Experimentierfreudige.<\/li>\n<li>F\u00fcr diejenigen, die sich abgelenkt f\u00fchlen.<\/li>\n<li>F\u00fcr diejenigen, die einen \u201esauberen\u201c Tag f\u00fcr ihren Geist machen wollen, um die notwendigen Informationen zu behalten und die unn\u00f6tigen zu l\u00f6schen.<\/li>\n<\/ul>","protected":false},"excerpt":{"rendered":"<p>Das Armband aus den violetten und gr\u00fcnlichen Fluoritsteinen mit dem goldfarbenen Einsatz zwischen den Perlen<\/p>","protected":false},"featured_media":4352,"comment_status":"open","ping_status":"closed","template":"","meta":[],"product_brand":[],"product_cat":[105],"product_tag":[176],"class_list":{"0":"post-5673","1":"product","2":"type-product","3":"status-publish","4":"has-post-thumbnail","6":"product_cat-bracelets","7":"product_tag-fluorite","8":"pa_gemstone-fluorite","10":"first","11":"instock","12":"taxable","13":"shipping-taxable","14":"purchasable","15":"product-type-variable","16":"has-default-attributes"},"yoast_head":"<!-- This site is optimized with the Yoast SEO plugin v26.1.1 - https:\/\/yoast.com\/wordpress\/plugins\/seo\/ -->\n<title>Fluorite Bracelet - spellsofthemoon<\/title>\n<meta name=\"description\" content=\"The bracelet is made from th purple and greenish Fluorite stones with the cylindric or round gold colour spacer\/insert as a crystal separator.\" \/>\n<meta name=\"robots\" content=\"index, follow, max-snippet:-1, max-image-preview:large, max-video-preview:-1\" \/>\n<link rel=\"canonical\" href=\"https:\/\/spellsofthemoon.ch\/de\/produkt\/fluorite-bracelet\/\" \/>\n<meta property=\"og:locale\" content=\"de_DE\" \/>\n<meta property=\"og:type\" content=\"article\" \/>\n<meta property=\"og:title\" content=\"Fluorite Bracelet - spellsofthemoon\" \/>\n<meta property=\"og:description\" content=\"The bracelet is made from th purple and greenish Fluorite stones with the cylindric or round gold colour spacer\/insert as a crystal separator.\" \/>\n<meta property=\"og:url\" content=\"https:\/\/spellsofthemoon.ch\/de\/produkt\/fluorite-bracelet\/\" \/>\n<meta property=\"og:site_name\" content=\"spellsofthemoon\" \/>\n<meta property=\"article:modified_time\" content=\"2023-02-01T22:13:34+00:00\" \/>\n<meta name=\"twitter:card\" content=\"summary_large_image\" \/>\n<meta name=\"twitter:label1\" content=\"Gesch\u00e4tzte Lesezeit\" \/>\n\t<meta name=\"twitter:data1\" content=\"1\u00a0Minute\" \/>\n<script type=\"application\/ld+json\" class=\"yoast-schema-graph\">{\"@context\":\"https:\/\/schema.org\",\"@graph\":[{\"@type\":\"WebPage\",\"@id\":\"https:\/\/spellsofthemoon.ch\/product\/fluorite-bracelet\/\",\"url\":\"https:\/\/spellsofthemoon.ch\/product\/fluorite-bracelet\/\",\"name\":\"Fluorite Bracelet - spellsofthemoon\",\"isPartOf\":{\"@id\":\"https:\/\/spellsofthemoon.ch\/#website\"},\"primaryImageOfPage\":{\"@id\":\"https:\/\/spellsofthemoon.ch\/product\/fluorite-bracelet\/#primaryimage\"},\"image\":{\"@id\":\"https:\/\/spellsofthemoon.ch\/product\/fluorite-bracelet\/#primaryimage\"},\"thumbnailUrl\":\"https:\/\/spellsofthemoon.ch\/wp-content\/uploads\/2022\/10\/Fluorite.jpg\",\"datePublished\":\"2023-01-18T21:57:17+00:00\",\"dateModified\":\"2023-02-01T22:13:34+00:00\",\"description\":\"The bracelet is made from th purple and greenish Fluorite stones with the cylindric or round gold colour spacer\/insert as a crystal separator.\",\"breadcrumb\":{\"@id\":\"https:\/\/spellsofthemoon.ch\/product\/fluorite-bracelet\/#breadcrumb\"},\"inLanguage\":\"de-CH\",\"potentialAction\":[{\"@type\":\"ReadAction\",\"target\":[\"https:\/\/spellsofthemoon.ch\/product\/fluorite-bracelet\/\"]}]},{\"@type\":\"ImageObject\",\"inLanguage\":\"de-CH\",\"@id\":\"https:\/\/spellsofthemoon.ch\/product\/fluorite-bracelet\/#primaryimage\",\"url\":\"https:\/\/spellsofthemoon.ch\/wp-content\/uploads\/2022\/10\/Fluorite.jpg\",\"contentUrl\":\"https:\/\/spellsofthemoon.ch\/wp-content\/uploads\/2022\/10\/Fluorite.jpg\",\"width\":1200,\"height\":1440,\"caption\":\"Fluorite Bracelet\"},{\"@type\":\"BreadcrumbList\",\"@id\":\"https:\/\/spellsofthemoon.ch\/product\/fluorite-bracelet\/#breadcrumb\",\"itemListElement\":[{\"@type\":\"ListItem\",\"position\":1,\"name\":\"Home\",\"item\":\"https:\/\/spellsofthemoon.ch\/\"},{\"@type\":\"ListItem\",\"position\":2,\"name\":\"Shop\",\"item\":\"https:\/\/spellsofthemoon.ch\/shop\/\"},{\"@type\":\"ListItem\",\"position\":3,\"name\":\"Fluorite Bracelet\"}]},{\"@type\":\"WebSite\",\"@id\":\"https:\/\/spellsofthemoon.ch\/#website\",\"url\":\"https:\/\/spellsofthemoon.ch\/\",\"name\":\"spellsofthemoon\",\"description\":\"Precious stones, bracelets from gemstones, hand made candles, home decor\",\"potentialAction\":[{\"@type\":\"SearchAction\",\"target\":{\"@type\":\"EntryPoint\",\"urlTemplate\":\"https:\/\/spellsofthemoon.ch\/?s={search_term_string}\"},\"query-input\":{\"@type\":\"PropertyValueSpecification\",\"valueRequired\":true,\"valueName\":\"search_term_string\"}}],\"inLanguage\":\"de-CH\"}]}<\/script>\n<!-- \/ Yoast SEO plugin. -->","yoast_head_json":{"title":"Fluorite Bracelet - spellsofthemoon","description":"The bracelet is made from th purple and greenish Fluorite stones with the cylindric or round gold colour spacer\/insert as a crystal separator.","robots":{"index":"index","follow":"follow","max-snippet":"max-snippet:-1","max-image-preview":"max-image-preview:large","max-video-preview":"max-video-preview:-1"},"canonical":"https:\/\/spellsofthemoon.ch\/de\/produkt\/fluorite-bracelet\/","og_locale":"de_DE","og_type":"article","og_title":"Fluorite Bracelet - spellsofthemoon","og_description":"The bracelet is made from th purple and greenish Fluorite stones with the cylindric or round gold colour spacer\/insert as a crystal separator.","og_url":"https:\/\/spellsofthemoon.ch\/de\/produkt\/fluorite-bracelet\/","og_site_name":"spellsofthemoon","article_modified_time":"2023-02-01T22:13:34+00:00","twitter_card":"summary_large_image","twitter_misc":{"Gesch\u00e4tzte Lesezeit":"1\u00a0Minute"},"schema":{"@context":"https:\/\/schema.org","@graph":[{"@type":"WebPage","@id":"https:\/\/spellsofthemoon.ch\/product\/fluorite-bracelet\/","url":"https:\/\/spellsofthemoon.ch\/product\/fluorite-bracelet\/","name":"Fluorite Bracelet - spellsofthemoon","isPartOf":{"@id":"https:\/\/spellsofthemoon.ch\/#website"},"primaryImageOfPage":{"@id":"https:\/\/spellsofthemoon.ch\/product\/fluorite-bracelet\/#primaryimage"},"image":{"@id":"https:\/\/spellsofthemoon.ch\/product\/fluorite-bracelet\/#primaryimage"},"thumbnailUrl":"https:\/\/spellsofthemoon.ch\/wp-content\/uploads\/2022\/10\/Fluorite.jpg","datePublished":"2023-01-18T21:57:17+00:00","dateModified":"2023-02-01T22:13:34+00:00","description":"The bracelet is made from th purple and greenish Fluorite stones with the cylindric or round gold colour spacer\/insert as a crystal separator.","breadcrumb":{"@id":"https:\/\/spellsofthemoon.ch\/product\/fluorite-bracelet\/#breadcrumb"},"inLanguage":"de-CH","potentialAction":[{"@type":"ReadAction","target":["https:\/\/spellsofthemoon.ch\/product\/fluorite-bracelet\/"]}]},{"@type":"ImageObject","inLanguage":"de-CH","@id":"https:\/\/spellsofthemoon.ch\/product\/fluorite-bracelet\/#primaryimage","url":"https:\/\/spellsofthemoon.ch\/wp-content\/uploads\/2022\/10\/Fluorite.jpg","contentUrl":"https:\/\/spellsofthemoon.ch\/wp-content\/uploads\/2022\/10\/Fluorite.jpg","width":1200,"height":1440,"caption":"Fluorite Bracelet"},{"@type":"BreadcrumbList","@id":"https:\/\/spellsofthemoon.ch\/product\/fluorite-bracelet\/#breadcrumb","itemListElement":[{"@type":"ListItem","position":1,"name":"Home","item":"https:\/\/spellsofthemoon.ch\/"},{"@type":"ListItem","position":2,"name":"Shop","item":"https:\/\/spellsofthemoon.ch\/shop\/"},{"@type":"ListItem","position":3,"name":"Fluorite Bracelet"}]},{"@type":"WebSite","@id":"https:\/\/spellsofthemoon.ch\/#website","url":"https:\/\/spellsofthemoon.ch\/","name":"Zauber des Mondes","description":"Edelsteine, Armb\u00e4nder aus Edelsteinen, handgefertigte Kerzen, Wohnkultur","potentialAction":[{"@type":"SearchAction","target":{"@type":"EntryPoint","urlTemplate":"https:\/\/spellsofthemoon.ch\/?s={search_term_string}"},"query-input":{"@type":"PropertyValueSpecification","valueRequired":true,"valueName":"search_term_string"}}],"inLanguage":"de-CH"}]}},"_links":{"self":[{"href":"https:\/\/spellsofthemoon.ch\/de\/wp-json\/wp\/v2\/product\/5673","targetHints":{"allow":["GET"]}}],"collection":[{"href":"https:\/\/spellsofthemoon.ch\/de\/wp-json\/wp\/v2\/product"}],"about":[{"href":"https:\/\/spellsofthemoon.ch\/de\/wp-json\/wp\/v2\/types\/product"}],"replies":[{"embeddable":true,"href":"https:\/\/spellsofthemoon.ch\/de\/wp-json\/wp\/v2\/comments?post=5673"}],"wp:featuredmedia":[{"embeddable":true,"href":"https:\/\/spellsofthemoon.ch\/de\/wp-json\/wp\/v2\/media\/4352"}],"wp:attachment":[{"href":"https:\/\/spellsofthemoon.ch\/de\/wp-json\/wp\/v2\/media?parent=5673"}],"wp:term":[{"taxonomy":"product_brand","embeddable":true,"href":"https:\/\/spellsofthemoon.ch\/de\/wp-json\/wp\/v2\/product_brand?post=5673"},{"taxonomy":"product_cat","embeddable":true,"href":"https:\/\/spellsofthemoon.ch\/de\/wp-json\/wp\/v2\/product_cat?post=5673"},{"taxonomy":"product_tag","embeddable":true,"href":"https:\/\/spellsofthemoon.ch\/de\/wp-json\/wp\/v2\/product_tag?post=5673"}],"curies":[{"name":"wp","href":"https:\/\/api.w.org\/{rel}","templated":true}]}}