{"id":5664,"date":"2023-01-18T22:57:12","date_gmt":"2023-01-18T21:57:12","guid":{"rendered":"https:\/\/spellsofthemoon.ch\/?post_type=product&#038;p=5664"},"modified":"2023-02-01T23:13:34","modified_gmt":"2023-02-01T22:13:34","slug":"lepidolite-bracelet","status":"publish","type":"product","link":"https:\/\/spellsofthemoon.ch\/de\/produkt\/lepidolite-bracelet\/","title":{"rendered":"Lepidolith-Armband"},"content":{"rendered":"<p>Lepidolith eignet sich sehr gut f\u00fcr den \u00dcbergang, da es hilft, mit alten psychischen Problemen, Verhaltensmustern und Umgangsformen umzugehen, und Ver\u00e4nderungen und Vielfalt f\u00f6rdert. Es f\u00f6rdert die Eigenst\u00e4ndigkeit, Unabh\u00e4ngigkeit und hilft, ein Ziel ohne Hilfe von au\u00dfen zu erreichen. <\/p>\n<p>Eine Lepidolith-Druse oder -Platte, die vor einem Computer oder Fernseher platziert wird, ist sehr n\u00fctzlich, da sie die von diesen Ger\u00e4ten emittierten elektromagnetischen Wellen absorbiert. <\/p>\n<p>Lepidolith stimuliert den Intellekt und die analytischen F\u00e4higkeiten und hilft, objektive Kraft und Konzentration zu erreichen. Es lehrt Sie, schnelle Entscheidungen zu treffen und sich auf das Wichtigste zu konzentrieren, \u00e4u\u00dfere Ablenkungen auszusieben und Autorit\u00e4t und Einfluss auf nat\u00fcrliche Weise zu st\u00e4rken.<br \/>\nEs ist sehr sanft und gut darin, tiefe Emotionen zu heilen, emotionalen Stress abzubauen, unbekannte \u00c4ngste loszulassen und den Schlaf zu erleichtern, besonders wenn Albtr\u00e4ume plagen. <\/p>\n<p>Lepidolith hilft uns, uns bewusster zu werden, wer wir sind und was unsere wahren W\u00fcnsche sind. Es hilft uns, n\u00fcchtern zu reflektieren und zu sehen, wie wir nachhaltiges Gl\u00fcck schaffen k\u00f6nnen und all die M\u00f6glichkeiten, die sich daraus ergeben.\u00a0<\/p>","protected":false},"excerpt":{"rendered":"<p>Das Armband aus den dunkelvioletten Lepidolith-Steinen mit dem silberfarbenen Einsatz zwischen den Perlen<\/p>","protected":false},"featured_media":4344,"comment_status":"open","ping_status":"closed","template":"","meta":[],"product_brand":[],"product_cat":[105],"product_tag":[175],"class_list":{"0":"post-5664","1":"product","2":"type-product","3":"status-publish","4":"has-post-thumbnail","6":"product_cat-bracelets","7":"product_tag-lepidolite","8":"pa_gemstone-lepidolite","10":"first","11":"instock","12":"taxable","13":"shipping-taxable","14":"purchasable","15":"product-type-variable","16":"has-default-attributes"},"yoast_head":"<!-- This site is optimized with the Yoast SEO plugin v26.1.1 - https:\/\/yoast.com\/wordpress\/plugins\/seo\/ -->\n<title>Lepidolite Bracelet - spellsofthemoon<\/title>\n<meta name=\"description\" content=\"The bracelet is made from the dark purple Lepidolite stones with the cylindric or round silver colour spacer\/insert as a crystal separator.\" \/>\n<meta name=\"robots\" content=\"index, follow, max-snippet:-1, max-image-preview:large, max-video-preview:-1\" \/>\n<link rel=\"canonical\" href=\"https:\/\/spellsofthemoon.ch\/de\/produkt\/lepidolite-bracelet\/\" \/>\n<meta property=\"og:locale\" content=\"de_DE\" \/>\n<meta property=\"og:type\" content=\"article\" \/>\n<meta property=\"og:title\" content=\"Lepidolite Bracelet - spellsofthemoon\" \/>\n<meta property=\"og:description\" content=\"The bracelet is made from the dark purple Lepidolite stones with the cylindric or round silver colour spacer\/insert as a crystal separator.\" \/>\n<meta property=\"og:url\" content=\"https:\/\/spellsofthemoon.ch\/de\/produkt\/lepidolite-bracelet\/\" \/>\n<meta property=\"og:site_name\" content=\"spellsofthemoon\" \/>\n<meta property=\"article:modified_time\" content=\"2023-02-01T22:13:34+00:00\" \/>\n<meta name=\"twitter:card\" content=\"summary_large_image\" \/>\n<meta name=\"twitter:label1\" content=\"Gesch\u00e4tzte Lesezeit\" \/>\n\t<meta name=\"twitter:data1\" content=\"1\u00a0Minute\" \/>\n<script type=\"application\/ld+json\" class=\"yoast-schema-graph\">{\"@context\":\"https:\/\/schema.org\",\"@graph\":[{\"@type\":\"WebPage\",\"@id\":\"https:\/\/spellsofthemoon.ch\/product\/lepidolite-bracelet\/\",\"url\":\"https:\/\/spellsofthemoon.ch\/product\/lepidolite-bracelet\/\",\"name\":\"Lepidolite Bracelet - spellsofthemoon\",\"isPartOf\":{\"@id\":\"https:\/\/spellsofthemoon.ch\/#website\"},\"primaryImageOfPage\":{\"@id\":\"https:\/\/spellsofthemoon.ch\/product\/lepidolite-bracelet\/#primaryimage\"},\"image\":{\"@id\":\"https:\/\/spellsofthemoon.ch\/product\/lepidolite-bracelet\/#primaryimage\"},\"thumbnailUrl\":\"https:\/\/spellsofthemoon.ch\/wp-content\/uploads\/2022\/10\/Lepidolite-Dune-Tones.jpg\",\"datePublished\":\"2023-01-18T21:57:12+00:00\",\"dateModified\":\"2023-02-01T22:13:34+00:00\",\"description\":\"The bracelet is made from the dark purple Lepidolite stones with the cylindric or round silver colour spacer\/insert as a crystal separator.\",\"breadcrumb\":{\"@id\":\"https:\/\/spellsofthemoon.ch\/product\/lepidolite-bracelet\/#breadcrumb\"},\"inLanguage\":\"de-CH\",\"potentialAction\":[{\"@type\":\"ReadAction\",\"target\":[\"https:\/\/spellsofthemoon.ch\/product\/lepidolite-bracelet\/\"]}]},{\"@type\":\"ImageObject\",\"inLanguage\":\"de-CH\",\"@id\":\"https:\/\/spellsofthemoon.ch\/product\/lepidolite-bracelet\/#primaryimage\",\"url\":\"https:\/\/spellsofthemoon.ch\/wp-content\/uploads\/2022\/10\/Lepidolite-Dune-Tones.jpg\",\"contentUrl\":\"https:\/\/spellsofthemoon.ch\/wp-content\/uploads\/2022\/10\/Lepidolite-Dune-Tones.jpg\",\"width\":1200,\"height\":1440,\"caption\":\"Lepidolite Bracelet\"},{\"@type\":\"BreadcrumbList\",\"@id\":\"https:\/\/spellsofthemoon.ch\/product\/lepidolite-bracelet\/#breadcrumb\",\"itemListElement\":[{\"@type\":\"ListItem\",\"position\":1,\"name\":\"Home\",\"item\":\"https:\/\/spellsofthemoon.ch\/\"},{\"@type\":\"ListItem\",\"position\":2,\"name\":\"Shop\",\"item\":\"https:\/\/spellsofthemoon.ch\/shop\/\"},{\"@type\":\"ListItem\",\"position\":3,\"name\":\"Lepidolite Bracelet\"}]},{\"@type\":\"WebSite\",\"@id\":\"https:\/\/spellsofthemoon.ch\/#website\",\"url\":\"https:\/\/spellsofthemoon.ch\/\",\"name\":\"spellsofthemoon\",\"description\":\"Precious stones, bracelets from gemstones, hand made candles, home decor\",\"potentialAction\":[{\"@type\":\"SearchAction\",\"target\":{\"@type\":\"EntryPoint\",\"urlTemplate\":\"https:\/\/spellsofthemoon.ch\/?s={search_term_string}\"},\"query-input\":{\"@type\":\"PropertyValueSpecification\",\"valueRequired\":true,\"valueName\":\"search_term_string\"}}],\"inLanguage\":\"de-CH\"}]}<\/script>\n<!-- \/ Yoast SEO plugin. -->","yoast_head_json":{"title":"Lepidolite Bracelet - spellsofthemoon","description":"The bracelet is made from the dark purple Lepidolite stones with the cylindric or round silver colour spacer\/insert as a crystal separator.","robots":{"index":"index","follow":"follow","max-snippet":"max-snippet:-1","max-image-preview":"max-image-preview:large","max-video-preview":"max-video-preview:-1"},"canonical":"https:\/\/spellsofthemoon.ch\/de\/produkt\/lepidolite-bracelet\/","og_locale":"de_DE","og_type":"article","og_title":"Lepidolite Bracelet - spellsofthemoon","og_description":"The bracelet is made from the dark purple Lepidolite stones with the cylindric or round silver colour spacer\/insert as a crystal separator.","og_url":"https:\/\/spellsofthemoon.ch\/de\/produkt\/lepidolite-bracelet\/","og_site_name":"spellsofthemoon","article_modified_time":"2023-02-01T22:13:34+00:00","twitter_card":"summary_large_image","twitter_misc":{"Gesch\u00e4tzte Lesezeit":"1\u00a0Minute"},"schema":{"@context":"https:\/\/schema.org","@graph":[{"@type":"WebPage","@id":"https:\/\/spellsofthemoon.ch\/product\/lepidolite-bracelet\/","url":"https:\/\/spellsofthemoon.ch\/product\/lepidolite-bracelet\/","name":"Lepidolite Bracelet - spellsofthemoon","isPartOf":{"@id":"https:\/\/spellsofthemoon.ch\/#website"},"primaryImageOfPage":{"@id":"https:\/\/spellsofthemoon.ch\/product\/lepidolite-bracelet\/#primaryimage"},"image":{"@id":"https:\/\/spellsofthemoon.ch\/product\/lepidolite-bracelet\/#primaryimage"},"thumbnailUrl":"https:\/\/spellsofthemoon.ch\/wp-content\/uploads\/2022\/10\/Lepidolite-Dune-Tones.jpg","datePublished":"2023-01-18T21:57:12+00:00","dateModified":"2023-02-01T22:13:34+00:00","description":"The bracelet is made from the dark purple Lepidolite stones with the cylindric or round silver colour spacer\/insert as a crystal separator.","breadcrumb":{"@id":"https:\/\/spellsofthemoon.ch\/product\/lepidolite-bracelet\/#breadcrumb"},"inLanguage":"de-CH","potentialAction":[{"@type":"ReadAction","target":["https:\/\/spellsofthemoon.ch\/product\/lepidolite-bracelet\/"]}]},{"@type":"ImageObject","inLanguage":"de-CH","@id":"https:\/\/spellsofthemoon.ch\/product\/lepidolite-bracelet\/#primaryimage","url":"https:\/\/spellsofthemoon.ch\/wp-content\/uploads\/2022\/10\/Lepidolite-Dune-Tones.jpg","contentUrl":"https:\/\/spellsofthemoon.ch\/wp-content\/uploads\/2022\/10\/Lepidolite-Dune-Tones.jpg","width":1200,"height":1440,"caption":"Lepidolite Bracelet"},{"@type":"BreadcrumbList","@id":"https:\/\/spellsofthemoon.ch\/product\/lepidolite-bracelet\/#breadcrumb","itemListElement":[{"@type":"ListItem","position":1,"name":"Home","item":"https:\/\/spellsofthemoon.ch\/"},{"@type":"ListItem","position":2,"name":"Shop","item":"https:\/\/spellsofthemoon.ch\/shop\/"},{"@type":"ListItem","position":3,"name":"Lepidolite Bracelet"}]},{"@type":"WebSite","@id":"https:\/\/spellsofthemoon.ch\/#website","url":"https:\/\/spellsofthemoon.ch\/","name":"Zauber des Mondes","description":"Edelsteine, Armb\u00e4nder aus Edelsteinen, handgefertigte Kerzen, Wohnkultur","potentialAction":[{"@type":"SearchAction","target":{"@type":"EntryPoint","urlTemplate":"https:\/\/spellsofthemoon.ch\/?s={search_term_string}"},"query-input":{"@type":"PropertyValueSpecification","valueRequired":true,"valueName":"search_term_string"}}],"inLanguage":"de-CH"}]}},"_links":{"self":[{"href":"https:\/\/spellsofthemoon.ch\/de\/wp-json\/wp\/v2\/product\/5664","targetHints":{"allow":["GET"]}}],"collection":[{"href":"https:\/\/spellsofthemoon.ch\/de\/wp-json\/wp\/v2\/product"}],"about":[{"href":"https:\/\/spellsofthemoon.ch\/de\/wp-json\/wp\/v2\/types\/product"}],"replies":[{"embeddable":true,"href":"https:\/\/spellsofthemoon.ch\/de\/wp-json\/wp\/v2\/comments?post=5664"}],"wp:featuredmedia":[{"embeddable":true,"href":"https:\/\/spellsofthemoon.ch\/de\/wp-json\/wp\/v2\/media\/4344"}],"wp:attachment":[{"href":"https:\/\/spellsofthemoon.ch\/de\/wp-json\/wp\/v2\/media?parent=5664"}],"wp:term":[{"taxonomy":"product_brand","embeddable":true,"href":"https:\/\/spellsofthemoon.ch\/de\/wp-json\/wp\/v2\/product_brand?post=5664"},{"taxonomy":"product_cat","embeddable":true,"href":"https:\/\/spellsofthemoon.ch\/de\/wp-json\/wp\/v2\/product_cat?post=5664"},{"taxonomy":"product_tag","embeddable":true,"href":"https:\/\/spellsofthemoon.ch\/de\/wp-json\/wp\/v2\/product_tag?post=5664"}],"curies":[{"name":"wp","href":"https:\/\/api.w.org\/{rel}","templated":true}]}}