{"id":5646,"date":"2023-01-18T22:57:10","date_gmt":"2023-01-18T21:57:10","guid":{"rendered":"https:\/\/spellsofthemoon.ch\/?post_type=product&#038;p=5646"},"modified":"2023-02-01T23:13:32","modified_gmt":"2023-02-01T22:13:32","slug":"hawks-eye-bracelet","status":"publish","type":"product","link":"https:\/\/spellsofthemoon.ch\/de\/produkt\/hawks-eye-bracelet\/","title":{"rendered":"Hawks Eye Armband"},"content":{"rendered":"<p>Das Falkenauge ermutigt Sie, Kurzsichtigkeit loszuwerden, sich an zuk\u00fcnftige Trends anzupassen und originelle L\u00f6sungen zu finden. Das Falkenauge erm\u00f6glicht es Ihnen, das gro\u00dfe Ganze zu sehen, sich nicht an den Details festzuhalten, die Dinge leichter und einfacher zu sehen. <\/p>\n<p>Es erleichtert einem Menschen, sich selbst zu verstehen: Er sieht sein klares Ziel, versteht, wohin ihn die Herausforderungen des Lebens f\u00fchren.<\/p>\n<p>Das Falkenauge sch\u00fctzt nicht nur den Besitzer, sondern auch seine Familie und sein Zuhause. Das Falkenauge f\u00f6rdert die Selbsterkenntnis, das Wissen um die eigenen Schw\u00e4chen und die Toleranz gegen\u00fcber anderen. Es ist ein Stein der Gelassenheit, Harmonie, Unterscheidungskraft und einer weiten Vision, die einen Menschen sch\u00fctzt und ihm das Sehen erm\u00f6glicht<br \/>\nDinge in einer breiteren Perspektive.<\/p>\n<p>Es f\u00f6rdert die geistige Klarheit und hilft uns, Probleme sachlich und ungetr\u00fcbt von Emotionen anzugehen.<\/p>\n<p>Es ist besonders n\u00fctzlich bei der Behandlung von psychosomatischen Erkrankungen und hilft, Angst und Angst zu zerstreuen.<\/p>\n<p>Es ist n\u00fctzlich, um die eigenen Bed\u00fcrfnisse zu erkennen und die Bed\u00fcrfnisse anderer zu unterscheiden.<\/p>\n<p>Gleicht Yin-Yang-Energien aus und energetisiert den emotionalen K\u00f6rper. Das Falkenauge stabilisiert Stimmungsschwankungen, gibt uns Willenskraft, Zielstrebigkeit, Mut und Selbstvertrauen und befreit uns von Anspannung. <\/p>","protected":false},"excerpt":{"rendered":"<p>Die Araber trugen das Falkenauge, um die Kr\u00e4fte des Geistes zu st\u00e4rken, die Indianer, um Wachsamkeit und Wachsamkeit zu wecken. Hawk&#039;s Eye ist ein starker W\u00e4chter, der nicht nur seinem Meister, sondern auch seiner Familie nach Hause hilft. Es sch\u00fctzt vor schlechten Einfl\u00fcssen, w\u00fctenden und eifers\u00fcchtigen Menschen, Intrigen, L\u00fcgen. Falkenauge hilft, die Welt wie aus dem Flug eines hochfliegenden Vogels zu sehen, gibt Klarheit und Ausdauer, bringt Klarheit und Verst\u00e4ndnis f\u00fcr Ereignisse in der Umgebung.<\/p>","protected":false},"featured_media":4328,"comment_status":"open","ping_status":"closed","template":"","meta":[],"product_brand":[],"product_cat":[105],"product_tag":[129],"class_list":{"0":"post-5646","1":"product","2":"type-product","3":"status-publish","4":"has-post-thumbnail","6":"product_cat-bracelets","7":"product_tag-hawks-eye","8":"pa_gemstone-hawks-eye","10":"first","11":"instock","12":"featured","13":"taxable","14":"shipping-taxable","15":"purchasable","16":"product-type-variable","17":"has-default-attributes"},"yoast_head":"<!-- This site is optimized with the Yoast SEO plugin v26.1.1 - https:\/\/yoast.com\/wordpress\/plugins\/seo\/ -->\n<title>Hawks Eye Bracelet - spellsofthemoon<\/title>\n<meta name=\"description\" content=\"The bracelet is made from the black colour Hawks Eye stones with the cylindric or round gold colour spacer\/insert as a crystal separator.\" \/>\n<meta name=\"robots\" content=\"index, follow, max-snippet:-1, max-image-preview:large, max-video-preview:-1\" \/>\n<link rel=\"canonical\" href=\"https:\/\/spellsofthemoon.ch\/de\/produkt\/hawks-eye-bracelet\/\" \/>\n<meta property=\"og:locale\" content=\"de_DE\" \/>\n<meta property=\"og:type\" content=\"article\" \/>\n<meta property=\"og:title\" content=\"Hawks Eye Bracelet - spellsofthemoon\" \/>\n<meta property=\"og:description\" content=\"The bracelet is made from the black colour Hawks Eye stones with the cylindric or round gold colour spacer\/insert as a crystal separator.\" \/>\n<meta property=\"og:url\" content=\"https:\/\/spellsofthemoon.ch\/de\/produkt\/hawks-eye-bracelet\/\" \/>\n<meta property=\"og:site_name\" content=\"spellsofthemoon\" \/>\n<meta property=\"article:modified_time\" content=\"2023-02-01T22:13:32+00:00\" \/>\n<meta name=\"twitter:card\" content=\"summary_large_image\" \/>\n<meta name=\"twitter:label1\" content=\"Gesch\u00e4tzte Lesezeit\" \/>\n\t<meta name=\"twitter:data1\" content=\"1\u00a0Minute\" \/>\n<script type=\"application\/ld+json\" class=\"yoast-schema-graph\">{\"@context\":\"https:\/\/schema.org\",\"@graph\":[{\"@type\":\"WebPage\",\"@id\":\"https:\/\/spellsofthemoon.ch\/product\/hawks-eye-bracelet\/\",\"url\":\"https:\/\/spellsofthemoon.ch\/product\/hawks-eye-bracelet\/\",\"name\":\"Hawks Eye Bracelet - spellsofthemoon\",\"isPartOf\":{\"@id\":\"https:\/\/spellsofthemoon.ch\/#website\"},\"primaryImageOfPage\":{\"@id\":\"https:\/\/spellsofthemoon.ch\/product\/hawks-eye-bracelet\/#primaryimage\"},\"image\":{\"@id\":\"https:\/\/spellsofthemoon.ch\/product\/hawks-eye-bracelet\/#primaryimage\"},\"thumbnailUrl\":\"https:\/\/spellsofthemoon.ch\/wp-content\/uploads\/2022\/10\/Hawks-Eye.jpg\",\"datePublished\":\"2023-01-18T21:57:10+00:00\",\"dateModified\":\"2023-02-01T22:13:32+00:00\",\"description\":\"The bracelet is made from the black colour Hawks Eye stones with the cylindric or round gold colour spacer\/insert as a crystal separator.\",\"breadcrumb\":{\"@id\":\"https:\/\/spellsofthemoon.ch\/product\/hawks-eye-bracelet\/#breadcrumb\"},\"inLanguage\":\"de-CH\",\"potentialAction\":[{\"@type\":\"ReadAction\",\"target\":[\"https:\/\/spellsofthemoon.ch\/product\/hawks-eye-bracelet\/\"]}]},{\"@type\":\"ImageObject\",\"inLanguage\":\"de-CH\",\"@id\":\"https:\/\/spellsofthemoon.ch\/product\/hawks-eye-bracelet\/#primaryimage\",\"url\":\"https:\/\/spellsofthemoon.ch\/wp-content\/uploads\/2022\/10\/Hawks-Eye.jpg\",\"contentUrl\":\"https:\/\/spellsofthemoon.ch\/wp-content\/uploads\/2022\/10\/Hawks-Eye.jpg\",\"width\":1200,\"height\":1440,\"caption\":\"Hawks Eye Bracelet\"},{\"@type\":\"BreadcrumbList\",\"@id\":\"https:\/\/spellsofthemoon.ch\/product\/hawks-eye-bracelet\/#breadcrumb\",\"itemListElement\":[{\"@type\":\"ListItem\",\"position\":1,\"name\":\"Home\",\"item\":\"https:\/\/spellsofthemoon.ch\/\"},{\"@type\":\"ListItem\",\"position\":2,\"name\":\"Shop\",\"item\":\"https:\/\/spellsofthemoon.ch\/shop\/\"},{\"@type\":\"ListItem\",\"position\":3,\"name\":\"Hawks Eye Bracelet\"}]},{\"@type\":\"WebSite\",\"@id\":\"https:\/\/spellsofthemoon.ch\/#website\",\"url\":\"https:\/\/spellsofthemoon.ch\/\",\"name\":\"spellsofthemoon\",\"description\":\"Precious stones, bracelets from gemstones, hand made candles, home decor\",\"potentialAction\":[{\"@type\":\"SearchAction\",\"target\":{\"@type\":\"EntryPoint\",\"urlTemplate\":\"https:\/\/spellsofthemoon.ch\/?s={search_term_string}\"},\"query-input\":{\"@type\":\"PropertyValueSpecification\",\"valueRequired\":true,\"valueName\":\"search_term_string\"}}],\"inLanguage\":\"de-CH\"}]}<\/script>\n<!-- \/ Yoast SEO plugin. -->","yoast_head_json":{"title":"Hawks Eye Bracelet - spellsofthemoon","description":"The bracelet is made from the black colour Hawks Eye stones with the cylindric or round gold colour spacer\/insert as a crystal separator.","robots":{"index":"index","follow":"follow","max-snippet":"max-snippet:-1","max-image-preview":"max-image-preview:large","max-video-preview":"max-video-preview:-1"},"canonical":"https:\/\/spellsofthemoon.ch\/de\/produkt\/hawks-eye-bracelet\/","og_locale":"de_DE","og_type":"article","og_title":"Hawks Eye Bracelet - spellsofthemoon","og_description":"The bracelet is made from the black colour Hawks Eye stones with the cylindric or round gold colour spacer\/insert as a crystal separator.","og_url":"https:\/\/spellsofthemoon.ch\/de\/produkt\/hawks-eye-bracelet\/","og_site_name":"spellsofthemoon","article_modified_time":"2023-02-01T22:13:32+00:00","twitter_card":"summary_large_image","twitter_misc":{"Gesch\u00e4tzte Lesezeit":"1\u00a0Minute"},"schema":{"@context":"https:\/\/schema.org","@graph":[{"@type":"WebPage","@id":"https:\/\/spellsofthemoon.ch\/product\/hawks-eye-bracelet\/","url":"https:\/\/spellsofthemoon.ch\/product\/hawks-eye-bracelet\/","name":"Hawks Eye Bracelet - spellsofthemoon","isPartOf":{"@id":"https:\/\/spellsofthemoon.ch\/#website"},"primaryImageOfPage":{"@id":"https:\/\/spellsofthemoon.ch\/product\/hawks-eye-bracelet\/#primaryimage"},"image":{"@id":"https:\/\/spellsofthemoon.ch\/product\/hawks-eye-bracelet\/#primaryimage"},"thumbnailUrl":"https:\/\/spellsofthemoon.ch\/wp-content\/uploads\/2022\/10\/Hawks-Eye.jpg","datePublished":"2023-01-18T21:57:10+00:00","dateModified":"2023-02-01T22:13:32+00:00","description":"The bracelet is made from the black colour Hawks Eye stones with the cylindric or round gold colour spacer\/insert as a crystal separator.","breadcrumb":{"@id":"https:\/\/spellsofthemoon.ch\/product\/hawks-eye-bracelet\/#breadcrumb"},"inLanguage":"de-CH","potentialAction":[{"@type":"ReadAction","target":["https:\/\/spellsofthemoon.ch\/product\/hawks-eye-bracelet\/"]}]},{"@type":"ImageObject","inLanguage":"de-CH","@id":"https:\/\/spellsofthemoon.ch\/product\/hawks-eye-bracelet\/#primaryimage","url":"https:\/\/spellsofthemoon.ch\/wp-content\/uploads\/2022\/10\/Hawks-Eye.jpg","contentUrl":"https:\/\/spellsofthemoon.ch\/wp-content\/uploads\/2022\/10\/Hawks-Eye.jpg","width":1200,"height":1440,"caption":"Hawks Eye Bracelet"},{"@type":"BreadcrumbList","@id":"https:\/\/spellsofthemoon.ch\/product\/hawks-eye-bracelet\/#breadcrumb","itemListElement":[{"@type":"ListItem","position":1,"name":"Home","item":"https:\/\/spellsofthemoon.ch\/"},{"@type":"ListItem","position":2,"name":"Shop","item":"https:\/\/spellsofthemoon.ch\/shop\/"},{"@type":"ListItem","position":3,"name":"Hawks Eye Bracelet"}]},{"@type":"WebSite","@id":"https:\/\/spellsofthemoon.ch\/#website","url":"https:\/\/spellsofthemoon.ch\/","name":"Zauber des Mondes","description":"Edelsteine, Armb\u00e4nder aus Edelsteinen, handgefertigte Kerzen, Wohnkultur","potentialAction":[{"@type":"SearchAction","target":{"@type":"EntryPoint","urlTemplate":"https:\/\/spellsofthemoon.ch\/?s={search_term_string}"},"query-input":{"@type":"PropertyValueSpecification","valueRequired":true,"valueName":"search_term_string"}}],"inLanguage":"de-CH"}]}},"_links":{"self":[{"href":"https:\/\/spellsofthemoon.ch\/de\/wp-json\/wp\/v2\/product\/5646","targetHints":{"allow":["GET"]}}],"collection":[{"href":"https:\/\/spellsofthemoon.ch\/de\/wp-json\/wp\/v2\/product"}],"about":[{"href":"https:\/\/spellsofthemoon.ch\/de\/wp-json\/wp\/v2\/types\/product"}],"replies":[{"embeddable":true,"href":"https:\/\/spellsofthemoon.ch\/de\/wp-json\/wp\/v2\/comments?post=5646"}],"wp:featuredmedia":[{"embeddable":true,"href":"https:\/\/spellsofthemoon.ch\/de\/wp-json\/wp\/v2\/media\/4328"}],"wp:attachment":[{"href":"https:\/\/spellsofthemoon.ch\/de\/wp-json\/wp\/v2\/media?parent=5646"}],"wp:term":[{"taxonomy":"product_brand","embeddable":true,"href":"https:\/\/spellsofthemoon.ch\/de\/wp-json\/wp\/v2\/product_brand?post=5646"},{"taxonomy":"product_cat","embeddable":true,"href":"https:\/\/spellsofthemoon.ch\/de\/wp-json\/wp\/v2\/product_cat?post=5646"},{"taxonomy":"product_tag","embeddable":true,"href":"https:\/\/spellsofthemoon.ch\/de\/wp-json\/wp\/v2\/product_tag?post=5646"}],"curies":[{"name":"wp","href":"https:\/\/api.w.org\/{rel}","templated":true}]}}