{"id":5637,"date":"2023-01-18T22:57:10","date_gmt":"2023-01-18T21:57:10","guid":{"rendered":"https:\/\/spellsofthemoon.ch\/?post_type=product&#038;p=5637"},"modified":"2023-02-01T23:13:32","modified_gmt":"2023-02-01T22:13:32","slug":"topaz-multicolour-bracelet","status":"publish","type":"product","link":"https:\/\/spellsofthemoon.ch\/de\/produkt\/topaz-multicolour-bracelet\/","title":{"rendered":"Topas mehrfarbiges Armband"},"content":{"rendered":"<p><strong>Schl\u00fcsselw\u00f6rter:<\/strong>Selbstverwirklichung. Weisheit. Schutz. <\/p>\n<p><strong>Topas:<\/strong><\/p>\n<p>\u2013 Hilft Absichten zu verwirklichen.<br \/>\n\u2013 St\u00e4rkt das Energiefeld des Tr\u00e4gers und bietet gleichzeitig starken Schutz.<br \/>\n\u2013 Aktiviert das Denken und Handeln und hebt die eigenen Gaben und Talente hervor.<br \/>\n\u2013 Ermutigt zu Ver\u00e4nderung und Wachstum.<br \/>\n\u2013 Verbessert die Gabe der Heilung und die F\u00e4higkeit, den anderen zu f\u00fchlen.<br \/>\n\u2013 Verst\u00e4rkt die Wirkung des Gebets.<br \/>\n\u2013 St\u00e4rkt die Konzentration.<br \/>\n\u2013 Beruhigt Wut, stabilisiert Emotionen. <\/p>\n<p>Wem wird Topaz besonders empfohlen?<\/p>\n<ul>\n<li>Diejenigen, die anderen helfen wollen.<\/li>\n<li>Diejenigen, die mit den psychischen Problemen anderer arbeiten.<\/li>\n<li>Diejenigen, die z\u00f6gern, eine Stelle anzutreten.<\/li>\n<li>Die ihren Zweck bereits kennen und ihn bereits erf\u00fcllen.<\/li>\n<li>Es ist der Stein der Bankiers, \u00d6konomen und Prospektoren.<\/li>\n<li>Wer sich selbst zu beobachten versteht, versucht die Zeichen zu lesen und seine Ahnungen zu analysieren.<\/li>\n<li>F\u00fcr den Philosophen, damit er die Wahrheit erkennen kann.<\/li>\n<\/ul>","protected":false},"excerpt":{"rendered":"<p>Wenn man diesen Stein tr\u00e4gt, beginnt man Ereignisse immer mehr zu antizipieren (vorherzusagen), und die Schichten der inneren Weisheit werden deutlicher. Nicht umsonst gilt er als Stein der Selbstverwirklichung, Kraft und Weisheit. Topas macht es einfacher, das gro\u00dfe Ganze des Lebens zu sehen, was bei der Analyse, Planung und positiven Ver\u00e4nderungen im eigenen Leben hilft. Topas f\u00f6rdert den Ausdruck und die Entstehung neuer Ideen. Laut Gienger f\u00f6rdert Topas die Selbstdarstellung, das unabh\u00e4ngige Leben und die spirituelle Entwicklung, insbesondere wenn dies seit einiger Zeit schwierig ist. Dieser Stein hilft Ihnen, die Sch\u00e4tze Ihrer Seele zu entdecken, Ihre Ziele klar zu benennen, Ihr eigenes Leben zu leben und nicht das eines anderen, Autorit\u00e4t durch Wissen und sinnvolle Arbeit aufzubauen. Auf diese Weise lehrt dich Topas, Weisheit zu erlangen. Es erfordert Offenheit und Ehrlichkeit vom Menschen.<\/p>","protected":false},"featured_media":4320,"comment_status":"open","ping_status":"closed","template":"","meta":[],"product_brand":[],"product_cat":[105],"product_tag":[173],"class_list":{"0":"post-5637","1":"product","2":"type-product","3":"status-publish","4":"has-post-thumbnail","6":"product_cat-bracelets","7":"product_tag-topaz-multicolour","8":"pa_gemstone-topaz-multicolor","10":"first","11":"instock","12":"taxable","13":"shipping-taxable","14":"purchasable","15":"product-type-variable","16":"has-default-attributes"},"yoast_head":"<!-- This site is optimized with the Yoast SEO plugin v26.1.1 - https:\/\/yoast.com\/wordpress\/plugins\/seo\/ -->\n<title>Topaz Multicolour Bracelet - spellsofthemoon<\/title>\n<meta name=\"description\" content=\"The bracelet is made from the white and yellow Topaz Multicolour stones with the cylindric or round gold colour spacer\/insert as a crystal separator.\" \/>\n<meta name=\"robots\" content=\"index, follow, max-snippet:-1, max-image-preview:large, max-video-preview:-1\" \/>\n<link rel=\"canonical\" href=\"https:\/\/spellsofthemoon.ch\/de\/produkt\/topaz-multicolour-bracelet\/\" \/>\n<meta property=\"og:locale\" content=\"de_DE\" \/>\n<meta property=\"og:type\" content=\"article\" \/>\n<meta property=\"og:title\" content=\"Topaz Multicolour Bracelet - spellsofthemoon\" \/>\n<meta property=\"og:description\" content=\"The bracelet is made from the white and yellow Topaz Multicolour stones with the cylindric or round gold colour spacer\/insert as a crystal separator.\" \/>\n<meta property=\"og:url\" content=\"https:\/\/spellsofthemoon.ch\/de\/produkt\/topaz-multicolour-bracelet\/\" \/>\n<meta property=\"og:site_name\" content=\"spellsofthemoon\" \/>\n<meta property=\"article:modified_time\" content=\"2023-02-01T22:13:32+00:00\" \/>\n<meta name=\"twitter:card\" content=\"summary_large_image\" \/>\n<meta name=\"twitter:label1\" content=\"Gesch\u00e4tzte Lesezeit\" \/>\n\t<meta name=\"twitter:data1\" content=\"1\u00a0Minute\" \/>\n<script type=\"application\/ld+json\" class=\"yoast-schema-graph\">{\"@context\":\"https:\/\/schema.org\",\"@graph\":[{\"@type\":\"WebPage\",\"@id\":\"https:\/\/spellsofthemoon.ch\/product\/topaz-multicolour-bracelet\/\",\"url\":\"https:\/\/spellsofthemoon.ch\/product\/topaz-multicolour-bracelet\/\",\"name\":\"Topaz Multicolour Bracelet - spellsofthemoon\",\"isPartOf\":{\"@id\":\"https:\/\/spellsofthemoon.ch\/#website\"},\"primaryImageOfPage\":{\"@id\":\"https:\/\/spellsofthemoon.ch\/product\/topaz-multicolour-bracelet\/#primaryimage\"},\"image\":{\"@id\":\"https:\/\/spellsofthemoon.ch\/product\/topaz-multicolour-bracelet\/#primaryimage\"},\"thumbnailUrl\":\"https:\/\/spellsofthemoon.ch\/wp-content\/uploads\/2022\/10\/Topaz-Multicolor.jpg\",\"datePublished\":\"2023-01-18T21:57:10+00:00\",\"dateModified\":\"2023-02-01T22:13:32+00:00\",\"description\":\"The bracelet is made from the white and yellow Topaz Multicolour stones with the cylindric or round gold colour spacer\/insert as a crystal separator.\",\"breadcrumb\":{\"@id\":\"https:\/\/spellsofthemoon.ch\/product\/topaz-multicolour-bracelet\/#breadcrumb\"},\"inLanguage\":\"de-CH\",\"potentialAction\":[{\"@type\":\"ReadAction\",\"target\":[\"https:\/\/spellsofthemoon.ch\/product\/topaz-multicolour-bracelet\/\"]}]},{\"@type\":\"ImageObject\",\"inLanguage\":\"de-CH\",\"@id\":\"https:\/\/spellsofthemoon.ch\/product\/topaz-multicolour-bracelet\/#primaryimage\",\"url\":\"https:\/\/spellsofthemoon.ch\/wp-content\/uploads\/2022\/10\/Topaz-Multicolor.jpg\",\"contentUrl\":\"https:\/\/spellsofthemoon.ch\/wp-content\/uploads\/2022\/10\/Topaz-Multicolor.jpg\",\"width\":1200,\"height\":1440,\"caption\":\"Topaz Multicolour Bracelet\"},{\"@type\":\"BreadcrumbList\",\"@id\":\"https:\/\/spellsofthemoon.ch\/product\/topaz-multicolour-bracelet\/#breadcrumb\",\"itemListElement\":[{\"@type\":\"ListItem\",\"position\":1,\"name\":\"Home\",\"item\":\"https:\/\/spellsofthemoon.ch\/\"},{\"@type\":\"ListItem\",\"position\":2,\"name\":\"Shop\",\"item\":\"https:\/\/spellsofthemoon.ch\/shop\/\"},{\"@type\":\"ListItem\",\"position\":3,\"name\":\"Topaz Multicolour Bracelet\"}]},{\"@type\":\"WebSite\",\"@id\":\"https:\/\/spellsofthemoon.ch\/#website\",\"url\":\"https:\/\/spellsofthemoon.ch\/\",\"name\":\"spellsofthemoon\",\"description\":\"Precious stones, bracelets from gemstones, hand made candles, home decor\",\"potentialAction\":[{\"@type\":\"SearchAction\",\"target\":{\"@type\":\"EntryPoint\",\"urlTemplate\":\"https:\/\/spellsofthemoon.ch\/?s={search_term_string}\"},\"query-input\":{\"@type\":\"PropertyValueSpecification\",\"valueRequired\":true,\"valueName\":\"search_term_string\"}}],\"inLanguage\":\"de-CH\"}]}<\/script>\n<!-- \/ Yoast SEO plugin. -->","yoast_head_json":{"title":"Topaz Multicolour Bracelet - spellsofthemoon","description":"The bracelet is made from the white and yellow Topaz Multicolour stones with the cylindric or round gold colour spacer\/insert as a crystal separator.","robots":{"index":"index","follow":"follow","max-snippet":"max-snippet:-1","max-image-preview":"max-image-preview:large","max-video-preview":"max-video-preview:-1"},"canonical":"https:\/\/spellsofthemoon.ch\/de\/produkt\/topaz-multicolour-bracelet\/","og_locale":"de_DE","og_type":"article","og_title":"Topaz Multicolour Bracelet - spellsofthemoon","og_description":"The bracelet is made from the white and yellow Topaz Multicolour stones with the cylindric or round gold colour spacer\/insert as a crystal separator.","og_url":"https:\/\/spellsofthemoon.ch\/de\/produkt\/topaz-multicolour-bracelet\/","og_site_name":"spellsofthemoon","article_modified_time":"2023-02-01T22:13:32+00:00","twitter_card":"summary_large_image","twitter_misc":{"Gesch\u00e4tzte Lesezeit":"1\u00a0Minute"},"schema":{"@context":"https:\/\/schema.org","@graph":[{"@type":"WebPage","@id":"https:\/\/spellsofthemoon.ch\/product\/topaz-multicolour-bracelet\/","url":"https:\/\/spellsofthemoon.ch\/product\/topaz-multicolour-bracelet\/","name":"Topaz Multicolour Bracelet - spellsofthemoon","isPartOf":{"@id":"https:\/\/spellsofthemoon.ch\/#website"},"primaryImageOfPage":{"@id":"https:\/\/spellsofthemoon.ch\/product\/topaz-multicolour-bracelet\/#primaryimage"},"image":{"@id":"https:\/\/spellsofthemoon.ch\/product\/topaz-multicolour-bracelet\/#primaryimage"},"thumbnailUrl":"https:\/\/spellsofthemoon.ch\/wp-content\/uploads\/2022\/10\/Topaz-Multicolor.jpg","datePublished":"2023-01-18T21:57:10+00:00","dateModified":"2023-02-01T22:13:32+00:00","description":"The bracelet is made from the white and yellow Topaz Multicolour stones with the cylindric or round gold colour spacer\/insert as a crystal separator.","breadcrumb":{"@id":"https:\/\/spellsofthemoon.ch\/product\/topaz-multicolour-bracelet\/#breadcrumb"},"inLanguage":"de-CH","potentialAction":[{"@type":"ReadAction","target":["https:\/\/spellsofthemoon.ch\/product\/topaz-multicolour-bracelet\/"]}]},{"@type":"ImageObject","inLanguage":"de-CH","@id":"https:\/\/spellsofthemoon.ch\/product\/topaz-multicolour-bracelet\/#primaryimage","url":"https:\/\/spellsofthemoon.ch\/wp-content\/uploads\/2022\/10\/Topaz-Multicolor.jpg","contentUrl":"https:\/\/spellsofthemoon.ch\/wp-content\/uploads\/2022\/10\/Topaz-Multicolor.jpg","width":1200,"height":1440,"caption":"Topaz Multicolour Bracelet"},{"@type":"BreadcrumbList","@id":"https:\/\/spellsofthemoon.ch\/product\/topaz-multicolour-bracelet\/#breadcrumb","itemListElement":[{"@type":"ListItem","position":1,"name":"Home","item":"https:\/\/spellsofthemoon.ch\/"},{"@type":"ListItem","position":2,"name":"Shop","item":"https:\/\/spellsofthemoon.ch\/shop\/"},{"@type":"ListItem","position":3,"name":"Topaz Multicolour Bracelet"}]},{"@type":"WebSite","@id":"https:\/\/spellsofthemoon.ch\/#website","url":"https:\/\/spellsofthemoon.ch\/","name":"Zauber des Mondes","description":"Edelsteine, Armb\u00e4nder aus Edelsteinen, handgefertigte Kerzen, Wohnkultur","potentialAction":[{"@type":"SearchAction","target":{"@type":"EntryPoint","urlTemplate":"https:\/\/spellsofthemoon.ch\/?s={search_term_string}"},"query-input":{"@type":"PropertyValueSpecification","valueRequired":true,"valueName":"search_term_string"}}],"inLanguage":"de-CH"}]}},"_links":{"self":[{"href":"https:\/\/spellsofthemoon.ch\/de\/wp-json\/wp\/v2\/product\/5637","targetHints":{"allow":["GET"]}}],"collection":[{"href":"https:\/\/spellsofthemoon.ch\/de\/wp-json\/wp\/v2\/product"}],"about":[{"href":"https:\/\/spellsofthemoon.ch\/de\/wp-json\/wp\/v2\/types\/product"}],"replies":[{"embeddable":true,"href":"https:\/\/spellsofthemoon.ch\/de\/wp-json\/wp\/v2\/comments?post=5637"}],"wp:featuredmedia":[{"embeddable":true,"href":"https:\/\/spellsofthemoon.ch\/de\/wp-json\/wp\/v2\/media\/4320"}],"wp:attachment":[{"href":"https:\/\/spellsofthemoon.ch\/de\/wp-json\/wp\/v2\/media?parent=5637"}],"wp:term":[{"taxonomy":"product_brand","embeddable":true,"href":"https:\/\/spellsofthemoon.ch\/de\/wp-json\/wp\/v2\/product_brand?post=5637"},{"taxonomy":"product_cat","embeddable":true,"href":"https:\/\/spellsofthemoon.ch\/de\/wp-json\/wp\/v2\/product_cat?post=5637"},{"taxonomy":"product_tag","embeddable":true,"href":"https:\/\/spellsofthemoon.ch\/de\/wp-json\/wp\/v2\/product_tag?post=5637"}],"curies":[{"name":"wp","href":"https:\/\/api.w.org\/{rel}","templated":true}]}}