{"id":5628,"date":"2023-01-18T22:57:05","date_gmt":"2023-01-18T21:57:05","guid":{"rendered":"https:\/\/spellsofthemoon.ch\/?post_type=product&#038;p=5628"},"modified":"2024-01-11T11:10:02","modified_gmt":"2024-01-11T10:10:02","slug":"moonstone-bracelet","status":"publish","type":"product","link":"https:\/\/spellsofthemoon.ch\/de\/produkt\/moonstone-bracelet\/","title":{"rendered":"Mondstein-Armband"},"content":{"rendered":"<p><strong>Schl\u00fcsselw\u00f6rter:<\/strong> beruhigende Emotionen. Weiblichkeit. Hormone. Beziehung zur Mutter. <\/p>\n<p>Der Mondstein repr\u00e4sentiert eine einzigartig weibliche Energie. Im Osten galt er als Stein der Fruchtbarkeit und Liebe. <\/p>\n<p><strong>Mondstein:<\/strong> <\/p>\n<p>\u2013 F\u00f6rdert Telepathie und Hellsehen.<br \/>\n\u2013 Beruhigt den Geist.<br \/>\n\u2013 F\u00f6rdert die Selbstverwirklichung.<br \/>\n\u2013 Hilft negative Emotionen zu neutralisieren.<br \/>\n\u2013 Beruhigt \u00c4ngste.<br \/>\n\u2013 Hilft, emotionalen Stress zu \u00fcberwinden.<br \/>\n\u2013 Regelt die Beziehung zur Mutter (in diesem Fall f\u00fcr Frauen rechts zu tragen, f\u00fcr M\u00e4nner umgekehrt).<\/p>\n<p><strong>Feng Shui:<\/strong> Wird in der s\u00fcdwestlichen Ecke der Beziehungs- und Erbe-Ecke platziert, wenn die Partner eine kalte Beziehung haben. Sie k\u00f6nnen auch einen Rosenquarz damit platzieren. <\/p>\n<p>Wem wird das Tragen des Mondsteins besonders empfohlen? <\/p>\n<ul>\n<li>F\u00fcr alle M\u00e4dchen und Frauen, denen es schwer f\u00e4llt, herzlich und aufrichtig zu sein.<\/li>\n<li>Frauen mit Hormonst\u00f6rungen.<\/li>\n<li>Diejenigen, die unter Schlafwandeln leiden.<\/li>\n<li>Diejenigen, denen es schwer f\u00e4llt, ihre emotionalen Ausbr\u00fcche zu kontrollieren.<\/li>\n<li>Diejenigen, die eine problematische Beziehung zu ihrer Mutter haben.<\/li>\n<li>M\u00e4nner, die Frauen gegen\u00fcber aggressiv oder respektlos sind.<\/li>\n<\/ul>","protected":false},"excerpt":{"rendered":"<p>Es wird gesagt, dass der Mondstein die Erkenntnis und Offenbarung seiner weiblichen Seite erregt, er erregt auch die Intuition; bietet jugendlichen Charme, entwickelt Sensibilit\u00e4t, Z\u00e4rtlichkeit und Mitgef\u00fchl; austauschbar, wenn es notwendig ist, den harmonischen Zyklus oder w\u00e4hrend der Klimakteriumszeit anzupassen. Wird f\u00fcr sensible, emotionale und \u201efliegende\u201c Menschen empfohlen;<br \/>\nSteuert Emotionen und bewirkt Konzentration, verbessert das Ged\u00e4chtnis. Wirkt beruhigend und entspannend und beseitigt Melancholie und \u00c4ngste unbekannter Herkunft, stellt geistiges Wohlbefinden wieder her. Frauen, die sich unterweiblich f\u00fchlen, sollten den Mondstein st\u00e4ndig tragen.<\/p>","protected":false},"featured_media":4312,"comment_status":"open","ping_status":"closed","template":"","meta":[],"product_brand":[],"product_cat":[105],"product_tag":[172],"class_list":{"0":"post-5628","1":"product","2":"type-product","3":"status-publish","4":"has-post-thumbnail","6":"product_cat-bracelets","7":"product_tag-moonstone","8":"pa_gemstone-moonstone","10":"first","11":"instock","12":"taxable","13":"shipping-taxable","14":"purchasable","15":"product-type-variable","16":"has-default-attributes"},"yoast_head":"<!-- This site is optimized with the Yoast SEO plugin v26.1.1 - https:\/\/yoast.com\/wordpress\/plugins\/seo\/ -->\n<title>Moonstone Bracelet - spellsofthemoon<\/title>\n<meta name=\"description\" content=\"The bracelet is made from the white colour Moonstone stones with the cylindric or round silver colour spacer\/insert as a crystal separator.\" \/>\n<meta name=\"robots\" content=\"index, follow, max-snippet:-1, max-image-preview:large, max-video-preview:-1\" \/>\n<link rel=\"canonical\" href=\"https:\/\/spellsofthemoon.ch\/de\/produkt\/moonstone-bracelet\/\" \/>\n<meta property=\"og:locale\" content=\"de_DE\" \/>\n<meta property=\"og:type\" content=\"article\" \/>\n<meta property=\"og:title\" content=\"Moonstone Bracelet - spellsofthemoon\" \/>\n<meta property=\"og:description\" content=\"The bracelet is made from the white colour Moonstone stones with the cylindric or round silver colour spacer\/insert as a crystal separator.\" \/>\n<meta property=\"og:url\" content=\"https:\/\/spellsofthemoon.ch\/de\/produkt\/moonstone-bracelet\/\" \/>\n<meta property=\"og:site_name\" content=\"spellsofthemoon\" \/>\n<meta property=\"article:modified_time\" content=\"2024-01-11T10:10:02+00:00\" \/>\n<meta name=\"twitter:card\" content=\"summary_large_image\" \/>\n<meta name=\"twitter:label1\" content=\"Gesch\u00e4tzte Lesezeit\" \/>\n\t<meta name=\"twitter:data1\" content=\"1\u00a0Minute\" \/>\n<script type=\"application\/ld+json\" class=\"yoast-schema-graph\">{\"@context\":\"https:\/\/schema.org\",\"@graph\":[{\"@type\":\"WebPage\",\"@id\":\"https:\/\/spellsofthemoon.ch\/product\/moonstone-bracelet\/\",\"url\":\"https:\/\/spellsofthemoon.ch\/product\/moonstone-bracelet\/\",\"name\":\"Moonstone Bracelet - spellsofthemoon\",\"isPartOf\":{\"@id\":\"https:\/\/spellsofthemoon.ch\/#website\"},\"primaryImageOfPage\":{\"@id\":\"https:\/\/spellsofthemoon.ch\/product\/moonstone-bracelet\/#primaryimage\"},\"image\":{\"@id\":\"https:\/\/spellsofthemoon.ch\/product\/moonstone-bracelet\/#primaryimage\"},\"thumbnailUrl\":\"https:\/\/spellsofthemoon.ch\/wp-content\/uploads\/2022\/10\/Moonstone.jpg\",\"datePublished\":\"2023-01-18T21:57:05+00:00\",\"dateModified\":\"2024-01-11T10:10:02+00:00\",\"description\":\"The bracelet is made from the white colour Moonstone stones with the cylindric or round silver colour spacer\/insert as a crystal separator.\",\"breadcrumb\":{\"@id\":\"https:\/\/spellsofthemoon.ch\/product\/moonstone-bracelet\/#breadcrumb\"},\"inLanguage\":\"de-CH\",\"potentialAction\":[{\"@type\":\"ReadAction\",\"target\":[\"https:\/\/spellsofthemoon.ch\/product\/moonstone-bracelet\/\"]}]},{\"@type\":\"ImageObject\",\"inLanguage\":\"de-CH\",\"@id\":\"https:\/\/spellsofthemoon.ch\/product\/moonstone-bracelet\/#primaryimage\",\"url\":\"https:\/\/spellsofthemoon.ch\/wp-content\/uploads\/2022\/10\/Moonstone.jpg\",\"contentUrl\":\"https:\/\/spellsofthemoon.ch\/wp-content\/uploads\/2022\/10\/Moonstone.jpg\",\"width\":1200,\"height\":1440,\"caption\":\"Moonstone Bracelet\"},{\"@type\":\"BreadcrumbList\",\"@id\":\"https:\/\/spellsofthemoon.ch\/product\/moonstone-bracelet\/#breadcrumb\",\"itemListElement\":[{\"@type\":\"ListItem\",\"position\":1,\"name\":\"Home\",\"item\":\"https:\/\/spellsofthemoon.ch\/\"},{\"@type\":\"ListItem\",\"position\":2,\"name\":\"Shop\",\"item\":\"https:\/\/spellsofthemoon.ch\/shop\/\"},{\"@type\":\"ListItem\",\"position\":3,\"name\":\"Moonstone Bracelet\"}]},{\"@type\":\"WebSite\",\"@id\":\"https:\/\/spellsofthemoon.ch\/#website\",\"url\":\"https:\/\/spellsofthemoon.ch\/\",\"name\":\"spellsofthemoon\",\"description\":\"Precious stones, bracelets from gemstones, hand made candles, home decor\",\"potentialAction\":[{\"@type\":\"SearchAction\",\"target\":{\"@type\":\"EntryPoint\",\"urlTemplate\":\"https:\/\/spellsofthemoon.ch\/?s={search_term_string}\"},\"query-input\":{\"@type\":\"PropertyValueSpecification\",\"valueRequired\":true,\"valueName\":\"search_term_string\"}}],\"inLanguage\":\"de-CH\"}]}<\/script>\n<!-- \/ Yoast SEO plugin. -->","yoast_head_json":{"title":"Moonstone Bracelet - spellsofthemoon","description":"The bracelet is made from the white colour Moonstone stones with the cylindric or round silver colour spacer\/insert as a crystal separator.","robots":{"index":"index","follow":"follow","max-snippet":"max-snippet:-1","max-image-preview":"max-image-preview:large","max-video-preview":"max-video-preview:-1"},"canonical":"https:\/\/spellsofthemoon.ch\/de\/produkt\/moonstone-bracelet\/","og_locale":"de_DE","og_type":"article","og_title":"Moonstone Bracelet - spellsofthemoon","og_description":"The bracelet is made from the white colour Moonstone stones with the cylindric or round silver colour spacer\/insert as a crystal separator.","og_url":"https:\/\/spellsofthemoon.ch\/de\/produkt\/moonstone-bracelet\/","og_site_name":"spellsofthemoon","article_modified_time":"2024-01-11T10:10:02+00:00","twitter_card":"summary_large_image","twitter_misc":{"Gesch\u00e4tzte Lesezeit":"1\u00a0Minute"},"schema":{"@context":"https:\/\/schema.org","@graph":[{"@type":"WebPage","@id":"https:\/\/spellsofthemoon.ch\/product\/moonstone-bracelet\/","url":"https:\/\/spellsofthemoon.ch\/product\/moonstone-bracelet\/","name":"Moonstone Bracelet - spellsofthemoon","isPartOf":{"@id":"https:\/\/spellsofthemoon.ch\/#website"},"primaryImageOfPage":{"@id":"https:\/\/spellsofthemoon.ch\/product\/moonstone-bracelet\/#primaryimage"},"image":{"@id":"https:\/\/spellsofthemoon.ch\/product\/moonstone-bracelet\/#primaryimage"},"thumbnailUrl":"https:\/\/spellsofthemoon.ch\/wp-content\/uploads\/2022\/10\/Moonstone.jpg","datePublished":"2023-01-18T21:57:05+00:00","dateModified":"2024-01-11T10:10:02+00:00","description":"The bracelet is made from the white colour Moonstone stones with the cylindric or round silver colour spacer\/insert as a crystal separator.","breadcrumb":{"@id":"https:\/\/spellsofthemoon.ch\/product\/moonstone-bracelet\/#breadcrumb"},"inLanguage":"de-CH","potentialAction":[{"@type":"ReadAction","target":["https:\/\/spellsofthemoon.ch\/product\/moonstone-bracelet\/"]}]},{"@type":"ImageObject","inLanguage":"de-CH","@id":"https:\/\/spellsofthemoon.ch\/product\/moonstone-bracelet\/#primaryimage","url":"https:\/\/spellsofthemoon.ch\/wp-content\/uploads\/2022\/10\/Moonstone.jpg","contentUrl":"https:\/\/spellsofthemoon.ch\/wp-content\/uploads\/2022\/10\/Moonstone.jpg","width":1200,"height":1440,"caption":"Moonstone Bracelet"},{"@type":"BreadcrumbList","@id":"https:\/\/spellsofthemoon.ch\/product\/moonstone-bracelet\/#breadcrumb","itemListElement":[{"@type":"ListItem","position":1,"name":"Home","item":"https:\/\/spellsofthemoon.ch\/"},{"@type":"ListItem","position":2,"name":"Shop","item":"https:\/\/spellsofthemoon.ch\/shop\/"},{"@type":"ListItem","position":3,"name":"Moonstone Bracelet"}]},{"@type":"WebSite","@id":"https:\/\/spellsofthemoon.ch\/#website","url":"https:\/\/spellsofthemoon.ch\/","name":"Zauber des Mondes","description":"Edelsteine, Armb\u00e4nder aus Edelsteinen, handgefertigte Kerzen, Wohnkultur","potentialAction":[{"@type":"SearchAction","target":{"@type":"EntryPoint","urlTemplate":"https:\/\/spellsofthemoon.ch\/?s={search_term_string}"},"query-input":{"@type":"PropertyValueSpecification","valueRequired":true,"valueName":"search_term_string"}}],"inLanguage":"de-CH"}]}},"_links":{"self":[{"href":"https:\/\/spellsofthemoon.ch\/de\/wp-json\/wp\/v2\/product\/5628","targetHints":{"allow":["GET"]}}],"collection":[{"href":"https:\/\/spellsofthemoon.ch\/de\/wp-json\/wp\/v2\/product"}],"about":[{"href":"https:\/\/spellsofthemoon.ch\/de\/wp-json\/wp\/v2\/types\/product"}],"replies":[{"embeddable":true,"href":"https:\/\/spellsofthemoon.ch\/de\/wp-json\/wp\/v2\/comments?post=5628"}],"wp:featuredmedia":[{"embeddable":true,"href":"https:\/\/spellsofthemoon.ch\/de\/wp-json\/wp\/v2\/media\/4312"}],"wp:attachment":[{"href":"https:\/\/spellsofthemoon.ch\/de\/wp-json\/wp\/v2\/media?parent=5628"}],"wp:term":[{"taxonomy":"product_brand","embeddable":true,"href":"https:\/\/spellsofthemoon.ch\/de\/wp-json\/wp\/v2\/product_brand?post=5628"},{"taxonomy":"product_cat","embeddable":true,"href":"https:\/\/spellsofthemoon.ch\/de\/wp-json\/wp\/v2\/product_cat?post=5628"},{"taxonomy":"product_tag","embeddable":true,"href":"https:\/\/spellsofthemoon.ch\/de\/wp-json\/wp\/v2\/product_tag?post=5628"}],"curies":[{"name":"wp","href":"https:\/\/api.w.org\/{rel}","templated":true}]}}