{"id":5619,"date":"2023-01-18T22:57:04","date_gmt":"2023-01-18T21:57:04","guid":{"rendered":"https:\/\/spellsofthemoon.ch\/?post_type=product&#038;p=5619"},"modified":"2023-02-01T23:13:30","modified_gmt":"2023-02-01T22:13:30","slug":"citrine-bracelet","status":"publish","type":"product","link":"https:\/\/spellsofthemoon.ch\/de\/produkt\/citrine-bracelet\/","title":{"rendered":"Citrin-Armband"},"content":{"rendered":"<p><strong>Schl\u00fcsselw\u00f6rter:<\/strong> Selbstverwirklichung. Verm\u00f6genswerte. Erfolg. Beziehung zum Vater.<\/p>\n<p><strong>Citrin:<\/strong> <\/p>\n<p>\u2013 Gibt Stabilit\u00e4t des Geistes, Kreativit\u00e4t.<br \/>\n\u2013 Lehrt gute Kommunikation.<br \/>\n\u2013 Lehrt organisatorische F\u00e4higkeiten.<br \/>\n\u2013 Lehrt Sie, alte Traumata und Emotionen loszulassen (insbesondere, wenn die Erfahrungen mit dem Vater zusammenh\u00e4ngen).<br \/>\n\u2013 Verbessert die Stimmung.<br \/>\n\u2013 F\u00f6rdert eine optimistische Lebenseinstellung.<br \/>\n\u2013 Erzeugt ein starkes Schutzfeld.<br \/>\n\u2013 Schafft g\u00fcnstige Bedingungen f\u00fcr die Selbstverwirklichung in der Gesellschaft und zieht Helfer und Unterst\u00fctzer f\u00fcr die richtige Sache an.<br \/>\n\u2013 Zieht Erfolg, Prestige, materiellen Reichtum an.<br \/>\n\u2013 Hilft, Streitigkeiten und Debatten zu gewinnen.<\/p>\n<p><strong>Feng Shui:<\/strong> Ein im S\u00fcdwesten gesetzter Stein soll zu neuen Bekanntschaften und Eindr\u00fccken anregen, im Norden zur beruflichen Selbstverwirklichung, im Nordosten zur Beschaffung der notwendigen Informationen, im S\u00fcdosten zu Wohlstand und allseitiger F\u00fclle, im S\u00fcden, um seine Talente auszudr\u00fccken. <\/p>\n<p>Wof\u00fcr ist Lemon besonders zu empfehlen?<\/p>\n<ul>\n<li>diejenigen, die schwierige Emotionen erleben, weil sie sich in ihrer Karriere nicht verwirklichen k\u00f6nnen.<\/li>\n<li>Unternehmer.<\/li>\n<li>Pers\u00f6nlichkeiten des \u00f6ffentlichen Lebens, die Popularit\u00e4t suchen, oder solche, die mit der \u00d6ffentlichkeit arbeiten.<\/li>\n<li>K\u00fcnstler.<\/li>\n<li>diejenigen, die danach streben, ihre Ziele und W\u00fcnsche zu erreichen.<\/li>\n<li>die F\u00fclle in ihr Leben ziehen wollen.<\/li>\n<\/ul>","protected":false},"excerpt":{"rendered":"<p>Citrin ist ein Stein mit der Hauptfunktion, die Selbstverwirklichung in der Gesellschaft durch die Offenlegung vorhandener F\u00e4higkeiten zu f\u00f6rdern. Folglich offenbart und st\u00e4rkt es das Potenzial zur Selbstverwirklichung der Pers\u00f6nlichkeit und f\u00f6rdert den vollen Nutzen daraus. Zitrone ist ein Stein des Reichtums und der F\u00fclle und f\u00f6rdert gleichzeitig die Gro\u00dfz\u00fcgigkeit.<\/p>","protected":false},"featured_media":4303,"comment_status":"open","ping_status":"closed","template":"","meta":[],"product_brand":[],"product_cat":[105],"product_tag":[170],"class_list":{"0":"post-5619","1":"product","2":"type-product","3":"status-publish","4":"has-post-thumbnail","6":"product_cat-bracelets","7":"product_tag-citrine","8":"pa_gemstone-citrine","10":"first","11":"instock","12":"taxable","13":"shipping-taxable","14":"purchasable","15":"product-type-variable","16":"has-default-attributes"},"yoast_head":"<!-- This site is optimized with the Yoast SEO plugin v26.1.1 - https:\/\/yoast.com\/wordpress\/plugins\/seo\/ -->\n<title>Citrine Bracelet - spellsofthemoon<\/title>\n<meta name=\"description\" content=\"The bracelet is made from the soft yellow colour Citrine stones with the cylindric or round golden spacer\/insert as a crystal separator.\" \/>\n<meta name=\"robots\" content=\"index, follow, max-snippet:-1, max-image-preview:large, max-video-preview:-1\" \/>\n<link rel=\"canonical\" href=\"https:\/\/spellsofthemoon.ch\/de\/produkt\/citrine-bracelet\/\" \/>\n<meta property=\"og:locale\" content=\"de_DE\" \/>\n<meta property=\"og:type\" content=\"article\" \/>\n<meta property=\"og:title\" content=\"Citrine Bracelet - spellsofthemoon\" \/>\n<meta property=\"og:description\" content=\"The bracelet is made from the soft yellow colour Citrine stones with the cylindric or round golden spacer\/insert as a crystal separator.\" \/>\n<meta property=\"og:url\" content=\"https:\/\/spellsofthemoon.ch\/de\/produkt\/citrine-bracelet\/\" \/>\n<meta property=\"og:site_name\" content=\"spellsofthemoon\" \/>\n<meta property=\"article:modified_time\" content=\"2023-02-01T22:13:30+00:00\" \/>\n<meta name=\"twitter:card\" content=\"summary_large_image\" \/>\n<meta name=\"twitter:label1\" content=\"Gesch\u00e4tzte Lesezeit\" \/>\n\t<meta name=\"twitter:data1\" content=\"1\u00a0Minute\" \/>\n<script type=\"application\/ld+json\" class=\"yoast-schema-graph\">{\"@context\":\"https:\/\/schema.org\",\"@graph\":[{\"@type\":\"WebPage\",\"@id\":\"https:\/\/spellsofthemoon.ch\/product\/citrine-bracelet\/\",\"url\":\"https:\/\/spellsofthemoon.ch\/product\/citrine-bracelet\/\",\"name\":\"Citrine Bracelet - spellsofthemoon\",\"isPartOf\":{\"@id\":\"https:\/\/spellsofthemoon.ch\/#website\"},\"primaryImageOfPage\":{\"@id\":\"https:\/\/spellsofthemoon.ch\/product\/citrine-bracelet\/#primaryimage\"},\"image\":{\"@id\":\"https:\/\/spellsofthemoon.ch\/product\/citrine-bracelet\/#primaryimage\"},\"thumbnailUrl\":\"https:\/\/spellsofthemoon.ch\/wp-content\/uploads\/2022\/10\/Citrine.jpg\",\"datePublished\":\"2023-01-18T21:57:04+00:00\",\"dateModified\":\"2023-02-01T22:13:30+00:00\",\"description\":\"The bracelet is made from the soft yellow colour Citrine stones with the cylindric or round golden spacer\/insert as a crystal separator.\",\"breadcrumb\":{\"@id\":\"https:\/\/spellsofthemoon.ch\/product\/citrine-bracelet\/#breadcrumb\"},\"inLanguage\":\"de-CH\",\"potentialAction\":[{\"@type\":\"ReadAction\",\"target\":[\"https:\/\/spellsofthemoon.ch\/product\/citrine-bracelet\/\"]}]},{\"@type\":\"ImageObject\",\"inLanguage\":\"de-CH\",\"@id\":\"https:\/\/spellsofthemoon.ch\/product\/citrine-bracelet\/#primaryimage\",\"url\":\"https:\/\/spellsofthemoon.ch\/wp-content\/uploads\/2022\/10\/Citrine.jpg\",\"contentUrl\":\"https:\/\/spellsofthemoon.ch\/wp-content\/uploads\/2022\/10\/Citrine.jpg\",\"width\":1200,\"height\":1440,\"caption\":\"Citrine Bracelet\"},{\"@type\":\"BreadcrumbList\",\"@id\":\"https:\/\/spellsofthemoon.ch\/product\/citrine-bracelet\/#breadcrumb\",\"itemListElement\":[{\"@type\":\"ListItem\",\"position\":1,\"name\":\"Home\",\"item\":\"https:\/\/spellsofthemoon.ch\/\"},{\"@type\":\"ListItem\",\"position\":2,\"name\":\"Shop\",\"item\":\"https:\/\/spellsofthemoon.ch\/shop\/\"},{\"@type\":\"ListItem\",\"position\":3,\"name\":\"Citrine Bracelet\"}]},{\"@type\":\"WebSite\",\"@id\":\"https:\/\/spellsofthemoon.ch\/#website\",\"url\":\"https:\/\/spellsofthemoon.ch\/\",\"name\":\"spellsofthemoon\",\"description\":\"Precious stones, bracelets from gemstones, hand made candles, home decor\",\"potentialAction\":[{\"@type\":\"SearchAction\",\"target\":{\"@type\":\"EntryPoint\",\"urlTemplate\":\"https:\/\/spellsofthemoon.ch\/?s={search_term_string}\"},\"query-input\":{\"@type\":\"PropertyValueSpecification\",\"valueRequired\":true,\"valueName\":\"search_term_string\"}}],\"inLanguage\":\"de-CH\"}]}<\/script>\n<!-- \/ Yoast SEO plugin. -->","yoast_head_json":{"title":"Citrine Bracelet - spellsofthemoon","description":"The bracelet is made from the soft yellow colour Citrine stones with the cylindric or round golden spacer\/insert as a crystal separator.","robots":{"index":"index","follow":"follow","max-snippet":"max-snippet:-1","max-image-preview":"max-image-preview:large","max-video-preview":"max-video-preview:-1"},"canonical":"https:\/\/spellsofthemoon.ch\/de\/produkt\/citrine-bracelet\/","og_locale":"de_DE","og_type":"article","og_title":"Citrine Bracelet - spellsofthemoon","og_description":"The bracelet is made from the soft yellow colour Citrine stones with the cylindric or round golden spacer\/insert as a crystal separator.","og_url":"https:\/\/spellsofthemoon.ch\/de\/produkt\/citrine-bracelet\/","og_site_name":"spellsofthemoon","article_modified_time":"2023-02-01T22:13:30+00:00","twitter_card":"summary_large_image","twitter_misc":{"Gesch\u00e4tzte Lesezeit":"1\u00a0Minute"},"schema":{"@context":"https:\/\/schema.org","@graph":[{"@type":"WebPage","@id":"https:\/\/spellsofthemoon.ch\/product\/citrine-bracelet\/","url":"https:\/\/spellsofthemoon.ch\/product\/citrine-bracelet\/","name":"Citrine Bracelet - spellsofthemoon","isPartOf":{"@id":"https:\/\/spellsofthemoon.ch\/#website"},"primaryImageOfPage":{"@id":"https:\/\/spellsofthemoon.ch\/product\/citrine-bracelet\/#primaryimage"},"image":{"@id":"https:\/\/spellsofthemoon.ch\/product\/citrine-bracelet\/#primaryimage"},"thumbnailUrl":"https:\/\/spellsofthemoon.ch\/wp-content\/uploads\/2022\/10\/Citrine.jpg","datePublished":"2023-01-18T21:57:04+00:00","dateModified":"2023-02-01T22:13:30+00:00","description":"The bracelet is made from the soft yellow colour Citrine stones with the cylindric or round golden spacer\/insert as a crystal separator.","breadcrumb":{"@id":"https:\/\/spellsofthemoon.ch\/product\/citrine-bracelet\/#breadcrumb"},"inLanguage":"de-CH","potentialAction":[{"@type":"ReadAction","target":["https:\/\/spellsofthemoon.ch\/product\/citrine-bracelet\/"]}]},{"@type":"ImageObject","inLanguage":"de-CH","@id":"https:\/\/spellsofthemoon.ch\/product\/citrine-bracelet\/#primaryimage","url":"https:\/\/spellsofthemoon.ch\/wp-content\/uploads\/2022\/10\/Citrine.jpg","contentUrl":"https:\/\/spellsofthemoon.ch\/wp-content\/uploads\/2022\/10\/Citrine.jpg","width":1200,"height":1440,"caption":"Citrine Bracelet"},{"@type":"BreadcrumbList","@id":"https:\/\/spellsofthemoon.ch\/product\/citrine-bracelet\/#breadcrumb","itemListElement":[{"@type":"ListItem","position":1,"name":"Home","item":"https:\/\/spellsofthemoon.ch\/"},{"@type":"ListItem","position":2,"name":"Shop","item":"https:\/\/spellsofthemoon.ch\/shop\/"},{"@type":"ListItem","position":3,"name":"Citrine Bracelet"}]},{"@type":"WebSite","@id":"https:\/\/spellsofthemoon.ch\/#website","url":"https:\/\/spellsofthemoon.ch\/","name":"Zauber des Mondes","description":"Edelsteine, Armb\u00e4nder aus Edelsteinen, handgefertigte Kerzen, Wohnkultur","potentialAction":[{"@type":"SearchAction","target":{"@type":"EntryPoint","urlTemplate":"https:\/\/spellsofthemoon.ch\/?s={search_term_string}"},"query-input":{"@type":"PropertyValueSpecification","valueRequired":true,"valueName":"search_term_string"}}],"inLanguage":"de-CH"}]}},"_links":{"self":[{"href":"https:\/\/spellsofthemoon.ch\/de\/wp-json\/wp\/v2\/product\/5619","targetHints":{"allow":["GET"]}}],"collection":[{"href":"https:\/\/spellsofthemoon.ch\/de\/wp-json\/wp\/v2\/product"}],"about":[{"href":"https:\/\/spellsofthemoon.ch\/de\/wp-json\/wp\/v2\/types\/product"}],"replies":[{"embeddable":true,"href":"https:\/\/spellsofthemoon.ch\/de\/wp-json\/wp\/v2\/comments?post=5619"}],"wp:featuredmedia":[{"embeddable":true,"href":"https:\/\/spellsofthemoon.ch\/de\/wp-json\/wp\/v2\/media\/4303"}],"wp:attachment":[{"href":"https:\/\/spellsofthemoon.ch\/de\/wp-json\/wp\/v2\/media?parent=5619"}],"wp:term":[{"taxonomy":"product_brand","embeddable":true,"href":"https:\/\/spellsofthemoon.ch\/de\/wp-json\/wp\/v2\/product_brand?post=5619"},{"taxonomy":"product_cat","embeddable":true,"href":"https:\/\/spellsofthemoon.ch\/de\/wp-json\/wp\/v2\/product_cat?post=5619"},{"taxonomy":"product_tag","embeddable":true,"href":"https:\/\/spellsofthemoon.ch\/de\/wp-json\/wp\/v2\/product_tag?post=5619"}],"curies":[{"name":"wp","href":"https:\/\/api.w.org\/{rel}","templated":true}]}}