{"id":5610,"date":"2023-01-18T22:57:03","date_gmt":"2023-01-18T21:57:03","guid":{"rendered":"https:\/\/spellsofthemoon.ch\/?post_type=product&#038;p=5610"},"modified":"2023-02-01T23:13:30","modified_gmt":"2023-02-01T22:13:30","slug":"carnelian-karneol-bracelet","status":"publish","type":"product","link":"https:\/\/spellsofthemoon.ch\/de\/produkt\/carnelian-karneol-bracelet\/","title":{"rendered":"Karneol (Karneol) Armband"},"content":{"rendered":"<p><strong>Schl\u00fcsselw\u00f6rter:<\/strong> Freude. Liebe. Entspannung. Suche nach der anderen H\u00e4lfte.<\/p>\n<p><strong>Karneol:<\/strong><\/p>\n<p>\u2013 Beruhigende Ablenkungen.<br \/>\n\u2013 Beruhigt Wut, \u00c4ngste, Eifersucht.<br \/>\n\u2013 Ermutigt zu Einfachheit und Aufrichtigkeit, ermutigt, man selbst zu sein.<br \/>\n\u2013 Verbessert die Blutqualit\u00e4t, Vitaminaufnahme.<br \/>\n\u2013 Reinigt und stimuliert den Darm, die Leber, verbessert die sexuelle Funktion, beschleunigt die Wundheilung.<br \/>\n\u2013 F\u00f6rdert die Stabilit\u00e4t im Haushalt, st\u00e4rkt die Liebe zwischen Eltern und Kindern und beiden Ehepartnern.<br \/>\n\u2013 Hilft bei der Kommunikation mit dem anderen Geschlecht und den Eltern (insbesondere bei Spannungen in der Kommunikation).<\/p>\n<p>Wem wird Karneol besonders empfohlen?<\/p>\n<ul>\n<li>Diejenigen, die in ihren Elternh\u00e4usern zur\u00fcckgehalten, stigmatisiert und vernachl\u00e4ssigt wurden.<\/li>\n<li>Diejenigen, die im Umgang mit dem anderen Geschlecht oder ihren Eltern Spannungen versp\u00fcren.<\/li>\n<li>Frauen, die ihre weibliche Natur erwecken m\u00fcssen.<\/li>\n<li>Frauen, die in der Liebe noch erfolglos sind oder denen es schwer f\u00e4llt, einen festen Liebhaber zu finden.<\/li>\n<li>Diejenigen, denen Optimismus und Freude fehlen.<\/li>\n<li>Diejenigen, die kreativ sind.<\/li>\n<li>Die am Theater Beteiligten.<\/li>\n<li>Die in ihrem Leben etwas ver\u00e4ndern m\u00f6chten.\n<\/ul>","protected":false},"excerpt":{"rendered":"<p>Das Thema des Karneols ist Freude. Seine Hauptfunktion besteht darin, Blockaden zu l\u00f6sen, die den Fluss der Freudenenergie verhindern. Es ist f\u00fcr diejenigen geeignet, denen es schwer f\u00e4llt, sich zu entspannen. Karneol zieht die wahre zweite H\u00e4lfte an, weshalb er zur Herstellung von Liebesamuletten verwendet wird. Er ist auch ein toller Beauty-Stein, denn die Haut von Karneol-Tr\u00e4gern wird jugendlich sch\u00f6n und frisch.<\/p>","protected":false},"featured_media":4295,"comment_status":"open","ping_status":"closed","template":"","meta":[],"product_brand":[],"product_cat":[105],"product_tag":[171],"class_list":{"0":"post-5610","1":"product","2":"type-product","3":"status-publish","4":"has-post-thumbnail","6":"product_cat-bracelets","7":"product_tag-carnelian","8":"pa_gemstone-carnelian","10":"first","11":"instock","12":"taxable","13":"shipping-taxable","14":"purchasable","15":"product-type-variable","16":"has-default-attributes"},"yoast_head":"<!-- This site is optimized with the Yoast SEO plugin v26.1.1 - https:\/\/yoast.com\/wordpress\/plugins\/seo\/ -->\n<title>Carnelian (Karneol) Bracelet - spellsofthemoon<\/title>\n<meta name=\"description\" content=\"The bracelet is made from the red colour Carnelian (Karneol) stones with the cylindric or round silver colour spacer\/insert as a crystal separator.\" \/>\n<meta name=\"robots\" content=\"index, follow, max-snippet:-1, max-image-preview:large, max-video-preview:-1\" \/>\n<link rel=\"canonical\" href=\"https:\/\/spellsofthemoon.ch\/de\/produkt\/carnelian-karneol-bracelet\/\" \/>\n<meta property=\"og:locale\" content=\"de_DE\" \/>\n<meta property=\"og:type\" content=\"article\" \/>\n<meta property=\"og:title\" content=\"Carnelian (Karneol) Bracelet - spellsofthemoon\" \/>\n<meta property=\"og:description\" content=\"The bracelet is made from the red colour Carnelian (Karneol) stones with the cylindric or round silver colour spacer\/insert as a crystal separator.\" \/>\n<meta property=\"og:url\" content=\"https:\/\/spellsofthemoon.ch\/de\/produkt\/carnelian-karneol-bracelet\/\" \/>\n<meta property=\"og:site_name\" content=\"spellsofthemoon\" \/>\n<meta property=\"article:modified_time\" content=\"2023-02-01T22:13:30+00:00\" \/>\n<meta name=\"twitter:card\" content=\"summary_large_image\" \/>\n<meta name=\"twitter:label1\" content=\"Gesch\u00e4tzte Lesezeit\" \/>\n\t<meta name=\"twitter:data1\" content=\"1\u00a0Minute\" \/>\n<script type=\"application\/ld+json\" class=\"yoast-schema-graph\">{\"@context\":\"https:\/\/schema.org\",\"@graph\":[{\"@type\":\"WebPage\",\"@id\":\"https:\/\/spellsofthemoon.ch\/product\/carnelian-karneol-bracelet\/\",\"url\":\"https:\/\/spellsofthemoon.ch\/product\/carnelian-karneol-bracelet\/\",\"name\":\"Carnelian (Karneol) Bracelet - spellsofthemoon\",\"isPartOf\":{\"@id\":\"https:\/\/spellsofthemoon.ch\/#website\"},\"primaryImageOfPage\":{\"@id\":\"https:\/\/spellsofthemoon.ch\/product\/carnelian-karneol-bracelet\/#primaryimage\"},\"image\":{\"@id\":\"https:\/\/spellsofthemoon.ch\/product\/carnelian-karneol-bracelet\/#primaryimage\"},\"thumbnailUrl\":\"https:\/\/spellsofthemoon.ch\/wp-content\/uploads\/2022\/10\/Carnelian-Karneol.jpg\",\"datePublished\":\"2023-01-18T21:57:03+00:00\",\"dateModified\":\"2023-02-01T22:13:30+00:00\",\"description\":\"The bracelet is made from the red colour Carnelian (Karneol) stones with the cylindric or round silver colour spacer\/insert as a crystal separator.\",\"breadcrumb\":{\"@id\":\"https:\/\/spellsofthemoon.ch\/product\/carnelian-karneol-bracelet\/#breadcrumb\"},\"inLanguage\":\"de-CH\",\"potentialAction\":[{\"@type\":\"ReadAction\",\"target\":[\"https:\/\/spellsofthemoon.ch\/product\/carnelian-karneol-bracelet\/\"]}]},{\"@type\":\"ImageObject\",\"inLanguage\":\"de-CH\",\"@id\":\"https:\/\/spellsofthemoon.ch\/product\/carnelian-karneol-bracelet\/#primaryimage\",\"url\":\"https:\/\/spellsofthemoon.ch\/wp-content\/uploads\/2022\/10\/Carnelian-Karneol.jpg\",\"contentUrl\":\"https:\/\/spellsofthemoon.ch\/wp-content\/uploads\/2022\/10\/Carnelian-Karneol.jpg\",\"width\":1200,\"height\":1440,\"caption\":\"Carnelian Bracelet\"},{\"@type\":\"BreadcrumbList\",\"@id\":\"https:\/\/spellsofthemoon.ch\/product\/carnelian-karneol-bracelet\/#breadcrumb\",\"itemListElement\":[{\"@type\":\"ListItem\",\"position\":1,\"name\":\"Home\",\"item\":\"https:\/\/spellsofthemoon.ch\/\"},{\"@type\":\"ListItem\",\"position\":2,\"name\":\"Shop\",\"item\":\"https:\/\/spellsofthemoon.ch\/shop\/\"},{\"@type\":\"ListItem\",\"position\":3,\"name\":\"Carnelian (Karneol) Bracelet\"}]},{\"@type\":\"WebSite\",\"@id\":\"https:\/\/spellsofthemoon.ch\/#website\",\"url\":\"https:\/\/spellsofthemoon.ch\/\",\"name\":\"spellsofthemoon\",\"description\":\"Precious stones, bracelets from gemstones, hand made candles, home decor\",\"potentialAction\":[{\"@type\":\"SearchAction\",\"target\":{\"@type\":\"EntryPoint\",\"urlTemplate\":\"https:\/\/spellsofthemoon.ch\/?s={search_term_string}\"},\"query-input\":{\"@type\":\"PropertyValueSpecification\",\"valueRequired\":true,\"valueName\":\"search_term_string\"}}],\"inLanguage\":\"de-CH\"}]}<\/script>\n<!-- \/ Yoast SEO plugin. -->","yoast_head_json":{"title":"Carnelian (Karneol) Bracelet - spellsofthemoon","description":"The bracelet is made from the red colour Carnelian (Karneol) stones with the cylindric or round silver colour spacer\/insert as a crystal separator.","robots":{"index":"index","follow":"follow","max-snippet":"max-snippet:-1","max-image-preview":"max-image-preview:large","max-video-preview":"max-video-preview:-1"},"canonical":"https:\/\/spellsofthemoon.ch\/de\/produkt\/carnelian-karneol-bracelet\/","og_locale":"de_DE","og_type":"article","og_title":"Carnelian (Karneol) Bracelet - spellsofthemoon","og_description":"The bracelet is made from the red colour Carnelian (Karneol) stones with the cylindric or round silver colour spacer\/insert as a crystal separator.","og_url":"https:\/\/spellsofthemoon.ch\/de\/produkt\/carnelian-karneol-bracelet\/","og_site_name":"spellsofthemoon","article_modified_time":"2023-02-01T22:13:30+00:00","twitter_card":"summary_large_image","twitter_misc":{"Gesch\u00e4tzte Lesezeit":"1\u00a0Minute"},"schema":{"@context":"https:\/\/schema.org","@graph":[{"@type":"WebPage","@id":"https:\/\/spellsofthemoon.ch\/product\/carnelian-karneol-bracelet\/","url":"https:\/\/spellsofthemoon.ch\/product\/carnelian-karneol-bracelet\/","name":"Carnelian (Karneol) Bracelet - spellsofthemoon","isPartOf":{"@id":"https:\/\/spellsofthemoon.ch\/#website"},"primaryImageOfPage":{"@id":"https:\/\/spellsofthemoon.ch\/product\/carnelian-karneol-bracelet\/#primaryimage"},"image":{"@id":"https:\/\/spellsofthemoon.ch\/product\/carnelian-karneol-bracelet\/#primaryimage"},"thumbnailUrl":"https:\/\/spellsofthemoon.ch\/wp-content\/uploads\/2022\/10\/Carnelian-Karneol.jpg","datePublished":"2023-01-18T21:57:03+00:00","dateModified":"2023-02-01T22:13:30+00:00","description":"The bracelet is made from the red colour Carnelian (Karneol) stones with the cylindric or round silver colour spacer\/insert as a crystal separator.","breadcrumb":{"@id":"https:\/\/spellsofthemoon.ch\/product\/carnelian-karneol-bracelet\/#breadcrumb"},"inLanguage":"de-CH","potentialAction":[{"@type":"ReadAction","target":["https:\/\/spellsofthemoon.ch\/product\/carnelian-karneol-bracelet\/"]}]},{"@type":"ImageObject","inLanguage":"de-CH","@id":"https:\/\/spellsofthemoon.ch\/product\/carnelian-karneol-bracelet\/#primaryimage","url":"https:\/\/spellsofthemoon.ch\/wp-content\/uploads\/2022\/10\/Carnelian-Karneol.jpg","contentUrl":"https:\/\/spellsofthemoon.ch\/wp-content\/uploads\/2022\/10\/Carnelian-Karneol.jpg","width":1200,"height":1440,"caption":"Carnelian Bracelet"},{"@type":"BreadcrumbList","@id":"https:\/\/spellsofthemoon.ch\/product\/carnelian-karneol-bracelet\/#breadcrumb","itemListElement":[{"@type":"ListItem","position":1,"name":"Home","item":"https:\/\/spellsofthemoon.ch\/"},{"@type":"ListItem","position":2,"name":"Shop","item":"https:\/\/spellsofthemoon.ch\/shop\/"},{"@type":"ListItem","position":3,"name":"Carnelian (Karneol) Bracelet"}]},{"@type":"WebSite","@id":"https:\/\/spellsofthemoon.ch\/#website","url":"https:\/\/spellsofthemoon.ch\/","name":"Zauber des Mondes","description":"Edelsteine, Armb\u00e4nder aus Edelsteinen, handgefertigte Kerzen, Wohnkultur","potentialAction":[{"@type":"SearchAction","target":{"@type":"EntryPoint","urlTemplate":"https:\/\/spellsofthemoon.ch\/?s={search_term_string}"},"query-input":{"@type":"PropertyValueSpecification","valueRequired":true,"valueName":"search_term_string"}}],"inLanguage":"de-CH"}]}},"_links":{"self":[{"href":"https:\/\/spellsofthemoon.ch\/de\/wp-json\/wp\/v2\/product\/5610","targetHints":{"allow":["GET"]}}],"collection":[{"href":"https:\/\/spellsofthemoon.ch\/de\/wp-json\/wp\/v2\/product"}],"about":[{"href":"https:\/\/spellsofthemoon.ch\/de\/wp-json\/wp\/v2\/types\/product"}],"replies":[{"embeddable":true,"href":"https:\/\/spellsofthemoon.ch\/de\/wp-json\/wp\/v2\/comments?post=5610"}],"wp:featuredmedia":[{"embeddable":true,"href":"https:\/\/spellsofthemoon.ch\/de\/wp-json\/wp\/v2\/media\/4295"}],"wp:attachment":[{"href":"https:\/\/spellsofthemoon.ch\/de\/wp-json\/wp\/v2\/media?parent=5610"}],"wp:term":[{"taxonomy":"product_brand","embeddable":true,"href":"https:\/\/spellsofthemoon.ch\/de\/wp-json\/wp\/v2\/product_brand?post=5610"},{"taxonomy":"product_cat","embeddable":true,"href":"https:\/\/spellsofthemoon.ch\/de\/wp-json\/wp\/v2\/product_cat?post=5610"},{"taxonomy":"product_tag","embeddable":true,"href":"https:\/\/spellsofthemoon.ch\/de\/wp-json\/wp\/v2\/product_tag?post=5610"}],"curies":[{"name":"wp","href":"https:\/\/api.w.org\/{rel}","templated":true}]}}