{"id":5601,"date":"2023-01-18T22:56:58","date_gmt":"2023-01-18T21:56:58","guid":{"rendered":"https:\/\/spellsofthemoon.ch\/?post_type=product&#038;p=5601"},"modified":"2023-02-01T23:13:30","modified_gmt":"2023-02-01T22:13:30","slug":"aquamarine-bracelet","status":"publish","type":"product","link":"https:\/\/spellsofthemoon.ch\/de\/produkt\/aquamarine-bracelet\/","title":{"rendered":"Aquamarin-Armband"},"content":{"rendered":"<p><strong>Schl\u00fcsselw\u00f6rter:<\/strong> Selbsterkenntnis. Emotionale Stabilit\u00e4t. Das Bewusstsein. Stein des Mutes. <\/p>\n<p><strong>Aquamarin:<\/strong><\/p>\n<p>\u2013 Bietet emotionale Stabilit\u00e4t, beruhigt irrationale \u00c4ngste, Orientierungsst\u00f6rungen, Ablenkungen.<br \/>\n\u2013 Sch\u00fctzt diejenigen, die das Gute suchen.<br \/>\n\u2013 Sch\u00fctzt vor Gefahren auf Reisen und hilft, Geheimnisse und T\u00e4uschungen aufzudecken.<br \/>\n\u2013 Bietet die F\u00e4higkeit, die Informationen zu verstehen, die durch Meditationen und Rituale kommen, und hilft gleichzeitig, zentriert zu bleiben.<br \/>\n\u2013 Aquamarin hilft einem, dynamisch und ausdauernd in seinem beruflichen Erfolg im Gesch\u00e4ft oder bei der Arbeit zu sein.<br \/>\n\u2013 St\u00e4rkt diejenigen, die mit Entschlossenheit und Mut ihre Ziele erreichen wollen.<br \/>\n\u2013 Das Mineral stimuliert den geistigen und intellektuellen Selbstausdruck und die Beschleunigung von Denkprozessen.<br \/>\n\u2013 Wirkt positiv auf die Chakren, revitalisiert alle feinstofflichen Systeme, reinigt die Aura.<\/p>\n<p><strong>Feng Shui:<\/strong> Platzieren Sie den Kristall in der Berufs- und Karriereecke im Norden, um den Weg zum Ziel zu st\u00e4rken und zu verk\u00fcrzen, um Schwierigkeiten zu \u00fcberwinden. <\/p>","protected":false},"excerpt":{"rendered":"<p>Das Thema Aquamarin erweckt die Seele. Aquamarin beruhigt die Traumata der erwachenden Seele. Es f\u00f6rdert Hellsehen, das Entdecken neuer Wege, Frieden, Reinheit, Ehrlichkeit, Gerechtigkeit. Aquamarin zieht die Unterst\u00fctzung des Spirituellen F\u00fchrers an. Aquamarin regt das Bed\u00fcrfnis nach Selbsterkenntnis und den gesamten Bewusstseinsprozess an und st\u00e4rkt den Kontakt zum H\u00f6heren Selbst.  <\/p>","protected":false},"featured_media":4287,"comment_status":"open","ping_status":"closed","template":"","meta":[],"product_brand":[],"product_cat":[105],"product_tag":[169],"class_list":{"0":"post-5601","1":"product","2":"type-product","3":"status-publish","4":"has-post-thumbnail","6":"product_cat-bracelets","7":"product_tag-aquamarine","8":"pa_gemstone-aquamarine","10":"first","11":"instock","12":"taxable","13":"shipping-taxable","14":"purchasable","15":"product-type-variable","16":"has-default-attributes"},"yoast_head":"<!-- This site is optimized with the Yoast SEO plugin v26.1.1 - https:\/\/yoast.com\/wordpress\/plugins\/seo\/ -->\n<title>Aquamarine Bracelet - spellsofthemoon<\/title>\n<meta name=\"description\" content=\"The bracelet is made from the white colour Aquamarine stones with the cylindric or round silver colour spacer\/insert as a crystal separator.\" \/>\n<meta name=\"robots\" content=\"index, follow, max-snippet:-1, max-image-preview:large, max-video-preview:-1\" \/>\n<link rel=\"canonical\" href=\"https:\/\/spellsofthemoon.ch\/de\/produkt\/aquamarine-bracelet\/\" \/>\n<meta property=\"og:locale\" content=\"de_DE\" \/>\n<meta property=\"og:type\" content=\"article\" \/>\n<meta property=\"og:title\" content=\"Aquamarine Bracelet - spellsofthemoon\" \/>\n<meta property=\"og:description\" content=\"The bracelet is made from the white colour Aquamarine stones with the cylindric or round silver colour spacer\/insert as a crystal separator.\" \/>\n<meta property=\"og:url\" content=\"https:\/\/spellsofthemoon.ch\/de\/produkt\/aquamarine-bracelet\/\" \/>\n<meta property=\"og:site_name\" content=\"spellsofthemoon\" \/>\n<meta property=\"article:modified_time\" content=\"2023-02-01T22:13:30+00:00\" \/>\n<meta name=\"twitter:card\" content=\"summary_large_image\" \/>\n<meta name=\"twitter:label1\" content=\"Gesch\u00e4tzte Lesezeit\" \/>\n\t<meta name=\"twitter:data1\" content=\"1\u00a0Minute\" \/>\n<script type=\"application\/ld+json\" class=\"yoast-schema-graph\">{\"@context\":\"https:\/\/schema.org\",\"@graph\":[{\"@type\":\"WebPage\",\"@id\":\"https:\/\/spellsofthemoon.ch\/product\/aquamarine-bracelet\/\",\"url\":\"https:\/\/spellsofthemoon.ch\/product\/aquamarine-bracelet\/\",\"name\":\"Aquamarine Bracelet - spellsofthemoon\",\"isPartOf\":{\"@id\":\"https:\/\/spellsofthemoon.ch\/#website\"},\"primaryImageOfPage\":{\"@id\":\"https:\/\/spellsofthemoon.ch\/product\/aquamarine-bracelet\/#primaryimage\"},\"image\":{\"@id\":\"https:\/\/spellsofthemoon.ch\/product\/aquamarine-bracelet\/#primaryimage\"},\"thumbnailUrl\":\"https:\/\/spellsofthemoon.ch\/wp-content\/uploads\/2022\/10\/Aquamarine.jpg\",\"datePublished\":\"2023-01-18T21:56:58+00:00\",\"dateModified\":\"2023-02-01T22:13:30+00:00\",\"description\":\"The bracelet is made from the white colour Aquamarine stones with the cylindric or round silver colour spacer\/insert as a crystal separator.\",\"breadcrumb\":{\"@id\":\"https:\/\/spellsofthemoon.ch\/product\/aquamarine-bracelet\/#breadcrumb\"},\"inLanguage\":\"de-CH\",\"potentialAction\":[{\"@type\":\"ReadAction\",\"target\":[\"https:\/\/spellsofthemoon.ch\/product\/aquamarine-bracelet\/\"]}]},{\"@type\":\"ImageObject\",\"inLanguage\":\"de-CH\",\"@id\":\"https:\/\/spellsofthemoon.ch\/product\/aquamarine-bracelet\/#primaryimage\",\"url\":\"https:\/\/spellsofthemoon.ch\/wp-content\/uploads\/2022\/10\/Aquamarine.jpg\",\"contentUrl\":\"https:\/\/spellsofthemoon.ch\/wp-content\/uploads\/2022\/10\/Aquamarine.jpg\",\"width\":1200,\"height\":1440,\"caption\":\"Aquamarine Bracelet\"},{\"@type\":\"BreadcrumbList\",\"@id\":\"https:\/\/spellsofthemoon.ch\/product\/aquamarine-bracelet\/#breadcrumb\",\"itemListElement\":[{\"@type\":\"ListItem\",\"position\":1,\"name\":\"Home\",\"item\":\"https:\/\/spellsofthemoon.ch\/\"},{\"@type\":\"ListItem\",\"position\":2,\"name\":\"Shop\",\"item\":\"https:\/\/spellsofthemoon.ch\/shop\/\"},{\"@type\":\"ListItem\",\"position\":3,\"name\":\"Aquamarine Bracelet\"}]},{\"@type\":\"WebSite\",\"@id\":\"https:\/\/spellsofthemoon.ch\/#website\",\"url\":\"https:\/\/spellsofthemoon.ch\/\",\"name\":\"spellsofthemoon\",\"description\":\"Precious stones, bracelets from gemstones, hand made candles, home decor\",\"potentialAction\":[{\"@type\":\"SearchAction\",\"target\":{\"@type\":\"EntryPoint\",\"urlTemplate\":\"https:\/\/spellsofthemoon.ch\/?s={search_term_string}\"},\"query-input\":{\"@type\":\"PropertyValueSpecification\",\"valueRequired\":true,\"valueName\":\"search_term_string\"}}],\"inLanguage\":\"de-CH\"}]}<\/script>\n<!-- \/ Yoast SEO plugin. -->","yoast_head_json":{"title":"Aquamarine Bracelet - spellsofthemoon","description":"The bracelet is made from the white colour Aquamarine stones with the cylindric or round silver colour spacer\/insert as a crystal separator.","robots":{"index":"index","follow":"follow","max-snippet":"max-snippet:-1","max-image-preview":"max-image-preview:large","max-video-preview":"max-video-preview:-1"},"canonical":"https:\/\/spellsofthemoon.ch\/de\/produkt\/aquamarine-bracelet\/","og_locale":"de_DE","og_type":"article","og_title":"Aquamarine Bracelet - spellsofthemoon","og_description":"The bracelet is made from the white colour Aquamarine stones with the cylindric or round silver colour spacer\/insert as a crystal separator.","og_url":"https:\/\/spellsofthemoon.ch\/de\/produkt\/aquamarine-bracelet\/","og_site_name":"spellsofthemoon","article_modified_time":"2023-02-01T22:13:30+00:00","twitter_card":"summary_large_image","twitter_misc":{"Gesch\u00e4tzte Lesezeit":"1\u00a0Minute"},"schema":{"@context":"https:\/\/schema.org","@graph":[{"@type":"WebPage","@id":"https:\/\/spellsofthemoon.ch\/product\/aquamarine-bracelet\/","url":"https:\/\/spellsofthemoon.ch\/product\/aquamarine-bracelet\/","name":"Aquamarine Bracelet - spellsofthemoon","isPartOf":{"@id":"https:\/\/spellsofthemoon.ch\/#website"},"primaryImageOfPage":{"@id":"https:\/\/spellsofthemoon.ch\/product\/aquamarine-bracelet\/#primaryimage"},"image":{"@id":"https:\/\/spellsofthemoon.ch\/product\/aquamarine-bracelet\/#primaryimage"},"thumbnailUrl":"https:\/\/spellsofthemoon.ch\/wp-content\/uploads\/2022\/10\/Aquamarine.jpg","datePublished":"2023-01-18T21:56:58+00:00","dateModified":"2023-02-01T22:13:30+00:00","description":"The bracelet is made from the white colour Aquamarine stones with the cylindric or round silver colour spacer\/insert as a crystal separator.","breadcrumb":{"@id":"https:\/\/spellsofthemoon.ch\/product\/aquamarine-bracelet\/#breadcrumb"},"inLanguage":"de-CH","potentialAction":[{"@type":"ReadAction","target":["https:\/\/spellsofthemoon.ch\/product\/aquamarine-bracelet\/"]}]},{"@type":"ImageObject","inLanguage":"de-CH","@id":"https:\/\/spellsofthemoon.ch\/product\/aquamarine-bracelet\/#primaryimage","url":"https:\/\/spellsofthemoon.ch\/wp-content\/uploads\/2022\/10\/Aquamarine.jpg","contentUrl":"https:\/\/spellsofthemoon.ch\/wp-content\/uploads\/2022\/10\/Aquamarine.jpg","width":1200,"height":1440,"caption":"Aquamarine Bracelet"},{"@type":"BreadcrumbList","@id":"https:\/\/spellsofthemoon.ch\/product\/aquamarine-bracelet\/#breadcrumb","itemListElement":[{"@type":"ListItem","position":1,"name":"Home","item":"https:\/\/spellsofthemoon.ch\/"},{"@type":"ListItem","position":2,"name":"Shop","item":"https:\/\/spellsofthemoon.ch\/shop\/"},{"@type":"ListItem","position":3,"name":"Aquamarine Bracelet"}]},{"@type":"WebSite","@id":"https:\/\/spellsofthemoon.ch\/#website","url":"https:\/\/spellsofthemoon.ch\/","name":"Zauber des Mondes","description":"Edelsteine, Armb\u00e4nder aus Edelsteinen, handgefertigte Kerzen, Wohnkultur","potentialAction":[{"@type":"SearchAction","target":{"@type":"EntryPoint","urlTemplate":"https:\/\/spellsofthemoon.ch\/?s={search_term_string}"},"query-input":{"@type":"PropertyValueSpecification","valueRequired":true,"valueName":"search_term_string"}}],"inLanguage":"de-CH"}]}},"_links":{"self":[{"href":"https:\/\/spellsofthemoon.ch\/de\/wp-json\/wp\/v2\/product\/5601","targetHints":{"allow":["GET"]}}],"collection":[{"href":"https:\/\/spellsofthemoon.ch\/de\/wp-json\/wp\/v2\/product"}],"about":[{"href":"https:\/\/spellsofthemoon.ch\/de\/wp-json\/wp\/v2\/types\/product"}],"replies":[{"embeddable":true,"href":"https:\/\/spellsofthemoon.ch\/de\/wp-json\/wp\/v2\/comments?post=5601"}],"wp:featuredmedia":[{"embeddable":true,"href":"https:\/\/spellsofthemoon.ch\/de\/wp-json\/wp\/v2\/media\/4287"}],"wp:attachment":[{"href":"https:\/\/spellsofthemoon.ch\/de\/wp-json\/wp\/v2\/media?parent=5601"}],"wp:term":[{"taxonomy":"product_brand","embeddable":true,"href":"https:\/\/spellsofthemoon.ch\/de\/wp-json\/wp\/v2\/product_brand?post=5601"},{"taxonomy":"product_cat","embeddable":true,"href":"https:\/\/spellsofthemoon.ch\/de\/wp-json\/wp\/v2\/product_cat?post=5601"},{"taxonomy":"product_tag","embeddable":true,"href":"https:\/\/spellsofthemoon.ch\/de\/wp-json\/wp\/v2\/product_tag?post=5601"}],"curies":[{"name":"wp","href":"https:\/\/api.w.org\/{rel}","templated":true}]}}