{"id":5592,"date":"2023-01-18T22:56:57","date_gmt":"2023-01-18T21:56:57","guid":{"rendered":"https:\/\/spellsofthemoon.ch\/?post_type=product&#038;p=5592"},"modified":"2024-07-09T22:28:13","modified_gmt":"2024-07-09T20:28:13","slug":"malachite-bracelet","status":"publish","type":"product","link":"https:\/\/spellsofthemoon.ch\/de\/produkt\/malachite-bracelet\/","title":{"rendered":"Malachit-Armband"},"content":{"rendered":"<p><strong>Schl\u00fcsselw\u00f6rter:<\/strong> Irdische Liebe. Familiengl\u00fcck. Das Rampenlicht auf die Menschen um uns herum.<\/p>\n<p><strong>Malachit:<\/strong><\/p>\n<p>\u2013 F\u00f6rdert einen aktiven, aber harmonischen Selbstausdruck.<br \/>\n\u2013 F\u00f6rdert die Kreativit\u00e4t.<br \/>\n\u2013 Lehrt Toleranz in Beziehungen.<br \/>\n\u2013 F\u00f6rdert das schnelle Erfassen und Nutzen von Informationen.<br \/>\n\u2013 Achtsamkeit lehren.<br \/>\n\u2013 Beruhigt \u00c4ngstlichkeit und Geisteskrankheiten.<br \/>\n\u2013 Beruhigt die Angst, man selbst zu sein, die Angst vor Verlust, die Angst, sich der Liebe und Z\u00e4rtlichkeit zu \u00f6ffnen.<br \/>\n\u2013 Hilft bei der Angst, Eltern zu sein.<br \/>\n\u2013 F\u00f6rdert Sicherheit, Entspannung, Selbstakzeptanz.<br \/>\n\u2013 Entfernt Hindernisse aus dem Weg, um das Erreichen des Ziels zu erleichtern.<br \/>\n\u2013 Sch\u00fctzt Flugreisende.<br \/>\n\u2013 Zieht viel Aufmerksamkeit von anderen Menschen auf sich.<br \/>\n\u2013 F\u00f6rdert die sexuelle Anziehung und den Kontakt mit anderen Menschen.<br \/>\n\u2013 Zieht h\u00e4usliches Gl\u00fcck an.<br \/>\n\u2013 Bietet Schutz f\u00fcr M\u00e4nner in Extremsituationen, f\u00f6rdert dauerhafte Gesch\u00e4ftsbeziehungen, Stabilit\u00e4t am Arbeitsplatz.<br \/>\n\u2013 Er\u00f6ffnet auch in schwierigsten Situationen neue M\u00f6glichkeiten.<\/p>\n<p><strong>Feng Shui: <\/strong>Der Kristall wird in der Ecke von Familie und Gesundheit platziert: im Osten, verbindet und stabilisiert die Familie. In der Ecke von Reichtum und F\u00fclle im S\u00fcdosten zieht es Reichtum an. In der Ecke von Ruhm und Anerkennung \u2013 im S\u00fcden f\u00f6rdert die Anerkennung.<\/p>\n<p>Wem wird das Tragen von Malachit besonders empfohlen?<\/p>\n<ul>\n<li>Heiler und diejenigen, die sich mit den Problemen anderer Menschen auseinandersetzen m\u00fcssen<\/li>\n<li>Diejenigen, die in einer Umbruchphase sind, es aber gerne etwas leichter haben m\u00f6chten.<\/li>\n<li style=\"list-style-type: none;\"><\/li>\n<li>Schriftsteller, Dichter und andere, die sich auf ihre Weise mit Kreativit\u00e4t besch\u00e4ftigen oder einfach nur attraktiv f\u00fcr andere sein wollen. Unverzichtbar f\u00fcr Schauspieler.<\/li>\n<li>Jeder, der die Aufmerksamkeit eines Publikums braucht, der auf der B\u00fchne, im Fernsehen etc.<\/li>\n<li>F\u00fcr diejenigen, die keine Angst haben, \u201enach innen\u201c zu gehen, um ihre verborgenen Talente zu finden<\/li>\n<li>Frauen und M\u00e4dchen, die Pech in der Liebe haben.<\/li>\n<\/ul>","protected":false},"excerpt":{"rendered":"<p>Das Thema des Malachit ist die irdische Liebe. Durch den Kauf von Malachit ziehen Sie die Aufmerksamkeit anderer Menschen auf sich und bewahren seine Attraktivit\u00e4t und seinen Charme f\u00fcr lange Zeit. Aufgrund dieser Eigenschaften wird Malachit besonders von Menschen gesch\u00e4tzt, die Anerkennung suchen und gerne im Mittelpunkt stehen. Es harmonisiert die Beziehung zwischen Mann und Frau und hilft, die Liebe zu entdecken.<\/p>","protected":false},"featured_media":4276,"comment_status":"open","ping_status":"closed","template":"","meta":[],"product_brand":[],"product_cat":[105],"product_tag":[168],"class_list":{"0":"post-5592","1":"product","2":"type-product","3":"status-publish","4":"has-post-thumbnail","6":"product_cat-bracelets","7":"product_tag-malachite","8":"pa_gemstone-malachite","10":"first","11":"outofstock","12":"taxable","13":"shipping-taxable","14":"purchasable","15":"product-type-variable","16":"has-default-attributes"},"yoast_head":"<!-- This site is optimized with the Yoast SEO plugin v26.1.1 - https:\/\/yoast.com\/wordpress\/plugins\/seo\/ -->\n<title>Malachite Bracelet stone bracelet - spellsofthemoon<\/title>\n<meta name=\"description\" content=\"The bracelet is made from the lush green colour Malachite stones with the cylindric or round silver colour spacer\/insert as a crystal separator.\" \/>\n<meta name=\"robots\" content=\"index, follow, max-snippet:-1, max-image-preview:large, max-video-preview:-1\" \/>\n<link rel=\"canonical\" href=\"https:\/\/spellsofthemoon.ch\/de\/produkt\/malachite-bracelet\/\" \/>\n<meta property=\"og:locale\" content=\"de_DE\" \/>\n<meta property=\"og:type\" content=\"article\" \/>\n<meta property=\"og:title\" content=\"Malachite Bracelet stone bracelet - spellsofthemoon\" \/>\n<meta property=\"og:description\" content=\"The bracelet is made from the lush green colour Malachite stones with the cylindric or round silver colour spacer\/insert as a crystal separator.\" \/>\n<meta property=\"og:url\" content=\"https:\/\/spellsofthemoon.ch\/de\/produkt\/malachite-bracelet\/\" \/>\n<meta property=\"og:site_name\" content=\"spellsofthemoon\" \/>\n<meta property=\"article:modified_time\" content=\"2024-07-09T20:28:13+00:00\" \/>\n<meta name=\"twitter:card\" content=\"summary_large_image\" \/>\n<meta name=\"twitter:label1\" content=\"Gesch\u00e4tzte Lesezeit\" \/>\n\t<meta name=\"twitter:data1\" content=\"1\u00a0Minute\" \/>\n<script type=\"application\/ld+json\" class=\"yoast-schema-graph\">{\"@context\":\"https:\/\/schema.org\",\"@graph\":[{\"@type\":\"WebPage\",\"@id\":\"https:\/\/spellsofthemoon.ch\/product\/malachite-bracelet\/\",\"url\":\"https:\/\/spellsofthemoon.ch\/product\/malachite-bracelet\/\",\"name\":\"Malachite Bracelet stone bracelet - spellsofthemoon\",\"isPartOf\":{\"@id\":\"https:\/\/spellsofthemoon.ch\/#website\"},\"primaryImageOfPage\":{\"@id\":\"https:\/\/spellsofthemoon.ch\/product\/malachite-bracelet\/#primaryimage\"},\"image\":{\"@id\":\"https:\/\/spellsofthemoon.ch\/product\/malachite-bracelet\/#primaryimage\"},\"thumbnailUrl\":\"https:\/\/spellsofthemoon.ch\/wp-content\/uploads\/2022\/10\/Malachite.jpg\",\"datePublished\":\"2023-01-18T21:56:57+00:00\",\"dateModified\":\"2024-07-09T20:28:13+00:00\",\"description\":\"The bracelet is made from the lush green colour Malachite stones with the cylindric or round silver colour spacer\/insert as a crystal separator.\",\"breadcrumb\":{\"@id\":\"https:\/\/spellsofthemoon.ch\/product\/malachite-bracelet\/#breadcrumb\"},\"inLanguage\":\"de-CH\",\"potentialAction\":[{\"@type\":\"ReadAction\",\"target\":[\"https:\/\/spellsofthemoon.ch\/product\/malachite-bracelet\/\"]}]},{\"@type\":\"ImageObject\",\"inLanguage\":\"de-CH\",\"@id\":\"https:\/\/spellsofthemoon.ch\/product\/malachite-bracelet\/#primaryimage\",\"url\":\"https:\/\/spellsofthemoon.ch\/wp-content\/uploads\/2022\/10\/Malachite.jpg\",\"contentUrl\":\"https:\/\/spellsofthemoon.ch\/wp-content\/uploads\/2022\/10\/Malachite.jpg\",\"width\":1200,\"height\":1440,\"caption\":\"Malachite Bracelet\"},{\"@type\":\"BreadcrumbList\",\"@id\":\"https:\/\/spellsofthemoon.ch\/product\/malachite-bracelet\/#breadcrumb\",\"itemListElement\":[{\"@type\":\"ListItem\",\"position\":1,\"name\":\"Home\",\"item\":\"https:\/\/spellsofthemoon.ch\/\"},{\"@type\":\"ListItem\",\"position\":2,\"name\":\"Shop\",\"item\":\"https:\/\/spellsofthemoon.ch\/shop\/\"},{\"@type\":\"ListItem\",\"position\":3,\"name\":\"Malachite Bracelet\"}]},{\"@type\":\"WebSite\",\"@id\":\"https:\/\/spellsofthemoon.ch\/#website\",\"url\":\"https:\/\/spellsofthemoon.ch\/\",\"name\":\"spellsofthemoon\",\"description\":\"Precious stones, bracelets from gemstones, hand made candles, home decor\",\"potentialAction\":[{\"@type\":\"SearchAction\",\"target\":{\"@type\":\"EntryPoint\",\"urlTemplate\":\"https:\/\/spellsofthemoon.ch\/?s={search_term_string}\"},\"query-input\":{\"@type\":\"PropertyValueSpecification\",\"valueRequired\":true,\"valueName\":\"search_term_string\"}}],\"inLanguage\":\"de-CH\"}]}<\/script>\n<!-- \/ Yoast SEO plugin. -->","yoast_head_json":{"title":"Malachite Bracelet stone bracelet - spellsofthemoon","description":"The bracelet is made from the lush green colour Malachite stones with the cylindric or round silver colour spacer\/insert as a crystal separator.","robots":{"index":"index","follow":"follow","max-snippet":"max-snippet:-1","max-image-preview":"max-image-preview:large","max-video-preview":"max-video-preview:-1"},"canonical":"https:\/\/spellsofthemoon.ch\/de\/produkt\/malachite-bracelet\/","og_locale":"de_DE","og_type":"article","og_title":"Malachite Bracelet stone bracelet - spellsofthemoon","og_description":"The bracelet is made from the lush green colour Malachite stones with the cylindric or round silver colour spacer\/insert as a crystal separator.","og_url":"https:\/\/spellsofthemoon.ch\/de\/produkt\/malachite-bracelet\/","og_site_name":"spellsofthemoon","article_modified_time":"2024-07-09T20:28:13+00:00","twitter_card":"summary_large_image","twitter_misc":{"Gesch\u00e4tzte Lesezeit":"1\u00a0Minute"},"schema":{"@context":"https:\/\/schema.org","@graph":[{"@type":"WebPage","@id":"https:\/\/spellsofthemoon.ch\/product\/malachite-bracelet\/","url":"https:\/\/spellsofthemoon.ch\/product\/malachite-bracelet\/","name":"Malachite Bracelet stone bracelet - spellsofthemoon","isPartOf":{"@id":"https:\/\/spellsofthemoon.ch\/#website"},"primaryImageOfPage":{"@id":"https:\/\/spellsofthemoon.ch\/product\/malachite-bracelet\/#primaryimage"},"image":{"@id":"https:\/\/spellsofthemoon.ch\/product\/malachite-bracelet\/#primaryimage"},"thumbnailUrl":"https:\/\/spellsofthemoon.ch\/wp-content\/uploads\/2022\/10\/Malachite.jpg","datePublished":"2023-01-18T21:56:57+00:00","dateModified":"2024-07-09T20:28:13+00:00","description":"The bracelet is made from the lush green colour Malachite stones with the cylindric or round silver colour spacer\/insert as a crystal separator.","breadcrumb":{"@id":"https:\/\/spellsofthemoon.ch\/product\/malachite-bracelet\/#breadcrumb"},"inLanguage":"de-CH","potentialAction":[{"@type":"ReadAction","target":["https:\/\/spellsofthemoon.ch\/product\/malachite-bracelet\/"]}]},{"@type":"ImageObject","inLanguage":"de-CH","@id":"https:\/\/spellsofthemoon.ch\/product\/malachite-bracelet\/#primaryimage","url":"https:\/\/spellsofthemoon.ch\/wp-content\/uploads\/2022\/10\/Malachite.jpg","contentUrl":"https:\/\/spellsofthemoon.ch\/wp-content\/uploads\/2022\/10\/Malachite.jpg","width":1200,"height":1440,"caption":"Malachite Bracelet"},{"@type":"BreadcrumbList","@id":"https:\/\/spellsofthemoon.ch\/product\/malachite-bracelet\/#breadcrumb","itemListElement":[{"@type":"ListItem","position":1,"name":"Home","item":"https:\/\/spellsofthemoon.ch\/"},{"@type":"ListItem","position":2,"name":"Shop","item":"https:\/\/spellsofthemoon.ch\/shop\/"},{"@type":"ListItem","position":3,"name":"Malachite Bracelet"}]},{"@type":"WebSite","@id":"https:\/\/spellsofthemoon.ch\/#website","url":"https:\/\/spellsofthemoon.ch\/","name":"Zauber des Mondes","description":"Edelsteine, Armb\u00e4nder aus Edelsteinen, handgefertigte Kerzen, Wohnkultur","potentialAction":[{"@type":"SearchAction","target":{"@type":"EntryPoint","urlTemplate":"https:\/\/spellsofthemoon.ch\/?s={search_term_string}"},"query-input":{"@type":"PropertyValueSpecification","valueRequired":true,"valueName":"search_term_string"}}],"inLanguage":"de-CH"}]}},"_links":{"self":[{"href":"https:\/\/spellsofthemoon.ch\/de\/wp-json\/wp\/v2\/product\/5592","targetHints":{"allow":["GET"]}}],"collection":[{"href":"https:\/\/spellsofthemoon.ch\/de\/wp-json\/wp\/v2\/product"}],"about":[{"href":"https:\/\/spellsofthemoon.ch\/de\/wp-json\/wp\/v2\/types\/product"}],"replies":[{"embeddable":true,"href":"https:\/\/spellsofthemoon.ch\/de\/wp-json\/wp\/v2\/comments?post=5592"}],"wp:featuredmedia":[{"embeddable":true,"href":"https:\/\/spellsofthemoon.ch\/de\/wp-json\/wp\/v2\/media\/4276"}],"wp:attachment":[{"href":"https:\/\/spellsofthemoon.ch\/de\/wp-json\/wp\/v2\/media?parent=5592"}],"wp:term":[{"taxonomy":"product_brand","embeddable":true,"href":"https:\/\/spellsofthemoon.ch\/de\/wp-json\/wp\/v2\/product_brand?post=5592"},{"taxonomy":"product_cat","embeddable":true,"href":"https:\/\/spellsofthemoon.ch\/de\/wp-json\/wp\/v2\/product_cat?post=5592"},{"taxonomy":"product_tag","embeddable":true,"href":"https:\/\/spellsofthemoon.ch\/de\/wp-json\/wp\/v2\/product_tag?post=5592"}],"curies":[{"name":"wp","href":"https:\/\/api.w.org\/{rel}","templated":true}]}}