{"id":5583,"date":"2023-01-18T22:56:57","date_gmt":"2023-01-18T21:56:57","guid":{"rendered":"https:\/\/spellsofthemoon.ch\/?post_type=product&#038;p=5583"},"modified":"2024-10-23T09:32:08","modified_gmt":"2024-10-23T07:32:08","slug":"larimar-pektolite-bracelet","status":"publish","type":"product","link":"https:\/\/spellsofthemoon.ch\/de\/produkt\/larimar-pektolite-bracelet\/","title":{"rendered":"Larimar (Pektolit) Armband"},"content":{"rendered":"<p><strong>Schl\u00fcsselw\u00f6rter:<\/strong> R\u00fcckgeld. St\u00e4rke. Stabilisierung von Emotionen. Konstruktives Denken. <\/p>\n<p><strong>Larimar (Pektolit):<\/strong><\/p>\n<p>Larimar (oder Pektolith) wird manchmal auch Atlantis-Stein genannt. Eine Legende erz\u00e4hlt von einem Volk, das auf einer Insel lebte und mit den blauen Steinen sprach. <\/p>\n<p>Es wird angenommen, dass diese Insel Atlantis ist, und dieser Stein ist das Erbe dieser Insel. Larimar ist ein seltener Stein und wird erst seit kurzem in Europa verwendet. <\/p>\n<p>Larimar ist nicht nur ein Mineral von atemberaubender \u00e4u\u00dferer Sch\u00f6nheit: eine bl\u00e4uliche Farbe mit einer wei\u00dfen \u201eW\u00fcrze\u201c, sondern es ist auch \u201einnen reich\u201c.  <\/p>\n<p>Larimar hilft, Freiheit zu sp\u00fcren, Lebensfreude zur\u00fcckzugewinnen, den Wunsch nach Verbesserung zu st\u00e4rken und Ideen zu verfolgen. <\/p>\n<p>Es ermutigt die Menschen nicht nur, zu wachsen und sich zu ver\u00e4ndern, sondern hilft auch, die \u201eKetten\u201c zu sprengen, die die pers\u00f6nliche Entwicklung behindern. Larimar wird auch als \u201eHeiler der Erde\u201c bezeichnet, weil es Frieden und Reinheit unterst\u00fctzt <\/p>\n<p>strahlt die heilende Energie der Liebe aus. Schwingungsfrequenz 33. Am h\u00e4ufigsten in der Dominikanischen Republik zu finden. <\/p>\n<ul>\n<li>St\u00e4rkt den Wunsch, sich zu verbessern und Ideen zu verwirklichen.<\/li>\n<li>Hilft bei der Freisetzung von Emotionen wie: Konfliktneigung, Siegeswille um jeden Preis, krankhafte Pedanterie, Hyperaktivit\u00e4t.<\/li>\n<li>Hilft bei v\u00f6lliger Passivit\u00e4t und Kommunikationsscheu.<\/li>\n<li>Kann verwendet werden, um das Hals-, Drittes-Auge- und Scheitelchakra zu aktivieren.<\/li>\n<\/ul>","protected":false},"excerpt":{"rendered":"<p>Larimar wird bei Transformationen, Ver\u00e4nderungen, \u00dcbergangszeiten eingesetzt. Es hilft, unn\u00f6tige Emotionen zu vermeiden, die Bedeutung von Ver\u00e4nderungen zu erkennen, unn\u00f6tiges Leiden und Selbstmitleid zu beseitigen und dadurch diese Transformationen einfach abzumildern. Larimar baut Stress und Anspannung ab, hilft Ihnen, Ihr Leben fest in die Hand zu nehmen, f\u00f6rdert konstruktives Denken, l\u00f6st Blockaden von Energiezentren. Larimar wirkt sich nicht nur auf eine bestimmte Person aus, sondern auch auf die Umgebung, in der es sich befindet. Larimar strahlt Reinheit, die heilende Energie der Liebe in die Umgebung aus.<\/p>","protected":false},"featured_media":4268,"comment_status":"open","ping_status":"closed","template":"","meta":[],"product_brand":[],"product_cat":[105],"product_tag":[167],"class_list":{"0":"post-5583","1":"product","2":"type-product","3":"status-publish","4":"has-post-thumbnail","6":"product_cat-bracelets","7":"product_tag-larimar","8":"pa_gemstone-larimar","10":"first","11":"outofstock","12":"taxable","13":"shipping-taxable","14":"purchasable","15":"product-type-variable","16":"has-default-attributes"},"yoast_head":"<!-- This site is optimized with the Yoast SEO plugin v26.1.1 - https:\/\/yoast.com\/wordpress\/plugins\/seo\/ -->\n<title>Larimar (Pektolite) Bracelet stone bracelet - spellsofthemoon<\/title>\n<meta name=\"description\" content=\"The bracelet is made from the light blue sea color Larimar stones with the cylindric silver colour spacer\/insert as a crystal separator.\" \/>\n<meta name=\"robots\" content=\"index, follow, max-snippet:-1, max-image-preview:large, max-video-preview:-1\" \/>\n<link rel=\"canonical\" href=\"https:\/\/spellsofthemoon.ch\/de\/produkt\/larimar-pektolite-bracelet\/\" \/>\n<meta property=\"og:locale\" content=\"de_DE\" \/>\n<meta property=\"og:type\" content=\"article\" \/>\n<meta property=\"og:title\" content=\"Larimar (Pektolite) Bracelet stone bracelet - spellsofthemoon\" \/>\n<meta property=\"og:description\" content=\"The bracelet is made from the light blue sea color Larimar stones with the cylindric silver colour spacer\/insert as a crystal separator.\" \/>\n<meta property=\"og:url\" content=\"https:\/\/spellsofthemoon.ch\/de\/produkt\/larimar-pektolite-bracelet\/\" \/>\n<meta property=\"og:site_name\" content=\"spellsofthemoon\" \/>\n<meta property=\"article:modified_time\" content=\"2024-10-23T07:32:08+00:00\" \/>\n<meta property=\"og:image\" content=\"https:\/\/spellsofthemoon.ch\/wp-content\/uploads\/2022\/10\/Larimar-pektolite.jpg\" \/>\n\t<meta property=\"og:image:width\" content=\"1200\" \/>\n\t<meta property=\"og:image:height\" content=\"1440\" \/>\n\t<meta property=\"og:image:type\" content=\"image\/jpeg\" \/>\n<meta name=\"twitter:card\" content=\"summary_large_image\" \/>\n<meta name=\"twitter:label1\" content=\"Gesch\u00e4tzte Lesezeit\" \/>\n\t<meta name=\"twitter:data1\" content=\"1\u00a0Minute\" \/>\n<script type=\"application\/ld+json\" class=\"yoast-schema-graph\">{\"@context\":\"https:\/\/schema.org\",\"@graph\":[{\"@type\":\"WebPage\",\"@id\":\"https:\/\/spellsofthemoon.ch\/product\/larimar-pektolite-bracelet\/\",\"url\":\"https:\/\/spellsofthemoon.ch\/product\/larimar-pektolite-bracelet\/\",\"name\":\"Larimar (Pektolite) Bracelet stone bracelet - spellsofthemoon\",\"isPartOf\":{\"@id\":\"https:\/\/spellsofthemoon.ch\/#website\"},\"primaryImageOfPage\":{\"@id\":\"https:\/\/spellsofthemoon.ch\/product\/larimar-pektolite-bracelet\/#primaryimage\"},\"image\":{\"@id\":\"https:\/\/spellsofthemoon.ch\/product\/larimar-pektolite-bracelet\/#primaryimage\"},\"thumbnailUrl\":\"https:\/\/spellsofthemoon.ch\/wp-content\/uploads\/2022\/10\/Larimar-pektolite.jpg\",\"datePublished\":\"2023-01-18T21:56:57+00:00\",\"dateModified\":\"2024-10-23T07:32:08+00:00\",\"description\":\"The bracelet is made from the light blue sea color Larimar stones with the cylindric silver colour spacer\/insert as a crystal separator.\",\"breadcrumb\":{\"@id\":\"https:\/\/spellsofthemoon.ch\/product\/larimar-pektolite-bracelet\/#breadcrumb\"},\"inLanguage\":\"de-CH\",\"potentialAction\":[{\"@type\":\"ReadAction\",\"target\":[\"https:\/\/spellsofthemoon.ch\/product\/larimar-pektolite-bracelet\/\"]}]},{\"@type\":\"ImageObject\",\"inLanguage\":\"de-CH\",\"@id\":\"https:\/\/spellsofthemoon.ch\/product\/larimar-pektolite-bracelet\/#primaryimage\",\"url\":\"https:\/\/spellsofthemoon.ch\/wp-content\/uploads\/2022\/10\/Larimar-pektolite.jpg\",\"contentUrl\":\"https:\/\/spellsofthemoon.ch\/wp-content\/uploads\/2022\/10\/Larimar-pektolite.jpg\",\"width\":1200,\"height\":1440,\"caption\":\"Larimar (Pektolite) Bracelet\"},{\"@type\":\"BreadcrumbList\",\"@id\":\"https:\/\/spellsofthemoon.ch\/product\/larimar-pektolite-bracelet\/#breadcrumb\",\"itemListElement\":[{\"@type\":\"ListItem\",\"position\":1,\"name\":\"Home\",\"item\":\"https:\/\/spellsofthemoon.ch\/\"},{\"@type\":\"ListItem\",\"position\":2,\"name\":\"Shop\",\"item\":\"https:\/\/spellsofthemoon.ch\/shop\/\"},{\"@type\":\"ListItem\",\"position\":3,\"name\":\"Larimar (Pektolite) Bracelet\"}]},{\"@type\":\"WebSite\",\"@id\":\"https:\/\/spellsofthemoon.ch\/#website\",\"url\":\"https:\/\/spellsofthemoon.ch\/\",\"name\":\"spellsofthemoon\",\"description\":\"Precious stones, bracelets from gemstones, hand made candles, home decor\",\"potentialAction\":[{\"@type\":\"SearchAction\",\"target\":{\"@type\":\"EntryPoint\",\"urlTemplate\":\"https:\/\/spellsofthemoon.ch\/?s={search_term_string}\"},\"query-input\":{\"@type\":\"PropertyValueSpecification\",\"valueRequired\":true,\"valueName\":\"search_term_string\"}}],\"inLanguage\":\"de-CH\"}]}<\/script>\n<!-- \/ Yoast SEO plugin. -->","yoast_head_json":{"title":"Larimar (Pektolite) Bracelet stone bracelet - spellsofthemoon","description":"The bracelet is made from the light blue sea color Larimar stones with the cylindric silver colour spacer\/insert as a crystal separator.","robots":{"index":"index","follow":"follow","max-snippet":"max-snippet:-1","max-image-preview":"max-image-preview:large","max-video-preview":"max-video-preview:-1"},"canonical":"https:\/\/spellsofthemoon.ch\/de\/produkt\/larimar-pektolite-bracelet\/","og_locale":"de_DE","og_type":"article","og_title":"Larimar (Pektolite) Bracelet stone bracelet - spellsofthemoon","og_description":"The bracelet is made from the light blue sea color Larimar stones with the cylindric silver colour spacer\/insert as a crystal separator.","og_url":"https:\/\/spellsofthemoon.ch\/de\/produkt\/larimar-pektolite-bracelet\/","og_site_name":"spellsofthemoon","article_modified_time":"2024-10-23T07:32:08+00:00","og_image":[{"width":1200,"height":1440,"url":"https:\/\/spellsofthemoon.ch\/wp-content\/uploads\/2022\/10\/Larimar-pektolite.jpg","type":"image\/jpeg"}],"twitter_card":"summary_large_image","twitter_misc":{"Gesch\u00e4tzte Lesezeit":"1\u00a0Minute"},"schema":{"@context":"https:\/\/schema.org","@graph":[{"@type":"WebPage","@id":"https:\/\/spellsofthemoon.ch\/product\/larimar-pektolite-bracelet\/","url":"https:\/\/spellsofthemoon.ch\/product\/larimar-pektolite-bracelet\/","name":"Larimar (Pektolite) Bracelet stone bracelet - spellsofthemoon","isPartOf":{"@id":"https:\/\/spellsofthemoon.ch\/#website"},"primaryImageOfPage":{"@id":"https:\/\/spellsofthemoon.ch\/product\/larimar-pektolite-bracelet\/#primaryimage"},"image":{"@id":"https:\/\/spellsofthemoon.ch\/product\/larimar-pektolite-bracelet\/#primaryimage"},"thumbnailUrl":"https:\/\/spellsofthemoon.ch\/wp-content\/uploads\/2022\/10\/Larimar-pektolite.jpg","datePublished":"2023-01-18T21:56:57+00:00","dateModified":"2024-10-23T07:32:08+00:00","description":"The bracelet is made from the light blue sea color Larimar stones with the cylindric silver colour spacer\/insert as a crystal separator.","breadcrumb":{"@id":"https:\/\/spellsofthemoon.ch\/product\/larimar-pektolite-bracelet\/#breadcrumb"},"inLanguage":"de-CH","potentialAction":[{"@type":"ReadAction","target":["https:\/\/spellsofthemoon.ch\/product\/larimar-pektolite-bracelet\/"]}]},{"@type":"ImageObject","inLanguage":"de-CH","@id":"https:\/\/spellsofthemoon.ch\/product\/larimar-pektolite-bracelet\/#primaryimage","url":"https:\/\/spellsofthemoon.ch\/wp-content\/uploads\/2022\/10\/Larimar-pektolite.jpg","contentUrl":"https:\/\/spellsofthemoon.ch\/wp-content\/uploads\/2022\/10\/Larimar-pektolite.jpg","width":1200,"height":1440,"caption":"Larimar (Pektolite) Bracelet"},{"@type":"BreadcrumbList","@id":"https:\/\/spellsofthemoon.ch\/product\/larimar-pektolite-bracelet\/#breadcrumb","itemListElement":[{"@type":"ListItem","position":1,"name":"Home","item":"https:\/\/spellsofthemoon.ch\/"},{"@type":"ListItem","position":2,"name":"Shop","item":"https:\/\/spellsofthemoon.ch\/shop\/"},{"@type":"ListItem","position":3,"name":"Larimar (Pektolite) Bracelet"}]},{"@type":"WebSite","@id":"https:\/\/spellsofthemoon.ch\/#website","url":"https:\/\/spellsofthemoon.ch\/","name":"Zauber des Mondes","description":"Edelsteine, Armb\u00e4nder aus Edelsteinen, handgefertigte Kerzen, Wohnkultur","potentialAction":[{"@type":"SearchAction","target":{"@type":"EntryPoint","urlTemplate":"https:\/\/spellsofthemoon.ch\/?s={search_term_string}"},"query-input":{"@type":"PropertyValueSpecification","valueRequired":true,"valueName":"search_term_string"}}],"inLanguage":"de-CH"}]}},"_links":{"self":[{"href":"https:\/\/spellsofthemoon.ch\/de\/wp-json\/wp\/v2\/product\/5583","targetHints":{"allow":["GET"]}}],"collection":[{"href":"https:\/\/spellsofthemoon.ch\/de\/wp-json\/wp\/v2\/product"}],"about":[{"href":"https:\/\/spellsofthemoon.ch\/de\/wp-json\/wp\/v2\/types\/product"}],"replies":[{"embeddable":true,"href":"https:\/\/spellsofthemoon.ch\/de\/wp-json\/wp\/v2\/comments?post=5583"}],"wp:featuredmedia":[{"embeddable":true,"href":"https:\/\/spellsofthemoon.ch\/de\/wp-json\/wp\/v2\/media\/4268"}],"wp:attachment":[{"href":"https:\/\/spellsofthemoon.ch\/de\/wp-json\/wp\/v2\/media?parent=5583"}],"wp:term":[{"taxonomy":"product_brand","embeddable":true,"href":"https:\/\/spellsofthemoon.ch\/de\/wp-json\/wp\/v2\/product_brand?post=5583"},{"taxonomy":"product_cat","embeddable":true,"href":"https:\/\/spellsofthemoon.ch\/de\/wp-json\/wp\/v2\/product_cat?post=5583"},{"taxonomy":"product_tag","embeddable":true,"href":"https:\/\/spellsofthemoon.ch\/de\/wp-json\/wp\/v2\/product_tag?post=5583"}],"curies":[{"name":"wp","href":"https:\/\/api.w.org\/{rel}","templated":true}]}}