{"id":5565,"date":"2023-01-18T22:56:51","date_gmt":"2023-01-18T21:56:51","guid":{"rendered":"https:\/\/spellsofthemoon.ch\/?post_type=product&#038;p=5565"},"modified":"2023-02-01T23:13:25","modified_gmt":"2023-02-01T22:13:25","slug":"kyanite-distene-bracelet","status":"publish","type":"product","link":"https:\/\/spellsofthemoon.ch\/de\/produkt\/kyanite-distene-bracelet\/","title":{"rendered":"Kyanit (Distene) Armband"},"content":{"rendered":"<p><strong>Schl\u00fcsselw\u00f6rter:<\/strong> Negativit\u00e4t reinigen. Talent entdecken. Kommunikation. Wunscherf\u00fcllung. <\/p>\n<p><strong>Kyanit:<\/strong><\/p>\n<p>Kyanit ist ein ausgezeichneter und effektiver Stein, der negative Energie und Vibrationen kl\u00e4rt. Kyanit vereint und aktiviert alle Energiezentren. <\/p>\n<p>Es setzt den Energiefluss auf der physischen, emotionalen, mentalen, \u00e4therischen, astralen und spirituellen K\u00f6rperebene frei und stellt ihn wieder her. Es erweckt Aktivit\u00e4t, einen \u201en\u00fcchternen\u201c Geist, Weisheit und ermutigt zum Handeln, um alle W\u00fcnsche zu erf\u00fcllen. Kyanit verhilft zu Fortschritt und Fortschritt.<\/p>","protected":false},"excerpt":{"rendered":"<p>Kyanite erweckt neue Kr\u00e4fte, die die F\u00e4higkeiten erwecken, die bisher geschlafen haben. Kyanite f\u00f6rdert logisches, rationales Denken und spontanes, aber sicheres Handeln, wenn es n\u00f6tig ist. Kyanit ist auch: geeignet f\u00fcr Kommunikation, Einsicht, Denken, Meditation und das Auswendiglernen von Tr\u00e4umen. es entspannt und gibt gleichzeitig Entschlossenheit in schwierigen Situationen, kann auch Energieblockaden l\u00f6sen und Energieharmonie wiederherstellen. Kyanit erf\u00fcllt W\u00fcnsche.<\/p>","protected":false},"featured_media":4251,"comment_status":"open","ping_status":"closed","template":"","meta":[],"product_brand":[],"product_cat":[105],"product_tag":[165],"class_list":{"0":"post-5565","1":"product","2":"type-product","3":"status-publish","4":"has-post-thumbnail","6":"product_cat-bracelets","7":"product_tag-kyanite","8":"pa_gemstone-kyanite","10":"first","11":"instock","12":"taxable","13":"shipping-taxable","14":"purchasable","15":"product-type-variable","16":"has-default-attributes"},"yoast_head":"<!-- This site is optimized with the Yoast SEO plugin v26.1.1 - https:\/\/yoast.com\/wordpress\/plugins\/seo\/ -->\n<title>Kyanite (Distene) Bracelet stone bracelet - spellsofthemoon<\/title>\n<meta name=\"description\" content=\"The bracelet is made from the dark blue Kyanite (Distend) stones with the round gold spacer\/insert as a crystal separator.\" \/>\n<meta name=\"robots\" content=\"index, follow, max-snippet:-1, max-image-preview:large, max-video-preview:-1\" \/>\n<link rel=\"canonical\" href=\"https:\/\/spellsofthemoon.ch\/de\/produkt\/kyanite-distene-bracelet\/\" \/>\n<meta property=\"og:locale\" content=\"de_DE\" \/>\n<meta property=\"og:type\" content=\"article\" \/>\n<meta property=\"og:title\" content=\"Kyanite (Distene) Bracelet stone bracelet - spellsofthemoon\" \/>\n<meta property=\"og:description\" content=\"The bracelet is made from the dark blue Kyanite (Distend) stones with the round gold spacer\/insert as a crystal separator.\" \/>\n<meta property=\"og:url\" content=\"https:\/\/spellsofthemoon.ch\/de\/produkt\/kyanite-distene-bracelet\/\" \/>\n<meta property=\"og:site_name\" content=\"spellsofthemoon\" \/>\n<meta property=\"article:modified_time\" content=\"2023-02-01T22:13:25+00:00\" \/>\n<meta name=\"twitter:card\" content=\"summary_large_image\" \/>\n<meta name=\"twitter:label1\" content=\"Gesch\u00e4tzte Lesezeit\" \/>\n\t<meta name=\"twitter:data1\" content=\"1\u00a0Minute\" \/>\n<script type=\"application\/ld+json\" class=\"yoast-schema-graph\">{\"@context\":\"https:\/\/schema.org\",\"@graph\":[{\"@type\":\"WebPage\",\"@id\":\"https:\/\/spellsofthemoon.ch\/product\/kyanite-distene-bracelet\/\",\"url\":\"https:\/\/spellsofthemoon.ch\/product\/kyanite-distene-bracelet\/\",\"name\":\"Kyanite (Distene) Bracelet stone bracelet - spellsofthemoon\",\"isPartOf\":{\"@id\":\"https:\/\/spellsofthemoon.ch\/#website\"},\"primaryImageOfPage\":{\"@id\":\"https:\/\/spellsofthemoon.ch\/product\/kyanite-distene-bracelet\/#primaryimage\"},\"image\":{\"@id\":\"https:\/\/spellsofthemoon.ch\/product\/kyanite-distene-bracelet\/#primaryimage\"},\"thumbnailUrl\":\"https:\/\/spellsofthemoon.ch\/wp-content\/uploads\/2022\/10\/Kyanite-distene.jpg\",\"datePublished\":\"2023-01-18T21:56:51+00:00\",\"dateModified\":\"2023-02-01T22:13:25+00:00\",\"description\":\"The bracelet is made from the dark blue Kyanite (Distend) stones with the round gold spacer\/insert as a crystal separator.\",\"breadcrumb\":{\"@id\":\"https:\/\/spellsofthemoon.ch\/product\/kyanite-distene-bracelet\/#breadcrumb\"},\"inLanguage\":\"de-CH\",\"potentialAction\":[{\"@type\":\"ReadAction\",\"target\":[\"https:\/\/spellsofthemoon.ch\/product\/kyanite-distene-bracelet\/\"]}]},{\"@type\":\"ImageObject\",\"inLanguage\":\"de-CH\",\"@id\":\"https:\/\/spellsofthemoon.ch\/product\/kyanite-distene-bracelet\/#primaryimage\",\"url\":\"https:\/\/spellsofthemoon.ch\/wp-content\/uploads\/2022\/10\/Kyanite-distene.jpg\",\"contentUrl\":\"https:\/\/spellsofthemoon.ch\/wp-content\/uploads\/2022\/10\/Kyanite-distene.jpg\",\"width\":1200,\"height\":1440,\"caption\":\"Kyanite Bracelet\"},{\"@type\":\"BreadcrumbList\",\"@id\":\"https:\/\/spellsofthemoon.ch\/product\/kyanite-distene-bracelet\/#breadcrumb\",\"itemListElement\":[{\"@type\":\"ListItem\",\"position\":1,\"name\":\"Home\",\"item\":\"https:\/\/spellsofthemoon.ch\/\"},{\"@type\":\"ListItem\",\"position\":2,\"name\":\"Shop\",\"item\":\"https:\/\/spellsofthemoon.ch\/shop\/\"},{\"@type\":\"ListItem\",\"position\":3,\"name\":\"Kyanite (Distene) Bracelet\"}]},{\"@type\":\"WebSite\",\"@id\":\"https:\/\/spellsofthemoon.ch\/#website\",\"url\":\"https:\/\/spellsofthemoon.ch\/\",\"name\":\"spellsofthemoon\",\"description\":\"Precious stones, bracelets from gemstones, hand made candles, home decor\",\"potentialAction\":[{\"@type\":\"SearchAction\",\"target\":{\"@type\":\"EntryPoint\",\"urlTemplate\":\"https:\/\/spellsofthemoon.ch\/?s={search_term_string}\"},\"query-input\":{\"@type\":\"PropertyValueSpecification\",\"valueRequired\":true,\"valueName\":\"search_term_string\"}}],\"inLanguage\":\"de-CH\"}]}<\/script>\n<!-- \/ Yoast SEO plugin. -->","yoast_head_json":{"title":"Kyanite (Distene) Bracelet stone bracelet - spellsofthemoon","description":"The bracelet is made from the dark blue Kyanite (Distend) stones with the round gold spacer\/insert as a crystal separator.","robots":{"index":"index","follow":"follow","max-snippet":"max-snippet:-1","max-image-preview":"max-image-preview:large","max-video-preview":"max-video-preview:-1"},"canonical":"https:\/\/spellsofthemoon.ch\/de\/produkt\/kyanite-distene-bracelet\/","og_locale":"de_DE","og_type":"article","og_title":"Kyanite (Distene) Bracelet stone bracelet - spellsofthemoon","og_description":"The bracelet is made from the dark blue Kyanite (Distend) stones with the round gold spacer\/insert as a crystal separator.","og_url":"https:\/\/spellsofthemoon.ch\/de\/produkt\/kyanite-distene-bracelet\/","og_site_name":"spellsofthemoon","article_modified_time":"2023-02-01T22:13:25+00:00","twitter_card":"summary_large_image","twitter_misc":{"Gesch\u00e4tzte Lesezeit":"1\u00a0Minute"},"schema":{"@context":"https:\/\/schema.org","@graph":[{"@type":"WebPage","@id":"https:\/\/spellsofthemoon.ch\/product\/kyanite-distene-bracelet\/","url":"https:\/\/spellsofthemoon.ch\/product\/kyanite-distene-bracelet\/","name":"Kyanite (Distene) Bracelet stone bracelet - spellsofthemoon","isPartOf":{"@id":"https:\/\/spellsofthemoon.ch\/#website"},"primaryImageOfPage":{"@id":"https:\/\/spellsofthemoon.ch\/product\/kyanite-distene-bracelet\/#primaryimage"},"image":{"@id":"https:\/\/spellsofthemoon.ch\/product\/kyanite-distene-bracelet\/#primaryimage"},"thumbnailUrl":"https:\/\/spellsofthemoon.ch\/wp-content\/uploads\/2022\/10\/Kyanite-distene.jpg","datePublished":"2023-01-18T21:56:51+00:00","dateModified":"2023-02-01T22:13:25+00:00","description":"The bracelet is made from the dark blue Kyanite (Distend) stones with the round gold spacer\/insert as a crystal separator.","breadcrumb":{"@id":"https:\/\/spellsofthemoon.ch\/product\/kyanite-distene-bracelet\/#breadcrumb"},"inLanguage":"de-CH","potentialAction":[{"@type":"ReadAction","target":["https:\/\/spellsofthemoon.ch\/product\/kyanite-distene-bracelet\/"]}]},{"@type":"ImageObject","inLanguage":"de-CH","@id":"https:\/\/spellsofthemoon.ch\/product\/kyanite-distene-bracelet\/#primaryimage","url":"https:\/\/spellsofthemoon.ch\/wp-content\/uploads\/2022\/10\/Kyanite-distene.jpg","contentUrl":"https:\/\/spellsofthemoon.ch\/wp-content\/uploads\/2022\/10\/Kyanite-distene.jpg","width":1200,"height":1440,"caption":"Kyanite Bracelet"},{"@type":"BreadcrumbList","@id":"https:\/\/spellsofthemoon.ch\/product\/kyanite-distene-bracelet\/#breadcrumb","itemListElement":[{"@type":"ListItem","position":1,"name":"Home","item":"https:\/\/spellsofthemoon.ch\/"},{"@type":"ListItem","position":2,"name":"Shop","item":"https:\/\/spellsofthemoon.ch\/shop\/"},{"@type":"ListItem","position":3,"name":"Kyanite (Distene) Bracelet"}]},{"@type":"WebSite","@id":"https:\/\/spellsofthemoon.ch\/#website","url":"https:\/\/spellsofthemoon.ch\/","name":"Zauber des Mondes","description":"Edelsteine, Armb\u00e4nder aus Edelsteinen, handgefertigte Kerzen, Wohnkultur","potentialAction":[{"@type":"SearchAction","target":{"@type":"EntryPoint","urlTemplate":"https:\/\/spellsofthemoon.ch\/?s={search_term_string}"},"query-input":{"@type":"PropertyValueSpecification","valueRequired":true,"valueName":"search_term_string"}}],"inLanguage":"de-CH"}]}},"_links":{"self":[{"href":"https:\/\/spellsofthemoon.ch\/de\/wp-json\/wp\/v2\/product\/5565","targetHints":{"allow":["GET"]}}],"collection":[{"href":"https:\/\/spellsofthemoon.ch\/de\/wp-json\/wp\/v2\/product"}],"about":[{"href":"https:\/\/spellsofthemoon.ch\/de\/wp-json\/wp\/v2\/types\/product"}],"replies":[{"embeddable":true,"href":"https:\/\/spellsofthemoon.ch\/de\/wp-json\/wp\/v2\/comments?post=5565"}],"wp:featuredmedia":[{"embeddable":true,"href":"https:\/\/spellsofthemoon.ch\/de\/wp-json\/wp\/v2\/media\/4251"}],"wp:attachment":[{"href":"https:\/\/spellsofthemoon.ch\/de\/wp-json\/wp\/v2\/media?parent=5565"}],"wp:term":[{"taxonomy":"product_brand","embeddable":true,"href":"https:\/\/spellsofthemoon.ch\/de\/wp-json\/wp\/v2\/product_brand?post=5565"},{"taxonomy":"product_cat","embeddable":true,"href":"https:\/\/spellsofthemoon.ch\/de\/wp-json\/wp\/v2\/product_cat?post=5565"},{"taxonomy":"product_tag","embeddable":true,"href":"https:\/\/spellsofthemoon.ch\/de\/wp-json\/wp\/v2\/product_tag?post=5565"}],"curies":[{"name":"wp","href":"https:\/\/api.w.org\/{rel}","templated":true}]}}