{"id":5556,"date":"2023-01-18T22:56:51","date_gmt":"2023-01-18T21:56:51","guid":{"rendered":"https:\/\/spellsofthemoon.ch\/?post_type=product&#038;p=5556"},"modified":"2023-02-01T23:13:25","modified_gmt":"2023-02-01T22:13:25","slug":"amethyst-bracelet-with-inclusions","status":"publish","type":"product","link":"https:\/\/spellsofthemoon.ch\/de\/produkt\/amethyst-bracelet-with-inclusions\/","title":{"rendered":"Amethyst-Armband mit Einschl\u00fcssen"},"content":{"rendered":"<p>Armband aus Amethyst mit Einschl\u00fcssen von Steinen.<\/p>","protected":false},"excerpt":{"rendered":"<p>Amethyst repr\u00e4sentiert das Thema der Transformation. Amethyst kann auch als idealer Transformator von Gedanken und erstellten oder angenommenen Programmen bezeichnet werden. Manche Forscher nennen ihn deshalb den Stein der inneren Freiheit. Es wird angenommen, dass dieser Stein hilft, den \u201en\u00fcchternen\u201c Geist zu bewahren und vor r\u00fccksichtslosen Entscheidungen sch\u00fctzt. Es befreit von Traurigkeit, schenkt Frieden, Ausgeglichenheit, Harmonie. F\u00f6rdert Konzentration, Wachsamkeit, wirkt aber gleichzeitig entspannend.<\/p>","protected":false},"featured_media":4244,"comment_status":"open","ping_status":"closed","template":"","meta":[],"product_brand":[],"product_cat":[105],"product_tag":[130],"class_list":{"0":"post-5556","1":"product","2":"type-product","3":"status-publish","4":"has-post-thumbnail","6":"product_cat-bracelets","7":"product_tag-amethyst","8":"pa_gemstone-amethyst","10":"first","11":"instock","12":"taxable","13":"shipping-taxable","14":"purchasable","15":"product-type-variable","16":"has-default-attributes"},"yoast_head":"<!-- This site is optimized with the Yoast SEO plugin v26.1.1 - https:\/\/yoast.com\/wordpress\/plugins\/seo\/ -->\n<title>Amethyst Bracelet with inclusions stone bracelet - spellsofthemoon<\/title>\n<meta name=\"description\" content=\"The bracelet is made from the purple &quot;Amethyst with inclusions&quot; stones with the gold plated spacer\/insert as a crystal separator.\" \/>\n<meta name=\"robots\" content=\"index, follow, max-snippet:-1, max-image-preview:large, max-video-preview:-1\" \/>\n<link rel=\"canonical\" href=\"https:\/\/spellsofthemoon.ch\/de\/produkt\/amethyst-bracelet-with-inclusions\/\" \/>\n<meta property=\"og:locale\" content=\"de_DE\" \/>\n<meta property=\"og:type\" content=\"article\" \/>\n<meta property=\"og:title\" content=\"Amethyst Bracelet with inclusions stone bracelet - spellsofthemoon\" \/>\n<meta property=\"og:description\" content=\"The bracelet is made from the purple &quot;Amethyst with inclusions&quot; stones with the gold plated spacer\/insert as a crystal separator.\" \/>\n<meta property=\"og:url\" content=\"https:\/\/spellsofthemoon.ch\/de\/produkt\/amethyst-bracelet-with-inclusions\/\" \/>\n<meta property=\"og:site_name\" content=\"spellsofthemoon\" \/>\n<meta property=\"article:modified_time\" content=\"2023-02-01T22:13:25+00:00\" \/>\n<meta name=\"twitter:card\" content=\"summary_large_image\" \/>\n<meta name=\"twitter:label1\" content=\"Gesch\u00e4tzte Lesezeit\" \/>\n\t<meta name=\"twitter:data1\" content=\"1\u00a0Minute\" \/>\n<script type=\"application\/ld+json\" class=\"yoast-schema-graph\">{\"@context\":\"https:\/\/schema.org\",\"@graph\":[{\"@type\":\"WebPage\",\"@id\":\"https:\/\/spellsofthemoon.ch\/product\/amethyst-bracelet-with-inclusions\/\",\"url\":\"https:\/\/spellsofthemoon.ch\/product\/amethyst-bracelet-with-inclusions\/\",\"name\":\"Amethyst Bracelet with inclusions stone bracelet - spellsofthemoon\",\"isPartOf\":{\"@id\":\"https:\/\/spellsofthemoon.ch\/#website\"},\"primaryImageOfPage\":{\"@id\":\"https:\/\/spellsofthemoon.ch\/product\/amethyst-bracelet-with-inclusions\/#primaryimage\"},\"image\":{\"@id\":\"https:\/\/spellsofthemoon.ch\/product\/amethyst-bracelet-with-inclusions\/#primaryimage\"},\"thumbnailUrl\":\"https:\/\/spellsofthemoon.ch\/wp-content\/uploads\/2022\/10\/Amethyst-with-inclusions.jpg\",\"datePublished\":\"2023-01-18T21:56:51+00:00\",\"dateModified\":\"2023-02-01T22:13:25+00:00\",\"description\":\"The bracelet is made from the purple \\\"Amethyst with inclusions\\\" stones with the gold plated spacer\/insert as a crystal separator.\",\"breadcrumb\":{\"@id\":\"https:\/\/spellsofthemoon.ch\/product\/amethyst-bracelet-with-inclusions\/#breadcrumb\"},\"inLanguage\":\"de-CH\",\"potentialAction\":[{\"@type\":\"ReadAction\",\"target\":[\"https:\/\/spellsofthemoon.ch\/product\/amethyst-bracelet-with-inclusions\/\"]}]},{\"@type\":\"ImageObject\",\"inLanguage\":\"de-CH\",\"@id\":\"https:\/\/spellsofthemoon.ch\/product\/amethyst-bracelet-with-inclusions\/#primaryimage\",\"url\":\"https:\/\/spellsofthemoon.ch\/wp-content\/uploads\/2022\/10\/Amethyst-with-inclusions.jpg\",\"contentUrl\":\"https:\/\/spellsofthemoon.ch\/wp-content\/uploads\/2022\/10\/Amethyst-with-inclusions.jpg\",\"width\":1200,\"height\":1440,\"caption\":\"Amethyst with inclusions Bracelet\"},{\"@type\":\"BreadcrumbList\",\"@id\":\"https:\/\/spellsofthemoon.ch\/product\/amethyst-bracelet-with-inclusions\/#breadcrumb\",\"itemListElement\":[{\"@type\":\"ListItem\",\"position\":1,\"name\":\"Home\",\"item\":\"https:\/\/spellsofthemoon.ch\/\"},{\"@type\":\"ListItem\",\"position\":2,\"name\":\"Shop\",\"item\":\"https:\/\/spellsofthemoon.ch\/shop\/\"},{\"@type\":\"ListItem\",\"position\":3,\"name\":\"Amethyst Bracelet with inclusions\"}]},{\"@type\":\"WebSite\",\"@id\":\"https:\/\/spellsofthemoon.ch\/#website\",\"url\":\"https:\/\/spellsofthemoon.ch\/\",\"name\":\"spellsofthemoon\",\"description\":\"Precious stones, bracelets from gemstones, hand made candles, home decor\",\"potentialAction\":[{\"@type\":\"SearchAction\",\"target\":{\"@type\":\"EntryPoint\",\"urlTemplate\":\"https:\/\/spellsofthemoon.ch\/?s={search_term_string}\"},\"query-input\":{\"@type\":\"PropertyValueSpecification\",\"valueRequired\":true,\"valueName\":\"search_term_string\"}}],\"inLanguage\":\"de-CH\"}]}<\/script>\n<!-- \/ Yoast SEO plugin. -->","yoast_head_json":{"title":"Amethyst Bracelet with inclusions stone bracelet - spellsofthemoon","description":"The bracelet is made from the purple \"Amethyst with inclusions\" stones with the gold plated spacer\/insert as a crystal separator.","robots":{"index":"index","follow":"follow","max-snippet":"max-snippet:-1","max-image-preview":"max-image-preview:large","max-video-preview":"max-video-preview:-1"},"canonical":"https:\/\/spellsofthemoon.ch\/de\/produkt\/amethyst-bracelet-with-inclusions\/","og_locale":"de_DE","og_type":"article","og_title":"Amethyst Bracelet with inclusions stone bracelet - spellsofthemoon","og_description":"The bracelet is made from the purple \"Amethyst with inclusions\" stones with the gold plated spacer\/insert as a crystal separator.","og_url":"https:\/\/spellsofthemoon.ch\/de\/produkt\/amethyst-bracelet-with-inclusions\/","og_site_name":"spellsofthemoon","article_modified_time":"2023-02-01T22:13:25+00:00","twitter_card":"summary_large_image","twitter_misc":{"Gesch\u00e4tzte Lesezeit":"1\u00a0Minute"},"schema":{"@context":"https:\/\/schema.org","@graph":[{"@type":"WebPage","@id":"https:\/\/spellsofthemoon.ch\/product\/amethyst-bracelet-with-inclusions\/","url":"https:\/\/spellsofthemoon.ch\/product\/amethyst-bracelet-with-inclusions\/","name":"Amethyst Bracelet with inclusions stone bracelet - spellsofthemoon","isPartOf":{"@id":"https:\/\/spellsofthemoon.ch\/#website"},"primaryImageOfPage":{"@id":"https:\/\/spellsofthemoon.ch\/product\/amethyst-bracelet-with-inclusions\/#primaryimage"},"image":{"@id":"https:\/\/spellsofthemoon.ch\/product\/amethyst-bracelet-with-inclusions\/#primaryimage"},"thumbnailUrl":"https:\/\/spellsofthemoon.ch\/wp-content\/uploads\/2022\/10\/Amethyst-with-inclusions.jpg","datePublished":"2023-01-18T21:56:51+00:00","dateModified":"2023-02-01T22:13:25+00:00","description":"The bracelet is made from the purple \"Amethyst with inclusions\" stones with the gold plated spacer\/insert as a crystal separator.","breadcrumb":{"@id":"https:\/\/spellsofthemoon.ch\/product\/amethyst-bracelet-with-inclusions\/#breadcrumb"},"inLanguage":"de-CH","potentialAction":[{"@type":"ReadAction","target":["https:\/\/spellsofthemoon.ch\/product\/amethyst-bracelet-with-inclusions\/"]}]},{"@type":"ImageObject","inLanguage":"de-CH","@id":"https:\/\/spellsofthemoon.ch\/product\/amethyst-bracelet-with-inclusions\/#primaryimage","url":"https:\/\/spellsofthemoon.ch\/wp-content\/uploads\/2022\/10\/Amethyst-with-inclusions.jpg","contentUrl":"https:\/\/spellsofthemoon.ch\/wp-content\/uploads\/2022\/10\/Amethyst-with-inclusions.jpg","width":1200,"height":1440,"caption":"Amethyst with inclusions Bracelet"},{"@type":"BreadcrumbList","@id":"https:\/\/spellsofthemoon.ch\/product\/amethyst-bracelet-with-inclusions\/#breadcrumb","itemListElement":[{"@type":"ListItem","position":1,"name":"Home","item":"https:\/\/spellsofthemoon.ch\/"},{"@type":"ListItem","position":2,"name":"Shop","item":"https:\/\/spellsofthemoon.ch\/shop\/"},{"@type":"ListItem","position":3,"name":"Amethyst Bracelet with inclusions"}]},{"@type":"WebSite","@id":"https:\/\/spellsofthemoon.ch\/#website","url":"https:\/\/spellsofthemoon.ch\/","name":"Zauber des Mondes","description":"Edelsteine, Armb\u00e4nder aus Edelsteinen, handgefertigte Kerzen, Wohnkultur","potentialAction":[{"@type":"SearchAction","target":{"@type":"EntryPoint","urlTemplate":"https:\/\/spellsofthemoon.ch\/?s={search_term_string}"},"query-input":{"@type":"PropertyValueSpecification","valueRequired":true,"valueName":"search_term_string"}}],"inLanguage":"de-CH"}]}},"_links":{"self":[{"href":"https:\/\/spellsofthemoon.ch\/de\/wp-json\/wp\/v2\/product\/5556","targetHints":{"allow":["GET"]}}],"collection":[{"href":"https:\/\/spellsofthemoon.ch\/de\/wp-json\/wp\/v2\/product"}],"about":[{"href":"https:\/\/spellsofthemoon.ch\/de\/wp-json\/wp\/v2\/types\/product"}],"replies":[{"embeddable":true,"href":"https:\/\/spellsofthemoon.ch\/de\/wp-json\/wp\/v2\/comments?post=5556"}],"wp:featuredmedia":[{"embeddable":true,"href":"https:\/\/spellsofthemoon.ch\/de\/wp-json\/wp\/v2\/media\/4244"}],"wp:attachment":[{"href":"https:\/\/spellsofthemoon.ch\/de\/wp-json\/wp\/v2\/media?parent=5556"}],"wp:term":[{"taxonomy":"product_brand","embeddable":true,"href":"https:\/\/spellsofthemoon.ch\/de\/wp-json\/wp\/v2\/product_brand?post=5556"},{"taxonomy":"product_cat","embeddable":true,"href":"https:\/\/spellsofthemoon.ch\/de\/wp-json\/wp\/v2\/product_cat?post=5556"},{"taxonomy":"product_tag","embeddable":true,"href":"https:\/\/spellsofthemoon.ch\/de\/wp-json\/wp\/v2\/product_tag?post=5556"}],"curies":[{"name":"wp","href":"https:\/\/api.w.org\/{rel}","templated":true}]}}