{"id":5547,"date":"2023-01-18T22:56:50","date_gmt":"2023-01-18T21:56:50","guid":{"rendered":"https:\/\/spellsofthemoon.ch\/?post_type=product&#038;p=5547"},"modified":"2023-02-01T23:13:25","modified_gmt":"2023-02-01T22:13:25","slug":"chrysoprase-light-bracelet","status":"publish","type":"product","link":"https:\/\/spellsofthemoon.ch\/de\/produkt\/chrysoprase-light-bracelet\/","title":{"rendered":"Chrysopras-Licht-Armband"},"content":{"rendered":"<p>Das Armband besteht aus den gr\u00fcnen Chrysopras-Steinen (helle Farbe).<\/p>\n<p>Natursteine sind einzigartig, von der Natur geschaffen, daher k\u00f6nnen Farbe, Variation, Klarheit oder Textur von den auf dem Foto gezeigten Steinen abweichen. Einige Steine k\u00f6nnen bei nat\u00fcrlichem Licht anders aussehen als bei k\u00fcnstlicher Studiobeleuchtung.<\/p>","protected":false},"excerpt":{"rendered":"<p>Chrysopras steht f\u00fcr das Thema Harmonie. Seine Funktion besteht darin, den gesamten physischen K\u00f6rper und die subtilen Systeme mit den Bed\u00fcrfnissen der Seele in Einklang zu bringen. So wird innere Sicherheit und Gewissheit empfunden. Mineraltherapie gilt als ideale Behandlung f\u00fcr K\u00f6rper, Geist und Seele. Es wird gesagt, dass Chrysopras ein gebrochenes Herz heilen und neue Liebe anziehen kann. Zieht Reichtum und Zugang zum Haus an, sorgt f\u00fcr eine F\u00fclle von Ernten<\/p>","protected":false},"featured_media":4221,"comment_status":"open","ping_status":"closed","template":"","meta":[],"product_brand":[],"product_cat":[105],"product_tag":[141],"class_list":{"0":"post-5547","1":"product","2":"type-product","3":"status-publish","4":"has-post-thumbnail","6":"product_cat-bracelets","7":"product_tag-chrysoprase","8":"pa_gemstone-chrysoprase","10":"first","11":"instock","12":"taxable","13":"shipping-taxable","14":"purchasable","15":"product-type-variable","16":"has-default-attributes"},"yoast_head":"<!-- This site is optimized with the Yoast SEO plugin v26.1.1 - https:\/\/yoast.com\/wordpress\/plugins\/seo\/ -->\n<title>Chrysoprase Light Bracelet stone bracelet - spellsofthemoon<\/title>\n<meta name=\"description\" content=\"The bracelet is made from the soft green Chrysoprase stones with the gold colour cylindric spacer\/insert as a crystal separator.\" \/>\n<meta name=\"robots\" content=\"index, follow, max-snippet:-1, max-image-preview:large, max-video-preview:-1\" \/>\n<link rel=\"canonical\" href=\"https:\/\/spellsofthemoon.ch\/de\/produkt\/chrysoprase-light-bracelet\/\" \/>\n<meta property=\"og:locale\" content=\"de_DE\" \/>\n<meta property=\"og:type\" content=\"article\" \/>\n<meta property=\"og:title\" content=\"Chrysoprase Light Bracelet stone bracelet - spellsofthemoon\" \/>\n<meta property=\"og:description\" content=\"The bracelet is made from the soft green Chrysoprase stones with the gold colour cylindric spacer\/insert as a crystal separator.\" \/>\n<meta property=\"og:url\" content=\"https:\/\/spellsofthemoon.ch\/de\/produkt\/chrysoprase-light-bracelet\/\" \/>\n<meta property=\"og:site_name\" content=\"spellsofthemoon\" \/>\n<meta property=\"article:modified_time\" content=\"2023-02-01T22:13:25+00:00\" \/>\n<meta name=\"twitter:card\" content=\"summary_large_image\" \/>\n<meta name=\"twitter:label1\" content=\"Gesch\u00e4tzte Lesezeit\" \/>\n\t<meta name=\"twitter:data1\" content=\"1\u00a0Minute\" \/>\n<script type=\"application\/ld+json\" class=\"yoast-schema-graph\">{\"@context\":\"https:\/\/schema.org\",\"@graph\":[{\"@type\":\"WebPage\",\"@id\":\"https:\/\/spellsofthemoon.ch\/product\/chrysoprase-light-bracelet\/\",\"url\":\"https:\/\/spellsofthemoon.ch\/product\/chrysoprase-light-bracelet\/\",\"name\":\"Chrysoprase Light Bracelet stone bracelet - spellsofthemoon\",\"isPartOf\":{\"@id\":\"https:\/\/spellsofthemoon.ch\/#website\"},\"primaryImageOfPage\":{\"@id\":\"https:\/\/spellsofthemoon.ch\/product\/chrysoprase-light-bracelet\/#primaryimage\"},\"image\":{\"@id\":\"https:\/\/spellsofthemoon.ch\/product\/chrysoprase-light-bracelet\/#primaryimage\"},\"thumbnailUrl\":\"https:\/\/spellsofthemoon.ch\/wp-content\/uploads\/2021\/12\/Chrysophrase.jpg\",\"datePublished\":\"2023-01-18T21:56:50+00:00\",\"dateModified\":\"2023-02-01T22:13:25+00:00\",\"description\":\"The bracelet is made from the soft green Chrysoprase stones with the gold colour cylindric spacer\/insert as a crystal separator.\",\"breadcrumb\":{\"@id\":\"https:\/\/spellsofthemoon.ch\/product\/chrysoprase-light-bracelet\/#breadcrumb\"},\"inLanguage\":\"de-CH\",\"potentialAction\":[{\"@type\":\"ReadAction\",\"target\":[\"https:\/\/spellsofthemoon.ch\/product\/chrysoprase-light-bracelet\/\"]}]},{\"@type\":\"ImageObject\",\"inLanguage\":\"de-CH\",\"@id\":\"https:\/\/spellsofthemoon.ch\/product\/chrysoprase-light-bracelet\/#primaryimage\",\"url\":\"https:\/\/spellsofthemoon.ch\/wp-content\/uploads\/2021\/12\/Chrysophrase.jpg\",\"contentUrl\":\"https:\/\/spellsofthemoon.ch\/wp-content\/uploads\/2021\/12\/Chrysophrase.jpg\",\"width\":1200,\"height\":1440,\"caption\":\"Chrysoprase bracelet (Light)\"},{\"@type\":\"BreadcrumbList\",\"@id\":\"https:\/\/spellsofthemoon.ch\/product\/chrysoprase-light-bracelet\/#breadcrumb\",\"itemListElement\":[{\"@type\":\"ListItem\",\"position\":1,\"name\":\"Home\",\"item\":\"https:\/\/spellsofthemoon.ch\/\"},{\"@type\":\"ListItem\",\"position\":2,\"name\":\"Shop\",\"item\":\"https:\/\/spellsofthemoon.ch\/shop\/\"},{\"@type\":\"ListItem\",\"position\":3,\"name\":\"Chrysoprase Light Bracelet\"}]},{\"@type\":\"WebSite\",\"@id\":\"https:\/\/spellsofthemoon.ch\/#website\",\"url\":\"https:\/\/spellsofthemoon.ch\/\",\"name\":\"spellsofthemoon\",\"description\":\"Precious stones, bracelets from gemstones, hand made candles, home decor\",\"potentialAction\":[{\"@type\":\"SearchAction\",\"target\":{\"@type\":\"EntryPoint\",\"urlTemplate\":\"https:\/\/spellsofthemoon.ch\/?s={search_term_string}\"},\"query-input\":{\"@type\":\"PropertyValueSpecification\",\"valueRequired\":true,\"valueName\":\"search_term_string\"}}],\"inLanguage\":\"de-CH\"}]}<\/script>\n<!-- \/ Yoast SEO plugin. -->","yoast_head_json":{"title":"Chrysoprase Light Bracelet stone bracelet - spellsofthemoon","description":"The bracelet is made from the soft green Chrysoprase stones with the gold colour cylindric spacer\/insert as a crystal separator.","robots":{"index":"index","follow":"follow","max-snippet":"max-snippet:-1","max-image-preview":"max-image-preview:large","max-video-preview":"max-video-preview:-1"},"canonical":"https:\/\/spellsofthemoon.ch\/de\/produkt\/chrysoprase-light-bracelet\/","og_locale":"de_DE","og_type":"article","og_title":"Chrysoprase Light Bracelet stone bracelet - spellsofthemoon","og_description":"The bracelet is made from the soft green Chrysoprase stones with the gold colour cylindric spacer\/insert as a crystal separator.","og_url":"https:\/\/spellsofthemoon.ch\/de\/produkt\/chrysoprase-light-bracelet\/","og_site_name":"spellsofthemoon","article_modified_time":"2023-02-01T22:13:25+00:00","twitter_card":"summary_large_image","twitter_misc":{"Gesch\u00e4tzte Lesezeit":"1\u00a0Minute"},"schema":{"@context":"https:\/\/schema.org","@graph":[{"@type":"WebPage","@id":"https:\/\/spellsofthemoon.ch\/product\/chrysoprase-light-bracelet\/","url":"https:\/\/spellsofthemoon.ch\/product\/chrysoprase-light-bracelet\/","name":"Chrysoprase Light Bracelet stone bracelet - spellsofthemoon","isPartOf":{"@id":"https:\/\/spellsofthemoon.ch\/#website"},"primaryImageOfPage":{"@id":"https:\/\/spellsofthemoon.ch\/product\/chrysoprase-light-bracelet\/#primaryimage"},"image":{"@id":"https:\/\/spellsofthemoon.ch\/product\/chrysoprase-light-bracelet\/#primaryimage"},"thumbnailUrl":"https:\/\/spellsofthemoon.ch\/wp-content\/uploads\/2021\/12\/Chrysophrase.jpg","datePublished":"2023-01-18T21:56:50+00:00","dateModified":"2023-02-01T22:13:25+00:00","description":"The bracelet is made from the soft green Chrysoprase stones with the gold colour cylindric spacer\/insert as a crystal separator.","breadcrumb":{"@id":"https:\/\/spellsofthemoon.ch\/product\/chrysoprase-light-bracelet\/#breadcrumb"},"inLanguage":"de-CH","potentialAction":[{"@type":"ReadAction","target":["https:\/\/spellsofthemoon.ch\/product\/chrysoprase-light-bracelet\/"]}]},{"@type":"ImageObject","inLanguage":"de-CH","@id":"https:\/\/spellsofthemoon.ch\/product\/chrysoprase-light-bracelet\/#primaryimage","url":"https:\/\/spellsofthemoon.ch\/wp-content\/uploads\/2021\/12\/Chrysophrase.jpg","contentUrl":"https:\/\/spellsofthemoon.ch\/wp-content\/uploads\/2021\/12\/Chrysophrase.jpg","width":1200,"height":1440,"caption":"Chrysoprase bracelet (Light)"},{"@type":"BreadcrumbList","@id":"https:\/\/spellsofthemoon.ch\/product\/chrysoprase-light-bracelet\/#breadcrumb","itemListElement":[{"@type":"ListItem","position":1,"name":"Home","item":"https:\/\/spellsofthemoon.ch\/"},{"@type":"ListItem","position":2,"name":"Shop","item":"https:\/\/spellsofthemoon.ch\/shop\/"},{"@type":"ListItem","position":3,"name":"Chrysoprase Light Bracelet"}]},{"@type":"WebSite","@id":"https:\/\/spellsofthemoon.ch\/#website","url":"https:\/\/spellsofthemoon.ch\/","name":"Zauber des Mondes","description":"Edelsteine, Armb\u00e4nder aus Edelsteinen, handgefertigte Kerzen, Wohnkultur","potentialAction":[{"@type":"SearchAction","target":{"@type":"EntryPoint","urlTemplate":"https:\/\/spellsofthemoon.ch\/?s={search_term_string}"},"query-input":{"@type":"PropertyValueSpecification","valueRequired":true,"valueName":"search_term_string"}}],"inLanguage":"de-CH"}]}},"_links":{"self":[{"href":"https:\/\/spellsofthemoon.ch\/de\/wp-json\/wp\/v2\/product\/5547","targetHints":{"allow":["GET"]}}],"collection":[{"href":"https:\/\/spellsofthemoon.ch\/de\/wp-json\/wp\/v2\/product"}],"about":[{"href":"https:\/\/spellsofthemoon.ch\/de\/wp-json\/wp\/v2\/types\/product"}],"replies":[{"embeddable":true,"href":"https:\/\/spellsofthemoon.ch\/de\/wp-json\/wp\/v2\/comments?post=5547"}],"wp:featuredmedia":[{"embeddable":true,"href":"https:\/\/spellsofthemoon.ch\/de\/wp-json\/wp\/v2\/media\/4221"}],"wp:attachment":[{"href":"https:\/\/spellsofthemoon.ch\/de\/wp-json\/wp\/v2\/media?parent=5547"}],"wp:term":[{"taxonomy":"product_brand","embeddable":true,"href":"https:\/\/spellsofthemoon.ch\/de\/wp-json\/wp\/v2\/product_brand?post=5547"},{"taxonomy":"product_cat","embeddable":true,"href":"https:\/\/spellsofthemoon.ch\/de\/wp-json\/wp\/v2\/product_cat?post=5547"},{"taxonomy":"product_tag","embeddable":true,"href":"https:\/\/spellsofthemoon.ch\/de\/wp-json\/wp\/v2\/product_tag?post=5547"}],"curies":[{"name":"wp","href":"https:\/\/api.w.org\/{rel}","templated":true}]}}