{"id":5538,"date":"2023-01-18T22:56:45","date_gmt":"2023-01-18T21:56:45","guid":{"rendered":"https:\/\/spellsofthemoon.ch\/?post_type=product&#038;p=5538"},"modified":"2023-02-01T23:13:25","modified_gmt":"2023-02-01T22:13:25","slug":"lazurite-bracelet","status":"publish","type":"product","link":"https:\/\/spellsofthemoon.ch\/de\/produkt\/lazurite-bracelet\/","title":{"rendered":"Lazurit-Armband"},"content":{"rendered":"<p><strong>Schl\u00fcsselw\u00f6rter:<\/strong> F\u00fchrung. Wissen.                                                        <\/p>\n<p><strong>Lasurit:<\/strong> <\/p>\n<p>\u2013 Heiler der Seele und des Geistes.<br \/>\n\u2013 Ideal zum Meditieren.<br \/>\n\u2013 Erweitert das Bewusstsein.<br \/>\n\u2013 Eliminiert Illusionen.<br \/>\n\u2013 Aktiviert den Intellekt, regt das logische Denken und die geistigen F\u00e4higkeiten an.<br \/>\n\u2013 Hilft, die t\u00e4glichen Aufgaben besser zu organisieren.<br \/>\n\u2013 Hilft Konflikte zu l\u00f6sen.<br \/>\n\u2013 F\u00f6rdert K\u00fchle und Klarheit des Geistes.<br \/>\n\u2013 Hilft, sich beim Lernen zu konzentrieren, Wissen besser zu behalten und sich nicht zu \u00fcberarbeiten.<br \/>\n\u2013 Lindert Melancholie, \u00c4ngste, emotionale Anspannung, Wut, Groll, Aggression, Stolz, Unzufriedenheit mit sich selbst oder anderen.<br \/>\n\u2013 Sch\u00fctzt vor k\u00f6rperlicher Gefahr.<br \/>\n\u2013 Hilft, unglaubliche Pl\u00e4ne und Projekte zu verwirklichen.<br \/>\n\u2013 Sch\u00fctzt Sie auf langen Fahrten.<br \/>\n\u2013 Hilft bei der Kommunikation mit Fremden.<\/p>\n<p><strong>Feng Shui:<\/strong> Platziere einen Lazurit-Kristall in der n\u00f6rdlichen Ecke des Hauses, um Karriereerfolg zu erzielen. <\/p>\n<p>Wof\u00fcr wird Lasurit besonders ben\u00f6tigt?<\/p>\n<ul>\n<li>F\u00fcr alle, die ihren eigenen Weg suchen oder einfach nur f\u00fcr sich.<\/li>\n<li>Diejenigen, die ihren Lebenszweck kennen, aber z\u00f6gern, ihn zu erf\u00fcllen.<\/li>\n<li>Diejenigen, die den Job oder das T\u00e4tigkeitsfeld wechseln.<\/li>\n<li>Diejenigen, die in ein fremdes Land reisen.<\/li>\n<li>Diejenigen, die viele Informationen verarbeiten und nicht standardm\u00e4\u00dfige Entscheidungen treffen m\u00fcssen.<\/li>\n<li>Diejenigen, die studieren oder sich mit intellektuellen Aktivit\u00e4ten besch\u00e4ftigen.<\/li>\n<li>Diejenigen, die lernen m\u00fcssen, andere besser zu verstehen.<\/li>\n<li>Diejenigen, die sich im Dienste anderer opfern.<\/li>\n<li>Diejenigen, die sich immer zwischen Vorschl\u00e4gen und Zweifeln verlieren.<\/li>\n<\/ul>","protected":false},"excerpt":{"rendered":"<p>Lazurite gibt denen Energie, die nach Innovation suchen, versuchen, aus der Routine des Lebens auszubrechen und neue Pl\u00e4ne umzusetzen. Lasurit eignet sich besonders f\u00fcr diejenigen, die ihren Weg suchen oder f\u00fcr diejenigen, die es wissen, aber nicht wagen, ihn zu beginnen. Es hilft, Gleichgesinnte und Freunde zu finden, hilft, die begonnene Arbeit erfolgreich abzuschlie\u00dfen. Lasurites Motto \u201eSei, wer du bist, und sei nicht, wer du nicht bist\u201c.<\/p>","protected":false},"featured_media":4218,"comment_status":"open","ping_status":"closed","template":"","meta":[],"product_brand":[],"product_cat":[105],"product_tag":[143],"class_list":{"0":"post-5538","1":"product","2":"type-product","3":"status-publish","4":"has-post-thumbnail","6":"product_cat-bracelets","7":"product_tag-lazurite","8":"pa_gemstone-lazurite","10":"first","11":"instock","12":"taxable","13":"shipping-taxable","14":"purchasable","15":"product-type-variable","16":"has-default-attributes"},"yoast_head":"<!-- This site is optimized with the Yoast SEO plugin v26.1.1 - https:\/\/yoast.com\/wordpress\/plugins\/seo\/ -->\n<title>Lazurite Bracelet stone bracelet - spellsofthemoon<\/title>\n<meta name=\"description\" content=\"The bracelet is made from the dark colourful Lazurite stones with the silver colour spacer\/insert as a crystal separator.\" \/>\n<meta name=\"robots\" content=\"index, follow, max-snippet:-1, max-image-preview:large, max-video-preview:-1\" \/>\n<link rel=\"canonical\" href=\"https:\/\/spellsofthemoon.ch\/de\/produkt\/lazurite-bracelet\/\" \/>\n<meta property=\"og:locale\" content=\"de_DE\" \/>\n<meta property=\"og:type\" content=\"article\" \/>\n<meta property=\"og:title\" content=\"Lazurite Bracelet stone bracelet - spellsofthemoon\" \/>\n<meta property=\"og:description\" content=\"The bracelet is made from the dark colourful Lazurite stones with the silver colour spacer\/insert as a crystal separator.\" \/>\n<meta property=\"og:url\" content=\"https:\/\/spellsofthemoon.ch\/de\/produkt\/lazurite-bracelet\/\" \/>\n<meta property=\"og:site_name\" content=\"spellsofthemoon\" \/>\n<meta property=\"article:modified_time\" content=\"2023-02-01T22:13:25+00:00\" \/>\n<meta name=\"twitter:card\" content=\"summary_large_image\" \/>\n<meta name=\"twitter:label1\" content=\"Gesch\u00e4tzte Lesezeit\" \/>\n\t<meta name=\"twitter:data1\" content=\"1\u00a0Minute\" \/>\n<script type=\"application\/ld+json\" class=\"yoast-schema-graph\">{\"@context\":\"https:\/\/schema.org\",\"@graph\":[{\"@type\":\"WebPage\",\"@id\":\"https:\/\/spellsofthemoon.ch\/product\/lazurite-bracelet\/\",\"url\":\"https:\/\/spellsofthemoon.ch\/product\/lazurite-bracelet\/\",\"name\":\"Lazurite Bracelet stone bracelet - spellsofthemoon\",\"isPartOf\":{\"@id\":\"https:\/\/spellsofthemoon.ch\/#website\"},\"primaryImageOfPage\":{\"@id\":\"https:\/\/spellsofthemoon.ch\/product\/lazurite-bracelet\/#primaryimage\"},\"image\":{\"@id\":\"https:\/\/spellsofthemoon.ch\/product\/lazurite-bracelet\/#primaryimage\"},\"thumbnailUrl\":\"https:\/\/spellsofthemoon.ch\/wp-content\/uploads\/2022\/10\/Lazurite-6.jpg\",\"datePublished\":\"2023-01-18T21:56:45+00:00\",\"dateModified\":\"2023-02-01T22:13:25+00:00\",\"description\":\"The bracelet is made from the dark colourful Lazurite stones with the silver colour spacer\/insert as a crystal separator.\",\"breadcrumb\":{\"@id\":\"https:\/\/spellsofthemoon.ch\/product\/lazurite-bracelet\/#breadcrumb\"},\"inLanguage\":\"de-CH\",\"potentialAction\":[{\"@type\":\"ReadAction\",\"target\":[\"https:\/\/spellsofthemoon.ch\/product\/lazurite-bracelet\/\"]}]},{\"@type\":\"ImageObject\",\"inLanguage\":\"de-CH\",\"@id\":\"https:\/\/spellsofthemoon.ch\/product\/lazurite-bracelet\/#primaryimage\",\"url\":\"https:\/\/spellsofthemoon.ch\/wp-content\/uploads\/2022\/10\/Lazurite-6.jpg\",\"contentUrl\":\"https:\/\/spellsofthemoon.ch\/wp-content\/uploads\/2022\/10\/Lazurite-6.jpg\",\"width\":1200,\"height\":1440},{\"@type\":\"BreadcrumbList\",\"@id\":\"https:\/\/spellsofthemoon.ch\/product\/lazurite-bracelet\/#breadcrumb\",\"itemListElement\":[{\"@type\":\"ListItem\",\"position\":1,\"name\":\"Home\",\"item\":\"https:\/\/spellsofthemoon.ch\/\"},{\"@type\":\"ListItem\",\"position\":2,\"name\":\"Shop\",\"item\":\"https:\/\/spellsofthemoon.ch\/shop\/\"},{\"@type\":\"ListItem\",\"position\":3,\"name\":\"Lazurite Bracelet\"}]},{\"@type\":\"WebSite\",\"@id\":\"https:\/\/spellsofthemoon.ch\/#website\",\"url\":\"https:\/\/spellsofthemoon.ch\/\",\"name\":\"spellsofthemoon\",\"description\":\"Precious stones, bracelets from gemstones, hand made candles, home decor\",\"potentialAction\":[{\"@type\":\"SearchAction\",\"target\":{\"@type\":\"EntryPoint\",\"urlTemplate\":\"https:\/\/spellsofthemoon.ch\/?s={search_term_string}\"},\"query-input\":{\"@type\":\"PropertyValueSpecification\",\"valueRequired\":true,\"valueName\":\"search_term_string\"}}],\"inLanguage\":\"de-CH\"}]}<\/script>\n<!-- \/ Yoast SEO plugin. -->","yoast_head_json":{"title":"Lazurite Bracelet stone bracelet - spellsofthemoon","description":"The bracelet is made from the dark colourful Lazurite stones with the silver colour spacer\/insert as a crystal separator.","robots":{"index":"index","follow":"follow","max-snippet":"max-snippet:-1","max-image-preview":"max-image-preview:large","max-video-preview":"max-video-preview:-1"},"canonical":"https:\/\/spellsofthemoon.ch\/de\/produkt\/lazurite-bracelet\/","og_locale":"de_DE","og_type":"article","og_title":"Lazurite Bracelet stone bracelet - spellsofthemoon","og_description":"The bracelet is made from the dark colourful Lazurite stones with the silver colour spacer\/insert as a crystal separator.","og_url":"https:\/\/spellsofthemoon.ch\/de\/produkt\/lazurite-bracelet\/","og_site_name":"spellsofthemoon","article_modified_time":"2023-02-01T22:13:25+00:00","twitter_card":"summary_large_image","twitter_misc":{"Gesch\u00e4tzte Lesezeit":"1\u00a0Minute"},"schema":{"@context":"https:\/\/schema.org","@graph":[{"@type":"WebPage","@id":"https:\/\/spellsofthemoon.ch\/product\/lazurite-bracelet\/","url":"https:\/\/spellsofthemoon.ch\/product\/lazurite-bracelet\/","name":"Lazurite Bracelet stone bracelet - spellsofthemoon","isPartOf":{"@id":"https:\/\/spellsofthemoon.ch\/#website"},"primaryImageOfPage":{"@id":"https:\/\/spellsofthemoon.ch\/product\/lazurite-bracelet\/#primaryimage"},"image":{"@id":"https:\/\/spellsofthemoon.ch\/product\/lazurite-bracelet\/#primaryimage"},"thumbnailUrl":"https:\/\/spellsofthemoon.ch\/wp-content\/uploads\/2022\/10\/Lazurite-6.jpg","datePublished":"2023-01-18T21:56:45+00:00","dateModified":"2023-02-01T22:13:25+00:00","description":"The bracelet is made from the dark colourful Lazurite stones with the silver colour spacer\/insert as a crystal separator.","breadcrumb":{"@id":"https:\/\/spellsofthemoon.ch\/product\/lazurite-bracelet\/#breadcrumb"},"inLanguage":"de-CH","potentialAction":[{"@type":"ReadAction","target":["https:\/\/spellsofthemoon.ch\/product\/lazurite-bracelet\/"]}]},{"@type":"ImageObject","inLanguage":"de-CH","@id":"https:\/\/spellsofthemoon.ch\/product\/lazurite-bracelet\/#primaryimage","url":"https:\/\/spellsofthemoon.ch\/wp-content\/uploads\/2022\/10\/Lazurite-6.jpg","contentUrl":"https:\/\/spellsofthemoon.ch\/wp-content\/uploads\/2022\/10\/Lazurite-6.jpg","width":1200,"height":1440},{"@type":"BreadcrumbList","@id":"https:\/\/spellsofthemoon.ch\/product\/lazurite-bracelet\/#breadcrumb","itemListElement":[{"@type":"ListItem","position":1,"name":"Home","item":"https:\/\/spellsofthemoon.ch\/"},{"@type":"ListItem","position":2,"name":"Shop","item":"https:\/\/spellsofthemoon.ch\/shop\/"},{"@type":"ListItem","position":3,"name":"Lazurite Bracelet"}]},{"@type":"WebSite","@id":"https:\/\/spellsofthemoon.ch\/#website","url":"https:\/\/spellsofthemoon.ch\/","name":"Zauber des Mondes","description":"Edelsteine, Armb\u00e4nder aus Edelsteinen, handgefertigte Kerzen, Wohnkultur","potentialAction":[{"@type":"SearchAction","target":{"@type":"EntryPoint","urlTemplate":"https:\/\/spellsofthemoon.ch\/?s={search_term_string}"},"query-input":{"@type":"PropertyValueSpecification","valueRequired":true,"valueName":"search_term_string"}}],"inLanguage":"de-CH"}]}},"_links":{"self":[{"href":"https:\/\/spellsofthemoon.ch\/de\/wp-json\/wp\/v2\/product\/5538","targetHints":{"allow":["GET"]}}],"collection":[{"href":"https:\/\/spellsofthemoon.ch\/de\/wp-json\/wp\/v2\/product"}],"about":[{"href":"https:\/\/spellsofthemoon.ch\/de\/wp-json\/wp\/v2\/types\/product"}],"replies":[{"embeddable":true,"href":"https:\/\/spellsofthemoon.ch\/de\/wp-json\/wp\/v2\/comments?post=5538"}],"wp:featuredmedia":[{"embeddable":true,"href":"https:\/\/spellsofthemoon.ch\/de\/wp-json\/wp\/v2\/media\/4218"}],"wp:attachment":[{"href":"https:\/\/spellsofthemoon.ch\/de\/wp-json\/wp\/v2\/media?parent=5538"}],"wp:term":[{"taxonomy":"product_brand","embeddable":true,"href":"https:\/\/spellsofthemoon.ch\/de\/wp-json\/wp\/v2\/product_brand?post=5538"},{"taxonomy":"product_cat","embeddable":true,"href":"https:\/\/spellsofthemoon.ch\/de\/wp-json\/wp\/v2\/product_cat?post=5538"},{"taxonomy":"product_tag","embeddable":true,"href":"https:\/\/spellsofthemoon.ch\/de\/wp-json\/wp\/v2\/product_tag?post=5538"}],"curies":[{"name":"wp","href":"https:\/\/api.w.org\/{rel}","templated":true}]}}