{"id":5529,"date":"2023-01-18T22:56:45","date_gmt":"2023-01-18T21:56:45","guid":{"rendered":"https:\/\/spellsofthemoon.ch\/?post_type=product&#038;p=5529"},"modified":"2023-02-01T23:13:23","modified_gmt":"2023-02-01T22:13:23","slug":"chrysoprase-bracelet","status":"publish","type":"product","link":"https:\/\/spellsofthemoon.ch\/de\/produkt\/chrysoprase-bracelet\/","title":{"rendered":"Chrysopras-Armband"},"content":{"rendered":"<p><strong>Schl\u00fcsselw\u00f6rter:<\/strong> Harmonie. Schutz der Vorfahren. Geld.<\/p>\n<p><strong>Chrysopras:<\/strong> <\/p>\n<p>\u2013 F\u00f6rdert Mut, Entschlossenheit und die F\u00e4higkeit zu regieren.<br \/>\n\u2013 F\u00f6rdert innere Sicherheit, Selbstvertrauen.<br \/>\n\u2013 F\u00f6rdert positives Denken.<br \/>\n\u2013 F\u00f6rdert die Selbstbeherrschung.<br \/>\n\u2013 Beruhigende Einsamkeitsgef\u00fchle, leichte Hysterie, \u00c4ngste, Reizbarkeit, Aggression.<br \/>\n\u2013 Hilft, schwierige Erinnerungen zu verarbeiten.<br \/>\n\u2013 F\u00f6rdert die emotionale Stabilit\u00e4t.<br \/>\n\u2013 F\u00f6rdert die Unabh\u00e4ngigkeit von externen Angriffen (insbesondere f\u00fcr diejenigen, die dazu neigen, sich auf die Meinungen und Urteile anderer zu konzentrieren)<br \/>\n\u2013 Sch\u00fctzt vor Widrigkeiten.<br \/>\n\u2013 Bietet Schutz f\u00fcr verstorbene Vorfahren.<br \/>\n\u2013 Gewinnt Verst\u00e4ndnis von anderen, richtigen Freunden. <\/p>\n<p><strong>Feng Shui:<\/strong> Platziere den Kristall in der Ecke von Reichtum und F\u00fclle im S\u00fcdosten oder in der Ecke von Ruhm und Anerkennung im S\u00fcden. <\/p>\n<p>Wof\u00fcr wird Chrysopras besonders empfohlen?<\/p>\n<ul>\n<li>Es kann ein Amulett f\u00fcr jeden sein, der das Gleichgewicht zwischen Verstand und Herz, Geist und Materie finden m\u00f6chte.<\/li>\n<li>Diejenigen, die den Tod f\u00fcrchten oder sich unsicher f\u00fchlen, wenn sie allein sind.<\/li>\n<li>F\u00fcr diejenigen, die von verschiedenen inneren Widerspr\u00fcchen gequ\u00e4lt werden.<\/li>\n<li>Menschen, die zunehmend krank oder depressiv werden.<\/li>\n<li>Diejenigen, die sich selbst und Gott kennenlernen wollen.<\/li>\n<li>Lehrer, Heiler, Kr\u00e4uterkundige, \u00c4rzte.<\/li>\n<\/ul>","protected":false},"excerpt":{"rendered":"<p>Chrysopras steht f\u00fcr das Thema Harmonie. Seine Funktion besteht darin, den gesamten physischen K\u00f6rper und die subtilen Systeme mit den Bed\u00fcrfnissen der Seele in Einklang zu bringen. So wird innere Sicherheit und Gewissheit empfunden. Die Mineraltherapie gilt als idealer Arzt f\u00fcr K\u00f6rper, Geist und Seele. Es wird gesagt, dass Chrysopras ein gebrochenes Herz heilen und neue Liebe anziehen kann. Zieht Reichtum und Zugang zum Haus an, sorgt f\u00fcr eine F\u00fclle von Ernten. Chrysopras wird in schwierigen Lebenssituationen getragen, da es sie beruhigt und vor Katastrophen sch\u00fctzt.<\/p>","protected":false},"featured_media":4220,"comment_status":"open","ping_status":"closed","template":"","meta":[],"product_brand":[],"product_cat":[105],"product_tag":[141],"class_list":{"0":"post-5529","1":"product","2":"type-product","3":"status-publish","4":"has-post-thumbnail","6":"product_cat-bracelets","7":"product_tag-chrysoprase","8":"pa_gemstone-chrysoprase","10":"first","11":"instock","12":"taxable","13":"shipping-taxable","14":"purchasable","15":"product-type-variable","16":"has-default-attributes"},"yoast_head":"<!-- This site is optimized with the Yoast SEO plugin v26.1.1 - https:\/\/yoast.com\/wordpress\/plugins\/seo\/ -->\n<title>Chrysoprase Bracelet stone bracelet - spellsofthemoon<\/title>\n<meta name=\"description\" content=\"The bracelet is made from the green Chrysoprase stones with the gold colour spacer\/insert as a crystal separator.\" \/>\n<meta name=\"robots\" content=\"index, follow, max-snippet:-1, max-image-preview:large, max-video-preview:-1\" \/>\n<link rel=\"canonical\" href=\"https:\/\/spellsofthemoon.ch\/de\/produkt\/chrysoprase-bracelet\/\" \/>\n<meta property=\"og:locale\" content=\"de_DE\" \/>\n<meta property=\"og:type\" content=\"article\" \/>\n<meta property=\"og:title\" content=\"Chrysoprase Bracelet stone bracelet - spellsofthemoon\" \/>\n<meta property=\"og:description\" content=\"The bracelet is made from the green Chrysoprase stones with the gold colour spacer\/insert as a crystal separator.\" \/>\n<meta property=\"og:url\" content=\"https:\/\/spellsofthemoon.ch\/de\/produkt\/chrysoprase-bracelet\/\" \/>\n<meta property=\"og:site_name\" content=\"spellsofthemoon\" \/>\n<meta property=\"article:modified_time\" content=\"2023-02-01T22:13:23+00:00\" \/>\n<meta name=\"twitter:card\" content=\"summary_large_image\" \/>\n<meta name=\"twitter:label1\" content=\"Gesch\u00e4tzte Lesezeit\" \/>\n\t<meta name=\"twitter:data1\" content=\"1\u00a0Minute\" \/>\n<script type=\"application\/ld+json\" class=\"yoast-schema-graph\">{\"@context\":\"https:\/\/schema.org\",\"@graph\":[{\"@type\":\"WebPage\",\"@id\":\"https:\/\/spellsofthemoon.ch\/product\/chrysoprase-bracelet\/\",\"url\":\"https:\/\/spellsofthemoon.ch\/product\/chrysoprase-bracelet\/\",\"name\":\"Chrysoprase Bracelet stone bracelet - spellsofthemoon\",\"isPartOf\":{\"@id\":\"https:\/\/spellsofthemoon.ch\/#website\"},\"primaryImageOfPage\":{\"@id\":\"https:\/\/spellsofthemoon.ch\/product\/chrysoprase-bracelet\/#primaryimage\"},\"image\":{\"@id\":\"https:\/\/spellsofthemoon.ch\/product\/chrysoprase-bracelet\/#primaryimage\"},\"thumbnailUrl\":\"https:\/\/spellsofthemoon.ch\/wp-content\/uploads\/2021\/12\/Chrysophrase-2.jpg\",\"datePublished\":\"2023-01-18T21:56:45+00:00\",\"dateModified\":\"2023-02-01T22:13:23+00:00\",\"description\":\"The bracelet is made from the green Chrysoprase stones with the gold colour spacer\/insert as a crystal separator.\",\"breadcrumb\":{\"@id\":\"https:\/\/spellsofthemoon.ch\/product\/chrysoprase-bracelet\/#breadcrumb\"},\"inLanguage\":\"de-CH\",\"potentialAction\":[{\"@type\":\"ReadAction\",\"target\":[\"https:\/\/spellsofthemoon.ch\/product\/chrysoprase-bracelet\/\"]}]},{\"@type\":\"ImageObject\",\"inLanguage\":\"de-CH\",\"@id\":\"https:\/\/spellsofthemoon.ch\/product\/chrysoprase-bracelet\/#primaryimage\",\"url\":\"https:\/\/spellsofthemoon.ch\/wp-content\/uploads\/2021\/12\/Chrysophrase-2.jpg\",\"contentUrl\":\"https:\/\/spellsofthemoon.ch\/wp-content\/uploads\/2021\/12\/Chrysophrase-2.jpg\",\"width\":1200,\"height\":1440,\"caption\":\"Chrysophrase bracelet\"},{\"@type\":\"BreadcrumbList\",\"@id\":\"https:\/\/spellsofthemoon.ch\/product\/chrysoprase-bracelet\/#breadcrumb\",\"itemListElement\":[{\"@type\":\"ListItem\",\"position\":1,\"name\":\"Home\",\"item\":\"https:\/\/spellsofthemoon.ch\/\"},{\"@type\":\"ListItem\",\"position\":2,\"name\":\"Shop\",\"item\":\"https:\/\/spellsofthemoon.ch\/shop\/\"},{\"@type\":\"ListItem\",\"position\":3,\"name\":\"Chrysoprase Bracelet\"}]},{\"@type\":\"WebSite\",\"@id\":\"https:\/\/spellsofthemoon.ch\/#website\",\"url\":\"https:\/\/spellsofthemoon.ch\/\",\"name\":\"spellsofthemoon\",\"description\":\"Precious stones, bracelets from gemstones, hand made candles, home decor\",\"potentialAction\":[{\"@type\":\"SearchAction\",\"target\":{\"@type\":\"EntryPoint\",\"urlTemplate\":\"https:\/\/spellsofthemoon.ch\/?s={search_term_string}\"},\"query-input\":{\"@type\":\"PropertyValueSpecification\",\"valueRequired\":true,\"valueName\":\"search_term_string\"}}],\"inLanguage\":\"de-CH\"}]}<\/script>\n<!-- \/ Yoast SEO plugin. -->","yoast_head_json":{"title":"Chrysoprase Bracelet stone bracelet - spellsofthemoon","description":"The bracelet is made from the green Chrysoprase stones with the gold colour spacer\/insert as a crystal separator.","robots":{"index":"index","follow":"follow","max-snippet":"max-snippet:-1","max-image-preview":"max-image-preview:large","max-video-preview":"max-video-preview:-1"},"canonical":"https:\/\/spellsofthemoon.ch\/de\/produkt\/chrysoprase-bracelet\/","og_locale":"de_DE","og_type":"article","og_title":"Chrysoprase Bracelet stone bracelet - spellsofthemoon","og_description":"The bracelet is made from the green Chrysoprase stones with the gold colour spacer\/insert as a crystal separator.","og_url":"https:\/\/spellsofthemoon.ch\/de\/produkt\/chrysoprase-bracelet\/","og_site_name":"spellsofthemoon","article_modified_time":"2023-02-01T22:13:23+00:00","twitter_card":"summary_large_image","twitter_misc":{"Gesch\u00e4tzte Lesezeit":"1\u00a0Minute"},"schema":{"@context":"https:\/\/schema.org","@graph":[{"@type":"WebPage","@id":"https:\/\/spellsofthemoon.ch\/product\/chrysoprase-bracelet\/","url":"https:\/\/spellsofthemoon.ch\/product\/chrysoprase-bracelet\/","name":"Chrysoprase Bracelet stone bracelet - spellsofthemoon","isPartOf":{"@id":"https:\/\/spellsofthemoon.ch\/#website"},"primaryImageOfPage":{"@id":"https:\/\/spellsofthemoon.ch\/product\/chrysoprase-bracelet\/#primaryimage"},"image":{"@id":"https:\/\/spellsofthemoon.ch\/product\/chrysoprase-bracelet\/#primaryimage"},"thumbnailUrl":"https:\/\/spellsofthemoon.ch\/wp-content\/uploads\/2021\/12\/Chrysophrase-2.jpg","datePublished":"2023-01-18T21:56:45+00:00","dateModified":"2023-02-01T22:13:23+00:00","description":"The bracelet is made from the green Chrysoprase stones with the gold colour spacer\/insert as a crystal separator.","breadcrumb":{"@id":"https:\/\/spellsofthemoon.ch\/product\/chrysoprase-bracelet\/#breadcrumb"},"inLanguage":"de-CH","potentialAction":[{"@type":"ReadAction","target":["https:\/\/spellsofthemoon.ch\/product\/chrysoprase-bracelet\/"]}]},{"@type":"ImageObject","inLanguage":"de-CH","@id":"https:\/\/spellsofthemoon.ch\/product\/chrysoprase-bracelet\/#primaryimage","url":"https:\/\/spellsofthemoon.ch\/wp-content\/uploads\/2021\/12\/Chrysophrase-2.jpg","contentUrl":"https:\/\/spellsofthemoon.ch\/wp-content\/uploads\/2021\/12\/Chrysophrase-2.jpg","width":1200,"height":1440,"caption":"Chrysophrase bracelet"},{"@type":"BreadcrumbList","@id":"https:\/\/spellsofthemoon.ch\/product\/chrysoprase-bracelet\/#breadcrumb","itemListElement":[{"@type":"ListItem","position":1,"name":"Home","item":"https:\/\/spellsofthemoon.ch\/"},{"@type":"ListItem","position":2,"name":"Shop","item":"https:\/\/spellsofthemoon.ch\/shop\/"},{"@type":"ListItem","position":3,"name":"Chrysoprase Bracelet"}]},{"@type":"WebSite","@id":"https:\/\/spellsofthemoon.ch\/#website","url":"https:\/\/spellsofthemoon.ch\/","name":"Zauber des Mondes","description":"Edelsteine, Armb\u00e4nder aus Edelsteinen, handgefertigte Kerzen, Wohnkultur","potentialAction":[{"@type":"SearchAction","target":{"@type":"EntryPoint","urlTemplate":"https:\/\/spellsofthemoon.ch\/?s={search_term_string}"},"query-input":{"@type":"PropertyValueSpecification","valueRequired":true,"valueName":"search_term_string"}}],"inLanguage":"de-CH"}]}},"_links":{"self":[{"href":"https:\/\/spellsofthemoon.ch\/de\/wp-json\/wp\/v2\/product\/5529","targetHints":{"allow":["GET"]}}],"collection":[{"href":"https:\/\/spellsofthemoon.ch\/de\/wp-json\/wp\/v2\/product"}],"about":[{"href":"https:\/\/spellsofthemoon.ch\/de\/wp-json\/wp\/v2\/types\/product"}],"replies":[{"embeddable":true,"href":"https:\/\/spellsofthemoon.ch\/de\/wp-json\/wp\/v2\/comments?post=5529"}],"wp:featuredmedia":[{"embeddable":true,"href":"https:\/\/spellsofthemoon.ch\/de\/wp-json\/wp\/v2\/media\/4220"}],"wp:attachment":[{"href":"https:\/\/spellsofthemoon.ch\/de\/wp-json\/wp\/v2\/media?parent=5529"}],"wp:term":[{"taxonomy":"product_brand","embeddable":true,"href":"https:\/\/spellsofthemoon.ch\/de\/wp-json\/wp\/v2\/product_brand?post=5529"},{"taxonomy":"product_cat","embeddable":true,"href":"https:\/\/spellsofthemoon.ch\/de\/wp-json\/wp\/v2\/product_cat?post=5529"},{"taxonomy":"product_tag","embeddable":true,"href":"https:\/\/spellsofthemoon.ch\/de\/wp-json\/wp\/v2\/product_tag?post=5529"}],"curies":[{"name":"wp","href":"https:\/\/api.w.org\/{rel}","templated":true}]}}