{"id":5502,"date":"2023-01-18T22:56:39","date_gmt":"2023-01-18T21:56:39","guid":{"rendered":"https:\/\/spellsofthemoon.ch\/?post_type=product&#038;p=5502"},"modified":"2023-02-01T23:13:21","modified_gmt":"2023-02-01T22:13:21","slug":"rose-quartz-dark-bracelet","status":"publish","type":"product","link":"https:\/\/spellsofthemoon.ch\/de\/produkt\/rose-quartz-dark-bracelet\/","title":{"rendered":"Rosenquarz (dunkel) Armband"},"content":{"rendered":"<p><strong>Schl\u00fcsselw\u00f6rter:<\/strong> Innerer Frieden. Liebe. Kreativit\u00e4t. Sch\u00f6nheit. <\/p>\n<p><strong>Rosenquarz:<\/strong><\/p>\n<p>\u2013 Beruhigt Arroganz, Forderungen und damit verbundene Spannungen, Wut, Rechtschaffenheit.<br \/>\n\u2013 Befreiung von \u00fcberm\u00e4\u00dfiger Sorge.<br \/>\n\u2013 Heilt Wunden des Herzens, gibt Frieden in chaotischen Situationen.<br \/>\n\u2013 F\u00f6rdert die Offenheit f\u00fcr Sch\u00f6nheit, Leben und Liebe.<br \/>\n\u2013 Sch\u00fctzt vor allen Arten von Strahlung.<br \/>\n\u2013 Beruhigt und entspannt die Umgebung und durchdringt sie mit Schwingungen der Sanftheit und Liebe.<br \/>\n\u2013 Verwendet f\u00fcr partnerschaftliche Beziehungen, Liebesmagie. <\/p>\n<p>Wof\u00fcr ist Rosenquarz besonders zu empfehlen?<\/p>\n<ul>\n<li>Diejenigen, die nicht wissen, wie sie sich und andere akzeptieren sollen.<\/li>\n<li>Diejenigen, die lernen m\u00fcssen, sich selbst zu lieben.<\/li>\n<li>Diejenigen, die Angst haben, ihre Talente und F\u00e4higkeiten auszudr\u00fccken, aus Angst vor Spott und Verurteilung.<\/li>\n<li>Diejenigen, die die W\u00e4rme eines Elternhauses nicht erlebt haben.<\/li>\n<li>Diejenigen, die st\u00e4ndig gestresst sind und nicht wissen, wie sie sich entspannen sollen.<\/li>\n<li>Wer nicht zu vergeben wei\u00df, ist st\u00e4ndig verlegen oder will Rache.<\/li>\n<li>Kleinkinder, da es ihre emotionale und k\u00f6rperliche Entwicklung f\u00f6rdert.<\/li>\n<li>Diejenigen, denen es nicht an Stolz mangelt.<\/li>\n<li>Diejenigen, die keine Freunde haben oder sie schnell verlieren.<\/li>\n<li>F\u00fcr einsame Menschen.<\/li>\n<\/ul>","protected":false},"excerpt":{"rendered":"<p>Der Rosenquarz ist ein Stein der Liebe, Z\u00e4rtlichkeit und des inneren Friedens. Es wird angenommen, dass Rosenquarz hilft, sich selbst und andere so zu akzeptieren, wie sie sind, und die Offenheit f\u00fcr Sch\u00f6nheit, Kreativit\u00e4t, Leben und Liebe f\u00f6rdert. F\u00f6rdert auch Aufrichtigkeit, Sensibilit\u00e4t gegen\u00fcber anderen, lehrt Vergebung, Freude und Liebe. Bietet Ruhe in chaotischen und kritischen Situationen. Rosenquarz ist auch toll f\u00fcr Kinder. Belebt ihre Kreativit\u00e4t und Vorstellungskraft, f\u00f6rdert ihre k\u00f6rperliche und emotionale Entwicklung.<\/p>","protected":false},"featured_media":4230,"comment_status":"open","ping_status":"closed","template":"","meta":[],"product_brand":[],"product_cat":[105],"product_tag":[132,133],"class_list":{"0":"post-5502","1":"product","2":"type-product","3":"status-publish","4":"has-post-thumbnail","6":"product_cat-bracelets","7":"product_tag-rose-quartz","8":"product_tag-rose-quartz-dark","9":"pa_gemstone-rose-quartz","11":"first","12":"instock","13":"taxable","14":"shipping-taxable","15":"purchasable","16":"product-type-variable","17":"has-default-attributes"},"yoast_head":"<!-- This site is optimized with the Yoast SEO plugin v26.1.1 - https:\/\/yoast.com\/wordpress\/plugins\/seo\/ -->\n<title>Rose Quartz (dark) Bracelet stone bracelet - spellsofthemoon<\/title>\n<meta name=\"description\" content=\"The bracelet is made from the purple Rose Quartz dark stones with the grey like spacer\/insert as a crystal separator.\" \/>\n<meta name=\"robots\" content=\"index, follow, max-snippet:-1, max-image-preview:large, max-video-preview:-1\" \/>\n<link rel=\"canonical\" href=\"https:\/\/spellsofthemoon.ch\/de\/produkt\/rose-quartz-dark-bracelet\/\" \/>\n<meta property=\"og:locale\" content=\"de_DE\" \/>\n<meta property=\"og:type\" content=\"article\" \/>\n<meta property=\"og:title\" content=\"Rose Quartz (dark) Bracelet stone bracelet - spellsofthemoon\" \/>\n<meta property=\"og:description\" content=\"The bracelet is made from the purple Rose Quartz dark stones with the grey like spacer\/insert as a crystal separator.\" \/>\n<meta property=\"og:url\" content=\"https:\/\/spellsofthemoon.ch\/de\/produkt\/rose-quartz-dark-bracelet\/\" \/>\n<meta property=\"og:site_name\" content=\"spellsofthemoon\" \/>\n<meta property=\"article:modified_time\" content=\"2023-02-01T22:13:21+00:00\" \/>\n<meta name=\"twitter:card\" content=\"summary_large_image\" \/>\n<meta name=\"twitter:label1\" content=\"Gesch\u00e4tzte Lesezeit\" \/>\n\t<meta name=\"twitter:data1\" content=\"1\u00a0Minute\" \/>\n<script type=\"application\/ld+json\" class=\"yoast-schema-graph\">{\"@context\":\"https:\/\/schema.org\",\"@graph\":[{\"@type\":\"WebPage\",\"@id\":\"https:\/\/spellsofthemoon.ch\/product\/rose-quartz-dark-bracelet\/\",\"url\":\"https:\/\/spellsofthemoon.ch\/product\/rose-quartz-dark-bracelet\/\",\"name\":\"Rose Quartz (dark) Bracelet stone bracelet - spellsofthemoon\",\"isPartOf\":{\"@id\":\"https:\/\/spellsofthemoon.ch\/#website\"},\"primaryImageOfPage\":{\"@id\":\"https:\/\/spellsofthemoon.ch\/product\/rose-quartz-dark-bracelet\/#primaryimage\"},\"image\":{\"@id\":\"https:\/\/spellsofthemoon.ch\/product\/rose-quartz-dark-bracelet\/#primaryimage\"},\"thumbnailUrl\":\"https:\/\/spellsofthemoon.ch\/wp-content\/uploads\/2021\/12\/Rose-Quartz-Dark.jpg\",\"datePublished\":\"2023-01-18T21:56:39+00:00\",\"dateModified\":\"2023-02-01T22:13:21+00:00\",\"description\":\"The bracelet is made from the purple Rose Quartz dark stones with the grey like spacer\/insert as a crystal separator.\",\"breadcrumb\":{\"@id\":\"https:\/\/spellsofthemoon.ch\/product\/rose-quartz-dark-bracelet\/#breadcrumb\"},\"inLanguage\":\"de-CH\",\"potentialAction\":[{\"@type\":\"ReadAction\",\"target\":[\"https:\/\/spellsofthemoon.ch\/product\/rose-quartz-dark-bracelet\/\"]}]},{\"@type\":\"ImageObject\",\"inLanguage\":\"de-CH\",\"@id\":\"https:\/\/spellsofthemoon.ch\/product\/rose-quartz-dark-bracelet\/#primaryimage\",\"url\":\"https:\/\/spellsofthemoon.ch\/wp-content\/uploads\/2021\/12\/Rose-Quartz-Dark.jpg\",\"contentUrl\":\"https:\/\/spellsofthemoon.ch\/wp-content\/uploads\/2021\/12\/Rose-Quartz-Dark.jpg\",\"width\":1200,\"height\":1440,\"caption\":\"Rose Quartz (Dark)\"},{\"@type\":\"BreadcrumbList\",\"@id\":\"https:\/\/spellsofthemoon.ch\/product\/rose-quartz-dark-bracelet\/#breadcrumb\",\"itemListElement\":[{\"@type\":\"ListItem\",\"position\":1,\"name\":\"Home\",\"item\":\"https:\/\/spellsofthemoon.ch\/\"},{\"@type\":\"ListItem\",\"position\":2,\"name\":\"Shop\",\"item\":\"https:\/\/spellsofthemoon.ch\/shop\/\"},{\"@type\":\"ListItem\",\"position\":3,\"name\":\"Rose Quartz (dark) Bracelet\"}]},{\"@type\":\"WebSite\",\"@id\":\"https:\/\/spellsofthemoon.ch\/#website\",\"url\":\"https:\/\/spellsofthemoon.ch\/\",\"name\":\"spellsofthemoon\",\"description\":\"Precious stones, bracelets from gemstones, hand made candles, home decor\",\"potentialAction\":[{\"@type\":\"SearchAction\",\"target\":{\"@type\":\"EntryPoint\",\"urlTemplate\":\"https:\/\/spellsofthemoon.ch\/?s={search_term_string}\"},\"query-input\":{\"@type\":\"PropertyValueSpecification\",\"valueRequired\":true,\"valueName\":\"search_term_string\"}}],\"inLanguage\":\"de-CH\"}]}<\/script>\n<!-- \/ Yoast SEO plugin. -->","yoast_head_json":{"title":"Rose Quartz (dark) Bracelet stone bracelet - spellsofthemoon","description":"The bracelet is made from the purple Rose Quartz dark stones with the grey like spacer\/insert as a crystal separator.","robots":{"index":"index","follow":"follow","max-snippet":"max-snippet:-1","max-image-preview":"max-image-preview:large","max-video-preview":"max-video-preview:-1"},"canonical":"https:\/\/spellsofthemoon.ch\/de\/produkt\/rose-quartz-dark-bracelet\/","og_locale":"de_DE","og_type":"article","og_title":"Rose Quartz (dark) Bracelet stone bracelet - spellsofthemoon","og_description":"The bracelet is made from the purple Rose Quartz dark stones with the grey like spacer\/insert as a crystal separator.","og_url":"https:\/\/spellsofthemoon.ch\/de\/produkt\/rose-quartz-dark-bracelet\/","og_site_name":"spellsofthemoon","article_modified_time":"2023-02-01T22:13:21+00:00","twitter_card":"summary_large_image","twitter_misc":{"Gesch\u00e4tzte Lesezeit":"1\u00a0Minute"},"schema":{"@context":"https:\/\/schema.org","@graph":[{"@type":"WebPage","@id":"https:\/\/spellsofthemoon.ch\/product\/rose-quartz-dark-bracelet\/","url":"https:\/\/spellsofthemoon.ch\/product\/rose-quartz-dark-bracelet\/","name":"Rose Quartz (dark) Bracelet stone bracelet - spellsofthemoon","isPartOf":{"@id":"https:\/\/spellsofthemoon.ch\/#website"},"primaryImageOfPage":{"@id":"https:\/\/spellsofthemoon.ch\/product\/rose-quartz-dark-bracelet\/#primaryimage"},"image":{"@id":"https:\/\/spellsofthemoon.ch\/product\/rose-quartz-dark-bracelet\/#primaryimage"},"thumbnailUrl":"https:\/\/spellsofthemoon.ch\/wp-content\/uploads\/2021\/12\/Rose-Quartz-Dark.jpg","datePublished":"2023-01-18T21:56:39+00:00","dateModified":"2023-02-01T22:13:21+00:00","description":"The bracelet is made from the purple Rose Quartz dark stones with the grey like spacer\/insert as a crystal separator.","breadcrumb":{"@id":"https:\/\/spellsofthemoon.ch\/product\/rose-quartz-dark-bracelet\/#breadcrumb"},"inLanguage":"de-CH","potentialAction":[{"@type":"ReadAction","target":["https:\/\/spellsofthemoon.ch\/product\/rose-quartz-dark-bracelet\/"]}]},{"@type":"ImageObject","inLanguage":"de-CH","@id":"https:\/\/spellsofthemoon.ch\/product\/rose-quartz-dark-bracelet\/#primaryimage","url":"https:\/\/spellsofthemoon.ch\/wp-content\/uploads\/2021\/12\/Rose-Quartz-Dark.jpg","contentUrl":"https:\/\/spellsofthemoon.ch\/wp-content\/uploads\/2021\/12\/Rose-Quartz-Dark.jpg","width":1200,"height":1440,"caption":"Rose Quartz (Dark)"},{"@type":"BreadcrumbList","@id":"https:\/\/spellsofthemoon.ch\/product\/rose-quartz-dark-bracelet\/#breadcrumb","itemListElement":[{"@type":"ListItem","position":1,"name":"Home","item":"https:\/\/spellsofthemoon.ch\/"},{"@type":"ListItem","position":2,"name":"Shop","item":"https:\/\/spellsofthemoon.ch\/shop\/"},{"@type":"ListItem","position":3,"name":"Rose Quartz (dark) Bracelet"}]},{"@type":"WebSite","@id":"https:\/\/spellsofthemoon.ch\/#website","url":"https:\/\/spellsofthemoon.ch\/","name":"Zauber des Mondes","description":"Edelsteine, Armb\u00e4nder aus Edelsteinen, handgefertigte Kerzen, Wohnkultur","potentialAction":[{"@type":"SearchAction","target":{"@type":"EntryPoint","urlTemplate":"https:\/\/spellsofthemoon.ch\/?s={search_term_string}"},"query-input":{"@type":"PropertyValueSpecification","valueRequired":true,"valueName":"search_term_string"}}],"inLanguage":"de-CH"}]}},"_links":{"self":[{"href":"https:\/\/spellsofthemoon.ch\/de\/wp-json\/wp\/v2\/product\/5502","targetHints":{"allow":["GET"]}}],"collection":[{"href":"https:\/\/spellsofthemoon.ch\/de\/wp-json\/wp\/v2\/product"}],"about":[{"href":"https:\/\/spellsofthemoon.ch\/de\/wp-json\/wp\/v2\/types\/product"}],"replies":[{"embeddable":true,"href":"https:\/\/spellsofthemoon.ch\/de\/wp-json\/wp\/v2\/comments?post=5502"}],"wp:featuredmedia":[{"embeddable":true,"href":"https:\/\/spellsofthemoon.ch\/de\/wp-json\/wp\/v2\/media\/4230"}],"wp:attachment":[{"href":"https:\/\/spellsofthemoon.ch\/de\/wp-json\/wp\/v2\/media?parent=5502"}],"wp:term":[{"taxonomy":"product_brand","embeddable":true,"href":"https:\/\/spellsofthemoon.ch\/de\/wp-json\/wp\/v2\/product_brand?post=5502"},{"taxonomy":"product_cat","embeddable":true,"href":"https:\/\/spellsofthemoon.ch\/de\/wp-json\/wp\/v2\/product_cat?post=5502"},{"taxonomy":"product_tag","embeddable":true,"href":"https:\/\/spellsofthemoon.ch\/de\/wp-json\/wp\/v2\/product_tag?post=5502"}],"curies":[{"name":"wp","href":"https:\/\/api.w.org\/{rel}","templated":true}]}}