{"id":5487,"date":"2023-01-18T22:56:38","date_gmt":"2023-01-18T21:56:38","guid":{"rendered":"https:\/\/spellsofthemoon.ch\/?post_type=product&#038;p=5487"},"modified":"2023-02-01T23:13:21","modified_gmt":"2023-02-01T22:13:21","slug":"amazonite-bracelet","status":"publish","type":"product","link":"https:\/\/spellsofthemoon.ch\/de\/produkt\/amazonite-bracelet\/","title":{"rendered":"Amazonit-Armband"},"content":{"rendered":"<p><strong>Schl\u00fcsselw\u00f6rter:<\/strong> Kommunikation. Information. Selbstvertrauen. <\/p>\n<p><strong>Amazonit:<\/strong><\/p>\n<p>\u2013 Beruhigt den Geist und \u00fcbersch\u00fcssige Gedanken.<br \/>\n\u2013 F\u00f6rdert die Konzentration bei der Aufnahme von Informationen.<br \/>\n\u2013 Beruhigung extremer emotionaler Ver\u00e4nderungen, Impulsivit\u00e4t, Depression.<br \/>\n\u2013 Hilft zu lernen, unangenehme Situationen und deren L\u00f6sungen stressfrei zu akzeptieren.<br \/>\n\u2013 Hilft beim Aufbau starker famili\u00e4rer Beziehungen.<br \/>\n\u2013 Regt die k\u00f6rperliche Aktivit\u00e4t an.<br \/>\n\u2013 Beeinflusst die gegenseitigen Beziehungen. <\/p>\n<p><strong>Feng Shui:<\/strong> platziert in der Family and Health-Ecke im Osten und der Wealth-Ecke im S\u00fcdosten. <\/p>\n<p>Wem ist das Tragen von Amazonit besonders zu empfehlen?<\/p>\n<ul>\n<li>F\u00fcr Menschen mit extremen Stimmungsschwankungen.<\/li>\n<li>Diejenigen, deren Leben voller doppelter Situationen ist, in denen Entscheidungen getroffen werden m\u00fcssen.<\/li>\n<li>Ehepartner, die uneins sind.<\/li>\n<li>Diejenigen, die andere gerne kritisieren und verurteilen.<\/li>\n<li>Menschen, die von ihrem eigenen Chaos abgelenkt sind.<\/li>\n<li>Diejenigen, die Sport treiben.<\/li>\n<\/ul>","protected":false},"excerpt":{"rendered":"<p>Das Thema von Amazonite ist Kommunikation. Es hilft, sich auf das Annehmen oder Ausw\u00e4hlen von Informationen zu konzentrieren. Der Stein lindert chronische Depressionen, Angstzust\u00e4nde, Impulsivit\u00e4t und extreme emotionale Ver\u00e4nderungen. Amazonit hilft Ihnen, stressfreie Situationen zu akzeptieren und damit umzugehen. Amazonit ist ein \u00e4u\u00dferst effektiver Stein, der die Selbstdarstellung, das Selbstvertrauen und die Kommunikation f\u00f6rdert.<span class=\"Apple-converted-space\">\u00a0<\/span><\/p>","protected":false},"featured_media":4232,"comment_status":"open","ping_status":"closed","template":"","meta":[],"product_brand":[],"product_cat":[105],"product_tag":[131],"class_list":{"0":"post-5487","1":"product","2":"type-product","3":"status-publish","4":"has-post-thumbnail","6":"product_cat-bracelets","7":"product_tag-amazonite","8":"pa_gemstone-amazonite","10":"first","11":"instock","12":"taxable","13":"shipping-taxable","14":"purchasable","15":"product-type-variable","16":"has-default-attributes"},"yoast_head":"<!-- This site is optimized with the Yoast SEO plugin v26.1.1 - https:\/\/yoast.com\/wordpress\/plugins\/seo\/ -->\n<title>Amazonite Bracelet stone bracelet - spellsofthemoon<\/title>\n<meta name=\"description\" content=\"The bracelet is made from the greenish electro like color &quot;Amazonite&quot; stones with the grey silver color spacer\/insert as a crystal separator.\" \/>\n<meta name=\"robots\" content=\"index, follow, max-snippet:-1, max-image-preview:large, max-video-preview:-1\" \/>\n<link rel=\"canonical\" href=\"https:\/\/spellsofthemoon.ch\/de\/produkt\/amazonite-bracelet\/\" \/>\n<meta property=\"og:locale\" content=\"de_DE\" \/>\n<meta property=\"og:type\" content=\"article\" \/>\n<meta property=\"og:title\" content=\"Amazonite Bracelet stone bracelet - spellsofthemoon\" \/>\n<meta property=\"og:description\" content=\"The bracelet is made from the greenish electro like color &quot;Amazonite&quot; stones with the grey silver color spacer\/insert as a crystal separator.\" \/>\n<meta property=\"og:url\" content=\"https:\/\/spellsofthemoon.ch\/de\/produkt\/amazonite-bracelet\/\" \/>\n<meta property=\"og:site_name\" content=\"spellsofthemoon\" \/>\n<meta property=\"article:modified_time\" content=\"2023-02-01T22:13:21+00:00\" \/>\n<meta name=\"twitter:card\" content=\"summary_large_image\" \/>\n<meta name=\"twitter:label1\" content=\"Gesch\u00e4tzte Lesezeit\" \/>\n\t<meta name=\"twitter:data1\" content=\"1\u00a0Minute\" \/>\n<script type=\"application\/ld+json\" class=\"yoast-schema-graph\">{\"@context\":\"https:\/\/schema.org\",\"@graph\":[{\"@type\":\"WebPage\",\"@id\":\"https:\/\/spellsofthemoon.ch\/product\/amazonite-bracelet\/\",\"url\":\"https:\/\/spellsofthemoon.ch\/product\/amazonite-bracelet\/\",\"name\":\"Amazonite Bracelet stone bracelet - spellsofthemoon\",\"isPartOf\":{\"@id\":\"https:\/\/spellsofthemoon.ch\/#website\"},\"primaryImageOfPage\":{\"@id\":\"https:\/\/spellsofthemoon.ch\/product\/amazonite-bracelet\/#primaryimage\"},\"image\":{\"@id\":\"https:\/\/spellsofthemoon.ch\/product\/amazonite-bracelet\/#primaryimage\"},\"thumbnailUrl\":\"https:\/\/spellsofthemoon.ch\/wp-content\/uploads\/2021\/12\/Amazonite.jpg\",\"datePublished\":\"2023-01-18T21:56:38+00:00\",\"dateModified\":\"2023-02-01T22:13:21+00:00\",\"description\":\"The bracelet is made from the greenish electro like color \\\"Amazonite\\\" stones with the grey silver color spacer\/insert as a crystal separator.\",\"breadcrumb\":{\"@id\":\"https:\/\/spellsofthemoon.ch\/product\/amazonite-bracelet\/#breadcrumb\"},\"inLanguage\":\"de-CH\",\"potentialAction\":[{\"@type\":\"ReadAction\",\"target\":[\"https:\/\/spellsofthemoon.ch\/product\/amazonite-bracelet\/\"]}]},{\"@type\":\"ImageObject\",\"inLanguage\":\"de-CH\",\"@id\":\"https:\/\/spellsofthemoon.ch\/product\/amazonite-bracelet\/#primaryimage\",\"url\":\"https:\/\/spellsofthemoon.ch\/wp-content\/uploads\/2021\/12\/Amazonite.jpg\",\"contentUrl\":\"https:\/\/spellsofthemoon.ch\/wp-content\/uploads\/2021\/12\/Amazonite.jpg\",\"width\":1200,\"height\":1440,\"caption\":\"Amazonite Bracelet\"},{\"@type\":\"BreadcrumbList\",\"@id\":\"https:\/\/spellsofthemoon.ch\/product\/amazonite-bracelet\/#breadcrumb\",\"itemListElement\":[{\"@type\":\"ListItem\",\"position\":1,\"name\":\"Home\",\"item\":\"https:\/\/spellsofthemoon.ch\/\"},{\"@type\":\"ListItem\",\"position\":2,\"name\":\"Shop\",\"item\":\"https:\/\/spellsofthemoon.ch\/shop\/\"},{\"@type\":\"ListItem\",\"position\":3,\"name\":\"Amazonite Bracelet\"}]},{\"@type\":\"WebSite\",\"@id\":\"https:\/\/spellsofthemoon.ch\/#website\",\"url\":\"https:\/\/spellsofthemoon.ch\/\",\"name\":\"spellsofthemoon\",\"description\":\"Precious stones, bracelets from gemstones, hand made candles, home decor\",\"potentialAction\":[{\"@type\":\"SearchAction\",\"target\":{\"@type\":\"EntryPoint\",\"urlTemplate\":\"https:\/\/spellsofthemoon.ch\/?s={search_term_string}\"},\"query-input\":{\"@type\":\"PropertyValueSpecification\",\"valueRequired\":true,\"valueName\":\"search_term_string\"}}],\"inLanguage\":\"de-CH\"}]}<\/script>\n<!-- \/ Yoast SEO plugin. -->","yoast_head_json":{"title":"Amazonite Bracelet stone bracelet - spellsofthemoon","description":"The bracelet is made from the greenish electro like color \"Amazonite\" stones with the grey silver color spacer\/insert as a crystal separator.","robots":{"index":"index","follow":"follow","max-snippet":"max-snippet:-1","max-image-preview":"max-image-preview:large","max-video-preview":"max-video-preview:-1"},"canonical":"https:\/\/spellsofthemoon.ch\/de\/produkt\/amazonite-bracelet\/","og_locale":"de_DE","og_type":"article","og_title":"Amazonite Bracelet stone bracelet - spellsofthemoon","og_description":"The bracelet is made from the greenish electro like color \"Amazonite\" stones with the grey silver color spacer\/insert as a crystal separator.","og_url":"https:\/\/spellsofthemoon.ch\/de\/produkt\/amazonite-bracelet\/","og_site_name":"spellsofthemoon","article_modified_time":"2023-02-01T22:13:21+00:00","twitter_card":"summary_large_image","twitter_misc":{"Gesch\u00e4tzte Lesezeit":"1\u00a0Minute"},"schema":{"@context":"https:\/\/schema.org","@graph":[{"@type":"WebPage","@id":"https:\/\/spellsofthemoon.ch\/product\/amazonite-bracelet\/","url":"https:\/\/spellsofthemoon.ch\/product\/amazonite-bracelet\/","name":"Amazonite Bracelet stone bracelet - spellsofthemoon","isPartOf":{"@id":"https:\/\/spellsofthemoon.ch\/#website"},"primaryImageOfPage":{"@id":"https:\/\/spellsofthemoon.ch\/product\/amazonite-bracelet\/#primaryimage"},"image":{"@id":"https:\/\/spellsofthemoon.ch\/product\/amazonite-bracelet\/#primaryimage"},"thumbnailUrl":"https:\/\/spellsofthemoon.ch\/wp-content\/uploads\/2021\/12\/Amazonite.jpg","datePublished":"2023-01-18T21:56:38+00:00","dateModified":"2023-02-01T22:13:21+00:00","description":"The bracelet is made from the greenish electro like color \"Amazonite\" stones with the grey silver color spacer\/insert as a crystal separator.","breadcrumb":{"@id":"https:\/\/spellsofthemoon.ch\/product\/amazonite-bracelet\/#breadcrumb"},"inLanguage":"de-CH","potentialAction":[{"@type":"ReadAction","target":["https:\/\/spellsofthemoon.ch\/product\/amazonite-bracelet\/"]}]},{"@type":"ImageObject","inLanguage":"de-CH","@id":"https:\/\/spellsofthemoon.ch\/product\/amazonite-bracelet\/#primaryimage","url":"https:\/\/spellsofthemoon.ch\/wp-content\/uploads\/2021\/12\/Amazonite.jpg","contentUrl":"https:\/\/spellsofthemoon.ch\/wp-content\/uploads\/2021\/12\/Amazonite.jpg","width":1200,"height":1440,"caption":"Amazonite Bracelet"},{"@type":"BreadcrumbList","@id":"https:\/\/spellsofthemoon.ch\/product\/amazonite-bracelet\/#breadcrumb","itemListElement":[{"@type":"ListItem","position":1,"name":"Home","item":"https:\/\/spellsofthemoon.ch\/"},{"@type":"ListItem","position":2,"name":"Shop","item":"https:\/\/spellsofthemoon.ch\/shop\/"},{"@type":"ListItem","position":3,"name":"Amazonite Bracelet"}]},{"@type":"WebSite","@id":"https:\/\/spellsofthemoon.ch\/#website","url":"https:\/\/spellsofthemoon.ch\/","name":"Zauber des Mondes","description":"Edelsteine, Armb\u00e4nder aus Edelsteinen, handgefertigte Kerzen, Wohnkultur","potentialAction":[{"@type":"SearchAction","target":{"@type":"EntryPoint","urlTemplate":"https:\/\/spellsofthemoon.ch\/?s={search_term_string}"},"query-input":{"@type":"PropertyValueSpecification","valueRequired":true,"valueName":"search_term_string"}}],"inLanguage":"de-CH"}]}},"_links":{"self":[{"href":"https:\/\/spellsofthemoon.ch\/de\/wp-json\/wp\/v2\/product\/5487","targetHints":{"allow":["GET"]}}],"collection":[{"href":"https:\/\/spellsofthemoon.ch\/de\/wp-json\/wp\/v2\/product"}],"about":[{"href":"https:\/\/spellsofthemoon.ch\/de\/wp-json\/wp\/v2\/types\/product"}],"replies":[{"embeddable":true,"href":"https:\/\/spellsofthemoon.ch\/de\/wp-json\/wp\/v2\/comments?post=5487"}],"wp:featuredmedia":[{"embeddable":true,"href":"https:\/\/spellsofthemoon.ch\/de\/wp-json\/wp\/v2\/media\/4232"}],"wp:attachment":[{"href":"https:\/\/spellsofthemoon.ch\/de\/wp-json\/wp\/v2\/media?parent=5487"}],"wp:term":[{"taxonomy":"product_brand","embeddable":true,"href":"https:\/\/spellsofthemoon.ch\/de\/wp-json\/wp\/v2\/product_brand?post=5487"},{"taxonomy":"product_cat","embeddable":true,"href":"https:\/\/spellsofthemoon.ch\/de\/wp-json\/wp\/v2\/product_cat?post=5487"},{"taxonomy":"product_tag","embeddable":true,"href":"https:\/\/spellsofthemoon.ch\/de\/wp-json\/wp\/v2\/product_tag?post=5487"}],"curies":[{"name":"wp","href":"https:\/\/api.w.org\/{rel}","templated":true}]}}