{"id":5478,"date":"2023-01-18T22:56:33","date_gmt":"2023-01-18T21:56:33","guid":{"rendered":"https:\/\/spellsofthemoon.ch\/?post_type=product&#038;p=5478"},"modified":"2024-07-09T22:28:14","modified_gmt":"2024-07-09T20:28:14","slug":"amethyst-bracelet","status":"publish","type":"product","link":"https:\/\/spellsofthemoon.ch\/de\/produkt\/amethyst-bracelet\/","title":{"rendered":"Amethyst-Armband"},"content":{"rendered":"<p><strong>Schl\u00fcsselw\u00f6rter:<\/strong> Transformation. Ein Heilmittel f\u00fcr mentale Anspannung NR.1. Ruhe und Ausgeglichenheit. <\/p>\n<p><strong>Amethyst:<\/strong><\/p>\n<p>\u2013 Regt die Intuition an.<br \/>\n\u2013 Gibt inneren Frieden.<br \/>\n\u2013 Ideal f\u00fcr spirituelle Meditation.<br \/>\n\u2013 Lehrt Konzentration, analytische F\u00e4higkeiten.<br \/>\n\u2013 Verbessert das Ged\u00e4chtnis.<br \/>\n\u2013 Beruhigt schnell den Geist.<br \/>\n\u2013 Beruhigt Kritik, das Bed\u00fcrfnis, andere zu verurteilen oder zu verleugnen.<br \/>\n\u2013 Hilft veraltete Gewohnheiten zu erkennen und zu \u00fcberwinden.<br \/>\n\u2013 Sorgt f\u00fcr emotionales Gleichgewicht. Beruhigt Warmherzigkeit, emotionale St\u00fcrme, Wut, Frustration, Impulsivit\u00e4t, krankhafte Eigensinne.<br \/>\n\u2013 Beruhigt Alptr\u00e4ume.<br \/>\n\u2013 Bietet Schutz vor psychischen, magischen Angriffen.<br \/>\n\u2013 F\u00f6rdert erfolgreiche, aber notwendigerweise ehrliche Gesch\u00e4fte.<br \/>\n\u2013 Hilft den Hinterbliebenen.<\/p>\n<p><strong>Feng Shui:<\/strong> Platziert dort, wo Negativit\u00e4t am meisten in der Wohnung oder in der Mitte des Raums zu sp\u00fcren ist. <\/p>\n<p>Wer braucht Amethyst am meisten?<\/p>\n<ul>\n<li>F\u00fcr diejenigen, die au\u00dferirdischen Einfl\u00fcssen erliegen.<\/li>\n<li>Diejenigen, die nicht wissen, wie man \u201enein\u201c sagt.<\/li>\n<li>Diejenigen, die spirituelle Praktiken praktizieren, Meditation.<\/li>\n<li>F\u00fcr Menschen aller Berufe, die neue Perspektiven suchen.<\/li>\n<li>F\u00fcr Studenten und Sch\u00fcler bei Pr\u00fcfungen.<\/li>\n<li>F\u00fcr diejenigen, die von der Belastung des Geistes \u00fcberw\u00e4ltigt sind.<\/li>\n<li>F\u00fcr diejenigen, die vor Gedanken\u00fcberflutung nicht einschlafen k\u00f6nnen.<\/li>\n<li>F\u00fcr diejenigen, deren Job es ist, anderen zu helfen.<\/li>\n<\/ul>","protected":false},"excerpt":{"rendered":"<p>Amethyst repr\u00e4sentiert das Thema der Transformation. Amethyst kann auch als idealer Transformator von Gedanken und erstellten oder angenommenen Programmen bezeichnet werden. Manche Forscher nennen ihn deshalb den Stein der inneren Freiheit. Es wird angenommen, dass dieser Stein hilft, den \u201en\u00fcchternen\u201c Geist zu bewahren und vor r\u00fccksichtslosen Entscheidungen sch\u00fctzt. Es befreit von Traurigkeit, schenkt Frieden, Ausgeglichenheit, Harmonie. F\u00f6rdert Konzentration, Wachsamkeit, wirkt aber gleichzeitig entspannend.<\/p>","protected":false},"featured_media":4236,"comment_status":"open","ping_status":"closed","template":"","meta":[],"product_brand":[],"product_cat":[105],"product_tag":[130],"class_list":{"0":"post-5478","1":"product","2":"type-product","3":"status-publish","4":"has-post-thumbnail","6":"product_cat-bracelets","7":"product_tag-amethyst","8":"pa_gemstone-amethyst","10":"first","11":"instock","12":"taxable","13":"shipping-taxable","14":"purchasable","15":"product-type-variable","16":"has-default-attributes"},"yoast_head":"<!-- This site is optimized with the Yoast SEO plugin v26.1.1 - https:\/\/yoast.com\/wordpress\/plugins\/seo\/ -->\n<title>Amethyst Bracelet stone bracelet - spellsofthemoon<\/title>\n<meta name=\"description\" content=\"The bracelet is made from the dark purple &quot;Amethyst&quot; stones with the gold plated spacer\/insert as a crystal separator.\" \/>\n<meta name=\"robots\" content=\"index, follow, max-snippet:-1, max-image-preview:large, max-video-preview:-1\" \/>\n<link rel=\"canonical\" href=\"https:\/\/spellsofthemoon.ch\/de\/produkt\/amethyst-bracelet\/\" \/>\n<meta property=\"og:locale\" content=\"de_DE\" \/>\n<meta property=\"og:type\" content=\"article\" \/>\n<meta property=\"og:title\" content=\"Amethyst Bracelet stone bracelet - spellsofthemoon\" \/>\n<meta property=\"og:description\" content=\"The bracelet is made from the dark purple &quot;Amethyst&quot; stones with the gold plated spacer\/insert as a crystal separator.\" \/>\n<meta property=\"og:url\" content=\"https:\/\/spellsofthemoon.ch\/de\/produkt\/amethyst-bracelet\/\" \/>\n<meta property=\"og:site_name\" content=\"spellsofthemoon\" \/>\n<meta property=\"article:modified_time\" content=\"2024-07-09T20:28:14+00:00\" \/>\n<meta name=\"twitter:card\" content=\"summary_large_image\" \/>\n<meta name=\"twitter:label1\" content=\"Gesch\u00e4tzte Lesezeit\" \/>\n\t<meta name=\"twitter:data1\" content=\"1\u00a0Minute\" \/>\n<script type=\"application\/ld+json\" class=\"yoast-schema-graph\">{\"@context\":\"https:\/\/schema.org\",\"@graph\":[{\"@type\":\"WebPage\",\"@id\":\"https:\/\/spellsofthemoon.ch\/product\/amethyst-bracelet\/\",\"url\":\"https:\/\/spellsofthemoon.ch\/product\/amethyst-bracelet\/\",\"name\":\"Amethyst Bracelet stone bracelet - spellsofthemoon\",\"isPartOf\":{\"@id\":\"https:\/\/spellsofthemoon.ch\/#website\"},\"primaryImageOfPage\":{\"@id\":\"https:\/\/spellsofthemoon.ch\/product\/amethyst-bracelet\/#primaryimage\"},\"image\":{\"@id\":\"https:\/\/spellsofthemoon.ch\/product\/amethyst-bracelet\/#primaryimage\"},\"thumbnailUrl\":\"https:\/\/spellsofthemoon.ch\/wp-content\/uploads\/2021\/12\/Amethyst.jpg\",\"datePublished\":\"2023-01-18T21:56:33+00:00\",\"dateModified\":\"2024-07-09T20:28:14+00:00\",\"description\":\"The bracelet is made from the dark purple \\\"Amethyst\\\" stones with the gold plated spacer\/insert as a crystal separator.\",\"breadcrumb\":{\"@id\":\"https:\/\/spellsofthemoon.ch\/product\/amethyst-bracelet\/#breadcrumb\"},\"inLanguage\":\"de-CH\",\"potentialAction\":[{\"@type\":\"ReadAction\",\"target\":[\"https:\/\/spellsofthemoon.ch\/product\/amethyst-bracelet\/\"]}]},{\"@type\":\"ImageObject\",\"inLanguage\":\"de-CH\",\"@id\":\"https:\/\/spellsofthemoon.ch\/product\/amethyst-bracelet\/#primaryimage\",\"url\":\"https:\/\/spellsofthemoon.ch\/wp-content\/uploads\/2021\/12\/Amethyst.jpg\",\"contentUrl\":\"https:\/\/spellsofthemoon.ch\/wp-content\/uploads\/2021\/12\/Amethyst.jpg\",\"width\":1200,\"height\":1440,\"caption\":\"Amethyst Bracelet\"},{\"@type\":\"BreadcrumbList\",\"@id\":\"https:\/\/spellsofthemoon.ch\/product\/amethyst-bracelet\/#breadcrumb\",\"itemListElement\":[{\"@type\":\"ListItem\",\"position\":1,\"name\":\"Home\",\"item\":\"https:\/\/spellsofthemoon.ch\/\"},{\"@type\":\"ListItem\",\"position\":2,\"name\":\"Shop\",\"item\":\"https:\/\/spellsofthemoon.ch\/shop\/\"},{\"@type\":\"ListItem\",\"position\":3,\"name\":\"Amethyst Bracelet\"}]},{\"@type\":\"WebSite\",\"@id\":\"https:\/\/spellsofthemoon.ch\/#website\",\"url\":\"https:\/\/spellsofthemoon.ch\/\",\"name\":\"spellsofthemoon\",\"description\":\"Precious stones, bracelets from gemstones, hand made candles, home decor\",\"potentialAction\":[{\"@type\":\"SearchAction\",\"target\":{\"@type\":\"EntryPoint\",\"urlTemplate\":\"https:\/\/spellsofthemoon.ch\/?s={search_term_string}\"},\"query-input\":{\"@type\":\"PropertyValueSpecification\",\"valueRequired\":true,\"valueName\":\"search_term_string\"}}],\"inLanguage\":\"de-CH\"}]}<\/script>\n<!-- \/ Yoast SEO plugin. -->","yoast_head_json":{"title":"Amethyst Bracelet stone bracelet - spellsofthemoon","description":"The bracelet is made from the dark purple \"Amethyst\" stones with the gold plated spacer\/insert as a crystal separator.","robots":{"index":"index","follow":"follow","max-snippet":"max-snippet:-1","max-image-preview":"max-image-preview:large","max-video-preview":"max-video-preview:-1"},"canonical":"https:\/\/spellsofthemoon.ch\/de\/produkt\/amethyst-bracelet\/","og_locale":"de_DE","og_type":"article","og_title":"Amethyst Bracelet stone bracelet - spellsofthemoon","og_description":"The bracelet is made from the dark purple \"Amethyst\" stones with the gold plated spacer\/insert as a crystal separator.","og_url":"https:\/\/spellsofthemoon.ch\/de\/produkt\/amethyst-bracelet\/","og_site_name":"spellsofthemoon","article_modified_time":"2024-07-09T20:28:14+00:00","twitter_card":"summary_large_image","twitter_misc":{"Gesch\u00e4tzte Lesezeit":"1\u00a0Minute"},"schema":{"@context":"https:\/\/schema.org","@graph":[{"@type":"WebPage","@id":"https:\/\/spellsofthemoon.ch\/product\/amethyst-bracelet\/","url":"https:\/\/spellsofthemoon.ch\/product\/amethyst-bracelet\/","name":"Amethyst Bracelet stone bracelet - spellsofthemoon","isPartOf":{"@id":"https:\/\/spellsofthemoon.ch\/#website"},"primaryImageOfPage":{"@id":"https:\/\/spellsofthemoon.ch\/product\/amethyst-bracelet\/#primaryimage"},"image":{"@id":"https:\/\/spellsofthemoon.ch\/product\/amethyst-bracelet\/#primaryimage"},"thumbnailUrl":"https:\/\/spellsofthemoon.ch\/wp-content\/uploads\/2021\/12\/Amethyst.jpg","datePublished":"2023-01-18T21:56:33+00:00","dateModified":"2024-07-09T20:28:14+00:00","description":"The bracelet is made from the dark purple \"Amethyst\" stones with the gold plated spacer\/insert as a crystal separator.","breadcrumb":{"@id":"https:\/\/spellsofthemoon.ch\/product\/amethyst-bracelet\/#breadcrumb"},"inLanguage":"de-CH","potentialAction":[{"@type":"ReadAction","target":["https:\/\/spellsofthemoon.ch\/product\/amethyst-bracelet\/"]}]},{"@type":"ImageObject","inLanguage":"de-CH","@id":"https:\/\/spellsofthemoon.ch\/product\/amethyst-bracelet\/#primaryimage","url":"https:\/\/spellsofthemoon.ch\/wp-content\/uploads\/2021\/12\/Amethyst.jpg","contentUrl":"https:\/\/spellsofthemoon.ch\/wp-content\/uploads\/2021\/12\/Amethyst.jpg","width":1200,"height":1440,"caption":"Amethyst Bracelet"},{"@type":"BreadcrumbList","@id":"https:\/\/spellsofthemoon.ch\/product\/amethyst-bracelet\/#breadcrumb","itemListElement":[{"@type":"ListItem","position":1,"name":"Home","item":"https:\/\/spellsofthemoon.ch\/"},{"@type":"ListItem","position":2,"name":"Shop","item":"https:\/\/spellsofthemoon.ch\/shop\/"},{"@type":"ListItem","position":3,"name":"Amethyst Bracelet"}]},{"@type":"WebSite","@id":"https:\/\/spellsofthemoon.ch\/#website","url":"https:\/\/spellsofthemoon.ch\/","name":"Zauber des Mondes","description":"Edelsteine, Armb\u00e4nder aus Edelsteinen, handgefertigte Kerzen, Wohnkultur","potentialAction":[{"@type":"SearchAction","target":{"@type":"EntryPoint","urlTemplate":"https:\/\/spellsofthemoon.ch\/?s={search_term_string}"},"query-input":{"@type":"PropertyValueSpecification","valueRequired":true,"valueName":"search_term_string"}}],"inLanguage":"de-CH"}]}},"_links":{"self":[{"href":"https:\/\/spellsofthemoon.ch\/de\/wp-json\/wp\/v2\/product\/5478","targetHints":{"allow":["GET"]}}],"collection":[{"href":"https:\/\/spellsofthemoon.ch\/de\/wp-json\/wp\/v2\/product"}],"about":[{"href":"https:\/\/spellsofthemoon.ch\/de\/wp-json\/wp\/v2\/types\/product"}],"replies":[{"embeddable":true,"href":"https:\/\/spellsofthemoon.ch\/de\/wp-json\/wp\/v2\/comments?post=5478"}],"wp:featuredmedia":[{"embeddable":true,"href":"https:\/\/spellsofthemoon.ch\/de\/wp-json\/wp\/v2\/media\/4236"}],"wp:attachment":[{"href":"https:\/\/spellsofthemoon.ch\/de\/wp-json\/wp\/v2\/media?parent=5478"}],"wp:term":[{"taxonomy":"product_brand","embeddable":true,"href":"https:\/\/spellsofthemoon.ch\/de\/wp-json\/wp\/v2\/product_brand?post=5478"},{"taxonomy":"product_cat","embeddable":true,"href":"https:\/\/spellsofthemoon.ch\/de\/wp-json\/wp\/v2\/product_cat?post=5478"},{"taxonomy":"product_tag","embeddable":true,"href":"https:\/\/spellsofthemoon.ch\/de\/wp-json\/wp\/v2\/product_tag?post=5478"}],"curies":[{"name":"wp","href":"https:\/\/api.w.org\/{rel}","templated":true}]}}