{"id":5469,"date":"2023-01-18T22:56:32","date_gmt":"2023-01-18T21:56:32","guid":{"rendered":"https:\/\/spellsofthemoon.ch\/?post_type=product&#038;p=5469"},"modified":"2024-10-29T00:07:04","modified_gmt":"2024-10-28T23:07:04","slug":"andean-opal-bracelet","status":"publish","type":"product","link":"https:\/\/spellsofthemoon.ch\/de\/produkt\/andean-opal-bracelet\/","title":{"rendered":"Andenopal Armband"},"content":{"rendered":"<p>Das Armband besteht aus den hellfarbenen Andenopalsteinen mit dem goldfarbenen Abstandshalter als Trennzeichen zwischen den Kristallen<\/p>","protected":false},"excerpt":{"rendered":"<p>Rosa Andenopal ist ein \u00e4u\u00dferst sanfter Stein, der w\u00e4rmt, ein Gef\u00fchl von Liebe, Frieden und Ruhe und Entspannung vermittelt. Reduziert Angst, \u00c4ngste und Anspannung, beruhigt und heilt Emotionen und das Herz, hilft schmerzhafte Erinnerungen loszuwerden, gibt Hoffnung. Vertreibt Unruhe, Unannehmlichkeiten, Scham, Sch\u00fcchternheit, f\u00f6rdert Offenheit und Freundlichkeit, Gastfreundschaft, Freundschaft.<\/p>","protected":false},"featured_media":4064,"comment_status":"open","ping_status":"closed","template":"","meta":[],"product_brand":[],"product_cat":[105],"product_tag":[135],"class_list":{"0":"post-5469","1":"product","2":"type-product","3":"status-publish","4":"has-post-thumbnail","6":"product_cat-bracelets","7":"product_tag-andean-opal","8":"pa_gemstone-andean-opal","9":"pa_gemstone-opal","11":"first","12":"instock","13":"taxable","14":"shipping-taxable","15":"purchasable","16":"product-type-variable","17":"has-default-attributes"},"yoast_head":"<!-- This site is optimized with the Yoast SEO plugin v26.1.1 - https:\/\/yoast.com\/wordpress\/plugins\/seo\/ -->\n<title>Andean Opal Bracelet stone bracelet - spellsofthemoon<\/title>\n<meta name=\"description\" content=\"The bracelet is made from the multicolour Andean Opal gemstones with the silver colour insert between the gemstones. The insert can be freely chosen.\" \/>\n<meta name=\"robots\" content=\"index, follow, max-snippet:-1, max-image-preview:large, max-video-preview:-1\" \/>\n<link rel=\"canonical\" href=\"https:\/\/spellsofthemoon.ch\/de\/produkt\/andean-opal-bracelet\/\" \/>\n<meta property=\"og:locale\" content=\"de_DE\" \/>\n<meta property=\"og:type\" content=\"article\" \/>\n<meta property=\"og:title\" content=\"Andean Opal Bracelet stone bracelet - spellsofthemoon\" \/>\n<meta property=\"og:description\" content=\"The bracelet is made from the multicolour Andean Opal gemstones with the silver colour insert between the gemstones. The insert can be freely chosen.\" \/>\n<meta property=\"og:url\" content=\"https:\/\/spellsofthemoon.ch\/de\/produkt\/andean-opal-bracelet\/\" \/>\n<meta property=\"og:site_name\" content=\"spellsofthemoon\" \/>\n<meta property=\"article:modified_time\" content=\"2024-10-28T23:07:04+00:00\" \/>\n<meta property=\"og:image\" content=\"https:\/\/spellsofthemoon.ch\/wp-content\/uploads\/2021\/05\/Andean-Opal2.jpg\" \/>\n\t<meta property=\"og:image:width\" content=\"1100\" \/>\n\t<meta property=\"og:image:height\" content=\"841\" \/>\n\t<meta property=\"og:image:type\" content=\"image\/jpeg\" \/>\n<meta name=\"twitter:card\" content=\"summary_large_image\" \/>\n<meta name=\"twitter:label1\" content=\"Gesch\u00e4tzte Lesezeit\" \/>\n\t<meta name=\"twitter:data1\" content=\"1\u00a0Minute\" \/>\n<script type=\"application\/ld+json\" class=\"yoast-schema-graph\">{\"@context\":\"https:\/\/schema.org\",\"@graph\":[{\"@type\":\"WebPage\",\"@id\":\"https:\/\/spellsofthemoon.ch\/product\/andean-opal-bracelet\/\",\"url\":\"https:\/\/spellsofthemoon.ch\/product\/andean-opal-bracelet\/\",\"name\":\"Andean Opal Bracelet stone bracelet - spellsofthemoon\",\"isPartOf\":{\"@id\":\"https:\/\/spellsofthemoon.ch\/#website\"},\"primaryImageOfPage\":{\"@id\":\"https:\/\/spellsofthemoon.ch\/product\/andean-opal-bracelet\/#primaryimage\"},\"image\":{\"@id\":\"https:\/\/spellsofthemoon.ch\/product\/andean-opal-bracelet\/#primaryimage\"},\"thumbnailUrl\":\"https:\/\/spellsofthemoon.ch\/wp-content\/uploads\/2021\/05\/Andean-Opal2.jpg\",\"datePublished\":\"2023-01-18T21:56:32+00:00\",\"dateModified\":\"2024-10-28T23:07:04+00:00\",\"description\":\"The bracelet is made from the multicolour Andean Opal gemstones with the silver colour insert between the gemstones. The insert can be freely chosen.\",\"breadcrumb\":{\"@id\":\"https:\/\/spellsofthemoon.ch\/product\/andean-opal-bracelet\/#breadcrumb\"},\"inLanguage\":\"de-CH\",\"potentialAction\":[{\"@type\":\"ReadAction\",\"target\":[\"https:\/\/spellsofthemoon.ch\/product\/andean-opal-bracelet\/\"]}]},{\"@type\":\"ImageObject\",\"inLanguage\":\"de-CH\",\"@id\":\"https:\/\/spellsofthemoon.ch\/product\/andean-opal-bracelet\/#primaryimage\",\"url\":\"https:\/\/spellsofthemoon.ch\/wp-content\/uploads\/2021\/05\/Andean-Opal2.jpg\",\"contentUrl\":\"https:\/\/spellsofthemoon.ch\/wp-content\/uploads\/2021\/05\/Andean-Opal2.jpg\",\"width\":1100,\"height\":841},{\"@type\":\"BreadcrumbList\",\"@id\":\"https:\/\/spellsofthemoon.ch\/product\/andean-opal-bracelet\/#breadcrumb\",\"itemListElement\":[{\"@type\":\"ListItem\",\"position\":1,\"name\":\"Home\",\"item\":\"https:\/\/spellsofthemoon.ch\/\"},{\"@type\":\"ListItem\",\"position\":2,\"name\":\"Shop\",\"item\":\"https:\/\/spellsofthemoon.ch\/shop\/\"},{\"@type\":\"ListItem\",\"position\":3,\"name\":\"Andean Opal Bracelet\"}]},{\"@type\":\"WebSite\",\"@id\":\"https:\/\/spellsofthemoon.ch\/#website\",\"url\":\"https:\/\/spellsofthemoon.ch\/\",\"name\":\"spellsofthemoon\",\"description\":\"Precious stones, bracelets from gemstones, hand made candles, home decor\",\"potentialAction\":[{\"@type\":\"SearchAction\",\"target\":{\"@type\":\"EntryPoint\",\"urlTemplate\":\"https:\/\/spellsofthemoon.ch\/?s={search_term_string}\"},\"query-input\":{\"@type\":\"PropertyValueSpecification\",\"valueRequired\":true,\"valueName\":\"search_term_string\"}}],\"inLanguage\":\"de-CH\"}]}<\/script>\n<!-- \/ Yoast SEO plugin. -->","yoast_head_json":{"title":"Andean Opal Bracelet stone bracelet - spellsofthemoon","description":"The bracelet is made from the multicolour Andean Opal gemstones with the silver colour insert between the gemstones. The insert can be freely chosen.","robots":{"index":"index","follow":"follow","max-snippet":"max-snippet:-1","max-image-preview":"max-image-preview:large","max-video-preview":"max-video-preview:-1"},"canonical":"https:\/\/spellsofthemoon.ch\/de\/produkt\/andean-opal-bracelet\/","og_locale":"de_DE","og_type":"article","og_title":"Andean Opal Bracelet stone bracelet - spellsofthemoon","og_description":"The bracelet is made from the multicolour Andean Opal gemstones with the silver colour insert between the gemstones. The insert can be freely chosen.","og_url":"https:\/\/spellsofthemoon.ch\/de\/produkt\/andean-opal-bracelet\/","og_site_name":"spellsofthemoon","article_modified_time":"2024-10-28T23:07:04+00:00","og_image":[{"width":1100,"height":841,"url":"https:\/\/spellsofthemoon.ch\/wp-content\/uploads\/2021\/05\/Andean-Opal2.jpg","type":"image\/jpeg"}],"twitter_card":"summary_large_image","twitter_misc":{"Gesch\u00e4tzte Lesezeit":"1\u00a0Minute"},"schema":{"@context":"https:\/\/schema.org","@graph":[{"@type":"WebPage","@id":"https:\/\/spellsofthemoon.ch\/product\/andean-opal-bracelet\/","url":"https:\/\/spellsofthemoon.ch\/product\/andean-opal-bracelet\/","name":"Andean Opal Bracelet stone bracelet - spellsofthemoon","isPartOf":{"@id":"https:\/\/spellsofthemoon.ch\/#website"},"primaryImageOfPage":{"@id":"https:\/\/spellsofthemoon.ch\/product\/andean-opal-bracelet\/#primaryimage"},"image":{"@id":"https:\/\/spellsofthemoon.ch\/product\/andean-opal-bracelet\/#primaryimage"},"thumbnailUrl":"https:\/\/spellsofthemoon.ch\/wp-content\/uploads\/2021\/05\/Andean-Opal2.jpg","datePublished":"2023-01-18T21:56:32+00:00","dateModified":"2024-10-28T23:07:04+00:00","description":"The bracelet is made from the multicolour Andean Opal gemstones with the silver colour insert between the gemstones. The insert can be freely chosen.","breadcrumb":{"@id":"https:\/\/spellsofthemoon.ch\/product\/andean-opal-bracelet\/#breadcrumb"},"inLanguage":"de-CH","potentialAction":[{"@type":"ReadAction","target":["https:\/\/spellsofthemoon.ch\/product\/andean-opal-bracelet\/"]}]},{"@type":"ImageObject","inLanguage":"de-CH","@id":"https:\/\/spellsofthemoon.ch\/product\/andean-opal-bracelet\/#primaryimage","url":"https:\/\/spellsofthemoon.ch\/wp-content\/uploads\/2021\/05\/Andean-Opal2.jpg","contentUrl":"https:\/\/spellsofthemoon.ch\/wp-content\/uploads\/2021\/05\/Andean-Opal2.jpg","width":1100,"height":841},{"@type":"BreadcrumbList","@id":"https:\/\/spellsofthemoon.ch\/product\/andean-opal-bracelet\/#breadcrumb","itemListElement":[{"@type":"ListItem","position":1,"name":"Home","item":"https:\/\/spellsofthemoon.ch\/"},{"@type":"ListItem","position":2,"name":"Shop","item":"https:\/\/spellsofthemoon.ch\/shop\/"},{"@type":"ListItem","position":3,"name":"Andean Opal Bracelet"}]},{"@type":"WebSite","@id":"https:\/\/spellsofthemoon.ch\/#website","url":"https:\/\/spellsofthemoon.ch\/","name":"Zauber des Mondes","description":"Edelsteine, Armb\u00e4nder aus Edelsteinen, handgefertigte Kerzen, Wohnkultur","potentialAction":[{"@type":"SearchAction","target":{"@type":"EntryPoint","urlTemplate":"https:\/\/spellsofthemoon.ch\/?s={search_term_string}"},"query-input":{"@type":"PropertyValueSpecification","valueRequired":true,"valueName":"search_term_string"}}],"inLanguage":"de-CH"}]}},"_links":{"self":[{"href":"https:\/\/spellsofthemoon.ch\/de\/wp-json\/wp\/v2\/product\/5469","targetHints":{"allow":["GET"]}}],"collection":[{"href":"https:\/\/spellsofthemoon.ch\/de\/wp-json\/wp\/v2\/product"}],"about":[{"href":"https:\/\/spellsofthemoon.ch\/de\/wp-json\/wp\/v2\/types\/product"}],"replies":[{"embeddable":true,"href":"https:\/\/spellsofthemoon.ch\/de\/wp-json\/wp\/v2\/comments?post=5469"}],"wp:featuredmedia":[{"embeddable":true,"href":"https:\/\/spellsofthemoon.ch\/de\/wp-json\/wp\/v2\/media\/4064"}],"wp:attachment":[{"href":"https:\/\/spellsofthemoon.ch\/de\/wp-json\/wp\/v2\/media?parent=5469"}],"wp:term":[{"taxonomy":"product_brand","embeddable":true,"href":"https:\/\/spellsofthemoon.ch\/de\/wp-json\/wp\/v2\/product_brand?post=5469"},{"taxonomy":"product_cat","embeddable":true,"href":"https:\/\/spellsofthemoon.ch\/de\/wp-json\/wp\/v2\/product_cat?post=5469"},{"taxonomy":"product_tag","embeddable":true,"href":"https:\/\/spellsofthemoon.ch\/de\/wp-json\/wp\/v2\/product_tag?post=5469"}],"curies":[{"name":"wp","href":"https:\/\/api.w.org\/{rel}","templated":true}]}}