{"id":5073,"date":"2022-12-21T01:21:46","date_gmt":"2022-12-21T00:21:46","guid":{"rendered":"https:\/\/spellsofthemoon.ch\/?page_id=5073"},"modified":"2024-11-13T21:46:15","modified_gmt":"2024-11-13T20:46:15","slug":"gem-choosing-guide","status":"publish","type":"page","link":"https:\/\/spellsofthemoon.ch\/de\/gem-choosing-guide\/","title":{"rendered":"Leitfaden zur Auswahl von Edelsteinen"},"content":{"rendered":"<h2 class=\"wp-block-heading\">Wie w\u00e4hle ich einen Kristall aus?<\/h2>\n\n\n\n<p>Eine wiederkehrende Frage, die ich sehr oft von den Kunden bekomme, ist: Wie w\u00e4hle ich einen Kristall aus und woher wei\u00df ich, welcher Kristall f\u00fcr mich richtig ist, welcher ben\u00f6tigt wird? In diesem Beitrag werde ich versuchen, diese Frage auf einfache und klare Weise f\u00fcr diejenigen zu beantworten, die mit der Magie der Kristalle in Kontakt treten m\u00f6chten, aber nicht wissen, welches Mineral sie w\u00e4hlen sollen.<\/p>\n\n\n\n<p>Die Auswahl eines Minerals ist schwierig geworden, einfach weil es alle m\u00f6glichen Arten gab und gibt, Mineralien auszuw\u00e4hlen, wie zum Beispiel: Auswahl eines Kristalls basierend auf der Beschreibung des Minerals (oder dem Hauptthema des Minerals), Auswahl eines Kristalls basierend auf Astrologie (basierend auf den Tierkreiszeichen, den Planeten), die Auswahl von Steinen aufgrund von Gesundheitsproblemen, die Auswahl von Kristallen f\u00fcr Frauen, M\u00e4nner, Kinder und so weiter.<\/p>\n\n\n\n<p>Es gibt sicherlich noch mehr M\u00f6glichkeiten, als ich hier bereits aufgelistet habe, aber ich rate Ihnen zu einer ganz anderen Methode und ich verspreche Ihnen, dass es sehr einfach, aber gleichzeitig sehr effektiv sein wird! Ich werde jedem immer raten, zuerst den Kristall zu w\u00e4hlen \u2013 nach Sch\u00f6nheit. Ja, das hast du absolut richtig gelesen. Diese Methode ist der Auswahl anderer Schmuckst\u00fccke sehr \u00e4hnlich, denn Sie w\u00e4hlen immer den sch\u00f6nsten Schmuck aus, nicht wahr? In diesem Fall rate ich Ihnen, genau dasselbe zu tun.<\/p>\n\n\n\n<p>Wenn Sie auf diese Weise w\u00e4hlen, w\u00e4hlen Sie nicht nur den sch\u00f6nsten Kristall f\u00fcr sich selbst, sondern auch den, den Sie in diesem Moment Ihres Lebens brauchen. Wenn Sie nach Sch\u00f6nheit w\u00e4hlen, w\u00e4hlen Sie intuitiv den Kristall, den Sie am meisten brauchen. Und um es Ihnen zu beweisen, versuchen Sie dieses Experiment: W\u00e4hlen Sie den sch\u00f6nsten Kristall f\u00fcr Ihr Auge und lesen Sie dann die Beschreibung des Kristalls, was genau er hat. Viele (wenn nicht alle) Kunden werden Ihnen sagen: \u201eProbieren Sie es aus und Sie werden \u00fcberrascht sein, wie einfach und doch genau es ist\u201c.<\/p>\n\n\n\n<p>Zweitens w\u00fcrde ich Ihnen raten, einen Kristall gem\u00e4\u00df der Beschreibung dieses Minerals zu w\u00e4hlen, gem\u00e4\u00df den allgemeinen Eigenschaften dieses Kristalls. Tats\u00e4chlich haben alle Kristalle viele wiederkehrende Eigenschaften (z. B. wirken viele Kristalle beruhigend, entspannend), sodass es manchmal den Anschein haben kann, dass sich alle Beschreibungen auf dasselbe beziehen. Zumindest kam es mir am Anfang so vor, aber je mehr ich die Kristalle kennenlernte, desto leichter wurde es zu unterscheiden, welcher Kristall welches Thema oder Lebensbereich repr\u00e4sentiert. Aus diesem Grund rate ich immer noch, einen Kristall nach der ersten Methode auszuw\u00e4hlen, dh ein Mineral nach seiner Sch\u00f6nheit zu w\u00e4hlen.<\/p>\n\n\n\n<p>Im Online-Shop wird jeder Kristall von einer Beschreibung des Kristalls begleitet. Dies sind allgemeine Eigenschaften des Kristalls, aber sicherlich nicht endg\u00fcltig. In Ihrem Fall \u201efunktioniert\u201c der Kristall m\u00f6glicherweise auf eine andere Weise, die nicht beschrieben wurde, sodass Sie einige angenehme \u00dcberraschungen erleben k\u00f6nnen (es gibt einen Grund, warum die Goldperle mit dem Text \u201eExpect Miracles\u201c eingraviert ist).<\/p>\n\n\n\n<p>Diese genannten Wege zur Auswahl des Kristalls sind vielleicht die besten f\u00fcr eine Person, daher werde ich in naher Zukunft popul\u00e4rere Wege zur Auswahl des richtigen Steins f\u00fcr Ihre Pers\u00f6nlichkeit und Ihre Bed\u00fcrfnisse vorstellen.<\/p>\n\n\n\n<h2 class=\"wp-block-heading\">Wie entscheiden sich andere?<\/h2>\n\n\n\n<h4 class=\"wp-block-heading\">1. <strong>Verwendungszweck oder heilende Eigenschaften<\/strong><\/h4>\n\n\n\n<ul class=\"wp-block-list\">\n<li><strong>Emotionale Heilung<\/strong>: Kristalle wie <strong>Rosenquarz<\/strong> und <strong>Amethyst<\/strong> sind ideal f\u00fcr emotionale Heilung. Rosenquarz f\u00f6rdert Liebe und Selbstakzeptanz, w\u00e4hrend Amethyst bei emotionaler Stabilit\u00e4t und Stressabbau hilft.<\/li>\n\n\n\n<li><strong>Schutz<\/strong>: <strong>Schwarzer Turmalin<\/strong>, <strong>Hematit<\/strong>, Und <strong>Onyx<\/strong> eignen sich hervorragend zum Schutz vor negativen Energien. Diese Steine haben auch eine erdende Wirkung und sind daher f\u00fcr Menschen geeignet, die sich \u00fcberfordert oder zerstreut f\u00fchlen.<\/li>\n\n\n\n<li><strong>F\u00fclle und Wohlstand<\/strong>: <strong>Citrin<\/strong> und <strong>Pyrit<\/strong> sind eine beliebte Wahl f\u00fcr diejenigen, die Reichtum, \u00dcberfluss oder beruflichen Erfolg anziehen m\u00f6chten.<\/li>\n\n\n\n<li><strong>Beruhigung und Angstlinderung<\/strong>: <strong>Lepidolith<\/strong> und <strong>Aquamarin<\/strong> haben beruhigende Eigenschaften, die sie zur Linderung von \u00c4ngsten oder in Zeiten hohen Stresses geeignet machen.<\/li>\n\n\n\n<li><strong>Spirituelles Wachstum<\/strong>: <strong>Labradorit<\/strong> und <strong>Bergkristall<\/strong> werden zur Steigerung der Intuition, des spirituellen Wachstums und der Verbindung mit einem h\u00f6heren Bewusstsein verwendet.<\/li>\n<\/ul>\n\n\n\n<h4 class=\"wp-block-heading\">2. <strong>Sternzeichen oder Geburtsstein<\/strong><\/h4>\n\n\n\n<ul class=\"wp-block-list\">\n<li>Viele Menschen w\u00e4hlen Kristalle aufgrund ihrer <strong>Sternzeichen<\/strong> oder <strong>Geburtsstein<\/strong>:\n<ul class=\"wp-block-list\">\n<li><strong>Widder<\/strong>: Blutstein, Karneol, Jaspis<\/li>\n\n\n\n<li><strong>Stier<\/strong>: Rosenquarz, Jade, gr\u00fcner Aventurin<\/li>\n\n\n\n<li><strong>Zwillinge<\/strong>: Achat, Citrin, Tigerauge<\/li>\n\n\n\n<li><strong>Krebs<\/strong>: Mondstein, Selenit, Smaragd<\/li>\n\n\n\n<li><strong>L\u00f6we<\/strong>: Sonnenstein, Citrin, Bernstein<\/li>\n\n\n\n<li><strong>Jungfrau<\/strong>: Amazonit, Fluorit, Peridot<\/li>\n\n\n\n<li><strong>Waage<\/strong>: Lapislazuli, Rosenquarz, Labradorit<\/li>\n\n\n\n<li><strong>Skorpion<\/strong>: Obsidian, Granat, Malachit<\/li>\n\n\n\n<li><strong>Sch\u00fctze<\/strong>: T\u00fcrkis, Sodalith, Amethyst<\/li>\n\n\n\n<li><strong>Steinbock<\/strong>: Granat, Onyx, Rauchquarz<\/li>\n\n\n\n<li><strong>Wassermann<\/strong>: Amethyst, Labradorit, Aquamarin<\/li>\n\n\n\n<li><strong>Fische<\/strong>: Amethyst, Aquamarin, Fluorit<\/li>\n<\/ul>\n<\/li>\n<\/ul>\n\n\n\n<h4 class=\"wp-block-heading\">3. <strong>Chakra-Ausrichtung<\/strong><\/h4>\n\n\n\n<ul class=\"wp-block-list\">\n<li>Kristalle k\u00f6nnen ausgew\u00e4hlt werden, um <strong>bestimmte Chakren ausbalancieren<\/strong>:\n<ul class=\"wp-block-list\">\n<li><strong>Wurzelchakra<\/strong>: <strong>Hematit<\/strong>, <strong>Schwarzer Turmalin<\/strong>, <strong>Rauchquarz<\/strong>\u2014 Erdung und Stabilisierung.<\/li>\n\n\n\n<li><strong>Sakralchakra<\/strong>: <strong>Karneol<\/strong>, <strong>Orangencalcit<\/strong>\u2014f\u00f6rdert Kreativit\u00e4t, Leidenschaft und Energie.<\/li>\n\n\n\n<li><strong>Solarplexus-Chakra<\/strong>: <strong>Citrin<\/strong>, <strong>Tigerauge<\/strong>\u2014st\u00e4rkt Selbstvertrauen, Motivation und Willenskraft.<\/li>\n\n\n\n<li><strong>Herzchakra<\/strong>: <strong>Rosenquarz<\/strong>, <strong>Gr\u00fcner Aventurin<\/strong>\u2014 f\u00f6rdert Liebe, Mitgef\u00fchl und emotionale Heilung.<\/li>\n\n\n\n<li><strong>Hals-Chakra<\/strong>: <strong>Sodalith<\/strong>, <strong>Aquamarin<\/strong>\u2014 verbessert die Kommunikation, den Selbstausdruck und die Klarheit.<\/li>\n\n\n\n<li><strong>Drittes Auge-Chakra<\/strong>: <strong>Amethyst<\/strong>, <strong>Lapislazuli<\/strong>\u2014st\u00e4rkt Intuition, Weisheit und innere Sicht.<\/li>\n\n\n\n<li><strong>Kronenchakra<\/strong>: <strong>Bergkristall<\/strong>, <strong>Amethyst<\/strong>\u2014 verbindet mit h\u00f6herem Bewusstsein und spirituellem Wachstum.<\/li>\n<\/ul>\n<\/li>\n<\/ul>\n\n\n\n<h4 class=\"wp-block-heading\">4. <strong>Intuition oder Anziehung<\/strong><\/h4>\n\n\n\n<ul class=\"wp-block-list\">\n<li>Manche Menschen w\u00e4hlen Kristalle rein aufgrund ihrer <strong>Intuition<\/strong> oder was sie f\u00fchlen <strong>nat\u00fcrlich angezogen von<\/strong>. Oft ist der richtige Stein derjenige, der Sie optisch anspricht oder sich \u201erichtig anf\u00fchlt\u201c, wenn Sie ihn in der Hand halten. Bei diesem Ansatz geht es eher darum, auf den Instinkt zu vertrauen, als sich auf bestimmte Eigenschaften zu verlassen.<\/li>\n<\/ul>\n\n\n\n<h4 class=\"wp-block-heading\">5. <strong>Emotionale und Pers\u00f6nlichkeitsmerkmale<\/strong><\/h4>\n\n\n\n<ul class=\"wp-block-list\">\n<li>Verschiedene Kristalle haben Energien, die <strong>erg\u00e4nzen Pers\u00f6nlichkeitsmerkmale<\/strong> oder helfen, bestimmte Tendenzen auszugleichen:\n<ul class=\"wp-block-list\">\n<li><strong>Sensible und empathische Menschen<\/strong>: <strong>Mondstein<\/strong>, <strong>Labradorit<\/strong>, oder <strong>Amethyst<\/strong> um emotional ausgeglichen zu bleiben.<\/li>\n\n\n\n<li><strong>Stark gestresste Personen<\/strong>: <strong>Blauer Spitzenachat<\/strong>, <strong>Lepidolith<\/strong>, oder <strong>Fluorit<\/strong> um \u00c4ngste abzubauen und den Geist zu beruhigen.<\/li>\n\n\n\n<li><strong>Mut- und Selbstvertrauenssucher<\/strong>: <strong>Tigerauge<\/strong>, <strong>Karneol<\/strong>, oder <strong>Citrin<\/strong> um Durchsetzungsverm\u00f6gen und Tatendrang zu st\u00e4rken.<\/li>\n<\/ul>\n<\/li>\n<\/ul>\n\n\n\n<h4 class=\"wp-block-heading\">6. <strong>Gesundheit und k\u00f6rperliches Wohlbefinden<\/strong><\/h4>\n\n\n\n<ul class=\"wp-block-list\">\n<li>Man glaubt auch, dass Kristalle <strong>unterst\u00fctzen die k\u00f6rperliche Gesundheit<\/strong> und Heilung:\n<ul class=\"wp-block-list\">\n<li><strong>Fluorit<\/strong> wird h\u00e4ufig verwendet, um die Konzentration und Entscheidungsfindung zu steigern, was f\u00fcr diejenigen von Vorteil sein kann, die f\u00fcr das Studium oder die Arbeit geistige Sch\u00e4rfe ben\u00f6tigen.<\/li>\n\n\n\n<li><strong>Blutstein<\/strong> und <strong>Karneol<\/strong> sollen Vitalit\u00e4t, Energie und k\u00f6rperliche St\u00e4rke f\u00f6rdern.<\/li>\n<\/ul>\n<\/li>\n<\/ul>\n\n\n\n<h4 class=\"wp-block-heading\">7. <strong>Farbeinstellungen<\/strong><\/h4>\n\n\n\n<ul class=\"wp-block-list\">\n<li>Farbe hat eine <strong>psychologische Auswirkungen<\/strong>, und bestimmte Farben k\u00f6nnen unterschiedliche Stimmungen oder Zust\u00e4nde hervorrufen:\n<ul class=\"wp-block-list\">\n<li><strong>Rosa Steine<\/strong> (wie <strong>Rosenquarz<\/strong>) stehen f\u00fcr Liebe und Z\u00e4rtlichkeit.<\/li>\n\n\n\n<li><strong>Gr\u00fcne Steine<\/strong> (wie <strong>Jade<\/strong> und <strong>Aventurin<\/strong>) symbolisieren Wohlstand und Gesundheit.<\/li>\n\n\n\n<li><strong>Blaue Steine<\/strong> (wie <strong>Sodalith<\/strong> und <strong>Aquamarin<\/strong>) wirken beruhigend und erleichtern die Kommunikation.<\/li>\n\n\n\n<li><strong>Gelbe Steine<\/strong> (wie <strong>Citrin<\/strong>) bedeuten Gl\u00fcck, Freude und Optimismus.<\/li>\n<\/ul>\n<\/li>\n<\/ul>\n\n\n\n<h4 class=\"wp-block-heading\">8. <strong>Astrologische Ereignisse oder spirituelle Phasen<\/strong><\/h4>\n\n\n\n<ul class=\"wp-block-list\">\n<li>Bestimmte Kristalle k\u00f6nnen ausgew\u00e4hlt werden auf der Grundlage von <strong>Mondphasen<\/strong> oder <strong>Astrologische Ereignisse<\/strong>:\n<ul class=\"wp-block-list\">\n<li><strong>Vollmond<\/strong>: Kristalle wie <strong>Mondstein<\/strong>, <strong>Selenit<\/strong>, oder <strong>Amethyst<\/strong> kann die Intuition steigern und die emotionale Entspannung erleichtern.<\/li>\n\n\n\n<li><strong>Neumond<\/strong>: <strong>Labradorit<\/strong> oder <strong>Schwarzer Obsidian<\/strong> kann verwendet werden, um Neuanf\u00e4nge zu manifestieren oder Ziele zu setzen.<\/li>\n<\/ul>\n<\/li>\n<\/ul>\n\n\n\n<h4 class=\"wp-block-heading\">9. <strong>Physikalische H\u00e4rte f\u00fcr Schmuck<\/strong><\/h4>\n\n\n\n<ul class=\"wp-block-list\">\n<li>Der <strong>Mohsh\u00e4rte<\/strong> Die Beschaffenheit eines Kristalls kann auch dar\u00fcber entscheiden, ob er f\u00fcr ein Armband geeignet ist. Steine, die zu weich sind (z. B. unter Mohs 5), k\u00f6nnen leicht zerkratzt oder besch\u00e4digt werden, was sie f\u00fcr h\u00e4ufiges Tragen weniger geeignet macht. Steine wie <strong>Amethyst<\/strong> (H\u00e4rte 7) oder <strong>Quarz<\/strong> sind haltbarer f\u00fcr Armb\u00e4nder, w\u00e4hrend weichere Steine wie <strong>T\u00fcrkis<\/strong> erfordern besondere Pflege.<\/li>\n<\/ul>\n\n\n\n<h4 class=\"wp-block-heading\">10. <strong>Kulturelle oder spirituelle Bedeutung<\/strong><\/h4>\n\n\n\n<ul class=\"wp-block-list\">\n<li>Viele Menschen w\u00e4hlen Kristalle auf der Grundlage von <strong>kulturell oder spirituell<\/strong> Traditionen. Zum Beispiel:\n<ul class=\"wp-block-list\">\n<li><strong>Jade<\/strong> wird in asiatischen Kulturen f\u00fcr Wohlstand und gute Gesundheit hoch gesch\u00e4tzt.<\/li>\n\n\n\n<li><strong>T\u00fcrkis<\/strong> In der Kultur der amerikanischen Ureinwohner gilt es als Zeichen von Schutz und Gl\u00fcck.<\/li>\n\n\n\n<li><strong>Lapislazuli<\/strong> wurde oft von den alten \u00c4gyptern verwendet und wird mit Weisheit und K\u00f6niglichkeit in Verbindung gebracht.<\/li>\n<\/ul>\n<\/li>\n<\/ul>\n\n\n\n<h4 class=\"wp-block-heading\">11. <strong>Kombination von Kristallen<\/strong><\/h4>\n\n\n\n<ul class=\"wp-block-list\">\n<li>Manche Menschen w\u00e4hlen <strong>mehrere Kristalle<\/strong> damit ihr Armband eine bestimmte Energiekombination erzeugt. Beispiele:\n<ul class=\"wp-block-list\">\n<li><strong>Amethyst und Rosenquarz<\/strong> f\u00fcr das Gleichgewicht von Liebe und innerem Frieden.<\/li>\n\n\n\n<li><strong>Schwarzer Turmalin und Bergkristall<\/strong> f\u00fcr Schutz und Klarheit.<\/li>\n\n\n\n<li><strong>Karneol, Citrin und Tigerauge<\/strong> zur Steigerung von Motivation, Erfolg und Energie.<\/li>\n<\/ul>\n<\/li>\n<\/ul>\n\n\n\n<h4 class=\"wp-block-heading\">Zusammenfassung<\/h4>\n\n\n\n<p>Die Wahl der Kristalle f\u00fcr ein Armband h\u00e4ngt von einer Mischung aus pers\u00f6nlichen Vorlieben, spirituellen und emotionalen Bed\u00fcrfnissen, Sternzeichen, Intuition, Farbe und kulturellen \u00dcberzeugungen ab. Ob jemand die Liebe st\u00e4rken, Schutz suchen, Stress abbauen oder einfach nur eine Farbe finden m\u00f6chte, die er liebt, es gibt einen Kristall, der zu seiner einzigartigen Pers\u00f6nlichkeit und seinen Zielen passt. Indem sie ihre Absicht mit einem bestimmten Stein in Einklang bringen, k\u00f6nnen Einzelpersonen personalisierten Schmuck herstellen, der sowohl sch\u00f6n als auch bedeutungsvoll ist.<\/p>\n\n\n\n<p><\/p>","protected":false},"excerpt":{"rendered":"<p>Wie w\u00e4hle ich einen Kristall aus? Eine immer wiederkehrende Frage, die mir meine Kunden stellen, lautet: Wie w\u00e4hle ich einen Kristall aus und woher wei\u00df ich, welcher Kristall der richtige f\u00fcr mich ist und welchen ich brauche? In diesem Beitrag werde ich versuchen, diese Frage zu beantworten [\u2026]<\/p>","protected":false},"author":1,"featured_media":0,"parent":0,"menu_order":0,"comment_status":"closed","ping_status":"closed","template":"","meta":{"footnotes":""},"class_list":["post-5073","page","type-page","status-publish","hentry"],"yoast_head":"<!-- This site is optimized with the Yoast SEO plugin v26.1.1 - https:\/\/yoast.com\/wordpress\/plugins\/seo\/ -->\n<title>Gem Choosing Guide - spellsofthemoon<\/title>\n<meta name=\"robots\" content=\"index, follow, max-snippet:-1, max-image-preview:large, max-video-preview:-1\" \/>\n<link rel=\"canonical\" href=\"https:\/\/spellsofthemoon.ch\/de\/gem-choosing-guide\/\" \/>\n<meta property=\"og:locale\" content=\"de_DE\" \/>\n<meta property=\"og:type\" content=\"article\" \/>\n<meta property=\"og:title\" content=\"Gem Choosing Guide - spellsofthemoon\" \/>\n<meta property=\"og:description\" content=\"How do I chose a crystal ? A recurring question I very often get from the clients is: how do I choose a crystal, and how do I know which crystal is right for me, which one is needed? In this post I will try to answer this question in [&hellip;]\" \/>\n<meta property=\"og:url\" content=\"https:\/\/spellsofthemoon.ch\/de\/gem-choosing-guide\/\" \/>\n<meta property=\"og:site_name\" content=\"spellsofthemoon\" \/>\n<meta property=\"article:modified_time\" content=\"2024-11-13T20:46:15+00:00\" \/>\n<meta name=\"twitter:card\" content=\"summary_large_image\" \/>\n<meta name=\"twitter:label1\" content=\"Gesch\u00e4tzte Lesezeit\" \/>\n\t<meta name=\"twitter:data1\" content=\"6\u00a0Minuten\" \/>\n<script type=\"application\/ld+json\" class=\"yoast-schema-graph\">{\"@context\":\"https:\/\/schema.org\",\"@graph\":[{\"@type\":\"WebPage\",\"@id\":\"https:\/\/spellsofthemoon.ch\/gem-choosing-guide\/\",\"url\":\"https:\/\/spellsofthemoon.ch\/gem-choosing-guide\/\",\"name\":\"Gem Choosing Guide - spellsofthemoon\",\"isPartOf\":{\"@id\":\"https:\/\/spellsofthemoon.ch\/#website\"},\"datePublished\":\"2022-12-21T00:21:46+00:00\",\"dateModified\":\"2024-11-13T20:46:15+00:00\",\"breadcrumb\":{\"@id\":\"https:\/\/spellsofthemoon.ch\/gem-choosing-guide\/#breadcrumb\"},\"inLanguage\":\"de-CH\",\"potentialAction\":[{\"@type\":\"ReadAction\",\"target\":[\"https:\/\/spellsofthemoon.ch\/gem-choosing-guide\/\"]}]},{\"@type\":\"BreadcrumbList\",\"@id\":\"https:\/\/spellsofthemoon.ch\/gem-choosing-guide\/#breadcrumb\",\"itemListElement\":[{\"@type\":\"ListItem\",\"position\":1,\"name\":\"Home\",\"item\":\"https:\/\/spellsofthemoon.ch\/\"},{\"@type\":\"ListItem\",\"position\":2,\"name\":\"Gem Choosing Guide\"}]},{\"@type\":\"WebSite\",\"@id\":\"https:\/\/spellsofthemoon.ch\/#website\",\"url\":\"https:\/\/spellsofthemoon.ch\/\",\"name\":\"spellsofthemoon\",\"description\":\"Precious stones, bracelets from gemstones, hand made candles, home decor\",\"potentialAction\":[{\"@type\":\"SearchAction\",\"target\":{\"@type\":\"EntryPoint\",\"urlTemplate\":\"https:\/\/spellsofthemoon.ch\/?s={search_term_string}\"},\"query-input\":{\"@type\":\"PropertyValueSpecification\",\"valueRequired\":true,\"valueName\":\"search_term_string\"}}],\"inLanguage\":\"de-CH\"}]}<\/script>\n<!-- \/ Yoast SEO plugin. -->","yoast_head_json":{"title":"Edelstein-Auswahlleitfaden - spellsofthemoon","robots":{"index":"index","follow":"follow","max-snippet":"max-snippet:-1","max-image-preview":"max-image-preview:large","max-video-preview":"max-video-preview:-1"},"canonical":"https:\/\/spellsofthemoon.ch\/de\/gem-choosing-guide\/","og_locale":"de_DE","og_type":"article","og_title":"Gem Choosing Guide - spellsofthemoon","og_description":"How do I chose a crystal ? A recurring question I very often get from the clients is: how do I choose a crystal, and how do I know which crystal is right for me, which one is needed? In this post I will try to answer this question in [&hellip;]","og_url":"https:\/\/spellsofthemoon.ch\/de\/gem-choosing-guide\/","og_site_name":"spellsofthemoon","article_modified_time":"2024-11-13T20:46:15+00:00","twitter_card":"summary_large_image","twitter_misc":{"Gesch\u00e4tzte Lesezeit":"6\u00a0Minuten"},"schema":{"@context":"https:\/\/schema.org","@graph":[{"@type":"WebPage","@id":"https:\/\/spellsofthemoon.ch\/gem-choosing-guide\/","url":"https:\/\/spellsofthemoon.ch\/gem-choosing-guide\/","name":"Edelstein-Auswahlleitfaden - spellsofthemoon","isPartOf":{"@id":"https:\/\/spellsofthemoon.ch\/#website"},"datePublished":"2022-12-21T00:21:46+00:00","dateModified":"2024-11-13T20:46:15+00:00","breadcrumb":{"@id":"https:\/\/spellsofthemoon.ch\/gem-choosing-guide\/#breadcrumb"},"inLanguage":"de-CH","potentialAction":[{"@type":"ReadAction","target":["https:\/\/spellsofthemoon.ch\/gem-choosing-guide\/"]}]},{"@type":"BreadcrumbList","@id":"https:\/\/spellsofthemoon.ch\/gem-choosing-guide\/#breadcrumb","itemListElement":[{"@type":"ListItem","position":1,"name":"Home","item":"https:\/\/spellsofthemoon.ch\/"},{"@type":"ListItem","position":2,"name":"Gem Choosing Guide"}]},{"@type":"WebSite","@id":"https:\/\/spellsofthemoon.ch\/#website","url":"https:\/\/spellsofthemoon.ch\/","name":"Zauber des Mondes","description":"Edelsteine, Armb\u00e4nder aus Edelsteinen, handgefertigte Kerzen, Wohnkultur","potentialAction":[{"@type":"SearchAction","target":{"@type":"EntryPoint","urlTemplate":"https:\/\/spellsofthemoon.ch\/?s={search_term_string}"},"query-input":{"@type":"PropertyValueSpecification","valueRequired":true,"valueName":"search_term_string"}}],"inLanguage":"de-CH"}]}},"_links":{"self":[{"href":"https:\/\/spellsofthemoon.ch\/de\/wp-json\/wp\/v2\/pages\/5073","targetHints":{"allow":["GET"]}}],"collection":[{"href":"https:\/\/spellsofthemoon.ch\/de\/wp-json\/wp\/v2\/pages"}],"about":[{"href":"https:\/\/spellsofthemoon.ch\/de\/wp-json\/wp\/v2\/types\/page"}],"author":[{"embeddable":true,"href":"https:\/\/spellsofthemoon.ch\/de\/wp-json\/wp\/v2\/users\/1"}],"replies":[{"embeddable":true,"href":"https:\/\/spellsofthemoon.ch\/de\/wp-json\/wp\/v2\/comments?post=5073"}],"version-history":[{"count":0,"href":"https:\/\/spellsofthemoon.ch\/de\/wp-json\/wp\/v2\/pages\/5073\/revisions"}],"wp:attachment":[{"href":"https:\/\/spellsofthemoon.ch\/de\/wp-json\/wp\/v2\/media?parent=5073"}],"curies":[{"name":"wp","href":"https:\/\/api.w.org\/{rel}","templated":true}]}}