{"id":4713,"date":"2022-11-22T08:25:13","date_gmt":"2022-11-22T07:25:13","guid":{"rendered":"https:\/\/spellsofthemoon.ch\/?page_id=4713"},"modified":"2022-11-25T02:39:10","modified_gmt":"2022-11-25T01:39:10","slug":"featured-products","status":"publish","type":"page","link":"https:\/\/spellsofthemoon.ch\/de\/featured-products\/","title":{"rendered":"Ausgew\u00e4hlte Produkte"},"content":{"rendered":"<div class=\"woocommerce columns-4\">\n<ul class=\"products row et-main-products hover-animation-zoom-jump et-shop-show-variations et-shop-hover-images show-rating\" data-columns=\"4\" data-mobile-columns=\"2\" data-navigation=\"true\" data-pagination=\"true\" data-layoutmode=\"packery\">\n<li class=\"item et-listing-style1 col-6 col-sm-6 col-md-4 col-lg-3 small_grid_5 product type-product post-5736 status-publish first instock product_cat-bracelets product_tag-beryl has-post-thumbnail featured taxable shipping-taxable purchasable product-type-variable has-default-attributes\">\n\t<div class=\"product-inner animation bottom-to-top\">\n\t\t<figure class=\"product_thumbnail et-image-hover\">  \n\t\t<a href=\"https:\/\/spellsofthemoon.ch\/de\/produkt\/beryl-bracelet\/\" title=\"Beryll-Armband\"><img fetchpriority=\"high\" decoding=\"async\" width=\"450\" height=\"540\" src=\"https:\/\/spellsofthemoon.ch\/wp-content\/uploads\/2022\/10\/Beryl-450x540.jpg\" class=\"main-image skip-lazy\" alt=\"Beryl Bracelet\" srcset=\"https:\/\/spellsofthemoon.ch\/wp-content\/uploads\/2022\/10\/Beryl-450x540.jpg 450w, https:\/\/spellsofthemoon.ch\/wp-content\/uploads\/2022\/10\/Beryl-250x300.jpg 250w, https:\/\/spellsofthemoon.ch\/wp-content\/uploads\/2022\/10\/Beryl-853x1024.jpg 853w, https:\/\/spellsofthemoon.ch\/wp-content\/uploads\/2022\/10\/Beryl-768x922.jpg 768w, https:\/\/spellsofthemoon.ch\/wp-content\/uploads\/2022\/10\/Beryl-10x12.jpg 10w, https:\/\/spellsofthemoon.ch\/wp-content\/uploads\/2022\/10\/Beryl-125x150.jpg 125w, https:\/\/spellsofthemoon.ch\/wp-content\/uploads\/2022\/10\/Beryl-1000x1200.jpg 1000w, https:\/\/spellsofthemoon.ch\/wp-content\/uploads\/2022\/10\/Beryl.jpg 1200w\" sizes=\"(max-width: 450px) 100vw, 450px\" \/><img decoding=\"async\" width=\"450\" height=\"540\" src=\"https:\/\/spellsofthemoon.ch\/wp-content\/uploads\/2022\/10\/Beryl-flat-450x540.jpg\" class=\"product_thumbnail_hover\" alt=\"Beryl Bracelet flat\" srcset=\"https:\/\/spellsofthemoon.ch\/wp-content\/uploads\/2022\/10\/Beryl-flat-450x540.jpg 450w, https:\/\/spellsofthemoon.ch\/wp-content\/uploads\/2022\/10\/Beryl-flat-250x300.jpg 250w, https:\/\/spellsofthemoon.ch\/wp-content\/uploads\/2022\/10\/Beryl-flat-853x1024.jpg 853w, https:\/\/spellsofthemoon.ch\/wp-content\/uploads\/2022\/10\/Beryl-flat-768x922.jpg 768w, https:\/\/spellsofthemoon.ch\/wp-content\/uploads\/2022\/10\/Beryl-flat-10x12.jpg 10w, https:\/\/spellsofthemoon.ch\/wp-content\/uploads\/2022\/10\/Beryl-flat-125x150.jpg 125w, https:\/\/spellsofthemoon.ch\/wp-content\/uploads\/2022\/10\/Beryl-flat-1000x1200.jpg 1000w, https:\/\/spellsofthemoon.ch\/wp-content\/uploads\/2022\/10\/Beryl-flat.jpg 1200w\" sizes=\"(max-width: 450px) 100vw, 450px\" \/><\/a>\n\t\t\t\t<div class=\"actions-wrapper\">\n\t\t\t\t\t\t\t\t\t\t\t\t<a href=\"https:\/\/spellsofthemoon.ch\/de\/produkt\/beryl-bracelet\/\" title=\"Schnellansicht\" data-product_id=\"5736\" class=\"et-quickview-btn et-tooltip product_type_variable\"><span class=\"text\">Schnellansicht<\/span><span class=\"icon\"><span class=\"et-icon et-maximize-2\"><\/span><\/span><\/a>\t\t\t<\/div>\n\t<\/figure>\n\t<div class=\"caption\">\n\t\t<div class=\"product-title\">\n\t\t\t<h2><a class=\"product-link\" href=\"https:\/\/spellsofthemoon.ch\/de\/produkt\/beryl-bracelet\/\" title=\"Beryll-Armband\">Beryll-Armband<\/a><\/h2>\n\t\t\t\n<div\n\tclass=\"yith-wcwl-add-to-wishlist add-to-wishlist-5736 yith-wcwl-add-to-wishlist--link-style wishlist-fragment on-first-load\"\n\tdata-fragment-ref=\"5736\"\n\tdata-fragment-options=\"{&quot;base_url&quot;:&quot;&quot;,&quot;product_id&quot;:5736,&quot;parent_product_id&quot;:0,&quot;product_type&quot;:&quot;variable&quot;,&quot;is_single&quot;:false,&quot;in_default_wishlist&quot;:false,&quot;show_view&quot;:false,&quot;browse_wishlist_text&quot;:&quot;Browse wishlist&quot;,&quot;already_in_wishslist_text&quot;:&quot;The product is already in your wishlist!&quot;,&quot;product_added_text&quot;:&quot;Product added!&quot;,&quot;available_multi_wishlist&quot;:false,&quot;disable_wishlist&quot;:false,&quot;show_count&quot;:false,&quot;ajax_loading&quot;:false,&quot;loop_position&quot;:&quot;shortcode&quot;,&quot;item&quot;:&quot;add_to_wishlist&quot;}\"\n>\n\t\t\t\n\t\t\t<!-- ADD TO WISHLIST -->\n\t\t\t\n<div class=\"yith-wcwl-add-button et-tooltip\">\n\t  <a\n    href=\"?add_to_wishlist=5736&#038;_wpnonce=efbe8c6bd9\"\n    class=\"add_to_wishlist single_add_to_wishlist\"\n    data-product-id=\"5736\"\n    data-product-type=\"variable\"\n    data-original-product-id=\"0\"\n    data-title=\"Add to wishlist\"\n    aria-label=\"Zur Wunschliste hinzuf\u00fcgen\"    \n    rel=\"nofollow\"\n  >\n  <span class=\"text\">Zur Wunschliste hinzuf\u00fcgen<\/span><span class=\"icon et-icon et-heart\"><\/span>\n  <\/a>\n<\/div>\n\t\t\t<!-- COUNT TEXT -->\n\t\t\t\n\t\t\t<\/div>\n\t\t<\/div>\n\t\t\n\t\t<div class=\"product_after_title\">\n\n\t\t\t<div class=\"product_after_shop_loop_price\">\n\t\t\t\t\n\t<span class=\"price\"><span class=\"woocommerce-Price-amount amount\"><bdi>50.00&nbsp;<span class=\"woocommerce-Price-currencySymbol\">&#67;&#72;&#70;<\/span><\/bdi><\/span><\/span>\n\t\t\t<\/div>\n\n\t\t\t<div class=\"product-excerpt\">\n\t\t\t\t<p>Das Armband aus den mehrfarbigen Beryllsteinen mit dem goldfarbenen Einsatz zwischen den Perlen<\/p>\n\t\t\t<\/div>\n\n\t\t\t<div class=\"after_shop_loop_actions\">\n\n\t\t\t\t<a href=\"https:\/\/spellsofthemoon.ch\/de\/produkt\/beryl-bracelet\/\" aria-describedby=\"woocommerce_loop_add_to_cart_link_describedby_5736\" data-quantity=\"1\" class=\"button product_type_variable add_to_cart_button\" data-product_id=\"5736\" data-product_sku=\"Bracelet-Beryl\" aria-label=\"W\u00e4hlen Sie die Optionen f\u00fcr \u00abBeryl Bracelet\u00bb\" rel=\"nofollow\" data-no-translation-aria-label=\"\"><span class=\"text\" data-no-translation=\"\" data-trp-gettext=\"\">Ausf\u00fchrung w\u00e4hlen<\/span><span class=\"icon et-icon et-shopping-bag\"><\/span><\/a>\t<span id=\"woocommerce_loop_add_to_cart_link_describedby_5736\" class=\"screen-reader-text\">\n\tDieses Produkt weist mehrere Varianten auf. Die Optionen k\u00f6nnen auf der Produktseite gew\u00e4hlt werden\t<\/span>\n\t\t\t<\/div>\n\n\t\t<\/div>\n\n\t\t\n\t<\/div>\n\n\t<\/div>\n\n<\/li>\n<li class=\"item et-listing-style1 col-6 col-sm-6 col-md-4 col-lg-3 small_grid_5 product type-product post-5718 status-publish instock product_cat-bracelets product_tag-charoite has-post-thumbnail featured taxable shipping-taxable purchasable product-type-variable has-default-attributes\">\n\t<div class=\"product-inner animation bottom-to-top\">\n\t\t<figure class=\"product_thumbnail et-image-hover\">  \n\t\t<a href=\"https:\/\/spellsofthemoon.ch\/de\/produkt\/charoite-bracelet\/\" title=\"Charoit-Armband\"><img decoding=\"async\" width=\"450\" height=\"540\" src=\"https:\/\/spellsofthemoon.ch\/wp-content\/uploads\/2022\/10\/Charoite-450x540.jpg\" class=\"main-image skip-lazy\" alt=\"Charoite Bracelet\" srcset=\"https:\/\/spellsofthemoon.ch\/wp-content\/uploads\/2022\/10\/Charoite-450x540.jpg 450w, https:\/\/spellsofthemoon.ch\/wp-content\/uploads\/2022\/10\/Charoite-250x300.jpg 250w, https:\/\/spellsofthemoon.ch\/wp-content\/uploads\/2022\/10\/Charoite-853x1024.jpg 853w, https:\/\/spellsofthemoon.ch\/wp-content\/uploads\/2022\/10\/Charoite-768x922.jpg 768w, https:\/\/spellsofthemoon.ch\/wp-content\/uploads\/2022\/10\/Charoite-10x12.jpg 10w, https:\/\/spellsofthemoon.ch\/wp-content\/uploads\/2022\/10\/Charoite-125x150.jpg 125w, https:\/\/spellsofthemoon.ch\/wp-content\/uploads\/2022\/10\/Charoite-1000x1200.jpg 1000w, https:\/\/spellsofthemoon.ch\/wp-content\/uploads\/2022\/10\/Charoite.jpg 1200w\" sizes=\"(max-width: 450px) 100vw, 450px\" \/><img loading=\"lazy\" decoding=\"async\" width=\"450\" height=\"540\" src=\"https:\/\/spellsofthemoon.ch\/wp-content\/uploads\/2022\/10\/Charoite-flat-450x540.jpg\" class=\"product_thumbnail_hover\" alt=\"Charoite Bracelet flat\" srcset=\"https:\/\/spellsofthemoon.ch\/wp-content\/uploads\/2022\/10\/Charoite-flat-450x540.jpg 450w, https:\/\/spellsofthemoon.ch\/wp-content\/uploads\/2022\/10\/Charoite-flat-250x300.jpg 250w, https:\/\/spellsofthemoon.ch\/wp-content\/uploads\/2022\/10\/Charoite-flat-853x1024.jpg 853w, https:\/\/spellsofthemoon.ch\/wp-content\/uploads\/2022\/10\/Charoite-flat-768x922.jpg 768w, https:\/\/spellsofthemoon.ch\/wp-content\/uploads\/2022\/10\/Charoite-flat-10x12.jpg 10w, https:\/\/spellsofthemoon.ch\/wp-content\/uploads\/2022\/10\/Charoite-flat-125x150.jpg 125w, https:\/\/spellsofthemoon.ch\/wp-content\/uploads\/2022\/10\/Charoite-flat-1000x1200.jpg 1000w, https:\/\/spellsofthemoon.ch\/wp-content\/uploads\/2022\/10\/Charoite-flat.jpg 1200w\" sizes=\"(max-width: 450px) 100vw, 450px\" \/><\/a>\n\t\t\t\t<div class=\"actions-wrapper\">\n\t\t\t\t\t\t\t\t\t\t\t\t<a href=\"https:\/\/spellsofthemoon.ch\/de\/produkt\/charoite-bracelet\/\" title=\"Schnellansicht\" data-product_id=\"5718\" class=\"et-quickview-btn et-tooltip product_type_variable\"><span class=\"text\">Schnellansicht<\/span><span class=\"icon\"><span class=\"et-icon et-maximize-2\"><\/span><\/span><\/a>\t\t\t<\/div>\n\t<\/figure>\n\t<div class=\"caption\">\n\t\t<div class=\"product-title\">\n\t\t\t<h2><a class=\"product-link\" href=\"https:\/\/spellsofthemoon.ch\/de\/produkt\/charoite-bracelet\/\" title=\"Charoit-Armband\">Charoit-Armband<\/a><\/h2>\n\t\t\t\n<div\n\tclass=\"yith-wcwl-add-to-wishlist add-to-wishlist-5718 yith-wcwl-add-to-wishlist--link-style wishlist-fragment on-first-load\"\n\tdata-fragment-ref=\"5718\"\n\tdata-fragment-options=\"{&quot;base_url&quot;:&quot;&quot;,&quot;product_id&quot;:5718,&quot;parent_product_id&quot;:0,&quot;product_type&quot;:&quot;variable&quot;,&quot;is_single&quot;:false,&quot;in_default_wishlist&quot;:false,&quot;show_view&quot;:false,&quot;browse_wishlist_text&quot;:&quot;Browse wishlist&quot;,&quot;already_in_wishslist_text&quot;:&quot;The product is already in your wishlist!&quot;,&quot;product_added_text&quot;:&quot;Product added!&quot;,&quot;available_multi_wishlist&quot;:false,&quot;disable_wishlist&quot;:false,&quot;show_count&quot;:false,&quot;ajax_loading&quot;:false,&quot;loop_position&quot;:&quot;shortcode&quot;,&quot;item&quot;:&quot;add_to_wishlist&quot;}\"\n>\n\t\t\t\n\t\t\t<!-- ADD TO WISHLIST -->\n\t\t\t\n<div class=\"yith-wcwl-add-button et-tooltip\">\n\t  <a\n    href=\"?add_to_wishlist=5718&#038;_wpnonce=efbe8c6bd9\"\n    class=\"add_to_wishlist single_add_to_wishlist\"\n    data-product-id=\"5718\"\n    data-product-type=\"variable\"\n    data-original-product-id=\"0\"\n    data-title=\"Add to wishlist\"\n    aria-label=\"Zur Wunschliste hinzuf\u00fcgen\"    \n    rel=\"nofollow\"\n  >\n  <span class=\"text\">Zur Wunschliste hinzuf\u00fcgen<\/span><span class=\"icon et-icon et-heart\"><\/span>\n  <\/a>\n<\/div>\n\t\t\t<!-- COUNT TEXT -->\n\t\t\t\n\t\t\t<\/div>\n\t\t<\/div>\n\t\t\n\t\t<div class=\"product_after_title\">\n\n\t\t\t<div class=\"product_after_shop_loop_price\">\n\t\t\t\t\n\t<span class=\"price\"><span class=\"woocommerce-Price-amount amount\"><bdi>50.00&nbsp;<span class=\"woocommerce-Price-currencySymbol\">&#67;&#72;&#70;<\/span><\/bdi><\/span><\/span>\n\t\t\t<\/div>\n\n\t\t\t<div class=\"product-excerpt\">\n\t\t\t\t<p>Das Armband aus den mehrfarbigen lila Charoite-Steinen mit dem goldfarbenen Einsatz zwischen den Perlen<\/p>\n\t\t\t<\/div>\n\n\t\t\t<div class=\"after_shop_loop_actions\">\n\n\t\t\t\t<a href=\"https:\/\/spellsofthemoon.ch\/de\/produkt\/charoite-bracelet\/\" aria-describedby=\"woocommerce_loop_add_to_cart_link_describedby_5718\" data-quantity=\"1\" class=\"button product_type_variable add_to_cart_button\" data-product_id=\"5718\" data-product_sku=\"Bracelet-Charoite\" aria-label=\"W\u00e4hlen Sie die Optionen f\u00fcr \u00abCharoite Bracelet\u00bb\" rel=\"nofollow\" data-no-translation-aria-label=\"\"><span class=\"text\" data-no-translation=\"\" data-trp-gettext=\"\">Ausf\u00fchrung w\u00e4hlen<\/span><span class=\"icon et-icon et-shopping-bag\"><\/span><\/a>\t<span id=\"woocommerce_loop_add_to_cart_link_describedby_5718\" class=\"screen-reader-text\">\n\tDieses Produkt weist mehrere Varianten auf. Die Optionen k\u00f6nnen auf der Produktseite gew\u00e4hlt werden\t<\/span>\n\t\t\t<\/div>\n\n\t\t<\/div>\n\n\t\t\n\t<\/div>\n\n\t<\/div>\n\n<\/li>\n<li class=\"item et-listing-style1 col-6 col-sm-6 col-md-4 col-lg-3 small_grid_5 product type-product post-5646 status-publish instock product_cat-bracelets product_tag-hawks-eye has-post-thumbnail featured taxable shipping-taxable purchasable product-type-variable has-default-attributes\">\n\t<div class=\"product-inner animation bottom-to-top\">\n\t\t<figure class=\"product_thumbnail et-image-hover\">  \n\t\t<a href=\"https:\/\/spellsofthemoon.ch\/de\/produkt\/hawks-eye-bracelet\/\" title=\"Hawks Eye Armband\"><img loading=\"lazy\" decoding=\"async\" width=\"450\" height=\"540\" src=\"https:\/\/spellsofthemoon.ch\/wp-content\/uploads\/2022\/10\/Hawks-Eye-450x540.jpg\" class=\"main-image skip-lazy\" alt=\"Hawks Eye Bracelet\" srcset=\"https:\/\/spellsofthemoon.ch\/wp-content\/uploads\/2022\/10\/Hawks-Eye-450x540.jpg 450w, https:\/\/spellsofthemoon.ch\/wp-content\/uploads\/2022\/10\/Hawks-Eye-250x300.jpg 250w, https:\/\/spellsofthemoon.ch\/wp-content\/uploads\/2022\/10\/Hawks-Eye-853x1024.jpg 853w, https:\/\/spellsofthemoon.ch\/wp-content\/uploads\/2022\/10\/Hawks-Eye-768x922.jpg 768w, https:\/\/spellsofthemoon.ch\/wp-content\/uploads\/2022\/10\/Hawks-Eye-10x12.jpg 10w, https:\/\/spellsofthemoon.ch\/wp-content\/uploads\/2022\/10\/Hawks-Eye-125x150.jpg 125w, https:\/\/spellsofthemoon.ch\/wp-content\/uploads\/2022\/10\/Hawks-Eye-1000x1200.jpg 1000w, https:\/\/spellsofthemoon.ch\/wp-content\/uploads\/2022\/10\/Hawks-Eye.jpg 1200w\" sizes=\"(max-width: 450px) 100vw, 450px\" \/><img loading=\"lazy\" decoding=\"async\" width=\"450\" height=\"540\" src=\"https:\/\/spellsofthemoon.ch\/wp-content\/uploads\/2022\/10\/Hawks-eye-flat-450x540.jpg\" class=\"product_thumbnail_hover\" alt=\"Hawks Eye Bracelet flat\" srcset=\"https:\/\/spellsofthemoon.ch\/wp-content\/uploads\/2022\/10\/Hawks-eye-flat-450x540.jpg 450w, https:\/\/spellsofthemoon.ch\/wp-content\/uploads\/2022\/10\/Hawks-eye-flat-250x300.jpg 250w, https:\/\/spellsofthemoon.ch\/wp-content\/uploads\/2022\/10\/Hawks-eye-flat-853x1024.jpg 853w, https:\/\/spellsofthemoon.ch\/wp-content\/uploads\/2022\/10\/Hawks-eye-flat-768x922.jpg 768w, https:\/\/spellsofthemoon.ch\/wp-content\/uploads\/2022\/10\/Hawks-eye-flat-10x12.jpg 10w, https:\/\/spellsofthemoon.ch\/wp-content\/uploads\/2022\/10\/Hawks-eye-flat-125x150.jpg 125w, https:\/\/spellsofthemoon.ch\/wp-content\/uploads\/2022\/10\/Hawks-eye-flat-1000x1200.jpg 1000w, https:\/\/spellsofthemoon.ch\/wp-content\/uploads\/2022\/10\/Hawks-eye-flat.jpg 1200w\" sizes=\"(max-width: 450px) 100vw, 450px\" \/><\/a>\n\t\t\t\t<div class=\"actions-wrapper\">\n\t\t\t\t\t\t\t\t\t\t\t\t<a href=\"https:\/\/spellsofthemoon.ch\/de\/produkt\/hawks-eye-bracelet\/\" title=\"Schnellansicht\" data-product_id=\"5646\" class=\"et-quickview-btn et-tooltip product_type_variable\"><span class=\"text\">Schnellansicht<\/span><span class=\"icon\"><span class=\"et-icon et-maximize-2\"><\/span><\/span><\/a>\t\t\t<\/div>\n\t<\/figure>\n\t<div class=\"caption\">\n\t\t<div class=\"product-title\">\n\t\t\t<h2><a class=\"product-link\" href=\"https:\/\/spellsofthemoon.ch\/de\/produkt\/hawks-eye-bracelet\/\" title=\"Hawks Eye Armband\">Hawks Eye Armband<\/a><\/h2>\n\t\t\t\n<div\n\tclass=\"yith-wcwl-add-to-wishlist add-to-wishlist-5646 yith-wcwl-add-to-wishlist--link-style wishlist-fragment on-first-load\"\n\tdata-fragment-ref=\"5646\"\n\tdata-fragment-options=\"{&quot;base_url&quot;:&quot;&quot;,&quot;product_id&quot;:5646,&quot;parent_product_id&quot;:0,&quot;product_type&quot;:&quot;variable&quot;,&quot;is_single&quot;:false,&quot;in_default_wishlist&quot;:false,&quot;show_view&quot;:false,&quot;browse_wishlist_text&quot;:&quot;Browse wishlist&quot;,&quot;already_in_wishslist_text&quot;:&quot;The product is already in your wishlist!&quot;,&quot;product_added_text&quot;:&quot;Product added!&quot;,&quot;available_multi_wishlist&quot;:false,&quot;disable_wishlist&quot;:false,&quot;show_count&quot;:false,&quot;ajax_loading&quot;:false,&quot;loop_position&quot;:&quot;shortcode&quot;,&quot;item&quot;:&quot;add_to_wishlist&quot;}\"\n>\n\t\t\t\n\t\t\t<!-- ADD TO WISHLIST -->\n\t\t\t\n<div class=\"yith-wcwl-add-button et-tooltip\">\n\t  <a\n    href=\"?add_to_wishlist=5646&#038;_wpnonce=efbe8c6bd9\"\n    class=\"add_to_wishlist single_add_to_wishlist\"\n    data-product-id=\"5646\"\n    data-product-type=\"variable\"\n    data-original-product-id=\"0\"\n    data-title=\"Add to wishlist\"\n    aria-label=\"Zur Wunschliste hinzuf\u00fcgen\"    \n    rel=\"nofollow\"\n  >\n  <span class=\"text\">Zur Wunschliste hinzuf\u00fcgen<\/span><span class=\"icon et-icon et-heart\"><\/span>\n  <\/a>\n<\/div>\n\t\t\t<!-- COUNT TEXT -->\n\t\t\t\n\t\t\t<\/div>\n\t\t<\/div>\n\t\t\n\t\t<div class=\"product_after_title\">\n\n\t\t\t<div class=\"product_after_shop_loop_price\">\n\t\t\t\t\n\t<span class=\"price\"><span class=\"woocommerce-Price-amount amount\"><bdi>45.00&nbsp;<span class=\"woocommerce-Price-currencySymbol\">&#67;&#72;&#70;<\/span><\/bdi><\/span><\/span>\n\t\t\t<\/div>\n\n\t\t\t<div class=\"product-excerpt\">\n\t\t\t\t<p>Die Araber trugen das Falkenauge, um die Kr\u00e4fte des Geistes zu st\u00e4rken, die Indianer, um Wachsamkeit und Wachsamkeit zu wecken. Hawk&#039;s Eye ist ein starker W\u00e4chter, der nicht nur seinem Meister, sondern auch seiner Familie nach Hause hilft. Es sch\u00fctzt vor schlechten Einfl\u00fcssen, w\u00fctenden und eifers\u00fcchtigen Menschen, Intrigen, L\u00fcgen. Falkenauge hilft, die Welt wie aus dem Flug eines hochfliegenden Vogels zu sehen, gibt Klarheit und Ausdauer, bringt Klarheit und Verst\u00e4ndnis f\u00fcr Ereignisse in der Umgebung.<\/p>\n\t\t\t<\/div>\n\n\t\t\t<div class=\"after_shop_loop_actions\">\n\n\t\t\t\t<a href=\"https:\/\/spellsofthemoon.ch\/de\/produkt\/hawks-eye-bracelet\/\" aria-describedby=\"woocommerce_loop_add_to_cart_link_describedby_5646\" data-quantity=\"1\" class=\"button product_type_variable add_to_cart_button\" data-product_id=\"5646\" data-product_sku=\"Bracelet-Hawks Eye\" aria-label=\"W\u00e4hlen Sie die Optionen f\u00fcr \u00abHawks Eye Bracelet\u00bb\" rel=\"nofollow\" data-no-translation-aria-label=\"\"><span class=\"text\" data-no-translation=\"\" data-trp-gettext=\"\">Ausf\u00fchrung w\u00e4hlen<\/span><span class=\"icon et-icon et-shopping-bag\"><\/span><\/a>\t<span id=\"woocommerce_loop_add_to_cart_link_describedby_5646\" class=\"screen-reader-text\">\n\tDieses Produkt weist mehrere Varianten auf. Die Optionen k\u00f6nnen auf der Produktseite gew\u00e4hlt werden\t<\/span>\n\t\t\t<\/div>\n\n\t\t<\/div>\n\n\t\t\n\t<\/div>\n\n\t<\/div>\n\n<\/li><\/ul>\n<\/div>","protected":false},"excerpt":{"rendered":"Schnellansicht Beryll Armband Zur Wunschliste hinzuf\u00fcgen 50.00 CHF Das Armband aus den mehrfarbigen Beryll Steinen mit dem goldfarbenen Einsatz zwischen den Perlen Ausf\u00fchrung w\u00e4hlen Dieses Produkt weist mehrere Varianten auf. Die Optionen k\u00f6nnen auf der Produktseite gew\u00e4hlt werden Schnellansicht Charoit-Armband Zur Wunschliste hinzuf\u00fcgen 50,00 CHF Das Armband aus der [...]","protected":false},"author":1,"featured_media":0,"parent":0,"menu_order":0,"comment_status":"closed","ping_status":"closed","template":"","meta":{"footnotes":""},"class_list":["post-4713","page","type-page","status-publish","hentry"],"yoast_head":"<!-- This site is optimized with the Yoast SEO plugin v26.1.1 - https:\/\/yoast.com\/wordpress\/plugins\/seo\/ -->\n<title>Featured products - spellsofthemoon<\/title>\n<meta name=\"robots\" content=\"index, follow, max-snippet:-1, max-image-preview:large, max-video-preview:-1\" \/>\n<link rel=\"canonical\" href=\"https:\/\/spellsofthemoon.ch\/de\/featured-products\/\" \/>\n<meta property=\"og:locale\" content=\"de_DE\" \/>\n<meta property=\"og:type\" content=\"article\" \/>\n<meta property=\"og:title\" content=\"Featured products - spellsofthemoon\" \/>\n<meta property=\"og:url\" content=\"https:\/\/spellsofthemoon.ch\/de\/featured-products\/\" \/>\n<meta property=\"og:site_name\" content=\"spellsofthemoon\" \/>\n<meta property=\"article:modified_time\" content=\"2022-11-25T01:39:10+00:00\" \/>\n<meta name=\"twitter:card\" content=\"summary_large_image\" \/>\n<meta name=\"twitter:label1\" content=\"Gesch\u00e4tzte Lesezeit\" \/>\n\t<meta name=\"twitter:data1\" content=\"1\u00a0Minute\" \/>\n<script type=\"application\/ld+json\" class=\"yoast-schema-graph\">{\"@context\":\"https:\/\/schema.org\",\"@graph\":[{\"@type\":\"WebPage\",\"@id\":\"https:\/\/spellsofthemoon.ch\/featured-products\/\",\"url\":\"https:\/\/spellsofthemoon.ch\/featured-products\/\",\"name\":\"Featured products - spellsofthemoon\",\"isPartOf\":{\"@id\":\"https:\/\/spellsofthemoon.ch\/#website\"},\"datePublished\":\"2022-11-22T07:25:13+00:00\",\"dateModified\":\"2022-11-25T01:39:10+00:00\",\"breadcrumb\":{\"@id\":\"https:\/\/spellsofthemoon.ch\/featured-products\/#breadcrumb\"},\"inLanguage\":\"de-CH\",\"potentialAction\":[{\"@type\":\"ReadAction\",\"target\":[\"https:\/\/spellsofthemoon.ch\/featured-products\/\"]}]},{\"@type\":\"BreadcrumbList\",\"@id\":\"https:\/\/spellsofthemoon.ch\/featured-products\/#breadcrumb\",\"itemListElement\":[{\"@type\":\"ListItem\",\"position\":1,\"name\":\"Home\",\"item\":\"https:\/\/spellsofthemoon.ch\/\"},{\"@type\":\"ListItem\",\"position\":2,\"name\":\"Featured products\"}]},{\"@type\":\"WebSite\",\"@id\":\"https:\/\/spellsofthemoon.ch\/#website\",\"url\":\"https:\/\/spellsofthemoon.ch\/\",\"name\":\"spellsofthemoon\",\"description\":\"Precious stones, bracelets from gemstones, hand made candles, home decor\",\"potentialAction\":[{\"@type\":\"SearchAction\",\"target\":{\"@type\":\"EntryPoint\",\"urlTemplate\":\"https:\/\/spellsofthemoon.ch\/?s={search_term_string}\"},\"query-input\":{\"@type\":\"PropertyValueSpecification\",\"valueRequired\":true,\"valueName\":\"search_term_string\"}}],\"inLanguage\":\"de-CH\"}]}<\/script>\n<!-- \/ Yoast SEO plugin. -->","yoast_head_json":{"title":"Featured products - spellsofthemoon","robots":{"index":"index","follow":"follow","max-snippet":"max-snippet:-1","max-image-preview":"max-image-preview:large","max-video-preview":"max-video-preview:-1"},"canonical":"https:\/\/spellsofthemoon.ch\/de\/featured-products\/","og_locale":"de_DE","og_type":"article","og_title":"Featured products - spellsofthemoon","og_url":"https:\/\/spellsofthemoon.ch\/de\/featured-products\/","og_site_name":"spellsofthemoon","article_modified_time":"2022-11-25T01:39:10+00:00","twitter_card":"summary_large_image","twitter_misc":{"Gesch\u00e4tzte Lesezeit":"1\u00a0Minute"},"schema":{"@context":"https:\/\/schema.org","@graph":[{"@type":"WebPage","@id":"https:\/\/spellsofthemoon.ch\/featured-products\/","url":"https:\/\/spellsofthemoon.ch\/featured-products\/","name":"Featured products - spellsofthemoon","isPartOf":{"@id":"https:\/\/spellsofthemoon.ch\/#website"},"datePublished":"2022-11-22T07:25:13+00:00","dateModified":"2022-11-25T01:39:10+00:00","breadcrumb":{"@id":"https:\/\/spellsofthemoon.ch\/featured-products\/#breadcrumb"},"inLanguage":"de-CH","potentialAction":[{"@type":"ReadAction","target":["https:\/\/spellsofthemoon.ch\/featured-products\/"]}]},{"@type":"BreadcrumbList","@id":"https:\/\/spellsofthemoon.ch\/featured-products\/#breadcrumb","itemListElement":[{"@type":"ListItem","position":1,"name":"Home","item":"https:\/\/spellsofthemoon.ch\/"},{"@type":"ListItem","position":2,"name":"Featured products"}]},{"@type":"WebSite","@id":"https:\/\/spellsofthemoon.ch\/#website","url":"https:\/\/spellsofthemoon.ch\/","name":"Zauber des Mondes","description":"Edelsteine, Armb\u00e4nder aus Edelsteinen, handgefertigte Kerzen, Wohnkultur","potentialAction":[{"@type":"SearchAction","target":{"@type":"EntryPoint","urlTemplate":"https:\/\/spellsofthemoon.ch\/?s={search_term_string}"},"query-input":{"@type":"PropertyValueSpecification","valueRequired":true,"valueName":"search_term_string"}}],"inLanguage":"de-CH"}]}},"_links":{"self":[{"href":"https:\/\/spellsofthemoon.ch\/de\/wp-json\/wp\/v2\/pages\/4713","targetHints":{"allow":["GET"]}}],"collection":[{"href":"https:\/\/spellsofthemoon.ch\/de\/wp-json\/wp\/v2\/pages"}],"about":[{"href":"https:\/\/spellsofthemoon.ch\/de\/wp-json\/wp\/v2\/types\/page"}],"author":[{"embeddable":true,"href":"https:\/\/spellsofthemoon.ch\/de\/wp-json\/wp\/v2\/users\/1"}],"replies":[{"embeddable":true,"href":"https:\/\/spellsofthemoon.ch\/de\/wp-json\/wp\/v2\/comments?post=4713"}],"version-history":[{"count":0,"href":"https:\/\/spellsofthemoon.ch\/de\/wp-json\/wp\/v2\/pages\/4713\/revisions"}],"wp:attachment":[{"href":"https:\/\/spellsofthemoon.ch\/de\/wp-json\/wp\/v2\/media?parent=4713"}],"curies":[{"name":"wp","href":"https:\/\/api.w.org\/{rel}","templated":true}]}}