{"id":3530,"date":"2019-03-17T17:19:40","date_gmt":"2019-03-17T16:19:40","guid":{"rendered":"https:\/\/spellsofthemoon.ch\/terms-conditions-2\/"},"modified":"2022-12-22T20:49:46","modified_gmt":"2022-12-22T19:49:46","slug":"terms-conditions","status":"publish","type":"page","link":"https:\/\/spellsofthemoon.ch\/de\/terms-conditions\/","title":{"rendered":"Terms &amp; amp; Bedingungen"},"content":{"rendered":"<h2 class=\"wp-block-heading\">Geltung der AGB und Vertragsschluss<\/h2>\n\n\n\n<p>Diese Allgemeinen Gesch\u00e4ftsbedingungen (AGB) gelten f\u00fcr die Kaufvertr\u00e4ge mit Privatkunden.<br>Der Vertrag gilt als abgeschlossen, sobald die Auftragsbest\u00e4tigung beim K\u00e4ufer eintrifft.<\/p>\n\n\n\n<h2 class=\"wp-block-heading\">Preise<\/h2>\n\n\n\n<p>Die Preise sind in Schweizer Franken \u2013 CHF angegeben. Alle Preise sind vorerst von der 7,71 TP3T Mehrwertsteuer ausgeschlossen, da wir gerade ein beginnendes Unternehmen sind und noch keine Einnahmen haben. Die Versandkosten werden extra berechnet, nutzen Sie die Schweizer Post oder die DHL-Dienste, damit die Versandkosten transparent sind.<br>Spells Of The Moon beh\u00e4lt sich das Recht vor, Preise jederzeit zu \u00e4ndern. F\u00fcr den Vertragsabschluss gelten die zum Zeitpunkt des Kaufs auf der Website angegebenen Preise.<\/p>\n\n\n\n<h2 class=\"wp-block-heading\">Zahlungen<\/h2>\n\n\n\n<p>Wir akzeptieren Zahlungen per:<\/p>\n\n\n\n<ul class=\"wp-block-list\">\n<li>Kreditkarten (Visa oder MasterCard)<\/li>\n\n\n\n<li>PostFinance<\/li>\n\n\n\n<li>Twint<\/li>\n\n\n\n<li>Bei schriftlicher Vereinbarung per Nachnahme<\/li>\n\n\n\n<li>Rechnung*<\/li>\n<\/ul>\n\n\n\n<p>Zahlung per Rechnung<\/p>\n\n\n\n<p>Die Rechnung wird nach dem Kauf per E-Mail gesendet. Wir bitten Sie, die Zahlung innerhalb von 10 Werktagen abzuschlie\u00dfen.<br>Falls die Rechnung nach 60 Tagen nicht bezahlt wird, m\u00fcssten wir die Rechnung an die Kreditinstitute \u00fcbergeben. Anspruch kann mit den zus\u00e4tzlichen Kosten verbunden werden.<\/p>\n\n\n\n<h2 class=\"wp-block-heading\">Lieferbedingungen<\/h2>\n\n\n\n<p>Lieferzeit: in der Regel 2 \u2013 3 Werktage in der Schweiz. Sollte die Lieferung l\u00e4nger dauern, wird der Kunde sp\u00e4testens nach Ablauf dieser Frist benachrichtigt. Wenn die Lieferung den Kunden nicht in der zufriedenstellenden Zeit erreicht, hat der Kunde Anspruch auf eine R\u00fcckerstattung. Sendungen ins Ausland dauern l\u00e4nger und sind jeweils ortsspezifisch.<\/p>\n\n\n\n<h2 class=\"wp-block-heading\">Gew\u00e4hrleistung und Haftung<\/h2>\n\n\n\n<p>Der K\u00e4ufer hat die gelieferten Gegenst\u00e4nde schnellstm\u00f6glich zu pr\u00fcfen und festgestellte M\u00e4ngel unverz\u00fcglich zu r\u00fcgen. Treten die M\u00e4ngel nach dem Kauf ohne Verschulden des Kunden erneut auf, hat der K\u00e4ufer das Recht auf kostenlose Nachbesserung, Minderung des Preises, R\u00fccktritt vom Vertrag oder Ersatzlieferung.<br>Spells Of The Moon haftet nicht f\u00fcr M\u00e4ngel, die durch Betriebsst\u00f6rungen, Missbrauch, Nichtbeachtung der Nutzungsempfehlungen verursacht werden. Der gekaufte Artikel kann innerhalb von 30 Tagen zur\u00fcckgegeben werden, sofern er (und die Verpackung) nicht getragen\/benutzt und besch\u00e4digt wurde. Die R\u00fccksendekosten tr\u00e4gt der Kunde.<\/p>\n\n\n\n<h2 class=\"wp-block-heading\">Haftung f\u00fcr Online-Betrieb<\/h2>\n\n\n\n<p>Kunden m\u00fcssen ihre Zugangsdaten wie Passw\u00f6rter und Benutzernamen vertraulich und vor Dritten geheim halten. Alle Benutzer-IDs und Passw\u00f6rter, die Sie m\u00f6glicherweise f\u00fcr diese Website haben, sind vertraulich, und Sie m\u00fcssen die Vertraulichkeit ebenfalls wahren. Aufgrund der Verschl\u00fcsselung k\u00f6nnen wir Ihre Passw\u00f6rter niemals einsehen und geben Ihre personenbezogenen Daten auch nicht an Dritte weiter.<\/p>\n\n\n\n<h2 class=\"wp-block-heading\">Privatsph\u00e4re<\/h2>\n\n\n\n<p>Gest\u00fctzt auf Artikel 13 der schweizerischen Bundesverfassung und die datenschutzrechtlichen Bestimmungen des Bundes (Datenschutzgesetz, DSG) hat jede Person Anspruch auf Schutz ihrer Privatsph\u00e4re sowie auf Schutz vor Missbrauch ihrer pers\u00f6nlichen Daten. Wir halten uns an diese Vorschriften. Pers\u00f6nliche Daten werden streng vertraulich behandelt und weder verkauft noch an Dritte weitergegeben.<\/p>\n\n\n\n<p>Diese Website benutzt Google Analytics, einen Webanalysedienst der Google Inc. (\u201eGoogle\u201c). \u201eGoogle Analytics verwendet \u201eCookies\u201c, Textdateien, die auf Ihrem Computer gespeichert werden und die lediglich eine Analyse der Benutzung der Website durch Sie erm\u00f6glichen. Die durch den Cookie erzeugten Informationen beziehen sich auf Ihre Nutzung dieser Website.<br>In Zusammenarbeit mit den Hosting-Providern versuchen wir, die Datenbanken so gut wie m\u00f6glich vor fremden Zugriffen, Verlusten, Missbrauch oder vor F\u00e4lschung zu sch\u00fctzen.<br>Beim Zugriff auf diese Website werden im Backend folgende Daten erhoben: Betriebssystem und Browsertyp, IP-Adresse, Zeitstempel der Navigation, Art der Anfrage.<br>Die gesammelten Daten werden nur zur Verbesserung der Website und zur Analyse des Kundenverhaltens verwendet. <a href=\"http:\/\/Privacy Policy\">Weiterlesen<\/a>.<\/p>\n\n\n\n<h2 class=\"wp-block-heading\">Anwendbares Recht und Gerichtsstand<\/h2>\n\n\n\n<p>Gerichtsstand f\u00fcr alle Anspr\u00fcche im Zusammenhang mit Ihrer Bestellung ist Zurich. Es gilt schweizerisches Recht.<\/p>\n\n\n\n<h2 class=\"wp-block-heading\">Im gegenseitigen Einvernehmen<\/h2>\n\n\n\n<p>Diese auf dieser Webseite verfassten Allgemeinen Gesch\u00e4ftsbedingungen der Website regeln Ihre Nutzung unserer Website, Website-Name, zug\u00e4nglich unter https:\/\/spellsofthemoon.ch.<\/p>\n\n\n\n<p>Diese Bedingungen gelten vollst\u00e4ndig und wirken sich auf Ihre Nutzung dieser Website aus. Durch die Nutzung dieser Website erkl\u00e4ren Sie sich damit einverstanden, alle hierin niedergelegten Bedingungen zu akzeptieren. Sie d\u00fcrfen diese Website nicht nutzen, wenn Sie mit diesen Allgemeinen Gesch\u00e4ftsbedingungen der Website nicht einverstanden sind.<\/p>\n\n\n\n<p>Minderj\u00e4hrige oder Personen unter 18 Jahren d\u00fcrfen diese Website nicht nutzen.<\/p>\n\n\n\n<h3 class=\"wp-block-heading\">Rechte an geistigem Eigentum<\/h3>\n\n\n\n<p>Abgesehen von den Inhalten, die Sie besitzen, besitzen SpellsOfTheMoon oder seine Lizenzgeber gem\u00e4\u00df diesen Bedingungen alle geistigen Eigentumsrechte und Materialien, die auf dieser Website enthalten sind.<\/p>\n\n\n\n<p>Ihnen wird eine eingeschr\u00e4nkte Lizenz nur zum Zwecke der Anzeige des auf dieser Website enthaltenen Materials gew\u00e4hrt.<\/p>\n\n\n\n<h3 class=\"wp-block-heading\">Beschr\u00e4nkungen<\/h3>\n\n\n\n<p>Sie sind ausdr\u00fccklich von allen folgenden eingeschr\u00e4nkt:<\/p>\n\n\n\n<ul class=\"wp-block-list\">\n<li>Ver\u00f6ffentlichung von Website-Material in anderen Medien;<\/li>\n\n\n\n<li>Verkauf, Unterlizenzierung und\/oder anderweitige Kommerzialisierung von Website-Material;<\/li>\n\n\n\n<li>\u00f6ffentliches Auff\u00fchren und\/oder Zeigen von Website-Material;<\/li>\n\n\n\n<li>Nutzung dieser Website in irgendeiner Weise, die dieser Website schadet oder schaden k\u00f6nnte;<\/li>\n\n\n\n<li>Nutzung dieser Website in irgendeiner Weise, die sich auf den Benutzerzugriff auf diese Website auswirkt;<\/li>\n\n\n\n<li>Nutzung dieser Website entgegen den geltenden Gesetzen und Vorschriften oder in einer Weise, die der Website oder einer Person oder einem Unternehmen Schaden zuf\u00fcgen kann;<\/li>\n\n\n\n<li>Beteiligung an Data Mining, Datensammlung, Datenextraktion oder anderen \u00e4hnlichen Aktivit\u00e4ten in Bezug auf diese Website;<\/li>\n\n\n\n<li>Nutzung dieser Website, um Werbung oder Marketing zu betreiben.<\/li>\n<\/ul>\n\n\n\n<p>Der Zugriff auf bestimmte Bereiche dieser Website ist f\u00fcr Sie gesperrt, und Goya WordPress Theme kann den Zugriff durch Sie auf beliebige Bereiche dieser Website jederzeit nach eigenem Ermessen weiter einschr\u00e4nken. <\/p>","protected":false},"excerpt":{"rendered":"<p>G\u00fcltigkeit der AGB und Vertragsschluss Diese Allgemeinen Gesch\u00e4ftsbedingungen (AGB) gelten f\u00fcr Kaufvertr\u00e4ge mit Privatkunden. Der Vertrag gilt als abgeschlossen, sobald die Auftragsbest\u00e4tigung beim K\u00e4ufer eintrifft. Preise Die Preise sind in Schweizer Franken \u2013 CHF angegeben. Alle Preise f\u00fcr [\u2026]<\/p>","protected":false},"author":1,"featured_media":0,"parent":0,"menu_order":0,"comment_status":"closed","ping_status":"closed","template":"","meta":{"footnotes":""},"class_list":["post-3530","page","type-page","status-publish","hentry"],"yoast_head":"<!-- This site is optimized with the Yoast SEO plugin v26.1.1 - https:\/\/yoast.com\/wordpress\/plugins\/seo\/ -->\n<title>Terms &amp; Conditions - spellsofthemoon<\/title>\n<meta name=\"robots\" content=\"index, follow, max-snippet:-1, max-image-preview:large, max-video-preview:-1\" \/>\n<link rel=\"canonical\" href=\"https:\/\/spellsofthemoon.ch\/de\/terms-conditions\/\" \/>\n<meta property=\"og:locale\" content=\"de_DE\" \/>\n<meta property=\"og:type\" content=\"article\" \/>\n<meta property=\"og:title\" content=\"Terms &amp; Conditions - spellsofthemoon\" \/>\n<meta property=\"og:description\" content=\"Validity of the TC and conclusion of the contract These general terms and conditions (GTC) apply to the sales contracts with the private customers.The contract is called completed as soon as the order confirmation reaches the buyer. Prices The prices are specified in Swiss Franks &#8211; CHF. All prices for [&hellip;]\" \/>\n<meta property=\"og:url\" content=\"https:\/\/spellsofthemoon.ch\/de\/terms-conditions\/\" \/>\n<meta property=\"og:site_name\" content=\"spellsofthemoon\" \/>\n<meta property=\"article:modified_time\" content=\"2022-12-22T19:49:46+00:00\" \/>\n<meta name=\"twitter:card\" content=\"summary_large_image\" \/>\n<meta name=\"twitter:label1\" content=\"Gesch\u00e4tzte Lesezeit\" \/>\n\t<meta name=\"twitter:data1\" content=\"5\u00a0Minuten\" \/>\n<script type=\"application\/ld+json\" class=\"yoast-schema-graph\">{\"@context\":\"https:\/\/schema.org\",\"@graph\":[{\"@type\":\"WebPage\",\"@id\":\"https:\/\/spellsofthemoon.ch\/terms-conditions\/\",\"url\":\"https:\/\/spellsofthemoon.ch\/terms-conditions\/\",\"name\":\"Terms & Conditions - spellsofthemoon\",\"isPartOf\":{\"@id\":\"https:\/\/spellsofthemoon.ch\/#website\"},\"datePublished\":\"2019-03-17T16:19:40+00:00\",\"dateModified\":\"2022-12-22T19:49:46+00:00\",\"breadcrumb\":{\"@id\":\"https:\/\/spellsofthemoon.ch\/terms-conditions\/#breadcrumb\"},\"inLanguage\":\"de-CH\",\"potentialAction\":[{\"@type\":\"ReadAction\",\"target\":[\"https:\/\/spellsofthemoon.ch\/terms-conditions\/\"]}]},{\"@type\":\"BreadcrumbList\",\"@id\":\"https:\/\/spellsofthemoon.ch\/terms-conditions\/#breadcrumb\",\"itemListElement\":[{\"@type\":\"ListItem\",\"position\":1,\"name\":\"Home\",\"item\":\"https:\/\/spellsofthemoon.ch\/\"},{\"@type\":\"ListItem\",\"position\":2,\"name\":\"Terms &#038; Conditions\"}]},{\"@type\":\"WebSite\",\"@id\":\"https:\/\/spellsofthemoon.ch\/#website\",\"url\":\"https:\/\/spellsofthemoon.ch\/\",\"name\":\"spellsofthemoon\",\"description\":\"Precious stones, bracelets from gemstones, hand made candles, home decor\",\"potentialAction\":[{\"@type\":\"SearchAction\",\"target\":{\"@type\":\"EntryPoint\",\"urlTemplate\":\"https:\/\/spellsofthemoon.ch\/?s={search_term_string}\"},\"query-input\":{\"@type\":\"PropertyValueSpecification\",\"valueRequired\":true,\"valueName\":\"search_term_string\"}}],\"inLanguage\":\"de-CH\"}]}<\/script>\n<!-- \/ Yoast SEO plugin. -->","yoast_head_json":{"title":"Terms & Conditions - spellsofthemoon","robots":{"index":"index","follow":"follow","max-snippet":"max-snippet:-1","max-image-preview":"max-image-preview:large","max-video-preview":"max-video-preview:-1"},"canonical":"https:\/\/spellsofthemoon.ch\/de\/terms-conditions\/","og_locale":"de_DE","og_type":"article","og_title":"Terms & Conditions - spellsofthemoon","og_description":"Validity of the TC and conclusion of the contract These general terms and conditions (GTC) apply to the sales contracts with the private customers.The contract is called completed as soon as the order confirmation reaches the buyer. Prices The prices are specified in Swiss Franks &#8211; CHF. All prices for [&hellip;]","og_url":"https:\/\/spellsofthemoon.ch\/de\/terms-conditions\/","og_site_name":"spellsofthemoon","article_modified_time":"2022-12-22T19:49:46+00:00","twitter_card":"summary_large_image","twitter_misc":{"Gesch\u00e4tzte Lesezeit":"5\u00a0Minuten"},"schema":{"@context":"https:\/\/schema.org","@graph":[{"@type":"WebPage","@id":"https:\/\/spellsofthemoon.ch\/terms-conditions\/","url":"https:\/\/spellsofthemoon.ch\/terms-conditions\/","name":"Terms & Conditions - spellsofthemoon","isPartOf":{"@id":"https:\/\/spellsofthemoon.ch\/#website"},"datePublished":"2019-03-17T16:19:40+00:00","dateModified":"2022-12-22T19:49:46+00:00","breadcrumb":{"@id":"https:\/\/spellsofthemoon.ch\/terms-conditions\/#breadcrumb"},"inLanguage":"de-CH","potentialAction":[{"@type":"ReadAction","target":["https:\/\/spellsofthemoon.ch\/terms-conditions\/"]}]},{"@type":"BreadcrumbList","@id":"https:\/\/spellsofthemoon.ch\/terms-conditions\/#breadcrumb","itemListElement":[{"@type":"ListItem","position":1,"name":"Home","item":"https:\/\/spellsofthemoon.ch\/"},{"@type":"ListItem","position":2,"name":"Terms &#038; Conditions"}]},{"@type":"WebSite","@id":"https:\/\/spellsofthemoon.ch\/#website","url":"https:\/\/spellsofthemoon.ch\/","name":"Zauber des Mondes","description":"Edelsteine, Armb\u00e4nder aus Edelsteinen, handgefertigte Kerzen, Wohnkultur","potentialAction":[{"@type":"SearchAction","target":{"@type":"EntryPoint","urlTemplate":"https:\/\/spellsofthemoon.ch\/?s={search_term_string}"},"query-input":{"@type":"PropertyValueSpecification","valueRequired":true,"valueName":"search_term_string"}}],"inLanguage":"de-CH"}]}},"_links":{"self":[{"href":"https:\/\/spellsofthemoon.ch\/de\/wp-json\/wp\/v2\/pages\/3530","targetHints":{"allow":["GET"]}}],"collection":[{"href":"https:\/\/spellsofthemoon.ch\/de\/wp-json\/wp\/v2\/pages"}],"about":[{"href":"https:\/\/spellsofthemoon.ch\/de\/wp-json\/wp\/v2\/types\/page"}],"author":[{"embeddable":true,"href":"https:\/\/spellsofthemoon.ch\/de\/wp-json\/wp\/v2\/users\/1"}],"replies":[{"embeddable":true,"href":"https:\/\/spellsofthemoon.ch\/de\/wp-json\/wp\/v2\/comments?post=3530"}],"version-history":[{"count":0,"href":"https:\/\/spellsofthemoon.ch\/de\/wp-json\/wp\/v2\/pages\/3530\/revisions"}],"wp:attachment":[{"href":"https:\/\/spellsofthemoon.ch\/de\/wp-json\/wp\/v2\/media?parent=3530"}],"curies":[{"name":"wp","href":"https:\/\/api.w.org\/{rel}","templated":true}]}}