{"id":129,"date":"2019-03-20T04:12:33","date_gmt":"2019-03-20T04:12:33","guid":{"rendered":"https:\/\/spellsofthemoon.ch\/about-us-2\/"},"modified":"2024-10-29T00:26:08","modified_gmt":"2024-10-28T23:26:08","slug":"about-us","status":"publish","type":"page","link":"https:\/\/spellsofthemoon.ch\/de\/about-us\/","title":{"rendered":"\u00dcber Uns"},"content":{"rendered":"<div class=\"wpb-content-wrapper\"><div  class=\"sec_row container\"><div class=\"vc_row wpb_row vc_row-fluid\"><div class=\"wpb_column vc_column_container vc_col-sm-12 et-dark-column\"><div class=\"vc_column-inner\"><div class=\"wpb_wrapper\"><div class=\"vc_empty_space\"   style=\"height: 32px\"><span class=\"vc_empty_space_inner\"><\/span><\/div><\/div><\/div><\/div><\/div><\/div><div  class=\"sec_row container\"><div class=\"vc_row wpb_row vc_row-fluid\"><div class=\"wpb_column vc_column_container vc_col-sm-6 et-dark-column\"><div class=\"vc_column-inner\"><div class=\"wpb_wrapper\">\n\t<div  class=\"wpb_single_image wpb_content_element vc_align_left wpb_content_element\">\n\t\t\n\t\t<figure class=\"wpb_wrapper vc_figure\">\n\t\t\t<div class=\"vc_single_image-wrapper   vc_box_border_grey\"><img fetchpriority=\"high\" decoding=\"async\" width=\"939\" height=\"742\" src=\"https:\/\/spellsofthemoon.ch\/wp-content\/uploads\/2022\/10\/About-us-banner-9.jpg\" class=\"vc_single_image-img attachment-full\" alt=\"\" title=\"\u00dcber uns Banner 9\" srcset=\"https:\/\/spellsofthemoon.ch\/wp-content\/uploads\/2022\/10\/About-us-banner-9.jpg 939w, https:\/\/spellsofthemoon.ch\/wp-content\/uploads\/2022\/10\/About-us-banner-9-300x237.jpg 300w, https:\/\/spellsofthemoon.ch\/wp-content\/uploads\/2022\/10\/About-us-banner-9-768x607.jpg 768w, https:\/\/spellsofthemoon.ch\/wp-content\/uploads\/2022\/10\/About-us-banner-9-15x12.jpg 15w, https:\/\/spellsofthemoon.ch\/wp-content\/uploads\/2022\/10\/About-us-banner-9-150x119.jpg 150w, https:\/\/spellsofthemoon.ch\/wp-content\/uploads\/2022\/10\/About-us-banner-9-450x356.jpg 450w\" sizes=\"(max-width: 939px) 100vw, 939px\" \/><\/div>\n\t\t<\/figure>\n\t<\/div>\n<\/div><\/div><\/div><div class=\"wpb_column vc_column_container vc_col-sm-6 et-dark-column\"><div class=\"vc_column-inner\"><div class=\"wpb_wrapper\">\n\t<div class=\"wpb_text_column wpb_content_element animation bottom-to-top  vc_custom_1728051162847\" >\n\t\t<div class=\"wpb_wrapper\">\n\t\t\t<h1 style=\"text-align: left;\">\u00dcber Uns<\/h1>\n<blockquote>\n<p style=\"text-align: left;\">Wir sind nur ein frisch gekochter kleiner lokaler E-Shop, der aus gro\u00dfer Leidenschaft f\u00fcr nat\u00fcrliche Edelsteine und dem Hobby, selbst Schmuck herzustellen, entstanden ist.<br \/>\nWir danken Ihnen f\u00fcr Ihren Besuch und hoffen, dass Ihnen unsere Auswahl an handgefertigten Armb\u00e4ndern, Halsketten, Ohrringen oder handgemachten Naturseifen gef\u00e4llt, die wir voller Stolz w\u00e4hrend der langen Herbstabende hergestellt haben.<\/p>\n<\/blockquote>\n\n\t\t<\/div>\n\t<\/div>\n<\/div><\/div><\/div><\/div><\/div><div  class=\"sec_row container-fluid\"><div class=\"vc_row wpb_row vc_row-fluid no-padding vc_custom_1667425842124 vc_row-has-fill\"><div class=\"wpb_column vc_column_container vc_col-sm-12 et-dark-column\"><div class=\"vc_column-inner\"><div class=\"wpb_wrapper\"><div class=\"vc_row wpb_row vc_inner vc_row-fluid max_width align-center align-center vc_row-o-equal-height vc_row-flex\"><div class=\"wpb_column vc_column_container animation bottom-to-top vc_col-sm-12 vc_col-lg-5 et-dark-column\"><div class=\"vc_column-inner\"><div class=\"wpb_wrapper\">\n\t<div class=\"wpb_text_column wpb_content_element\" >\n\t\t<div class=\"wpb_wrapper\">\n\t\t\t<h5 class=\"fancy-title\" style=\"text-align: center;\">Europ\u00e4ische Sommerzeit. 2021<\/h5>\n<h2 style=\"text-align: center;\">Unsere Geschichte<\/h2>\n\n\t\t<\/div>\n\t<\/div>\n<\/div><\/div><\/div><\/div><div class=\"vc_row wpb_row vc_inner vc_row-fluid max_width align-center align-center vc_row-o-equal-height vc_row-flex\"><div class=\"wpb_column vc_column_container animation bottom-to-top vc_col-sm-12 vc_col-lg-4 et-dark-column\"><div class=\"vc_column-inner\"><div class=\"wpb_wrapper\">\n\t<div class=\"wpb_text_column wpb_content_element\" >\n\t\t<div class=\"wpb_wrapper\">\n\t\t\t<p>Begonnen hat alles im Jahr 2021 \u2013 mit dem ersten Versuch, w\u00e4hrend des Studiums der orientalischen Astrologie und dem Kennenlernen der Edelsteinwirkung auf den Menschen, selbst ein Armband aus den Edelsteinen herzustellen. Und \u2026 wir haben es geschafft \u2013 das erste Kristallarmband wurde hergestellt. Das Armband sah anst\u00e4ndig und gut verarbeitet aus, und so beschlossen wir, noch ein paar zu machen, die unseren Freunden auffielen, was uns sp\u00e4ter ermutigte, weitere Armb\u00e4nder f\u00fcr sie zu kreieren. Einer nach dem anderen wurden wir bemerkt und beschlossen, diesen kleinen E-Shop zu starten, in dem Wunsch, dass vielleicht mehr Menschen m\u00f6gen, was wir tun!<\/p>\n\n\t\t<\/div>\n\t<\/div>\n<\/div><\/div><\/div><div class=\"wpb_column vc_column_container animation bottom-to-top vc_col-sm-12 vc_col-lg-4 et-dark-column\"><div class=\"vc_column-inner\"><div class=\"wpb_wrapper\">\n\t<div class=\"wpb_text_column wpb_content_element\" >\n\t\t<div class=\"wpb_wrapper\">\n\t\t\t<p>Die Webseite befindet sich noch in der Entwicklungsphase und wir planen, sie ab dem 1. Januar 2025 offiziell zu starten.<\/p>\n<p style=\"text-align: center;\">Bleib dran<\/p>\n\n\t\t<\/div>\n\t<\/div>\n<\/div><\/div><\/div><\/div><\/div><\/div><\/div><\/div><\/div><div  class=\"sec_row container\"><div class=\"vc_row wpb_row vc_row-fluid vc_custom_1579114565104\"><div class=\"wpb_column vc_column_container vc_col-sm-3 et-dark-column\"><div class=\"vc_column-inner\"><div class=\"wpb_wrapper\">\n\t<div class=\"wpb_text_column wpb_content_element animation left-to-right\" >\n\t\t<div class=\"wpb_wrapper\">\n\t\t\t<h5 class=\"fancy-title\">Gr\u00fcnder<\/h5>\n<h2>Team der Zauber des Mondes<\/h2>\n<p>Wie es ein Sprichwort sagt: \u201eEiner im Feld ist kein Krieger\u201c, sind wir ein Team aus zwei Personen \u2013 mir, Viktorija und meinem Mann Sarunas.<\/p>\n\n\t\t<\/div>\n\t<\/div>\n<\/div><\/div><\/div><div class=\"wpb_column vc_column_container vc_col-sm-3 et-dark-column\"><div class=\"vc_column-inner\"><div class=\"wpb_wrapper\">  <div class=\"et-team-member animation bottom-to-top\">\n  \t<div class=\"et-team-member-image default\">\n\t  \t<figure style=\"background-image:url('https:\/\/spellsofthemoon.ch\/wp-content\/uploads\/2022\/10\/Viktorija-about-us-web-2.jpg')\">\n\t\t \t\t<div class=\"overlay\">\n\t\t\t\t\t<div class=\"et-member-social\">\n\t\t\t\t\t\t\t\t\t\t\t\t\t<a href=\"#\" class=\"facebook\" target=\"_blank\"><span class=\"et-icon et-facebook\"><\/span><\/a>\n\t\t\t\t\t\t\t\t\t\t\t\t\t\t\t\t\t\t\t<a href=\"#\" class=\"twitter\" target=\"_blank\"><span class=\"et-icon et-twitter\"><\/span><\/a>\n\t\t\t\t\t\t\t\t\t\t\t\t\t\t\t\t\t\t\t<a href=\"#\" class=\"pinterest\" target=\"_blank\"><span class=\"et-icon et-pinterest\"><\/span><\/a>\n\t\t\t\t\t\t\t\t\t\t\t\t\t\t\t\t\t\t\t<a href=\"#\" class=\"linkedin\" target=\"_blank\"><span class=\"et-icon et-linkedin\"><\/span><\/a>\n\t\t\t\t\t\t\t\t\t\t\t\t\t\t\t\t\t\t\t\t\t\t\t<\/div>\n\t\t\t\t<\/div>\n\t  \t<\/figure>\n\t\t<\/div>\n\t\t<div class=\"et-member-information\">\n\t\t\t\t\t\t\t<h5>Viktorija G.<\/h5>\n\t\t\t\t  \t\t  \t\t<p>Gr\u00fcnder der Marke<\/p>\n\t  \t  \t<\/div>\n\t<\/div>\n  <\/div><\/div><\/div><div class=\"wpb_column vc_column_container vc_col-sm-3 et-dark-column\"><div class=\"vc_column-inner\"><div class=\"wpb_wrapper\">  <div class=\"et-team-member animation bottom-to-top\">\n  \t<div class=\"et-team-member-image default\">\n\t  \t<figure style=\"background-image:url('https:\/\/spellsofthemoon.ch\/wp-content\/uploads\/2022\/10\/Sarunas-about-us-web.jpg')\">\n\t\t \t\t<div class=\"overlay\">\n\t\t\t\t\t<div class=\"et-member-social\">\n\t\t\t\t\t\t\t\t\t\t\t\t\t<a href=\"#\" class=\"facebook\" target=\"_blank\"><span class=\"et-icon et-facebook\"><\/span><\/a>\n\t\t\t\t\t\t\t\t\t\t\t\t\t\t\t\t\t\t\t<a href=\"#\" class=\"twitter\" target=\"_blank\"><span class=\"et-icon et-twitter\"><\/span><\/a>\n\t\t\t\t\t\t\t\t\t\t\t\t\t\t\t\t\t\t\t<a href=\"#\" class=\"pinterest\" target=\"_blank\"><span class=\"et-icon et-pinterest\"><\/span><\/a>\n\t\t\t\t\t\t\t\t\t\t\t\t\t\t\t\t\t\t\t<a href=\"#\" class=\"linkedin\" target=\"_blank\"><span class=\"et-icon et-linkedin\"><\/span><\/a>\n\t\t\t\t\t\t\t\t\t\t\t\t\t\t\t\t\t\t\t\t\t\t\t<\/div>\n\t\t\t\t<\/div>\n\t  \t<\/figure>\n\t\t<\/div>\n\t\t<div class=\"et-member-information\">\n\t\t\t\t\t\t\t<h5>Sarunas G.<\/h5>\n\t\t\t\t  \t\t  \t\t<p>Ich versuche, mein Bestes f\u00fcr diese Seite zu geben \ud83d\ude42<\/p>\n\t  \t  \t<\/div>\n\t<\/div>\n  <\/div><\/div><\/div><\/div><\/div><div  class=\"sec_row container-fluid\"><div class=\"vc_row wpb_row vc_row-fluid no-padding vc_custom_1666983207043 vc_row-o-equal-height vc_row-flex\"><div class=\"wpb_column vc_column_container vc_col-sm-12 et-dark-column\"><div class=\"vc_column-inner\"><div class=\"wpb_wrapper\"><div class=\"vc_row wpb_row vc_inner vc_row-fluid max_width align-center vc_row-o-content-middle vc_row-flex\"><div class=\"wpb_column vc_column_container animation right-to-left vc_col-sm-12 vc_col-md-5 et-dark-column\"><div class=\"vc_column-inner  vc_custom_1578532669392\"><div class=\"wpb_wrapper\">\n\t<div class=\"wpb_text_column wpb_content_element\" >\n\t\t<div class=\"wpb_wrapper\">\n\t\t\t<h5 class=\"fancy-title\">Unsere Shop-Kunden<\/h5>\n<h2>Wir z\u00e4hlen unsere zufriedenen Kunden<\/h2>\n<p>Hier werden wir die Kunden z\u00e4hlen, die bereits mit uns Gesch\u00e4fte gemacht haben. Jedes Mal, wenn Sie sich als neuer Kunde registrieren, z\u00e4hlen wir Sie hier zu unseren Freunden.<\/p>\n\n\t\t<\/div>\n\t<\/div>\n\n\t<div id=\"et-counter-69f5bbc24d4f7\" class=\"et-counter animation bottom-to-top counter-color-dark icon-color- text-color- counter-left\" >\n\t\t\t\t\t<div class=\"counter-container\">\n\t\t\t\t\t\t\t\t\t<div class=\"h1\" data-count=\"27\" data-speed=\"2000\">0<\/div>\n\t\t\t\t\t\t\t\t\t\t\t\t\t<h4>Zufriedene Kunden<\/h4>\n\t\t\t\t\t\t\t<\/div>\n\t\t\t\t\t\t\t<div class=\"description\"><p>So viele Leute haben bereits in unserem Webshop eingekauft<\/p><\/div>\n\t\t\t\t\t\t\t\t\t\t\n\t<\/div>\n\t<\/div><\/div><\/div><\/div><\/div><\/div><\/div><\/div><\/div><div  class=\"sec_row container-fluid\"><div class=\"vc_row wpb_row vc_row-fluid no-padding vc_custom_1579114611577\"><div class=\"wpb_column vc_column_container vc_col-sm-12 et-dark-column\"><div class=\"vc_column-inner\"><div class=\"wpb_wrapper\"><div class=\"vc_row wpb_row vc_inner vc_row-fluid max_width align-center vc_row-o-content-middle vc_row-flex\"><div class=\"small-order-2 medium-order-1 wpb_column vc_column_container animation left-to-right vc_col-sm-12 vc_col-md-5 et-dark-column\"><div class=\"vc_column-inner  vc_custom_1578532746105\"><div class=\"wpb_wrapper\">\n\t<div class=\"wpb_text_column wpb_content_element\" >\n\t\t<div class=\"wpb_wrapper\">\n\t\t\t<h5 class=\"fancy-title\">Unsere Verk\u00e4ufe<\/h5>\n<h2>Unser E-Shop-Umsatz<\/h2>\n<p>Jedes Mal, wenn Sie etwas in unserem kleinen E-Shop kaufen, f\u00fcgen wir es der Gesamtzahl der verkauften Artikel hinzu. Bitte helfen Sie uns, diese Zahl zu erh\u00f6hen \ud83d\ude42<\/p>\n\n\t\t<\/div>\n\t<\/div>\n\n\t<div id=\"et-counter-69f5bbc24dca0\" class=\"et-counter animation bottom-to-top counter-color-dark icon-color- text-color- counter-left\" >\n\t\t\t\t\t<div class=\"counter-container\">\n\t\t\t\t\t\t\t\t\t<div class=\"h1\" data-count=\"34\" data-speed=\"2000\">0<\/div>\n\t\t\t\t\t\t\t\t\t\t\t\t\t<h4>Artikel verkauft<\/h4>\n\t\t\t\t\t\t\t<\/div>\n\t\t\t\t\t\t\t<div class=\"description\"><p>So viele Artikel wurden bis jetzt verkauft<\/p><\/div>\n\t\t\t\t\t\t\t\t\t\t\n\t<\/div>\n\t<\/div><\/div><\/div><div class=\"small-order-1 medium-order-2 wpb_column vc_column_container vc_col-sm-12 vc_col-md-7 et-dark-column\"><div class=\"vc_column-inner\"><div class=\"wpb_wrapper\">\t<div class=\"et-image-718 et-image     et_image_link\">\n\t\t<div class=\"et-image-inner animation right-to-left\">\n\t\t\t\t\t\t\t<div class=\"et-image-thumb\">\n\t\t\t\t\t<img decoding=\"async\" width=\"878\" height=\"1024\" src=\"https:\/\/spellsofthemoon.ch\/wp-content\/uploads\/2022\/11\/Dramblys-2-scaled-e1670272082613-878x1024.jpg\" class=\"attachment-large\" alt=\"\" title=\"Elefant 2\" srcset=\"https:\/\/spellsofthemoon.ch\/wp-content\/uploads\/2022\/11\/Dramblys-2-scaled-e1670272082613-878x1024.jpg 878w, https:\/\/spellsofthemoon.ch\/wp-content\/uploads\/2022\/11\/Dramblys-2-scaled-e1670272082613-257x300.jpg 257w, https:\/\/spellsofthemoon.ch\/wp-content\/uploads\/2022\/11\/Dramblys-2-scaled-e1670272082613-768x895.jpg 768w, https:\/\/spellsofthemoon.ch\/wp-content\/uploads\/2022\/11\/Dramblys-2-scaled-e1670272082613-1318x1536.jpg 1318w, https:\/\/spellsofthemoon.ch\/wp-content\/uploads\/2022\/11\/Dramblys-2-scaled-e1670272082613-10x12.jpg 10w, https:\/\/spellsofthemoon.ch\/wp-content\/uploads\/2022\/11\/Dramblys-2-scaled-e1670272082613-129x150.jpg 129w, https:\/\/spellsofthemoon.ch\/wp-content\/uploads\/2022\/11\/Dramblys-2-scaled-e1670272082613-450x525.jpg 450w, https:\/\/spellsofthemoon.ch\/wp-content\/uploads\/2022\/11\/Dramblys-2-scaled-e1670272082613-1000x1166.jpg 1000w, https:\/\/spellsofthemoon.ch\/wp-content\/uploads\/2022\/11\/Dramblys-2-scaled-e1670272082613.jpg 1702w\" sizes=\"(max-width: 878px) 100vw, 878px\" \/>\t\t\t\t<\/div>\n\t\t\t\t\t\t\t\t\t\t\t<\/div>\n\t<\/div>\n  <\/div><\/div><\/div><\/div><\/div><\/div><\/div><\/div><\/div><div  class=\"sec_row container-fluid\"><div class=\"vc_row wpb_row vc_row-fluid vc_custom_1579114943204 vc_row-has-fill\"><div class=\"wpb_column vc_column_container vc_col-sm-12 et-dark-column\"><div class=\"vc_column-inner\"><div class=\"wpb_wrapper\"><div class=\"vc_row wpb_row vc_inner vc_row-fluid max_width align-center vc_custom_1578532916555\"><div class=\"wpb_column vc_column_container animation bottom-to-top vc_col-sm-12 vc_col-lg-6 et-dark-column\"><div class=\"vc_column-inner\"><div class=\"wpb_wrapper\">\n\t<div class=\"wpb_text_column wpb_content_element\" >\n\t\t<div class=\"wpb_wrapper\">\n\t\t\t<h5 class=\"fancy-title\" style=\"text-align: center;\">Grundwerte<\/h5>\n<p style=\"text-align: center;\">Wir glauben an die Kraft nat\u00fcrlicher Edelsteine, wir legen Wert auf kleine Unternehmen und handgefertigte Produktion. Diese Kombination hat uns dazu inspiriert, unseren eigenen kleinen E-Shop zu er\u00f6ffnen, in dem wir unsere Leidenschaft f\u00fcr Naturprodukte mit Ihnen allen teilen m\u00f6chten!<\/p>\n\n\t\t<\/div>\n\t<\/div>\n<\/div><\/div><\/div><\/div><div class=\"vc_row wpb_row vc_inner vc_row-fluid max_width align-center\"><div class=\"wpb_column vc_column_container animation bottom-to-top vc_col-sm-12 vc_col-lg-8 et-dark-column\"><div class=\"vc_column-inner\"><div class=\"wpb_wrapper\">\t<div id=\"et-icon-holder-384\" class=\"et-icon-holder row center-true lg-block-grid-3 md-block-grid-2 block-grid-1\">\n\t\t\r\n\t<div id=\"et-iconbox-414\" class=\"et-iconbox layout-centered icon-style-simple bottom-spacing-none icon-color- text-color-\"> \r\n\t\t<div class=\"et-icon-inner\">\r\n\t\t\t\t\t\t<figure class=\"et-feature-icon\">\r\n\t\t\t\t\t\t\t\t<span class=\"pe-7s-trash\"><\/span>\r\n\t\t\t\t\t\t\t<\/figure>\r\n\t\t\t\t\t\t<div class=\"et-feature-content\"> \r\n\t\t\t\t\t\t\t\t\t\t\t\t\t\t\t\t\t<h4 class=\"title\">M\u00fcll sortieren<\/h4>\r\n\t\t\t\t\t\t\t\t\t\t\t\t<div class=\"wpb_text_column\"><p>Wir k\u00fcmmern uns um die Umwelt und trennen den Abfall, den wir w\u00e4hrend der Kunstwerke erzeugen<\/p>\n<\/div>\r\n\t\t\t<\/div>\r\n\t\t<\/div>\r\n\t<\/div>\r\n\r\n\t\r\n\t<div id=\"et-iconbox-653\" class=\"et-iconbox layout-centered icon-style-simple bottom-spacing-none icon-color- text-color-\"> \r\n\t\t<div class=\"et-icon-inner\">\r\n\t\t\t\t\t\t<figure class=\"et-feature-icon\">\r\n\t\t\t\t\t\t\t\t<span class=\"pe-7s-signal\"><\/span>\r\n\t\t\t\t\t\t\t<\/figure>\r\n\t\t\t\t\t\t<div class=\"et-feature-content\"> \r\n\t\t\t\t\t\t\t\t\t\t\t\t\t\t\t\t\t<h4 class=\"title\">Wir versuchen, digital zu sein<\/h4>\r\n\t\t\t\t\t\t\t\t\t\t\t\t<div class=\"wpb_text_column\"><p>Wir m\u00f6gen digitale Belege gegen\u00fcber Papierbelegen<\/p>\n<\/div>\r\n\t\t\t<\/div>\r\n\t\t<\/div>\r\n\t<\/div>\r\n\r\n\t\r\n\t<div id=\"et-iconbox-523\" class=\"et-iconbox layout-centered icon-style-simple bottom-spacing-none icon-color- text-color-\"> \r\n\t\t<div class=\"et-icon-inner\">\r\n\t\t\t\t\t\t<figure class=\"et-feature-icon\">\r\n\t\t\t\t\t\t\t\t<span class=\"pe-7s-share\"><\/span>\r\n\t\t\t\t\t\t\t<\/figure>\r\n\t\t\t\t\t\t<div class=\"et-feature-content\"> \r\n\t\t\t\t\t\t\t\t\t\t\t\t\t\t\t\t\t<h4 class=\"title\">Teilen ist K\u00fcmmern<\/h4>\r\n\t\t\t\t\t\t\t\t\t\t\t\t<div class=\"wpb_text_column\"><p>Wir freuen uns, wenn Sie ein gutes Wort \u00fcber uns teilen!<\/p>\n<\/div>\r\n\t\t\t<\/div>\r\n\t\t<\/div>\r\n\t<\/div>\r\n\r\n\t\t<\/div>\n\t<\/div><\/div><\/div><\/div><\/div><\/div><\/div><\/div><\/div>\n<\/div>","protected":false},"excerpt":{"rendered":"\u00dcber uns Wir sind ein frisch gegr\u00fcndeter kleiner lokaler E-Shop, der aus gro\u00dfer Leidenschaft f\u00fcr nat\u00fcrliche Edelsteine und dem Hobby, selbst Schmuck herzustellen, entstanden ist. Wir freuen uns \u00fcber Ihren Besuch und hoffen, dass Ihnen unsere Auswahl an handgefertigten Armb\u00e4ndern, Halsketten, Ohrringen oder anderen Produkten gef\u00e4llt.","protected":false},"author":1,"featured_media":0,"parent":0,"menu_order":0,"comment_status":"closed","ping_status":"closed","template":"","meta":{"footnotes":""},"class_list":["post-129","page","type-page","status-publish","hentry"],"yoast_head":"<!-- This site is optimized with the Yoast SEO plugin v26.1.1 - https:\/\/yoast.com\/wordpress\/plugins\/seo\/ -->\n<title>About Us - spellsofthemoon<\/title>\n<meta name=\"robots\" content=\"index, follow, max-snippet:-1, max-image-preview:large, max-video-preview:-1\" \/>\n<link rel=\"canonical\" href=\"https:\/\/spellsofthemoon.ch\/de\/about-us\/\" \/>\n<meta property=\"og:locale\" content=\"de_DE\" \/>\n<meta property=\"og:type\" content=\"article\" \/>\n<meta property=\"og:title\" content=\"About Us - spellsofthemoon\" \/>\n<meta property=\"og:url\" content=\"https:\/\/spellsofthemoon.ch\/de\/about-us\/\" \/>\n<meta property=\"og:site_name\" content=\"spellsofthemoon\" \/>\n<meta property=\"article:modified_time\" content=\"2024-10-28T23:26:08+00:00\" \/>\n<meta name=\"twitter:card\" content=\"summary_large_image\" \/>\n<meta name=\"twitter:label1\" content=\"Gesch\u00e4tzte Lesezeit\" \/>\n\t<meta name=\"twitter:data1\" content=\"3\u00a0Minuten\" \/>\n<script type=\"application\/ld+json\" class=\"yoast-schema-graph\">{\"@context\":\"https:\/\/schema.org\",\"@graph\":[{\"@type\":\"WebPage\",\"@id\":\"https:\/\/spellsofthemoon.ch\/about-us\/\",\"url\":\"https:\/\/spellsofthemoon.ch\/about-us\/\",\"name\":\"About Us - spellsofthemoon\",\"isPartOf\":{\"@id\":\"https:\/\/spellsofthemoon.ch\/#website\"},\"datePublished\":\"2019-03-20T04:12:33+00:00\",\"dateModified\":\"2024-10-28T23:26:08+00:00\",\"breadcrumb\":{\"@id\":\"https:\/\/spellsofthemoon.ch\/about-us\/#breadcrumb\"},\"inLanguage\":\"de-CH\",\"potentialAction\":[{\"@type\":\"ReadAction\",\"target\":[\"https:\/\/spellsofthemoon.ch\/about-us\/\"]}]},{\"@type\":\"BreadcrumbList\",\"@id\":\"https:\/\/spellsofthemoon.ch\/about-us\/#breadcrumb\",\"itemListElement\":[{\"@type\":\"ListItem\",\"position\":1,\"name\":\"Home\",\"item\":\"https:\/\/spellsofthemoon.ch\/\"},{\"@type\":\"ListItem\",\"position\":2,\"name\":\"About Us\"}]},{\"@type\":\"WebSite\",\"@id\":\"https:\/\/spellsofthemoon.ch\/#website\",\"url\":\"https:\/\/spellsofthemoon.ch\/\",\"name\":\"spellsofthemoon\",\"description\":\"Precious stones, bracelets from gemstones, hand made candles, home decor\",\"potentialAction\":[{\"@type\":\"SearchAction\",\"target\":{\"@type\":\"EntryPoint\",\"urlTemplate\":\"https:\/\/spellsofthemoon.ch\/?s={search_term_string}\"},\"query-input\":{\"@type\":\"PropertyValueSpecification\",\"valueRequired\":true,\"valueName\":\"search_term_string\"}}],\"inLanguage\":\"de-CH\"}]}<\/script>\n<!-- \/ Yoast SEO plugin. -->","yoast_head_json":{"title":"About Us - spellsofthemoon","robots":{"index":"index","follow":"follow","max-snippet":"max-snippet:-1","max-image-preview":"max-image-preview:large","max-video-preview":"max-video-preview:-1"},"canonical":"https:\/\/spellsofthemoon.ch\/de\/about-us\/","og_locale":"de_DE","og_type":"article","og_title":"About Us - spellsofthemoon","og_url":"https:\/\/spellsofthemoon.ch\/de\/about-us\/","og_site_name":"spellsofthemoon","article_modified_time":"2024-10-28T23:26:08+00:00","twitter_card":"summary_large_image","twitter_misc":{"Gesch\u00e4tzte Lesezeit":"3\u00a0Minuten"},"schema":{"@context":"https:\/\/schema.org","@graph":[{"@type":"WebPage","@id":"https:\/\/spellsofthemoon.ch\/about-us\/","url":"https:\/\/spellsofthemoon.ch\/about-us\/","name":"About Us - spellsofthemoon","isPartOf":{"@id":"https:\/\/spellsofthemoon.ch\/#website"},"datePublished":"2019-03-20T04:12:33+00:00","dateModified":"2024-10-28T23:26:08+00:00","breadcrumb":{"@id":"https:\/\/spellsofthemoon.ch\/about-us\/#breadcrumb"},"inLanguage":"de-CH","potentialAction":[{"@type":"ReadAction","target":["https:\/\/spellsofthemoon.ch\/about-us\/"]}]},{"@type":"BreadcrumbList","@id":"https:\/\/spellsofthemoon.ch\/about-us\/#breadcrumb","itemListElement":[{"@type":"ListItem","position":1,"name":"Home","item":"https:\/\/spellsofthemoon.ch\/"},{"@type":"ListItem","position":2,"name":"About Us"}]},{"@type":"WebSite","@id":"https:\/\/spellsofthemoon.ch\/#website","url":"https:\/\/spellsofthemoon.ch\/","name":"Zauber des Mondes","description":"Edelsteine, Armb\u00e4nder aus Edelsteinen, handgefertigte Kerzen, Wohnkultur","potentialAction":[{"@type":"SearchAction","target":{"@type":"EntryPoint","urlTemplate":"https:\/\/spellsofthemoon.ch\/?s={search_term_string}"},"query-input":{"@type":"PropertyValueSpecification","valueRequired":true,"valueName":"search_term_string"}}],"inLanguage":"de-CH"}]}},"_links":{"self":[{"href":"https:\/\/spellsofthemoon.ch\/de\/wp-json\/wp\/v2\/pages\/129","targetHints":{"allow":["GET"]}}],"collection":[{"href":"https:\/\/spellsofthemoon.ch\/de\/wp-json\/wp\/v2\/pages"}],"about":[{"href":"https:\/\/spellsofthemoon.ch\/de\/wp-json\/wp\/v2\/types\/page"}],"author":[{"embeddable":true,"href":"https:\/\/spellsofthemoon.ch\/de\/wp-json\/wp\/v2\/users\/1"}],"replies":[{"embeddable":true,"href":"https:\/\/spellsofthemoon.ch\/de\/wp-json\/wp\/v2\/comments?post=129"}],"version-history":[{"count":0,"href":"https:\/\/spellsofthemoon.ch\/de\/wp-json\/wp\/v2\/pages\/129\/revisions"}],"wp:attachment":[{"href":"https:\/\/spellsofthemoon.ch\/de\/wp-json\/wp\/v2\/media?parent=129"}],"curies":[{"name":"wp","href":"https:\/\/api.w.org\/{rel}","templated":true}]}}